{"id":5407,"date":"2020-06-08T16:44:47","date_gmt":"2020-06-08T16:44:47","guid":{"rendered":"http:\/\/epkaest.com\/?page_id=5407"},"modified":"2021-09-19T14:58:47","modified_gmt":"2021-09-19T14:58:47","slug":"assotsiatsioonist","status":"publish","type":"page","link":"http:\/\/epkaest.com\/en\/assotsiatsioonist\/","title":{"rendered":"About the Association"},"content":{"rendered":"<div class=\"wpb-content-wrapper\">\r\n<div  data-mk-stretch-content=\"true\" class=\"wpb_row vc_row vc_row-fluid jupiter-donut- mk-fullwidth-false  attched-false     js-master-row  mk-grid\">\r\n\t\t\t\t\r\n<div class=\"vc_col-sm-12 wpb_column column_container  jupiter-donut- _ jupiter-donut-height-full\">\r\n\t\t<div class=\"vc_custom_1632063523211\">\r\n\r\n<div id=\"text-block-2\" class=\"mk-text-block  jupiter-donut-\">\r\n\r\n\t\r\n\t<h4 style=\"text-align: justify;\">ABOUT THE ASSOCIATION:<\/h4>\n<p style=\"text-align: justify;\">The Estonian Professional Art Directors Association (EPKA) was founded on December 27, 2017.<\/p>\n<p style=\"text-align: justify;\">The objectives of EPKA are:<\/p>\n<ol style=\"text-align: justify;\">\n<li>explaining and promoting the preventive, solution-oriented and therapeutic role of the constellation method in Estonian society;<\/li>\n<li>collecting, sharing, translating and publishing professional information, organizing conferences, training courses, round tables and information events;<\/li>\n<li>maintaining the level of competent and discreet constellation service and the professional ethics of constellators in Estonia;<\/li>\n<li>supporting the professional development of constellation managers; promoting cooperation in the field of constellation management with similar organizations operating in Estonia and other countries,<\/li>\n<li>to develop into an organization that awards and recognizes the profession of a constellator, the standard of which is in line with the requirements of the European Qualifications Framework and professional ethics;<\/li>\n<\/ol>\n<ol start=\"6\">\n<li style=\"text-align: justify;\">initiating and coordinating the creation, application and receipt of a professional standard for qualified stage managers;<\/li>\n<li style=\"text-align: justify;\">be a reliable contact for professionals and clients in their field;<\/li>\n<li style=\"text-align: justify;\">Creating, providing and coordinating co-vision and supervision opportunities that support and develop constellators.<\/li>\n<\/ol>\n\r\n\t<div class=\"clearboth\"><\/div>\r\n<\/div>\r\n\r\n\t<\/div>\r\n<\/div>\r\n\t<\/div>\r\n\n<\/div>","protected":false},"excerpt":{"rendered":"\u00dcHINGUST: Eesti Professionaalsete Konstell\u00f6\u00f6ride Assotsiatsioon (EPKA) \u00a0asutati \u00a027.12. 2017. aastal. EPKA eesm\u00e4rkideks on: konstellatsioonimeetodi ennetava, lahendusele suunava ja teraapilise rolli selgitamine ja propageerimine Eesti \u00fchiskonnas; erialase info koondamine, jagamine, t\u00f5lkimine ja tr\u00fckiste v\u00e4ljaandmine, konverentside, koolituste, \u00fcmarlaudade, teabe\u00fcrituste korraldamine; kompetentse ja diskreetse kontellatsiooniteenuse taseme ning konstell\u00f6\u00f6ride kutseeetika hoidmine Eestis; konstell\u00f6\u00f6ride professionaalse arengu toetamine; konstellatsiooni valdkonna koost\u00f6\u00f6 [...]","protected":false},"author":1,"featured_media":0,"parent":0,"menu_order":0,"comment_status":"closed","ping_status":"closed","template":"","meta":{"footnotes":""},"class_list":["post-5407","page","type-page","status-publish","hentry"],"yoast_head":"<!-- This site is optimized with the Yoast SEO plugin v27.3 - https:\/\/yoast.com\/product\/yoast-seo-wordpress\/ -->\n<title>Assotsiatsioonist - EPKA<\/title>\n<meta name=\"robots\" content=\"index, follow, max-snippet:-1, max-image-preview:large, max-video-preview:-1\" \/>\n<link rel=\"canonical\" href=\"https:\/\/epkaest.com\/en\/assotsiatsioonist\/\" \/>\n<meta property=\"og:locale\" content=\"en_GB\" \/>\n<meta property=\"og:type\" content=\"article\" \/>\n<meta property=\"og:title\" content=\"Assotsiatsioonist - EPKA\" \/>\n<meta property=\"og:url\" content=\"https:\/\/epkaest.com\/en\/assotsiatsioonist\/\" \/>\n<meta property=\"og:site_name\" content=\"EPKA\" \/>\n<meta property=\"article:publisher\" content=\"https:\/\/www.facebook.com\/groups\/2130012653729614\/\" \/>\n<meta property=\"article:modified_time\" content=\"2021-09-19T14:58:47+00:00\" \/>\n<meta name=\"twitter:card\" content=\"summary_large_image\" \/>\n<meta name=\"twitter:label1\" content=\"Estimated reading time\" \/>\n\t<meta name=\"twitter:data1\" content=\"1 minute\" \/>\n<script type=\"application\/ld+json\" class=\"yoast-schema-graph\">{\"@context\":\"https:\\\/\\\/schema.org\",\"@graph\":[{\"@type\":\"WebPage\",\"@id\":\"https:\\\/\\\/epkaest.com\\\/assotsiatsioonist\\\/\",\"url\":\"https:\\\/\\\/epkaest.com\\\/assotsiatsioonist\\\/\",\"name\":\"Assotsiatsioonist - EPKA\",\"isPartOf\":{\"@id\":\"http:\\\/\\\/epkaest.com\\\/ru\\\/#website\"},\"datePublished\":\"2020-06-08T16:44:47+00:00\",\"dateModified\":\"2021-09-19T14:58:47+00:00\",\"breadcrumb\":{\"@id\":\"https:\\\/\\\/epkaest.com\\\/assotsiatsioonist\\\/#breadcrumb\"},\"inLanguage\":\"en-GB\",\"potentialAction\":[{\"@type\":\"ReadAction\",\"target\":[\"https:\\\/\\\/epkaest.com\\\/assotsiatsioonist\\\/\"]}]},{\"@type\":\"BreadcrumbList\",\"@id\":\"https:\\\/\\\/epkaest.com\\\/assotsiatsioonist\\\/#breadcrumb\",\"itemListElement\":[{\"@type\":\"ListItem\",\"position\":1,\"name\":\"Home\",\"item\":\"http:\\\/\\\/epkaest.com\\\/ru\\\/\"},{\"@type\":\"ListItem\",\"position\":2,\"name\":\"Assotsiatsioonist\"}]},{\"@type\":\"WebSite\",\"@id\":\"http:\\\/\\\/epkaest.com\\\/ru\\\/#website\",\"url\":\"http:\\\/\\\/epkaest.com\\\/ru\\\/\",\"name\":\"EPKA\",\"description\":\"Eesti Professionaalsete Konstell\u00f6\u00f6ride Assotsiatsioon\",\"publisher\":{\"@id\":\"http:\\\/\\\/epkaest.com\\\/ru\\\/#organization\"},\"potentialAction\":[{\"@type\":\"SearchAction\",\"target\":{\"@type\":\"EntryPoint\",\"urlTemplate\":\"http:\\\/\\\/epkaest.com\\\/ru\\\/?s={search_term_string}\"},\"query-input\":{\"@type\":\"PropertyValueSpecification\",\"valueRequired\":true,\"valueName\":\"search_term_string\"}}],\"inLanguage\":\"en-GB\"},{\"@type\":\"Organization\",\"@id\":\"http:\\\/\\\/epkaest.com\\\/ru\\\/#organization\",\"name\":\"Eesti Professionaalsete Konstell\u00f6\u00f6ride Assotsiatsioon\",\"url\":\"http:\\\/\\\/epkaest.com\\\/ru\\\/\",\"logo\":{\"@type\":\"ImageObject\",\"inLanguage\":\"en-GB\",\"@id\":\"http:\\\/\\\/epkaest.com\\\/ru\\\/#\\\/schema\\\/logo\\\/image\\\/\",\"url\":\"http:\\\/\\\/epkaest.com\\\/wp-content\\\/uploads\\\/2020\\\/08\\\/logo.png\",\"contentUrl\":\"http:\\\/\\\/epkaest.com\\\/wp-content\\\/uploads\\\/2020\\\/08\\\/logo.png\",\"width\":448,\"height\":214,\"caption\":\"Eesti Professionaalsete Konstell\u00f6\u00f6ride Assotsiatsioon\"},\"image\":{\"@id\":\"http:\\\/\\\/epkaest.com\\\/ru\\\/#\\\/schema\\\/logo\\\/image\\\/\"},\"sameAs\":[\"https:\\\/\\\/www.facebook.com\\\/groups\\\/2130012653729614\\\/\"]}]}<\/script>\n<!-- \/ Yoast SEO plugin. -->","yoast_head_json":{"title":"Assotsiatsioonist - EPKA","robots":{"index":"index","follow":"follow","max-snippet":"max-snippet:-1","max-image-preview":"max-image-preview:large","max-video-preview":"max-video-preview:-1"},"canonical":"https:\/\/epkaest.com\/en\/assotsiatsioonist\/","og_locale":"en_GB","og_type":"article","og_title":"Assotsiatsioonist - EPKA","og_url":"https:\/\/epkaest.com\/en\/assotsiatsioonist\/","og_site_name":"EPKA","article_publisher":"https:\/\/www.facebook.com\/groups\/2130012653729614\/","article_modified_time":"2021-09-19T14:58:47+00:00","twitter_card":"summary_large_image","twitter_misc":{"Estimated reading time":"1 minute"},"schema":{"@context":"https:\/\/schema.org","@graph":[{"@type":"WebPage","@id":"https:\/\/epkaest.com\/assotsiatsioonist\/","url":"https:\/\/epkaest.com\/assotsiatsioonist\/","name":"Assotsiatsioonist - EPKA","isPartOf":{"@id":"http:\/\/epkaest.com\/ru\/#website"},"datePublished":"2020-06-08T16:44:47+00:00","dateModified":"2021-09-19T14:58:47+00:00","breadcrumb":{"@id":"https:\/\/epkaest.com\/assotsiatsioonist\/#breadcrumb"},"inLanguage":"en-GB","potentialAction":[{"@type":"ReadAction","target":["https:\/\/epkaest.com\/assotsiatsioonist\/"]}]},{"@type":"BreadcrumbList","@id":"https:\/\/epkaest.com\/assotsiatsioonist\/#breadcrumb","itemListElement":[{"@type":"ListItem","position":1,"name":"Home","item":"http:\/\/epkaest.com\/ru\/"},{"@type":"ListItem","position":2,"name":"Assotsiatsioonist"}]},{"@type":"WebSite","@id":"http:\/\/epkaest.com\/ru\/#website","url":"http:\/\/epkaest.com\/ru\/","name":"EPKA","description":"Eesti Professionaalsete Konstell\u00f6\u00f6ride Assotsiatsioon","publisher":{"@id":"http:\/\/epkaest.com\/ru\/#organization"},"potentialAction":[{"@type":"SearchAction","target":{"@type":"EntryPoint","urlTemplate":"http:\/\/epkaest.com\/ru\/?s={search_term_string}"},"query-input":{"@type":"PropertyValueSpecification","valueRequired":true,"valueName":"search_term_string"}}],"inLanguage":"en-GB"},{"@type":"Organization","@id":"http:\/\/epkaest.com\/ru\/#organization","name":"Eesti Professionaalsete Konstell\u00f6\u00f6ride Assotsiatsioon","url":"http:\/\/epkaest.com\/ru\/","logo":{"@type":"ImageObject","inLanguage":"en-GB","@id":"http:\/\/epkaest.com\/ru\/#\/schema\/logo\/image\/","url":"http:\/\/epkaest.com\/wp-content\/uploads\/2020\/08\/logo.png","contentUrl":"http:\/\/epkaest.com\/wp-content\/uploads\/2020\/08\/logo.png","width":448,"height":214,"caption":"Eesti Professionaalsete Konstell\u00f6\u00f6ride Assotsiatsioon"},"image":{"@id":"http:\/\/epkaest.com\/ru\/#\/schema\/logo\/image\/"},"sameAs":["https:\/\/www.facebook.com\/groups\/2130012653729614\/"]}]}},"_links":{"self":[{"href":"http:\/\/epkaest.com\/en\/wp-json\/wp\/v2\/pages\/5407","targetHints":{"allow":["GET"]}}],"collection":[{"href":"http:\/\/epkaest.com\/en\/wp-json\/wp\/v2\/pages"}],"about":[{"href":"http:\/\/epkaest.com\/en\/wp-json\/wp\/v2\/types\/page"}],"author":[{"embeddable":true,"href":"http:\/\/epkaest.com\/en\/wp-json\/wp\/v2\/users\/1"}],"replies":[{"embeddable":true,"href":"http:\/\/epkaest.com\/en\/wp-json\/wp\/v2\/comments?post=5407"}],"version-history":[{"count":5,"href":"http:\/\/epkaest.com\/en\/wp-json\/wp\/v2\/pages\/5407\/revisions"}],"predecessor-version":[{"id":6308,"href":"http:\/\/epkaest.com\/en\/wp-json\/wp\/v2\/pages\/5407\/revisions\/6308"}],"wp:attachment":[{"href":"http:\/\/epkaest.com\/en\/wp-json\/wp\/v2\/media?parent=5407"}],"curies":[{"name":"wp","href":"https:\/\/api.w.org\/{rel}","templated":true}]}}