{"id":5443,"date":"2020-07-20T13:07:54","date_gmt":"2020-07-20T13:07:54","guid":{"rendered":"http:\/\/epkaest.com\/?page_id=5443"},"modified":"2020-07-20T13:10:58","modified_gmt":"2020-07-20T13:10:58","slug":"lingikogu","status":"publish","type":"page","link":"http:\/\/epkaest.com\/en\/lingikogu\/","title":{"rendered":"Lingikogu"},"content":{"rendered":"<div class=\"wpb-content-wrapper\">\r\n<div  data-mk-stretch-content=\"true\" class=\"wpb_row vc_row vc_row-fluid jupiter-donut- mk-fullwidth-false  attched-false     js-master-row  mk-grid\">\r\n\t\t\t\t\r\n<div class=\"vc_col-sm-12 wpb_column column_container  jupiter-donut- _ jupiter-donut-height-full\">\r\n\t\t<div class=\"vc_custom_1595250654434\">\r\n\r\n<div id=\"text-block-2\" class=\"mk-text-block  jupiter-donut-\">\r\n\r\n\t\r\n\t<p><strong>LISA I<\/strong><\/p>\n<p>Kasutuselmujal riikides:<\/p>\n<p>Soomes \u00a0\u00a0\u00a0\u00a0\u00a0\u00a0\u00a0\u00a0\u00a0 &#8211; <em>systeemisen konstellaation ohjaaja<\/em><\/p>\n<p>Saksamaal\u00a0\u00a0\u00a0\u00a0\u00a0\u00a0 &#8211; <em>Systemischer Berater<\/em>, <em>Systemischer Therapeut<\/em><\/p>\n<p><em>berater<\/em> =\u00a0 konsultant &#8211; see, coach v\u00f5i s\u00fcsteemne terapeut ongi neil seal p\u00f5hiliselt kirjas, konstellatsiooni pakutakse kui \u00fcht meetodit. <a href=\"http:\/\/www.wieslocher-institut.com\/service\/wisl_absolventen.aspx\">http:\/\/www.wieslocher-institut.com\/service\/wisl_absolventen.aspx<\/a><\/p>\n<p>Venemaal \u00a0\u00a0\u00a0\u00a0\u00a0\u00a0 &#8211; <em>\u0421\u0438\u0441\u0442\u0435\u043c\u043d\u044b\u0439 \u0440\u0430\u0441\u0441\u0442\u0430\u043d\u043e\u0432\u0449\u0438\u043a, <\/em>aga hoopis rohkem <em>\u0441\u043f\u0435\u0446\u0438\u0430\u043b\u0438\u0441\u0442 \u043f\u043e \u0441\u0438\u0441\u0442\u0435\u043c\u043d\u043e-\u0444\u0435\u043d\u043e\u043c\u0435\u043d\u043e\u043b\u043e\u0433\u0438\u0447\u0435\u0441\u043a\u043e\u0439 \u043f\u0441\u0438\u0445\u043e\u0442\u0435\u0440\u043f\u0438\u0438 \u0438 \u043a\u043e\u043d\u0441\u0443\u043b\u044c\u0442\u0438\u0440\u043e\u0432\u0430\u043d\u0438\u044e<\/em><\/p>\n<p><a href=\"http:\/\/rasstanovka.ru\/stati\/mihail-burnjashev-pravila-dlja-zamestitelej\/\">http:\/\/rasstanovka.ru\/stati\/mihail-burnjashev-pravila-dlja-zamestitelej\/<\/a><\/p>\n<p><a href=\"https:\/\/olvia-center.ru\/masters\">https:\/\/olvia-center.ru\/masters<\/a><\/p>\n<p>Argentiinas on enamasti elukutse ps\u00fchholoog v\u00f5i muu v\u00f5i ei ole midagi ning on m\u00e4rgitud tegevused ja meetodid:<\/p>\n<p>Leidsin sellise variandi: Facilitadora en constelaciones e. konstellatsioonide juhendaja<\/p>\n<p><a href=\"http:\/\/www.aebh.net\/portfolio_category\/titulares\/\">http:\/\/www.aebh.net\/portfolio_category\/titulares\/<\/a><\/p>\n<p><strong>LISA II<\/strong><\/p>\n<p>Saidid, mida ametinimetusele <a href=\"https:\/\/www.dialogi-instituutti.fi\/\">https:\/\/www.dialogi-instituutti.fi\/<\/a><br \/>\n<a href=\"http:\/\/www.constelamerica.com.ar\/\">http:\/\/www.constelamerica.com.ar\/<\/a><br \/>\n<a href=\"http:\/\/www.aebh.net\/portfolio_item\/tiu-bolzmann\/\">http:\/\/www.aebh.net\/portfolio_item\/tiu-bolzmann\/<\/a><br \/>\n<a href=\"https:\/\/www.almalepik.com\/\">https:\/\/www.almalepik.com\/<\/a><br \/>\n<a href=\"https:\/\/www.hellinger.com\/index.php?id=1557\">https:\/\/www.hellinger.com\/index.php?id=1557<\/a><br \/>\n<a href=\"https:\/\/www.kyllikineuman.com\/\">https:\/\/www.kyllikineuman.com\/<\/a><\/p>\n<p>Eestis:<\/p>\n<p><a href=\"https:\/\/www.facebook.com\/terviklikkusevaljad\/\">https:\/\/www.facebook.com\/terviklikkusevaljad\/<\/a>ja <a href=\"http:\/\/terviklikkusevaljad.blogspot.com\/\">http:\/\/terviklikkusevaljad.blogspot.com\/<\/a> Heiki Eesmaa<br \/>\n<a href=\"https:\/\/sisemineareng.ee\/perekonstellatsioon\/\">https:\/\/sisemineareng.ee\/perekonstellatsioon\/<\/a> ja <a href=\"https:\/\/kundalinistuudio.ee\/teraapia\/perekonstellatsioon\/\">https:\/\/kundalinistuudio.ee\/teraapia\/perekonstellatsioon\/<\/a>\u00a0 Kristel Rannamees<br \/>\n<a href=\"http:\/\/roosikodustuudio.onepagefree.com\/?id=19195&amp;\">http:\/\/roosikodustuudio.onepagefree.com\/?id=19195&amp;<\/a> K\u00fclli Roosi<br \/>\n<a href=\"https:\/\/konstellatsioonid.com\/\">https:\/\/konstellatsioonid.com\/<\/a> Maire ja Helena Taska<br \/>\n<a href=\"http:\/\/www.konstellatsioonid.ee\/\">http:\/\/www.konstellatsioonid.ee\/<\/a> Kalmer Kase<br \/>\n<a href=\"https:\/\/et.wikipedia.org\/wiki\/Konstellatsioonid\">https:\/\/et.wikipedia.org\/wiki\/Konstellatsioonid<\/a><\/p>\n<p>Veel Eestis kohti:<\/p>\n<p><a href=\"http:\/\/dictum.ee\/susteemne-coaching-ja-konstellatsioonid\/?print=print\">http:\/\/dictum.ee\/susteemne-coaching-ja-konstellatsioonid\/?print=print<\/a> Signe Vesso, coach ja superviisor, l\u00e4binud 2017 John Wittingtoni 6-p\u00e4evase sissejuhatava koolituse Systemic Coaching and Constellations I &#8211; II<br \/>\n<a href=\"http:\/\/www.elinakirt.com\/teenused\/konstellatsioon\">http:\/\/www.elinakirt.com\/teenused\/konstellatsioon<\/a> Elina Kirt<br \/>\n<a href=\"https:\/\/www.hingeruum.eu\/teenused\/perekonstellatsioonid-ehk-susteemsed-paigutused\">https:\/\/www.hingeruum.eu\/teenused\/perekonstellatsioonid-ehk-susteemsed-paigutused<\/a> Katrin Joakit V\u00f5rus<\/p>\n<p>Ei tunne:<\/p>\n<p><a href=\"https:\/\/www.hansa.tartu.ee\/4-uudised\/588-pere-konstellatsioonide-avatud-seminar.html\">https:\/\/www.hansa.tartu.ee\/4-uudised\/588-pere-konstellatsioonide-avatud-seminar.html<\/a> Marianne Juhanson<br \/>\n<a href=\"https:\/\/www.santtey.ee\/teraapia\/noustaminejakonstellatsioon\/\">https:\/\/www.santtey.ee\/teraapia\/noustaminejakonstellatsioon\/<\/a> &#8211; Jaana Saar, Kairi Kits<br \/>\n<a href=\"https:\/\/rahulolu.org\/meie\/\">https:\/\/rahulolu.org\/meie\/<\/a> Ester Vassermann, Kairi Kits, Tea Vesik, Jaana Saar<br \/>\n<a href=\"http:\/\/olenonnelik.wixsite.com\/olenonnelik\/konstellatsioon\">http:\/\/olenonnelik.wixsite.com\/olenonnelik\/konstellatsioon<\/a> Omely?<br \/>\n<a href=\"http:\/\/konstellatsiooniakadeemia.ee\/blogi\/mis-on-konstellatsioon\">http:\/\/konstellatsiooniakadeemia.ee\/blogi\/mis-on-konstellatsioon<\/a> Agnes Karlson<\/p>\n<p><strong>Lingid asjast huvitatuile<\/strong><\/p>\n<ul>\n<li>http:\/\/<a href=\"http:\/\/www.familienaufstellung.org\">familienaufstellung.org<\/a>\/ Saksa s\u00fcsteemsete konstellatsioonide \u00fching<\/li>\n<li><a href=\"http:\/\/www.wieslocher-institut.com\/\">http:\/\/www.wieslocher-institut.com\/<\/a> Wieslochi s\u00fcsteemsete lahenduste instituut<\/li>\n<li>http:\/\/www.talentmanager.pt\/talent_manager_1_000012.htm<\/li>\n<li><a href=\"http:\/\/www.grc-tallinn.ee\">http:\/\/www.grc-tallinn.ee<\/a> Olga Knjazeva<\/li>\n<li><a href=\"https:\/\/youtu.be\/JydjryhEl5o\">https:\/\/youtu.be\/JydjryhEl5o<\/a> Rupert Sheldrake morfilistest v\u00e4ljadest ning s\u00fcsteemsetest konstellatsioonidest<\/li>\n<\/ul>\n\r\n\t<div class=\"clearboth\"><\/div>\r\n<\/div>\r\n\r\n\t<\/div>\r\n<\/div>\r\n\t<\/div>\r\n\n<\/div>","protected":false},"excerpt":{"rendered":"LISA I Kasutuselmujal riikides: Soomes \u00a0\u00a0\u00a0\u00a0\u00a0\u00a0\u00a0\u00a0\u00a0 - systeemisen konstellaation ohjaaja Saksamaal\u00a0\u00a0\u00a0\u00a0\u00a0\u00a0 - Systemischer Berater, Systemischer Therapeut berater =\u00a0 konsultant - see, coach v\u00f5i s\u00fcsteemne terapeut ongi neil seal p\u00f5hiliselt kirjas, konstellatsiooni pakutakse kui \u00fcht meetodit. http:\/\/www.wieslocher-institut.com\/service\/wisl_absolventen.aspx Venemaal \u00a0\u00a0\u00a0\u00a0\u00a0\u00a0 - \u0421\u0438\u0441\u0442\u0435\u043c\u043d\u044b\u0439 \u0440\u0430\u0441\u0441\u0442\u0430\u043d\u043e\u0432\u0449\u0438\u043a, aga hoopis rohkem \u0441\u043f\u0435\u0446\u0438\u0430\u043b\u0438\u0441\u0442 \u043f\u043e \u0441\u0438\u0441\u0442\u0435\u043c\u043d\u043e-\u0444\u0435\u043d\u043e\u043c\u0435\u043d\u043e\u043b\u043e\u0433\u0438\u0447\u0435\u0441\u043a\u043e\u0439 \u043f\u0441\u0438\u0445\u043e\u0442\u0435\u0440\u043f\u0438\u0438 \u0438 \u043a\u043e\u043d\u0441\u0443\u043b\u044c\u0442\u0438\u0440\u043e\u0432\u0430\u043d\u0438\u044e http:\/\/rasstanovka.ru\/stati\/mihail-burnjashev-pravila-dlja-zamestitelej\/ https:\/\/olvia-center.ru\/masters Argentiinas on enamasti [...]","protected":false},"author":1,"featured_media":0,"parent":0,"menu_order":0,"comment_status":"closed","ping_status":"closed","template":"","meta":{"footnotes":""},"class_list":["post-5443","page","type-page","status-publish","hentry"],"yoast_head":"<!-- This site is optimized with the Yoast SEO plugin v27.5 - https:\/\/yoast.com\/product\/yoast-seo-wordpress\/ -->\n<title>Lingikogu - EPKA<\/title>\n<meta name=\"robots\" content=\"index, follow, max-snippet:-1, max-image-preview:large, max-video-preview:-1\" \/>\n<link rel=\"canonical\" href=\"http:\/\/epkaest.com\/en\/lingikogu\/\" \/>\n<meta property=\"og:locale\" content=\"en_GB\" \/>\n<meta property=\"og:type\" content=\"article\" \/>\n<meta property=\"og:title\" content=\"Lingikogu - EPKA\" \/>\n<meta property=\"og:url\" content=\"http:\/\/epkaest.com\/en\/lingikogu\/\" \/>\n<meta property=\"og:site_name\" content=\"EPKA\" \/>\n<meta property=\"article:publisher\" content=\"https:\/\/www.facebook.com\/groups\/2130012653729614\/\" \/>\n<meta property=\"article:modified_time\" content=\"2020-07-20T13:10:58+00:00\" \/>\n<meta name=\"twitter:card\" content=\"summary_large_image\" \/>\n<meta name=\"twitter:label1\" content=\"Estimated reading time\" \/>\n\t<meta name=\"twitter:data1\" content=\"2 minutes\" \/>\n<script type=\"application\/ld+json\" class=\"yoast-schema-graph\">{\"@context\":\"https:\\\/\\\/schema.org\",\"@graph\":[{\"@type\":\"WebPage\",\"@id\":\"http:\\\/\\\/epkaest.com\\\/lingikogu\\\/\",\"url\":\"http:\\\/\\\/epkaest.com\\\/lingikogu\\\/\",\"name\":\"Lingikogu - EPKA\",\"isPartOf\":{\"@id\":\"https:\\\/\\\/epkaest.com\\\/#website\"},\"datePublished\":\"2020-07-20T13:07:54+00:00\",\"dateModified\":\"2020-07-20T13:10:58+00:00\",\"breadcrumb\":{\"@id\":\"http:\\\/\\\/epkaest.com\\\/lingikogu\\\/#breadcrumb\"},\"inLanguage\":\"en-GB\",\"potentialAction\":[{\"@type\":\"ReadAction\",\"target\":[\"http:\\\/\\\/epkaest.com\\\/lingikogu\\\/\"]}]},{\"@type\":\"BreadcrumbList\",\"@id\":\"http:\\\/\\\/epkaest.com\\\/lingikogu\\\/#breadcrumb\",\"itemListElement\":[{\"@type\":\"ListItem\",\"position\":1,\"name\":\"Home\",\"item\":\"https:\\\/\\\/epkaest.com\\\/\"},{\"@type\":\"ListItem\",\"position\":2,\"name\":\"Lingikogu\"}]},{\"@type\":\"WebSite\",\"@id\":\"https:\\\/\\\/epkaest.com\\\/#website\",\"url\":\"https:\\\/\\\/epkaest.com\\\/\",\"name\":\"EPKA\",\"description\":\"Eesti Professionaalsete Konstell\u00f6\u00f6ride Assotsiatsioon\",\"publisher\":{\"@id\":\"https:\\\/\\\/epkaest.com\\\/#organization\"},\"potentialAction\":[{\"@type\":\"SearchAction\",\"target\":{\"@type\":\"EntryPoint\",\"urlTemplate\":\"https:\\\/\\\/epkaest.com\\\/?s={search_term_string}\"},\"query-input\":{\"@type\":\"PropertyValueSpecification\",\"valueRequired\":true,\"valueName\":\"search_term_string\"}}],\"inLanguage\":\"en-GB\"},{\"@type\":\"Organization\",\"@id\":\"https:\\\/\\\/epkaest.com\\\/#organization\",\"name\":\"Eesti Professionaalsete Konstell\u00f6\u00f6ride Assotsiatsioon\",\"url\":\"https:\\\/\\\/epkaest.com\\\/\",\"logo\":{\"@type\":\"ImageObject\",\"inLanguage\":\"en-GB\",\"@id\":\"https:\\\/\\\/epkaest.com\\\/#\\\/schema\\\/logo\\\/image\\\/\",\"url\":\"http:\\\/\\\/epkaest.com\\\/wp-content\\\/uploads\\\/2020\\\/08\\\/logo.png\",\"contentUrl\":\"http:\\\/\\\/epkaest.com\\\/wp-content\\\/uploads\\\/2020\\\/08\\\/logo.png\",\"width\":448,\"height\":214,\"caption\":\"Eesti Professionaalsete Konstell\u00f6\u00f6ride Assotsiatsioon\"},\"image\":{\"@id\":\"https:\\\/\\\/epkaest.com\\\/#\\\/schema\\\/logo\\\/image\\\/\"},\"sameAs\":[\"https:\\\/\\\/www.facebook.com\\\/groups\\\/2130012653729614\\\/\"]}]}<\/script>\n<!-- \/ Yoast SEO plugin. -->","yoast_head_json":{"title":"Lingikogu - EPKA","robots":{"index":"index","follow":"follow","max-snippet":"max-snippet:-1","max-image-preview":"max-image-preview:large","max-video-preview":"max-video-preview:-1"},"canonical":"http:\/\/epkaest.com\/en\/lingikogu\/","og_locale":"en_GB","og_type":"article","og_title":"Lingikogu - EPKA","og_url":"http:\/\/epkaest.com\/en\/lingikogu\/","og_site_name":"EPKA","article_publisher":"https:\/\/www.facebook.com\/groups\/2130012653729614\/","article_modified_time":"2020-07-20T13:10:58+00:00","twitter_card":"summary_large_image","twitter_misc":{"Estimated reading time":"2 minutes"},"schema":{"@context":"https:\/\/schema.org","@graph":[{"@type":"WebPage","@id":"http:\/\/epkaest.com\/lingikogu\/","url":"http:\/\/epkaest.com\/lingikogu\/","name":"Lingikogu - EPKA","isPartOf":{"@id":"https:\/\/epkaest.com\/#website"},"datePublished":"2020-07-20T13:07:54+00:00","dateModified":"2020-07-20T13:10:58+00:00","breadcrumb":{"@id":"http:\/\/epkaest.com\/lingikogu\/#breadcrumb"},"inLanguage":"en-GB","potentialAction":[{"@type":"ReadAction","target":["http:\/\/epkaest.com\/lingikogu\/"]}]},{"@type":"BreadcrumbList","@id":"http:\/\/epkaest.com\/lingikogu\/#breadcrumb","itemListElement":[{"@type":"ListItem","position":1,"name":"Home","item":"https:\/\/epkaest.com\/"},{"@type":"ListItem","position":2,"name":"Lingikogu"}]},{"@type":"WebSite","@id":"https:\/\/epkaest.com\/#website","url":"https:\/\/epkaest.com\/","name":"EPKA","description":"Eesti Professionaalsete Konstell\u00f6\u00f6ride Assotsiatsioon","publisher":{"@id":"https:\/\/epkaest.com\/#organization"},"potentialAction":[{"@type":"SearchAction","target":{"@type":"EntryPoint","urlTemplate":"https:\/\/epkaest.com\/?s={search_term_string}"},"query-input":{"@type":"PropertyValueSpecification","valueRequired":true,"valueName":"search_term_string"}}],"inLanguage":"en-GB"},{"@type":"Organization","@id":"https:\/\/epkaest.com\/#organization","name":"Eesti Professionaalsete Konstell\u00f6\u00f6ride Assotsiatsioon","url":"https:\/\/epkaest.com\/","logo":{"@type":"ImageObject","inLanguage":"en-GB","@id":"https:\/\/epkaest.com\/#\/schema\/logo\/image\/","url":"http:\/\/epkaest.com\/wp-content\/uploads\/2020\/08\/logo.png","contentUrl":"http:\/\/epkaest.com\/wp-content\/uploads\/2020\/08\/logo.png","width":448,"height":214,"caption":"Eesti Professionaalsete Konstell\u00f6\u00f6ride Assotsiatsioon"},"image":{"@id":"https:\/\/epkaest.com\/#\/schema\/logo\/image\/"},"sameAs":["https:\/\/www.facebook.com\/groups\/2130012653729614\/"]}]}},"_links":{"self":[{"href":"http:\/\/epkaest.com\/en\/wp-json\/wp\/v2\/pages\/5443","targetHints":{"allow":["GET"]}}],"collection":[{"href":"http:\/\/epkaest.com\/en\/wp-json\/wp\/v2\/pages"}],"about":[{"href":"http:\/\/epkaest.com\/en\/wp-json\/wp\/v2\/types\/page"}],"author":[{"embeddable":true,"href":"http:\/\/epkaest.com\/en\/wp-json\/wp\/v2\/users\/1"}],"replies":[{"embeddable":true,"href":"http:\/\/epkaest.com\/en\/wp-json\/wp\/v2\/comments?post=5443"}],"version-history":[{"count":2,"href":"http:\/\/epkaest.com\/en\/wp-json\/wp\/v2\/pages\/5443\/revisions"}],"predecessor-version":[{"id":5446,"href":"http:\/\/epkaest.com\/en\/wp-json\/wp\/v2\/pages\/5443\/revisions\/5446"}],"wp:attachment":[{"href":"http:\/\/epkaest.com\/en\/wp-json\/wp\/v2\/media?parent=5443"}],"curies":[{"name":"wp","href":"https:\/\/api.w.org\/{rel}","templated":true}]}}