{"id":5490,"date":"2020-07-27T14:28:00","date_gmt":"2020-07-27T14:28:00","guid":{"rendered":"http:\/\/epkaest.com\/?page_id=5490"},"modified":"2021-08-26T08:49:04","modified_gmt":"2021-08-26T08:49:04","slug":"raamatud","status":"publish","type":"page","link":"http:\/\/epkaest.com\/en\/raamatud\/","title":{"rendered":"Books"},"content":{"rendered":"<h4 style=\"text-align: justify;\"><strong>BOOKS:<\/strong><\/h4>\n<p style=\"text-align: justify;\">Bolzmann, T. The Hidden Laws of the Family. A Handbook of Relationships from Birth to Death. 2013, V\u00e4ike Vanker<\/p>\n<p style=\"text-align: justify;\" class=\"translation-block\">Cohen, D.B. Systemic Family Constellations and Their Use with Prisoners Serving Long-Term Sentences for Murder or Rape. San Francisco 2008 [dissertation]. <a href=\"http:\/\/www.konsteliacijos-d.lt\/multisites\/konsteliacijos\/images\/stories\/Simonos\/cohen-2008-dissertation-family-constellations.pdf\" target=\"_self\">http:\/\/www.konsteliacijos-d.lt\/multisites\/konsteliacijos\/images\/stories\/Simonos\/cohen-2008-dissertation-family-constellations.pdf<\/a>, viewed 24\/07\/2020.<\/p>\n<p style=\"text-align: justify;\">Franke, U. The River Never Looks Back: Historical and Practical Foundations of Bert Hellinger\u00b4s Family Constellations. 2003, Carl Auer International<\/p>\n<p style=\"text-align: justify;\">Hausner, S. Even if it costs me my life. Constellations of diseases and symptoms. Bunga O\u00dc 2021<\/p>\n<p style=\"text-align: justify;\">Hellinger, B. Love&#8217;s Own Truths: Bonding and Balancing in Close Relationships.\u00a02001, Zeig Tucker &amp; Theisen Publishers<\/p>\n<p style=\"text-align: justify;\">Hellinger, B. Weber, G. Beaumont, H. Armastuse varjatud s\u00fcmmeetria. Mis paneb armastuse suhetes voolama. Bunga O\u00dc 2021<\/p>\n<p style=\"text-align: justify;\">Hellinger, B. Weber, G.; Beaumont, H. Love&#8217;s Hidden Symmetry: What Makes Love Work in Relationships. 1998, Zeig Tucker &amp; Theisen Publishers<\/p>\n<p style=\"text-align: justify;\">Hellinger, B. Looking Into the Souls of Children: The Hellinger Pedagogy in Action. 2014, Hellinger Publications<\/p>\n<p style=\"text-align: justify;\">Lynch, J.E.; Tucker, S. Messengers of Healing: The Family Constellations of Bert Hellinger Through the Eyes of a New Generation of Practitioners. 2005, Zeig Tucker &amp; Theisen Publishers<\/p>\n<p style=\"text-align: justify;\">Mann\u00e9, J. <a href=\"https:\/\/www.amazon.com\/Family-Constellations-Practical-Uncovering-Conflict\/dp\/155643832X\/ref=sr_1_1?dchild=1&amp;qid=1594891436&amp;refinements=p_27%3AJoy+Manne+Ph.D.&amp;s=books&amp;sr=1-1&amp;text=Joy+Manne+Ph.D.\">Family Constellations: A Practical Guide to Uncovering the Origins of Family Conflict<\/a>. 2009, North Atlantic Books<\/p>\n<p><a href=\"https:\/\/www.empaat.ee\/toode\/sa-oled-uks-meist\/\">Marianne Franke-Gricksch &#8211; Sa oled \u00fcks meist. S\u00fcsteemseid lahendusi \u00f5petajatele, \u00f5pilastele ja lastevanematele<\/a><\/p>\n<p style=\"text-align: justify;\">Nelles, W. The Healing Power of Reality. 2010, V\u00e4ike Vanker.<\/p>\n<p style=\"text-align: justify;\">Payne, J.L. The Healing of Individuals, Families &amp; Nations: Transgenerational Healing &amp; Family Constellations Book 1. 2005, Inner Traditions\/Bear<\/p>\n<p style=\"text-align: justify;\">Preiss, I.T. Family Constellations Revealed: Hellinger&#8217;s Family and other Constellations Revealed (The Systemic View). 2012, Createspace Independent Publishing Platform<\/p>\n<p style=\"text-align: justify;\">Schneider, J.R. Family Constellations. Basic Principles and Procedures. 2007, Carl-Auer-Systeme-Verlag<\/p>\n<p style=\"text-align: justify;\">Toman, W. Family Constellation: Its Effects on Personality and Social Behavior. 1993, Springer Publishing Company<\/p>\n<p style=\"text-align: justify;\">Ulsamer, B. The Art and Practice of Family Constellations. Leading Family Constellations as Developed by Bert Hellinger. 2008, Carl Auer International<\/p>","protected":false},"excerpt":{"rendered":"<p>RAAMATUD: Bolzmann, T. Perekonna varjatud seadused. Suhete k\u00e4siraamat s\u00fcnnist surmani. 2013, V\u00e4ike Vanker Cohen, D.B. Systemic Family Constellations and Their Use with Prisoners Serving Long-Term Sentences for Murder or Rape. San Francisco 2008 [v\u00e4itekiri]. http:\/\/www.konsteliacijos-d.lt\/multisites\/konsteliacijos\/images\/stories\/Simonos\/cohen-2008-dissertation-family-constellations.pdf, vaadatud 24.07.2020. Franke, U. The River Never Looks Back: Historical and Practical Foundations of Bert Hellinger\u00b4s Family Constellations. 2003, Carl [&hellip;]<\/p>","protected":false},"author":1,"featured_media":0,"parent":0,"menu_order":0,"comment_status":"closed","ping_status":"closed","template":"","meta":{"footnotes":""},"class_list":["post-5490","page","type-page","status-publish","hentry"],"yoast_head":"<!-- This site is optimized with the Yoast SEO plugin v27.3 - https:\/\/yoast.com\/product\/yoast-seo-wordpress\/ -->\n<title>Raamatud - EPKA<\/title>\n<meta name=\"robots\" content=\"index, follow, max-snippet:-1, max-image-preview:large, max-video-preview:-1\" \/>\n<link rel=\"canonical\" href=\"https:\/\/epkaest.com\/en\/raamatud\/\" \/>\n<meta property=\"og:locale\" content=\"en_GB\" \/>\n<meta property=\"og:type\" content=\"article\" \/>\n<meta property=\"og:title\" content=\"Raamatud - EPKA\" \/>\n<meta property=\"og:description\" content=\"RAAMATUD: Bolzmann, T. Perekonna varjatud seadused. Suhete k\u00e4siraamat s\u00fcnnist surmani. 2013, V\u00e4ike Vanker Cohen, D.B. Systemic Family Constellations and Their Use with Prisoners Serving Long-Term Sentences for Murder or Rape. San Francisco 2008 [v\u00e4itekiri]. http:\/\/www.konsteliacijos-d.lt\/multisites\/konsteliacijos\/images\/stories\/Simonos\/cohen-2008-dissertation-family-constellations.pdf, vaadatud 24.07.2020. Franke, U. The River Never Looks Back: Historical and Practical Foundations of Bert Hellinger\u00b4s Family Constellations. 2003, Carl [&hellip;]\" \/>\n<meta property=\"og:url\" content=\"https:\/\/epkaest.com\/en\/raamatud\/\" \/>\n<meta property=\"og:site_name\" content=\"EPKA\" \/>\n<meta property=\"article:publisher\" content=\"https:\/\/www.facebook.com\/groups\/2130012653729614\/\" \/>\n<meta property=\"article:modified_time\" content=\"2021-08-26T08:49:04+00:00\" \/>\n<meta name=\"twitter:card\" content=\"summary_large_image\" \/>\n<meta name=\"twitter:label1\" content=\"Estimated reading time\" \/>\n\t<meta name=\"twitter:data1\" content=\"2 minutes\" \/>\n<script type=\"application\/ld+json\" class=\"yoast-schema-graph\">{\"@context\":\"https:\\\/\\\/schema.org\",\"@graph\":[{\"@type\":\"WebPage\",\"@id\":\"https:\\\/\\\/epkaest.com\\\/raamatud\\\/\",\"url\":\"https:\\\/\\\/epkaest.com\\\/raamatud\\\/\",\"name\":\"Raamatud - EPKA\",\"isPartOf\":{\"@id\":\"http:\\\/\\\/epkaest.com\\\/ru\\\/#website\"},\"datePublished\":\"2020-07-27T14:28:00+00:00\",\"dateModified\":\"2021-08-26T08:49:04+00:00\",\"breadcrumb\":{\"@id\":\"https:\\\/\\\/epkaest.com\\\/raamatud\\\/#breadcrumb\"},\"inLanguage\":\"en-GB\",\"potentialAction\":[{\"@type\":\"ReadAction\",\"target\":[\"https:\\\/\\\/epkaest.com\\\/raamatud\\\/\"]}]},{\"@type\":\"BreadcrumbList\",\"@id\":\"https:\\\/\\\/epkaest.com\\\/raamatud\\\/#breadcrumb\",\"itemListElement\":[{\"@type\":\"ListItem\",\"position\":1,\"name\":\"Home\",\"item\":\"http:\\\/\\\/epkaest.com\\\/ru\\\/\"},{\"@type\":\"ListItem\",\"position\":2,\"name\":\"Raamatud\"}]},{\"@type\":\"WebSite\",\"@id\":\"http:\\\/\\\/epkaest.com\\\/ru\\\/#website\",\"url\":\"http:\\\/\\\/epkaest.com\\\/ru\\\/\",\"name\":\"EPKA\",\"description\":\"Eesti Professionaalsete Konstell\u00f6\u00f6ride Assotsiatsioon\",\"publisher\":{\"@id\":\"http:\\\/\\\/epkaest.com\\\/ru\\\/#organization\"},\"potentialAction\":[{\"@type\":\"SearchAction\",\"target\":{\"@type\":\"EntryPoint\",\"urlTemplate\":\"http:\\\/\\\/epkaest.com\\\/ru\\\/?s={search_term_string}\"},\"query-input\":{\"@type\":\"PropertyValueSpecification\",\"valueRequired\":true,\"valueName\":\"search_term_string\"}}],\"inLanguage\":\"en-GB\"},{\"@type\":\"Organization\",\"@id\":\"http:\\\/\\\/epkaest.com\\\/ru\\\/#organization\",\"name\":\"Eesti Professionaalsete Konstell\u00f6\u00f6ride Assotsiatsioon\",\"url\":\"http:\\\/\\\/epkaest.com\\\/ru\\\/\",\"logo\":{\"@type\":\"ImageObject\",\"inLanguage\":\"en-GB\",\"@id\":\"http:\\\/\\\/epkaest.com\\\/ru\\\/#\\\/schema\\\/logo\\\/image\\\/\",\"url\":\"http:\\\/\\\/epkaest.com\\\/wp-content\\\/uploads\\\/2020\\\/08\\\/logo.png\",\"contentUrl\":\"http:\\\/\\\/epkaest.com\\\/wp-content\\\/uploads\\\/2020\\\/08\\\/logo.png\",\"width\":448,\"height\":214,\"caption\":\"Eesti Professionaalsete Konstell\u00f6\u00f6ride Assotsiatsioon\"},\"image\":{\"@id\":\"http:\\\/\\\/epkaest.com\\\/ru\\\/#\\\/schema\\\/logo\\\/image\\\/\"},\"sameAs\":[\"https:\\\/\\\/www.facebook.com\\\/groups\\\/2130012653729614\\\/\"]}]}<\/script>\n<!-- \/ Yoast SEO plugin. -->","yoast_head_json":{"title":"Raamatud - EPKA","robots":{"index":"index","follow":"follow","max-snippet":"max-snippet:-1","max-image-preview":"max-image-preview:large","max-video-preview":"max-video-preview:-1"},"canonical":"https:\/\/epkaest.com\/en\/raamatud\/","og_locale":"en_GB","og_type":"article","og_title":"Raamatud - EPKA","og_description":"RAAMATUD: Bolzmann, T. Perekonna varjatud seadused. Suhete k\u00e4siraamat s\u00fcnnist surmani. 2013, V\u00e4ike Vanker Cohen, D.B. Systemic Family Constellations and Their Use with Prisoners Serving Long-Term Sentences for Murder or Rape. San Francisco 2008 [v\u00e4itekiri]. http:\/\/www.konsteliacijos-d.lt\/multisites\/konsteliacijos\/images\/stories\/Simonos\/cohen-2008-dissertation-family-constellations.pdf, vaadatud 24.07.2020. Franke, U. The River Never Looks Back: Historical and Practical Foundations of Bert Hellinger\u00b4s Family Constellations. 2003, Carl [&hellip;]","og_url":"https:\/\/epkaest.com\/en\/raamatud\/","og_site_name":"EPKA","article_publisher":"https:\/\/www.facebook.com\/groups\/2130012653729614\/","article_modified_time":"2021-08-26T08:49:04+00:00","twitter_card":"summary_large_image","twitter_misc":{"Estimated reading time":"2 minutes"},"schema":{"@context":"https:\/\/schema.org","@graph":[{"@type":"WebPage","@id":"https:\/\/epkaest.com\/raamatud\/","url":"https:\/\/epkaest.com\/raamatud\/","name":"Raamatud - EPKA","isPartOf":{"@id":"http:\/\/epkaest.com\/ru\/#website"},"datePublished":"2020-07-27T14:28:00+00:00","dateModified":"2021-08-26T08:49:04+00:00","breadcrumb":{"@id":"https:\/\/epkaest.com\/raamatud\/#breadcrumb"},"inLanguage":"en-GB","potentialAction":[{"@type":"ReadAction","target":["https:\/\/epkaest.com\/raamatud\/"]}]},{"@type":"BreadcrumbList","@id":"https:\/\/epkaest.com\/raamatud\/#breadcrumb","itemListElement":[{"@type":"ListItem","position":1,"name":"Home","item":"http:\/\/epkaest.com\/ru\/"},{"@type":"ListItem","position":2,"name":"Raamatud"}]},{"@type":"WebSite","@id":"http:\/\/epkaest.com\/ru\/#website","url":"http:\/\/epkaest.com\/ru\/","name":"EPKA","description":"Eesti Professionaalsete Konstell\u00f6\u00f6ride Assotsiatsioon","publisher":{"@id":"http:\/\/epkaest.com\/ru\/#organization"},"potentialAction":[{"@type":"SearchAction","target":{"@type":"EntryPoint","urlTemplate":"http:\/\/epkaest.com\/ru\/?s={search_term_string}"},"query-input":{"@type":"PropertyValueSpecification","valueRequired":true,"valueName":"search_term_string"}}],"inLanguage":"en-GB"},{"@type":"Organization","@id":"http:\/\/epkaest.com\/ru\/#organization","name":"Eesti Professionaalsete Konstell\u00f6\u00f6ride Assotsiatsioon","url":"http:\/\/epkaest.com\/ru\/","logo":{"@type":"ImageObject","inLanguage":"en-GB","@id":"http:\/\/epkaest.com\/ru\/#\/schema\/logo\/image\/","url":"http:\/\/epkaest.com\/wp-content\/uploads\/2020\/08\/logo.png","contentUrl":"http:\/\/epkaest.com\/wp-content\/uploads\/2020\/08\/logo.png","width":448,"height":214,"caption":"Eesti Professionaalsete Konstell\u00f6\u00f6ride Assotsiatsioon"},"image":{"@id":"http:\/\/epkaest.com\/ru\/#\/schema\/logo\/image\/"},"sameAs":["https:\/\/www.facebook.com\/groups\/2130012653729614\/"]}]}},"_links":{"self":[{"href":"http:\/\/epkaest.com\/en\/wp-json\/wp\/v2\/pages\/5490","targetHints":{"allow":["GET"]}}],"collection":[{"href":"http:\/\/epkaest.com\/en\/wp-json\/wp\/v2\/pages"}],"about":[{"href":"http:\/\/epkaest.com\/en\/wp-json\/wp\/v2\/types\/page"}],"author":[{"embeddable":true,"href":"http:\/\/epkaest.com\/en\/wp-json\/wp\/v2\/users\/1"}],"replies":[{"embeddable":true,"href":"http:\/\/epkaest.com\/en\/wp-json\/wp\/v2\/comments?post=5490"}],"version-history":[{"count":5,"href":"http:\/\/epkaest.com\/en\/wp-json\/wp\/v2\/pages\/5490\/revisions"}],"predecessor-version":[{"id":6264,"href":"http:\/\/epkaest.com\/en\/wp-json\/wp\/v2\/pages\/5490\/revisions\/6264"}],"wp:attachment":[{"href":"http:\/\/epkaest.com\/en\/wp-json\/wp\/v2\/media?parent=5490"}],"curies":[{"name":"wp","href":"https:\/\/api.w.org\/{rel}","templated":true}]}}