{"id":5501,"date":"2020-07-27T14:38:39","date_gmt":"2020-07-27T14:38:39","guid":{"rendered":"http:\/\/epkaest.com\/?page_id=5501"},"modified":"2020-09-08T14:59:15","modified_gmt":"2020-09-08T14:59:15","slug":"bert-hellinger","status":"publish","type":"page","link":"http:\/\/epkaest.com\/en\/bert-hellinger\/","title":{"rendered":"Bert Hellinger"},"content":{"rendered":"<div class=\"wpb-content-wrapper\">\r\n<div  data-mk-stretch-content=\"true\" class=\"wpb_row vc_row vc_row-fluid jupiter-donut- mk-fullwidth-false  attched-false     js-master-row  mk-grid\">\r\n\t\t\t\t\r\n<div class=\"vc_col-sm-12 wpb_column column_container  jupiter-donut- _ jupiter-donut-height-full\">\r\n\t\t<div class=\"vc_custom_1599577149951\">\r\n\r\n<div id=\"text-block-2\" class=\"mk-text-block  jupiter-donut-\">\r\n\r\n\t\r\n\t<p>Bert Hellinger is a German psychologist, psychotherapist, educator, theologian, and philosopher.<\/p>\n<p>Hellinger was born in 1925 (birth name Anton Hellinger) in Germany to a Catholic family. At the age of five, B. Hellinger decided that he wanted to become a priest, and when he turned ten, his parents sent him to study at the Catholic monastic school of the Marianhill Order.<\/p>\n<ol start=\"1941\">\n<li>In 1918, the boarding school was closed due to the prevailing political regime. Bert moved back in with his parents and went to a regular school. Bert Hellinger was seven years old when Adolf Hitler came to power. Due to his religious beliefs, National Socialism was not well received in the family circle, and the sixteen-year-old Bert joined a small Catholic youth association, which was banned at the time. He was declared an enemy of the state because of one statement he made during a job interview.<\/li>\n<li>In 1944, Bert Hellinger was mobilized into a Wehrmacht construction battalion. He survived the invasion of France and was taken prisoner by the Americans in Belgium in late 1944. However, he managed to escape from the prison camp a year later.<\/li>\n<\/ol>\n<p>After returning to Germany, Hellinger reconnected with the Marianhill Order, entered the W\u00fcrzburg Seminary, studied philosophy and theology, and became a priest. A year later, he was sent to South Africa as a missionary. At the same time, he continued his studies at the local university in English and pedagogy, and after graduation, worked as a teacher in the Zulu tribe, as the director of a missionary school. Eventually, he was appointed to lead all one hundred and fifty schools in the congregation.<\/p>\n<p class=\"translation-block\">Hellinger lived in South Africa for sixteen years. He learned to communicate in Zulu, participated in rituals, and gained local recognition. In his work, he constantly saw conflicts based on racial and religious differences. The Anglican Church sent psychologists and group dynamics specialists to the area to solve the problems. In these works, B. Hellinger first became acquainted with group psychotherapy methods, mastered them, and then <u>led<\/u> local seminars. In the mirror of representatives of other countries and religions, B. Hellinger saw his own isolation from the world. The question of one of the instructors turned out to be a turning point in his thinking and life: <em>\u201cWhat is more important to you \u2014 people or ideals? Which one and for what would you sacrifice yourself?\u201d Hellinger realized that he had lost sight of people, and after the training, he changed his working style.<\/p>\n<ol start=\"1969\">\n<li class=\"translation-block\">In 1911, B. Hellinger was invited back from St. Marienthal to W\u00fcrzburg, where he supervised psychotherapy groups as a supervisor at the pastor's seminary. After some time, he found that his knowledge in the field of psychotherapy was still insufficient and began studying psychoanalysis. After that, he decided to leave the clergy.<\/li>\n<\/ol>\n<p>In the following years, he studied at the Vienna Association for Depth Psychology (Wiener Arbeitsgemeinschaft f\u00fcr Tiefenpsychologie\/Viennese Association for Depth Psychology) with psychoanalysts R. Schindler and J. Shaked. The aforementioned association became the predecessor of the later Austrian Psychoanalytic Society (Vienna Psychoanalytic Society). B. Hellinger completed his studies in Munich (M\u00fcnchner Arbeitsgemeinschaft f\u00fcr Psychoanalyse\/Munich Psychoanalytic Training Institute). After graduation, he was accepted as an active member of the professional association.<\/p>\n<p class=\"translation-block\">Hellinger developed an interest in Gestalt therapy under Ruth Cohen and Hilarion Petzold. At this time, he also met Fanita English, who introduced him to the work of Eric Berne. With his first wife, Herta, he integrated Gestalt therapy, primal therapy with group dynamics and psychoanalysis, and life scenario theory. Also important was Ivan Boszormenyi-Nagy's book Invisible Bonds, recognizing hidden loyalties, and the need to balance give and take in families.<\/p>\n<p>Hellinger studied family therapy with Ruth McClendon and Leslie Kadis, where he first encountered family constellations.<\/p>\n<p class=\"translation-block\">Reading Jay Haley's article \"The Perverse Triangle\" led to the discovery of the importance of family hierarchy. This was followed by further work in family therapy with Thea Schonfelder and training in Milton Erickson's hypnotherapy and neurolinguistic programming (NLP). Frank Farelly's provocative therapy has also been a significant influence, as has Irena Precop's retention therapy. The most important element that Hellinger took from NLP was the emphasis on working with resources, not problems.<\/p>\n<p>Hellinger's contribution is his unique integration of different elements. He does not claim to have discovered anything new, but there is no doubt that he has created a new integration.<\/p>\n<p>Hellinger has said in an interview with Norbert Linz: \u201cI am not convinced that constellations always reveal the objective historical truth about a family, but they reliably point to constructive changes.\u201d In addition, Hellinger\u2019s method allows for a greater \u201cvision\u201d that goes beyond the visible surface of reality, showing what is happening in its full context and full meaning.<\/p>\n\r\n\t<div class=\"clearboth\"><\/div>\r\n<\/div>\r\n\r\n\t<\/div>\r\n<\/div>\r\n\t<\/div>\r\n\n<\/div>","protected":false},"excerpt":{"rendered":"Bert Hellinger on saksa ps\u00fchholoog, ps\u00fchhoterapeut, pedagoog, teoloog ja filosoof. Hellinger s\u00fcndis 1925. a (s\u00fcnninimega Anton Hellinger) Saksamaal katoliiklikus perekonnas. Viieaastaselt otsustas B. Helliner, et tahab saada preestriks, ning kui ta sai k\u00fcmneseks, panid vanemad ta \u00f5ppima Marianhilli ordu katoliiklikku kloostrikooli. aastal suleti internaat valitseva poliitilise re\u017eiimi t\u00f5ttu. Bert kolis vanemate juurde tagasi ja l\u00e4ks [...]","protected":false},"author":1,"featured_media":0,"parent":0,"menu_order":0,"comment_status":"closed","ping_status":"closed","template":"","meta":{"footnotes":""},"class_list":["post-5501","page","type-page","status-publish","hentry"],"yoast_head":"<!-- This site is optimized with the Yoast SEO plugin v27.3 - https:\/\/yoast.com\/product\/yoast-seo-wordpress\/ -->\n<title>Bert Hellinger - EPKA<\/title>\n<meta name=\"robots\" content=\"index, follow, max-snippet:-1, max-image-preview:large, max-video-preview:-1\" \/>\n<link rel=\"canonical\" href=\"https:\/\/epkaest.com\/en\/bert-hellinger\/\" \/>\n<meta property=\"og:locale\" content=\"en_GB\" \/>\n<meta property=\"og:type\" content=\"article\" \/>\n<meta property=\"og:title\" content=\"Bert Hellinger - EPKA\" \/>\n<meta property=\"og:url\" content=\"https:\/\/epkaest.com\/en\/bert-hellinger\/\" \/>\n<meta property=\"og:site_name\" content=\"EPKA\" \/>\n<meta property=\"article:publisher\" content=\"https:\/\/www.facebook.com\/groups\/2130012653729614\/\" \/>\n<meta property=\"article:modified_time\" content=\"2020-09-08T14:59:15+00:00\" \/>\n<meta name=\"twitter:card\" content=\"summary_large_image\" \/>\n<meta name=\"twitter:label1\" content=\"Estimated reading time\" \/>\n\t<meta name=\"twitter:data1\" content=\"4 minutes\" \/>\n<script type=\"application\/ld+json\" class=\"yoast-schema-graph\">{\"@context\":\"https:\\\/\\\/schema.org\",\"@graph\":[{\"@type\":\"WebPage\",\"@id\":\"https:\\\/\\\/epkaest.com\\\/en\\\/bert-hellinger\\\/\",\"url\":\"https:\\\/\\\/epkaest.com\\\/en\\\/bert-hellinger\\\/\",\"name\":\"Bert Hellinger - EPKA\",\"isPartOf\":{\"@id\":\"http:\\\/\\\/epkaest.com\\\/ru\\\/#website\"},\"datePublished\":\"2020-07-27T14:38:39+00:00\",\"dateModified\":\"2020-09-08T14:59:15+00:00\",\"breadcrumb\":{\"@id\":\"https:\\\/\\\/epkaest.com\\\/en\\\/bert-hellinger\\\/#breadcrumb\"},\"inLanguage\":\"en-GB\",\"potentialAction\":[{\"@type\":\"ReadAction\",\"target\":[\"https:\\\/\\\/epkaest.com\\\/en\\\/bert-hellinger\\\/\"]}]},{\"@type\":\"BreadcrumbList\",\"@id\":\"https:\\\/\\\/epkaest.com\\\/en\\\/bert-hellinger\\\/#breadcrumb\",\"itemListElement\":[{\"@type\":\"ListItem\",\"position\":1,\"name\":\"Home\",\"item\":\"http:\\\/\\\/epkaest.com\\\/ru\\\/\"},{\"@type\":\"ListItem\",\"position\":2,\"name\":\"Bert Hellinger\"}]},{\"@type\":\"WebSite\",\"@id\":\"http:\\\/\\\/epkaest.com\\\/ru\\\/#website\",\"url\":\"http:\\\/\\\/epkaest.com\\\/ru\\\/\",\"name\":\"EPKA\",\"description\":\"Eesti Professionaalsete Konstell\u00f6\u00f6ride Assotsiatsioon\",\"publisher\":{\"@id\":\"http:\\\/\\\/epkaest.com\\\/ru\\\/#organization\"},\"potentialAction\":[{\"@type\":\"SearchAction\",\"target\":{\"@type\":\"EntryPoint\",\"urlTemplate\":\"http:\\\/\\\/epkaest.com\\\/ru\\\/?s={search_term_string}\"},\"query-input\":{\"@type\":\"PropertyValueSpecification\",\"valueRequired\":true,\"valueName\":\"search_term_string\"}}],\"inLanguage\":\"en-GB\"},{\"@type\":\"Organization\",\"@id\":\"http:\\\/\\\/epkaest.com\\\/ru\\\/#organization\",\"name\":\"Eesti Professionaalsete Konstell\u00f6\u00f6ride Assotsiatsioon\",\"url\":\"http:\\\/\\\/epkaest.com\\\/ru\\\/\",\"logo\":{\"@type\":\"ImageObject\",\"inLanguage\":\"en-GB\",\"@id\":\"http:\\\/\\\/epkaest.com\\\/ru\\\/#\\\/schema\\\/logo\\\/image\\\/\",\"url\":\"http:\\\/\\\/epkaest.com\\\/wp-content\\\/uploads\\\/2020\\\/08\\\/logo.png\",\"contentUrl\":\"http:\\\/\\\/epkaest.com\\\/wp-content\\\/uploads\\\/2020\\\/08\\\/logo.png\",\"width\":448,\"height\":214,\"caption\":\"Eesti Professionaalsete Konstell\u00f6\u00f6ride Assotsiatsioon\"},\"image\":{\"@id\":\"http:\\\/\\\/epkaest.com\\\/ru\\\/#\\\/schema\\\/logo\\\/image\\\/\"},\"sameAs\":[\"https:\\\/\\\/www.facebook.com\\\/groups\\\/2130012653729614\\\/\"]}]}<\/script>\n<!-- \/ Yoast SEO plugin. -->","yoast_head_json":{"title":"Bert Hellinger - EPKA","robots":{"index":"index","follow":"follow","max-snippet":"max-snippet:-1","max-image-preview":"max-image-preview:large","max-video-preview":"max-video-preview:-1"},"canonical":"https:\/\/epkaest.com\/en\/bert-hellinger\/","og_locale":"en_GB","og_type":"article","og_title":"Bert Hellinger - EPKA","og_url":"https:\/\/epkaest.com\/en\/bert-hellinger\/","og_site_name":"EPKA","article_publisher":"https:\/\/www.facebook.com\/groups\/2130012653729614\/","article_modified_time":"2020-09-08T14:59:15+00:00","twitter_card":"summary_large_image","twitter_misc":{"Estimated reading time":"4 minutes"},"schema":{"@context":"https:\/\/schema.org","@graph":[{"@type":"WebPage","@id":"https:\/\/epkaest.com\/en\/bert-hellinger\/","url":"https:\/\/epkaest.com\/en\/bert-hellinger\/","name":"Bert Hellinger - EPKA","isPartOf":{"@id":"http:\/\/epkaest.com\/ru\/#website"},"datePublished":"2020-07-27T14:38:39+00:00","dateModified":"2020-09-08T14:59:15+00:00","breadcrumb":{"@id":"https:\/\/epkaest.com\/en\/bert-hellinger\/#breadcrumb"},"inLanguage":"en-GB","potentialAction":[{"@type":"ReadAction","target":["https:\/\/epkaest.com\/en\/bert-hellinger\/"]}]},{"@type":"BreadcrumbList","@id":"https:\/\/epkaest.com\/en\/bert-hellinger\/#breadcrumb","itemListElement":[{"@type":"ListItem","position":1,"name":"Home","item":"http:\/\/epkaest.com\/ru\/"},{"@type":"ListItem","position":2,"name":"Bert Hellinger"}]},{"@type":"WebSite","@id":"http:\/\/epkaest.com\/ru\/#website","url":"http:\/\/epkaest.com\/ru\/","name":"EPKA","description":"Eesti Professionaalsete Konstell\u00f6\u00f6ride Assotsiatsioon","publisher":{"@id":"http:\/\/epkaest.com\/ru\/#organization"},"potentialAction":[{"@type":"SearchAction","target":{"@type":"EntryPoint","urlTemplate":"http:\/\/epkaest.com\/ru\/?s={search_term_string}"},"query-input":{"@type":"PropertyValueSpecification","valueRequired":true,"valueName":"search_term_string"}}],"inLanguage":"en-GB"},{"@type":"Organization","@id":"http:\/\/epkaest.com\/ru\/#organization","name":"Eesti Professionaalsete Konstell\u00f6\u00f6ride Assotsiatsioon","url":"http:\/\/epkaest.com\/ru\/","logo":{"@type":"ImageObject","inLanguage":"en-GB","@id":"http:\/\/epkaest.com\/ru\/#\/schema\/logo\/image\/","url":"http:\/\/epkaest.com\/wp-content\/uploads\/2020\/08\/logo.png","contentUrl":"http:\/\/epkaest.com\/wp-content\/uploads\/2020\/08\/logo.png","width":448,"height":214,"caption":"Eesti Professionaalsete Konstell\u00f6\u00f6ride Assotsiatsioon"},"image":{"@id":"http:\/\/epkaest.com\/ru\/#\/schema\/logo\/image\/"},"sameAs":["https:\/\/www.facebook.com\/groups\/2130012653729614\/"]}]}},"_links":{"self":[{"href":"http:\/\/epkaest.com\/en\/wp-json\/wp\/v2\/pages\/5501","targetHints":{"allow":["GET"]}}],"collection":[{"href":"http:\/\/epkaest.com\/en\/wp-json\/wp\/v2\/pages"}],"about":[{"href":"http:\/\/epkaest.com\/en\/wp-json\/wp\/v2\/types\/page"}],"author":[{"embeddable":true,"href":"http:\/\/epkaest.com\/en\/wp-json\/wp\/v2\/users\/1"}],"replies":[{"embeddable":true,"href":"http:\/\/epkaest.com\/en\/wp-json\/wp\/v2\/comments?post=5501"}],"version-history":[{"count":3,"href":"http:\/\/epkaest.com\/en\/wp-json\/wp\/v2\/pages\/5501\/revisions"}],"predecessor-version":[{"id":5651,"href":"http:\/\/epkaest.com\/en\/wp-json\/wp\/v2\/pages\/5501\/revisions\/5651"}],"wp:attachment":[{"href":"http:\/\/epkaest.com\/en\/wp-json\/wp\/v2\/media?parent=5501"}],"curies":[{"name":"wp","href":"https:\/\/api.w.org\/{rel}","templated":true}]}}