{"id":5507,"date":"2020-07-27T14:47:04","date_gmt":"2020-07-27T14:47:04","guid":{"rendered":"http:\/\/epkaest.com\/?page_id=5507"},"modified":"2020-09-27T13:05:35","modified_gmt":"2020-09-27T13:05:35","slug":"terminid","status":"publish","type":"page","link":"http:\/\/epkaest.com\/en\/terminid\/","title":{"rendered":"Terms"},"content":{"rendered":"<div class=\"wpb-content-wrapper\">\r\n<div  data-mk-stretch-content=\"true\" class=\"wpb_row vc_row vc_row-fluid jupiter-donut- mk-fullwidth-false  attched-false     js-master-row  mk-grid\">\r\n\t\t\t\t\r\n<div class=\"vc_col-sm-12 wpb_column column_container  jupiter-donut- _ jupiter-donut-height-full\">\r\n\t\t<div class=\"vc_custom_1595862082884\">\r\n\r\n<div id=\"text-block-2\" class=\"mk-text-block  jupiter-donut-\">\r\n\r\n\t\r\n\t<h4><strong>CONSTELLATION AND ITS TYPES<\/strong><\/h4>\n\r\n\t<div class=\"clearboth\"><\/div>\r\n<\/div>\r\n\r\n\t<\/div>\r\n\r\n<div class=\"mk-fancy-table table-style1  jupiter-donut-\">\r\n\r\n\t\r\n\t\n<table class=\"alignright\" style=\"width: 100%;\" width=\"100%\">\n<thead>\n<tr>\n<td style=\"width: 12.4235%; text-align: left;\" width=\"238\"><strong>CONSTELLATION or SYSTEMIC LAYOUT<\/strong><\/td>\n<td style=\"width: 75.9788%; text-align: justify;\" width=\"238\">A constellation is the arrangement of parts of a system in space that reveals the relationships and connections between the parts.<\/td>\n<\/tr>\n<tr>\n<td style=\"width: 12.4235%; text-align: left;\"><strong>FAMILY CONSTELLATION<\/strong><\/td>\n<td style=\"width: 75.9788%; text-align: justify;\">Family constellation is a method that makes visible the connections and relationships between people in a family, which can span one or more generations. The goal is to bring to light unconscious connections with grandparents and more distant ancestors. In the process, hidden dynamics emerge, which may include repressed feelings, behavioral patterns and moral attitudes inherited from ancestors, feelings of guilt, fears and phobias.<\/td>\n<\/tr>\n<\/thead>\n<tbody>\n<tr>\n<td style=\"width: 12.4235%; text-align: left;\"><strong>ORGANIZATIONAL CONSTELLATION<\/strong><\/td>\n<td style=\"width: 75.9788%; text-align: justify;\" width=\"381\">\n<p style=\"text-align: justify;\">Organizational constellation is a method of mapping and modeling a team and organization, which results in information about systemic problems. It is used in various topics related to organizational functioning:<br \/>\nstruktuur, juhtimine, eesm\u00e4rgid, t\u00f6\u00f6tajate tunnustamisel, strateegiad, l\u00e4bir\u00e4\u00e4kimised, konfliktid, v\u00e4rbamine, \u00a0avatud ja varjatud suhted jne.<\/p>\n<\/td>\n<\/tr>\n<tr>\n<td style=\"width: 12.4235%; text-align: left;\" width=\"238\"><strong>STRUCTURAL CONSTELLATION<\/strong><\/td>\n<td style=\"width: 75.9788%;\">\n<p style=\"text-align: justify;\">Structural constellation is work with the client's internal, external and meta-level parts, for example: the client's goal, obstacles, resources, focus; in the case of the meta-level, war, disaster, time, etc.<\/p>\n<\/td>\n<\/tr>\n<tr>\n<td style=\"width: 12.4235%; text-align: left;\" width=\"238\"><strong>INDIVIDUAL CONSTELLATION<\/strong><\/td>\n<td style=\"width: 75.9788%; text-align: justify;\" width=\"381\">Individual constellation is work between a therapist and a client using the constellation method without a group - the representatives can be the therapist themselves, markers, dolls, etc.<\/td>\n<\/tr>\n<\/tbody>\n<\/table>\n\r\n<\/div>\r\n\t<div class=\"vc_custom_1595862099543\">\r\n\r\n<div id=\"text-block-3\" class=\"mk-text-block  jupiter-donut-\">\r\n\r\n\t\r\n\t<h4><strong>KONSTELLATSIOONI M\u00d5ISTED<\/strong><\/h4>\n\r\n\t<div class=\"clearboth\"><\/div>\r\n<\/div>\r\n\r\n\t<\/div>\r\n\r\n<div class=\"mk-fancy-table table-style1  jupiter-donut-\">\r\n\r\n\t\r\n\t\n<table style=\"width: 99.9716%;\" width=\"100%\">\n<tbody>\n<tr>\n<td style=\"width: 2.81791%; text-align: left;\"><strong>CONSTELLATION FIELD<\/strong><\/td>\n<td style=\"width: 58.1578%; text-align: justify;\">A constellation field is a field that emerges through substitutive cognition during constellation, which brings essential information to light.<\/td>\n<\/tr>\n<tr>\n<td style=\"width: 2.81791%;\" width=\"234\">\n<p style=\"text-align: left;\"><strong>SUBSTITUTE FEELING<\/strong><\/p>\n<\/td>\n<td style=\"width: 58.1578%;\">\n<p style=\"text-align: justify;\">From the role of a substitute, the person shares cognitively acquired information about the client's experiences, which becomes an indicator of the constellation and a driving force.<\/p>\n<\/td>\n<\/tr>\n<tr>\n<td style=\"width: 2.81791%; text-align: left;\"><strong>SUBSTITUTE<\/strong><\/td>\n<td style=\"width: 58.1578%;\">\n<p style=\"text-align: justify;\">A surrogate is a member of the constellation group chosen by the client, who is placed in the role of a member of their system and who transmits information received through the surrogate cognition.<\/p>\n<\/td>\n<\/tr>\n<tr>\n<td style=\"width: 2.81791%; text-align: left;\"><strong>CONSTELLATION<\/strong><\/td>\n<td style=\"width: 58.1578%;\">\n<p style=\"text-align: justify;\">A constellation planner is a trained specialist who uses the method of constellations, or systematic arrangements.<\/p>\n<\/td>\n<\/tr>\n<tr>\n<td style=\"width: 2.81791%; text-align: left;\"><strong>SYSTEM<\/strong><\/td>\n<td style=\"width: 58.1578%;\">\n<p style=\"text-align: justify;\">A system is a set of interconnected elements. Characteristics of a system: interconnections and relationships that obey certain laws. In the world of constellations, family, organizational, personality parts, etc. systems are distinguished.<\/p>\n<\/td>\n<\/tr>\n<tr>\n<td style=\"width: 2.81791%; text-align: left;\"><strong>BASIC PRINCIPLES OF CONSTELLATION<\/strong><\/td>\n<td style=\"width: 58.1578%;\">\n<p style=\"text-align: justify;\">The basic principles of constellation are the systemic laws of necessity by which systems organize themselves and which are used to balance the client's system in a constellation. They are the principle of belonging, the principle of order and hierarchy, and the principle of balance.<\/p>\n<\/td>\n<\/tr>\n<\/tbody>\n<\/table>\n\r\n<\/div>\r\n\t<div class=\"vc_custom_1595862740674\">\r\n\r\n<div id=\"text-block-4\" class=\"mk-text-block  jupiter-donut-\">\r\n\r\n\t\r\n\t<h4><strong>AREAS OF APPLICATION OF THE CONSTELLATION METHOD<\/strong><\/h4>\n<p class=\"translation-block\">The constellation method is used in many areas of life and work, from law and business management to pedagogy and psychology, from the personal to the societal level.<br>\nIn the work methods created to empower people outlined below, the constellation method has proven to be an effective tool.<\/p>\n\r\n\t<div class=\"clearboth\"><\/div>\r\n<\/div>\r\n\r\n\t<\/div>\r\n\r\n<div class=\"mk-fancy-table table-style1  jupiter-donut-\">\r\n\r\n\t\r\n\t\n<table style=\"width: 99.9716%; height: 424px;\" width=\"100%\">\n<tbody>\n<tr style=\"height: 128px;\">\n<td style=\"width: 5.21327%; text-align: left; height: 128px;\"><strong>SUPERVISION<\/strong><\/td>\n<td style=\"width: 55.7625%; height: 128px;\">\n<p style=\"text-align: justify;\">Supervision is a systematic work-related counseling process that is necessary primarily for professionals working with people and their work.<\/p>\n<p style=\"text-align: justify;\">The focus is on the interaction between individuals, work tasks, and the organization.<\/p>\n<\/td>\n<\/tr>\n<tr style=\"height: 128px;\">\n<td style=\"width: 5.21327%; text-align: left; height: 128px;\"><strong>COACHING<\/strong><\/td>\n<td style=\"width: 55.7625%; height: 128px;\">\n<p style=\"text-align: justify;\" class=\"translation-block\"><em>Coaching<\/em> is about solving a specific problem, but also about increasing overall effectiveness. Coaching topics often include spiritual growth, career, interpersonal relationships, effectiveness at work, planning and implementing change, team involvement, making choices, overcoming fears, finding and implementing your vision.<\/p>\n<\/td>\n<\/tr>\n<tr style=\"height: 48px;\">\n<td style=\"width: 5.21327%; text-align: left; height: 48px;\"><strong>TRAINING<\/strong><\/td>\n<td style=\"width: 55.7625%; text-align: justify; height: 48px;\">Training is the repeated practice of a specific skill\/ability\/ability with the aim of acquiring or increasing it.<\/td>\n<\/tr>\n<tr style=\"height: 24px;\">\n<td style=\"width: 5.21327%; text-align: left; height: 24px;\"><strong>TEACHING<\/strong><\/td>\n<td style=\"width: 55.7625%; text-align: justify; height: 24px;\">Transferring and mediating knowledge and skills for the purpose of acquiring them<\/td>\n<\/tr>\n<tr style=\"height: 24px;\">\n<td style=\"width: 5.21327%; text-align: left; height: 24px;\"><strong>DEBRIEFING<\/strong><\/td>\n<td style=\"width: 55.7625%; text-align: justify; height: 24px;\">Encouraging the expression of strong emotions and feelings<\/td>\n<\/tr>\n<tr style=\"height: 48px;\">\n<td style=\"width: 5.21327%; text-align: left; height: 48px;\"><strong>MENTORSHIP<\/strong><\/td>\n<td style=\"width: 55.7625%; text-align: justify; height: 48px;\">Mentoring is a relationship in which a more knowledgeable person helps guide a less experienced person. A mentor is a person who must have a certain level of professional competence.<\/td>\n<\/tr>\n<tr style=\"height: 24px;\">\n<td style=\"width: 5.21327%; text-align: left; height: 24px;\"><strong>CONSULTATION<\/strong><\/td>\n<td style=\"width: 55.7625%; text-align: justify; height: 24px;\">\n<p style=\"text-align: justify;\">Consulting is industry-specific advice on the work process.<\/p>\n<\/td>\n<\/tr>\n<tr>\n<td style=\"width: 5.21327%; text-align: left;\"><strong>ADVICE<\/strong><\/td>\n<td style=\"width: 55.7625%; text-align: justify;\">\n<p style=\"text-align: justify;\">Consulting is informing the client as an expert about their options?<\/p>\n<\/td>\n<\/tr>\n<tr>\n<td style=\"width: 5.21327%; text-align: left;\"><strong>PSYCHOTHERAPY<\/strong><\/td>\n<td style=\"width: 55.7625%; text-align: justify;\">\n<p style=\"text-align: justify;\">Psychotherapy is the support of personal growth and\/or healing through various psychotherapy techniques (methods, tools).<\/p>\n<\/td>\n<\/tr>\n<\/tbody>\n<\/table>\n\r\n<\/div>\r\n\t<div class=\"vc_custom_1595862856802\">\r\n\r\n<div id=\"text-block-5\" class=\"mk-text-block  jupiter-donut-\">\r\n\r\n\t\r\n\t<p style=\"text-align: justify;\" class=\"translation-block\"><strong>Principle of Belonging<\/strong> \u2013 the belonging of every human member to the system must be taken into account; forgetting people and lacking respect often have negative consequences.<\/p>\n<p style=\"text-align: justify;\" class=\"translation-block\"><strong>Principle of Order<\/strong> \u2013 the position of each member of the human system depends on their tasks and responsibilities. To achieve better results in an organization, people should be aware of each other's professional boundaries and respect them.<\/p>\n<p style=\"text-align: justify;\" class=\"translation-block\"><strong>The principle of balance between giving and taking<\/strong> \u2013 the contribution of system members should be matched by appropriate reward (money, recognition, status, etc.), taking or giving more can have negative consequences. This can also apply to \u201coverpaying\u201d an employee.<\/p>\n\r\n\t<div class=\"clearboth\"><\/div>\r\n<\/div>\r\n\r\n\t<\/div>\r\n<\/div>\r\n\t<\/div>\r\n\n<\/div>","protected":false},"excerpt":{"rendered":"KONSTELLATSIOON JA SELLE LIIGID KONSTELLATSIOON\u00a0 ehk S\u00dcSTEEMNE PAIGUTUS Konstellatsioon on s\u00fcsteemi osade paigutus ruumis, mis toob n\u00e4htavale osadevahelised suhted ja seosed. PEREKONSTELLATSIOON Perekonstellatsioon on meetod, kus tehakse n\u00e4htavaks seosed ja suhted inimeste vahel peres, mis v\u00f5ib h\u00f5lmata \u00fchte v\u00f5i mitut p\u00f5lvkonda. Eesm\u00e4rgiks on n\u00e4htavale tuua alateadlikke sidemeid vanavanemate ja kaugemate esivanematega. Selle k\u00e4igus ilmnevad varjatud [...]","protected":false},"author":1,"featured_media":0,"parent":0,"menu_order":0,"comment_status":"closed","ping_status":"closed","template":"","meta":{"footnotes":""},"class_list":["post-5507","page","type-page","status-publish","hentry"],"yoast_head":"<!-- This site is optimized with the Yoast SEO plugin v27.3 - https:\/\/yoast.com\/product\/yoast-seo-wordpress\/ -->\n<title>Terminid - EPKA<\/title>\n<meta name=\"robots\" content=\"index, follow, max-snippet:-1, max-image-preview:large, max-video-preview:-1\" \/>\n<link rel=\"canonical\" href=\"https:\/\/epkaest.com\/en\/terminid\/\" \/>\n<meta property=\"og:locale\" content=\"en_GB\" \/>\n<meta property=\"og:type\" content=\"article\" \/>\n<meta property=\"og:title\" content=\"Terminid - EPKA\" \/>\n<meta property=\"og:url\" content=\"https:\/\/epkaest.com\/en\/terminid\/\" \/>\n<meta property=\"og:site_name\" content=\"EPKA\" \/>\n<meta property=\"article:publisher\" content=\"https:\/\/www.facebook.com\/groups\/2130012653729614\/\" \/>\n<meta property=\"article:modified_time\" content=\"2020-09-27T13:05:35+00:00\" \/>\n<meta name=\"twitter:card\" content=\"summary_large_image\" \/>\n<meta name=\"twitter:label1\" content=\"Estimated reading time\" \/>\n\t<meta name=\"twitter:data1\" content=\"4 minutes\" \/>\n<script type=\"application\/ld+json\" class=\"yoast-schema-graph\">{\"@context\":\"https:\\\/\\\/schema.org\",\"@graph\":[{\"@type\":\"WebPage\",\"@id\":\"https:\\\/\\\/epkaest.com\\\/en\\\/terminid\\\/\",\"url\":\"https:\\\/\\\/epkaest.com\\\/en\\\/terminid\\\/\",\"name\":\"Terminid - EPKA\",\"isPartOf\":{\"@id\":\"http:\\\/\\\/epkaest.com\\\/ru\\\/#website\"},\"datePublished\":\"2020-07-27T14:47:04+00:00\",\"dateModified\":\"2020-09-27T13:05:35+00:00\",\"breadcrumb\":{\"@id\":\"https:\\\/\\\/epkaest.com\\\/en\\\/terminid\\\/#breadcrumb\"},\"inLanguage\":\"en-GB\",\"potentialAction\":[{\"@type\":\"ReadAction\",\"target\":[\"https:\\\/\\\/epkaest.com\\\/en\\\/terminid\\\/\"]}]},{\"@type\":\"BreadcrumbList\",\"@id\":\"https:\\\/\\\/epkaest.com\\\/en\\\/terminid\\\/#breadcrumb\",\"itemListElement\":[{\"@type\":\"ListItem\",\"position\":1,\"name\":\"Home\",\"item\":\"http:\\\/\\\/epkaest.com\\\/ru\\\/\"},{\"@type\":\"ListItem\",\"position\":2,\"name\":\"Terminid\"}]},{\"@type\":\"WebSite\",\"@id\":\"http:\\\/\\\/epkaest.com\\\/ru\\\/#website\",\"url\":\"http:\\\/\\\/epkaest.com\\\/ru\\\/\",\"name\":\"EPKA\",\"description\":\"Eesti Professionaalsete Konstell\u00f6\u00f6ride Assotsiatsioon\",\"publisher\":{\"@id\":\"http:\\\/\\\/epkaest.com\\\/ru\\\/#organization\"},\"potentialAction\":[{\"@type\":\"SearchAction\",\"target\":{\"@type\":\"EntryPoint\",\"urlTemplate\":\"http:\\\/\\\/epkaest.com\\\/ru\\\/?s={search_term_string}\"},\"query-input\":{\"@type\":\"PropertyValueSpecification\",\"valueRequired\":true,\"valueName\":\"search_term_string\"}}],\"inLanguage\":\"en-GB\"},{\"@type\":\"Organization\",\"@id\":\"http:\\\/\\\/epkaest.com\\\/ru\\\/#organization\",\"name\":\"Eesti Professionaalsete Konstell\u00f6\u00f6ride Assotsiatsioon\",\"url\":\"http:\\\/\\\/epkaest.com\\\/ru\\\/\",\"logo\":{\"@type\":\"ImageObject\",\"inLanguage\":\"en-GB\",\"@id\":\"http:\\\/\\\/epkaest.com\\\/ru\\\/#\\\/schema\\\/logo\\\/image\\\/\",\"url\":\"http:\\\/\\\/epkaest.com\\\/wp-content\\\/uploads\\\/2020\\\/08\\\/logo.png\",\"contentUrl\":\"http:\\\/\\\/epkaest.com\\\/wp-content\\\/uploads\\\/2020\\\/08\\\/logo.png\",\"width\":448,\"height\":214,\"caption\":\"Eesti Professionaalsete Konstell\u00f6\u00f6ride Assotsiatsioon\"},\"image\":{\"@id\":\"http:\\\/\\\/epkaest.com\\\/ru\\\/#\\\/schema\\\/logo\\\/image\\\/\"},\"sameAs\":[\"https:\\\/\\\/www.facebook.com\\\/groups\\\/2130012653729614\\\/\"]}]}<\/script>\n<!-- \/ Yoast SEO plugin. -->","yoast_head_json":{"title":"Terminid - EPKA","robots":{"index":"index","follow":"follow","max-snippet":"max-snippet:-1","max-image-preview":"max-image-preview:large","max-video-preview":"max-video-preview:-1"},"canonical":"https:\/\/epkaest.com\/en\/terminid\/","og_locale":"en_GB","og_type":"article","og_title":"Terminid - EPKA","og_url":"https:\/\/epkaest.com\/en\/terminid\/","og_site_name":"EPKA","article_publisher":"https:\/\/www.facebook.com\/groups\/2130012653729614\/","article_modified_time":"2020-09-27T13:05:35+00:00","twitter_card":"summary_large_image","twitter_misc":{"Estimated reading time":"4 minutes"},"schema":{"@context":"https:\/\/schema.org","@graph":[{"@type":"WebPage","@id":"https:\/\/epkaest.com\/en\/terminid\/","url":"https:\/\/epkaest.com\/en\/terminid\/","name":"Terminid - EPKA","isPartOf":{"@id":"http:\/\/epkaest.com\/ru\/#website"},"datePublished":"2020-07-27T14:47:04+00:00","dateModified":"2020-09-27T13:05:35+00:00","breadcrumb":{"@id":"https:\/\/epkaest.com\/en\/terminid\/#breadcrumb"},"inLanguage":"en-GB","potentialAction":[{"@type":"ReadAction","target":["https:\/\/epkaest.com\/en\/terminid\/"]}]},{"@type":"BreadcrumbList","@id":"https:\/\/epkaest.com\/en\/terminid\/#breadcrumb","itemListElement":[{"@type":"ListItem","position":1,"name":"Home","item":"http:\/\/epkaest.com\/ru\/"},{"@type":"ListItem","position":2,"name":"Terminid"}]},{"@type":"WebSite","@id":"http:\/\/epkaest.com\/ru\/#website","url":"http:\/\/epkaest.com\/ru\/","name":"EPKA","description":"Eesti Professionaalsete Konstell\u00f6\u00f6ride Assotsiatsioon","publisher":{"@id":"http:\/\/epkaest.com\/ru\/#organization"},"potentialAction":[{"@type":"SearchAction","target":{"@type":"EntryPoint","urlTemplate":"http:\/\/epkaest.com\/ru\/?s={search_term_string}"},"query-input":{"@type":"PropertyValueSpecification","valueRequired":true,"valueName":"search_term_string"}}],"inLanguage":"en-GB"},{"@type":"Organization","@id":"http:\/\/epkaest.com\/ru\/#organization","name":"Eesti Professionaalsete Konstell\u00f6\u00f6ride Assotsiatsioon","url":"http:\/\/epkaest.com\/ru\/","logo":{"@type":"ImageObject","inLanguage":"en-GB","@id":"http:\/\/epkaest.com\/ru\/#\/schema\/logo\/image\/","url":"http:\/\/epkaest.com\/wp-content\/uploads\/2020\/08\/logo.png","contentUrl":"http:\/\/epkaest.com\/wp-content\/uploads\/2020\/08\/logo.png","width":448,"height":214,"caption":"Eesti Professionaalsete Konstell\u00f6\u00f6ride Assotsiatsioon"},"image":{"@id":"http:\/\/epkaest.com\/ru\/#\/schema\/logo\/image\/"},"sameAs":["https:\/\/www.facebook.com\/groups\/2130012653729614\/"]}]}},"_links":{"self":[{"href":"http:\/\/epkaest.com\/en\/wp-json\/wp\/v2\/pages\/5507","targetHints":{"allow":["GET"]}}],"collection":[{"href":"http:\/\/epkaest.com\/en\/wp-json\/wp\/v2\/pages"}],"about":[{"href":"http:\/\/epkaest.com\/en\/wp-json\/wp\/v2\/types\/page"}],"author":[{"embeddable":true,"href":"http:\/\/epkaest.com\/en\/wp-json\/wp\/v2\/users\/1"}],"replies":[{"embeddable":true,"href":"http:\/\/epkaest.com\/en\/wp-json\/wp\/v2\/comments?post=5507"}],"version-history":[{"count":5,"href":"http:\/\/epkaest.com\/en\/wp-json\/wp\/v2\/pages\/5507\/revisions"}],"predecessor-version":[{"id":5988,"href":"http:\/\/epkaest.com\/en\/wp-json\/wp\/v2\/pages\/5507\/revisions\/5988"}],"wp:attachment":[{"href":"http:\/\/epkaest.com\/en\/wp-json\/wp\/v2\/media?parent=5507"}],"curies":[{"name":"wp","href":"https:\/\/api.w.org\/{rel}","templated":true}]}}