{"id":6396,"date":"2022-04-05T20:33:03","date_gmt":"2022-04-05T20:33:03","guid":{"rendered":"http:\/\/epkaest.com\/?page_id=6396"},"modified":"2025-08-28T14:20:24","modified_gmt":"2025-08-28T14:20:24","slug":"sundmused","status":"publish","type":"page","link":"http:\/\/epkaest.com\/en\/sundmused\/","title":{"rendered":"Events"},"content":{"rendered":"<div class=\"wpb-content-wrapper\">\r\n<div  data-mk-stretch-content=\"true\" class=\"wpb_row vc_row vc_row-fluid jupiter-donut- mk-fullwidth-false  attched-false     js-master-row  mk-grid\">\r\n\t\t\t\t\r\n<div class=\"vc_col-sm-12 wpb_column column_container  jupiter-donut- _ jupiter-donut-height-full\">\r\n\t\r\n\r\n<section id=\"loop-2\" data-query=\"eyJwb3N0X3R5cGUiOiJwb3N0IiwiZXhjbHVkZV9wb3N0X2Zvcm1hdCI6IiIsIm9mZnNldCI6ZmFsc2UsInBvc3RzIjoiIiwib3JkZXJieSI6ImRhdGUiLCJvcmRlciI6IkRFU0MiLCJhdXRob3IiOiIiLCJjb3VudCI6MTAsImNhdCI6IjI1MSJ9\" data-loop-atts=\"eyJzaG9ydGNvZGVfbmFtZSI6Im1rX2Jsb2ciLCJzdHlsZSI6Im5ld3NwYXBlciIsImxheW91dCI6InJpZ2h0IiwiY29sdW1uIjozLCJkaXNhYmxlX21ldGEiOiJ0cnVlIiwiZ3JpZF9pbWFnZV9oZWlnaHQiOjM1MCwiY29tbWVudHNfc2hhcmUiOiJmYWxzZSIsImZ1bGxfY29udGVudCI6ImZhbHNlIiwiaW1hZ2Vfc2l6ZSI6ImNyb3AiLCJleGNlcnB0X2xlbmd0aCI6MjAwLCJ0aHVtYm5haWxfYWxpZ24iOiJsZWZ0IiwibGF6eWxvYWQiOiJmYWxzZSIsImRpc2FibGVfbGF6eWxvYWQiOiJmYWxzZSIsImltYWdlX3NpemVfbWFnYXppbmUiOiJmdWxsIiwiaSI6MH0=\" data-pagination-style=\"1\" data-max-pages=\"1\" data-loop-iterator=\"10\" data-loop-posts=\"\" data-mk-component=\"Grid\" data-grid-config='{\"container\":\"#loop-2\", \"item\":\".mk-isotop-item\"}' class=\"js-loop js-el jupiter-donut-clearfix mk-blog-container mk-newspaper-wrapper mk-jupiter-blog   jupiter-donut- mag-one-column mk-blog-container-lazyload\" itemscope=\"itemscope\" itemtype=\"https:\/\/schema.org\/Blog\" >\r\n    <article id=\"7805\" class=\"mk-blog-newspaper-item image-post-type mk-isotop-item three-column\"><div class=\"blog-item-holder\"><div class=\"featured-image\"><a class=\"full-cover-link\" title=\"Konstellatsioon Kobarseminar\" href=\"http:\/\/epkaest.com\/en\/konstellatsioon-kobarseminar\/\">&nbsp;<\/a><img fetchpriority=\"high\" decoding=\"async\" class=\"blog-image\" alt=\"Konstellatsioon Kobarseminar\" title=\"Konstellatsioon Kobarseminar\" src=\"http:\/\/epkaest.com\/wp-content\/uploads\/bfi_thumb\/dummy-transparent-rax5yroxlnruawqn5da0ht64bsfyxl7qy9ll6ak3os.png\" data-mk-image-src-set='{\"default\":\"http:\/\/epkaest.com\/wp-content\/uploads\/bfi_thumb\/epka-kobarseminar-fb-postitus-r9tia8eymrsh4j2ptflynyvs8687zl5ypo5vdh3xkc.png\",\"2x\":\"http:\/\/epkaest.com\/wp-content\/uploads\/bfi_thumb\/epka-kobarseminar-fb-postitus-r9tia8f2q4iz05bgnmqfre0hd65vv41jn6qxx78aqg.png\",\"mobile\":\"\",\"responsive\":\"true\"}' width=\"336\" height=\"350\" itemprop=\"image\" \/><div class=\"image-hover-overlay\"><\/div><div class=\"post-type-badge\" href=\"http:\/\/epkaest.com\/en\/konstellatsioon-kobarseminar\/\"><svg  class=\"mk-svg-icon\" data-name=\"mk-li-image\" data-cacheid=\"icon-69d57a16ce5c0\" style=\" height:48px; width: 48px; \"  xmlns=\"http:\/\/www.w3.org\/2000\/svg\" viewbox=\"0 0 512 512\"><path d=\"M460.038 4.877h-408.076c-25.995 0-47.086 21.083-47.086 47.086v408.075c0 26.002 21.09 47.086 47.086 47.086h408.075c26.01 0 47.086-21.083 47.086-47.086v-408.076c0-26.003-21.075-47.085-47.085-47.085zm-408.076 31.39h408.075c8.66 0 15.695 7.042 15.695 15.695v321.744h-52.696l-55.606-116.112c-2.33-4.874-7.005-8.208-12.385-8.821-5.318-.583-10.667 1.594-14.039 5.817l-35.866 44.993-84.883-138.192c-2.989-4.858-8.476-7.664-14.117-7.457-5.717.268-10.836 3.633-13.35 8.775l-103.384 210.997h-53.139v-321.744c0-8.652 7.05-15.695 15.695-15.695zm72.437 337.378l84.04-171.528 81.665 132.956c2.667 4.361 7.311 7.135 12.415 7.45 5.196.314 10.039-1.894 13.227-5.879l34.196-42.901 38.272 79.902h-263.815zm335.639 102.088h-408.076c-8.645 0-15.695-7.043-15.695-15.695v-54.941h439.466v54.941c0 8.652-7.036 15.695-15.695 15.695zm-94.141-266.819c34.67 0 62.781-28.111 62.781-62.781 0-34.671-28.111-62.781-62.781-62.781-34.671 0-62.781 28.11-62.781 62.781s28.11 62.781 62.781 62.781zm0-94.171c17.304 0 31.39 14.078 31.39 31.39s-14.086 31.39-31.39 31.39c-17.32 0-31.39-14.079-31.39-31.39 0-17.312 14.07-31.39 31.39-31.39z\"\/><\/svg><\/div><\/div><div class=\"mk-blog-meta\"><h3 class=\"the-title\"><a href=\"http:\/\/epkaest.com\/en\/konstellatsioon-kobarseminar\/\">Konstellatsioon Kobarseminar<\/a><\/h3><div class=\"mk-blog-meta-wrapper\"><time datetime=\"2025-08-09\"><a href=\"http:\/\/epkaest.com\/en\/2025\/08\/\">9. Aug 2025<\/a><\/time><\/div><div class=\"the-excerpt\"><p>HEA KONSTELLATSIOONIHUVILINE! Oled oodatud Eesti Professionaalsete Konstell\u00f6\u00f6ride Assotsiatsiooni (EPKA) poolt korraldatud konstellatsioonide kobarseminarile\u00a0\u00a09.-10. augustil 2025\u00a0imelises\u00a0Kernu [...]<\/p><\/div><\/div><div class=\"newspaper-item-footer\"><div class=\"newspaper-item-footer-holder\"><a class=\"mk-readmore\" href=\"http:\/\/epkaest.com\/en\/konstellatsioon-kobarseminar\/\"><svg  class=\"mk-svg-icon\" data-name=\"mk-moon-arrow-right-2\" data-cacheid=\"icon-69d57a16ceb62\" style=\" height:8px; width: 8px; \"  xmlns=\"http:\/\/www.w3.org\/2000\/svg\" viewbox=\"0 0 512 512\"><path d=\"M192 0l-96 96 160 160-160 160 96 96 256-256z\"\/><\/svg>Read More<\/a><span>&nbsp;<\/span><div class=\"clearboth\"><\/div><\/div><\/div><\/div><\/article>\n\n\n<\/section>\r\n\r\n\r\n<input type=\"hidden\" id=\"safe_load_more\" name=\"safe_load_more\" value=\"0af0cc4512\" \/><input type=\"hidden\" name=\"_wp_http_referer\" value=\"\/en\/wp-json\/wp\/v2\/pages\/6396\" \/>\r\n<span class=\"mk-ajax-loaded-posts\" data-loop-loaded-posts=\"7805\"><\/span>\r\n<\/div>\r\n\t<\/div>\r\n\r\n<div  data-mk-stretch-content=\"true\" class=\"wpb_row vc_row vc_row-fluid jupiter-donut- mk-fullwidth-false  attched-false     js-master-row  mk-grid\">\r\n\t\t\t\t\r\n<div class=\"vc_col-sm-12 wpb_column column_container  jupiter-donut- _ jupiter-donut-height-full\">\r\n\t<div class=\"vc_separator wpb_content_element vc_separator_align_center vc_sep_width_100 vc_sep_pos_align_center vc_separator_no_text vc_sep_color_grey wpb_content_element  wpb_content_element\" ><span class=\"vc_sep_holder vc_sep_holder_l\"><span class=\"vc_sep_line\"><\/span><\/span><span class=\"vc_sep_holder vc_sep_holder_r\"><span class=\"vc_sep_line\"><\/span><\/span>\n<\/div><\/div>\r\n\t<\/div>\r\n\n<\/div>","protected":false},"excerpt":{"rendered":"HEA KONSTELLATSIOONIHUVILINE! Oled oodatud Eesti Professionaalsete Konstell\u00f6\u00f6ride Assotsiatsiooni (EPKA) poolt korraldatud konstellatsioonide kobarseminarile\u00a0\u00a09.-10. augustil 2025\u00a0imelises\u00a0Kernu m\u00f5isas. Kavas on huvitavad\u00a0meistriklassid,\u00a0t\u00f6\u00f6toad,\u00a0arutelud\u00a0ja\u00a0konstellatsioonid. Oma teadmisi ja kogemusi jagavad kogenud konstell\u00f6\u00f6rid ja konstell\u00f6\u00f6ride \u00f5petajad\u00a0Olga Knjazeva, Maire Taska, Helena Taska, Kristel Rannamees, Jaana Saar, Sergei Zar\u017eitski\u00a0\u00a0ja mitmed teised konstell\u00f6\u00f6rid. Kui oled huvitatud isiklikku konstellatsioonit\u00f6\u00f6 tellimisest, siis m\u00e4rgi oma soov registreerimislingi kaudu\u00a0siin.\u00a0Kliendile [...]","protected":false},"author":1,"featured_media":0,"parent":0,"menu_order":0,"comment_status":"closed","ping_status":"closed","template":"","meta":{"footnotes":""},"class_list":["post-6396","page","type-page","status-publish","hentry"],"yoast_head":"<!-- This site is optimized with the Yoast SEO plugin v27.3 - https:\/\/yoast.com\/product\/yoast-seo-wordpress\/ -->\n<title>S\u00fcndmused - EPKA<\/title>\n<meta name=\"robots\" content=\"index, follow, max-snippet:-1, max-image-preview:large, max-video-preview:-1\" \/>\n<link rel=\"canonical\" href=\"https:\/\/epkaest.com\/en\/sundmused\/\" \/>\n<meta property=\"og:locale\" content=\"en_GB\" \/>\n<meta property=\"og:type\" content=\"article\" \/>\n<meta property=\"og:title\" content=\"S\u00fcndmused - EPKA\" \/>\n<meta property=\"og:url\" content=\"https:\/\/epkaest.com\/en\/sundmused\/\" \/>\n<meta property=\"og:site_name\" content=\"EPKA\" \/>\n<meta property=\"article:publisher\" content=\"https:\/\/www.facebook.com\/groups\/2130012653729614\/\" \/>\n<meta property=\"article:modified_time\" content=\"2025-08-28T14:20:24+00:00\" \/>\n<meta name=\"twitter:card\" content=\"summary_large_image\" \/>\n<meta name=\"twitter:label1\" content=\"Estimated reading time\" \/>\n\t<meta name=\"twitter:data1\" content=\"1 minute\" \/>\n<script type=\"application\/ld+json\" class=\"yoast-schema-graph\">{\"@context\":\"https:\\\/\\\/schema.org\",\"@graph\":[{\"@type\":\"WebPage\",\"@id\":\"https:\\\/\\\/epkaest.com\\\/sundmused\\\/\",\"url\":\"https:\\\/\\\/epkaest.com\\\/sundmused\\\/\",\"name\":\"S\u00fcndmused - EPKA\",\"isPartOf\":{\"@id\":\"http:\\\/\\\/epkaest.com\\\/ru\\\/#website\"},\"datePublished\":\"2022-04-05T20:33:03+00:00\",\"dateModified\":\"2025-08-28T14:20:24+00:00\",\"breadcrumb\":{\"@id\":\"https:\\\/\\\/epkaest.com\\\/sundmused\\\/#breadcrumb\"},\"inLanguage\":\"en-GB\",\"potentialAction\":[{\"@type\":\"ReadAction\",\"target\":[\"https:\\\/\\\/epkaest.com\\\/sundmused\\\/\"]}]},{\"@type\":\"BreadcrumbList\",\"@id\":\"https:\\\/\\\/epkaest.com\\\/sundmused\\\/#breadcrumb\",\"itemListElement\":[{\"@type\":\"ListItem\",\"position\":1,\"name\":\"Home\",\"item\":\"http:\\\/\\\/epkaest.com\\\/ru\\\/\"},{\"@type\":\"ListItem\",\"position\":2,\"name\":\"S\u00fcndmused\"}]},{\"@type\":\"WebSite\",\"@id\":\"http:\\\/\\\/epkaest.com\\\/ru\\\/#website\",\"url\":\"http:\\\/\\\/epkaest.com\\\/ru\\\/\",\"name\":\"EPKA\",\"description\":\"Eesti Professionaalsete Konstell\u00f6\u00f6ride Assotsiatsioon\",\"publisher\":{\"@id\":\"http:\\\/\\\/epkaest.com\\\/ru\\\/#organization\"},\"potentialAction\":[{\"@type\":\"SearchAction\",\"target\":{\"@type\":\"EntryPoint\",\"urlTemplate\":\"http:\\\/\\\/epkaest.com\\\/ru\\\/?s={search_term_string}\"},\"query-input\":{\"@type\":\"PropertyValueSpecification\",\"valueRequired\":true,\"valueName\":\"search_term_string\"}}],\"inLanguage\":\"en-GB\"},{\"@type\":\"Organization\",\"@id\":\"http:\\\/\\\/epkaest.com\\\/ru\\\/#organization\",\"name\":\"Eesti Professionaalsete Konstell\u00f6\u00f6ride Assotsiatsioon\",\"url\":\"http:\\\/\\\/epkaest.com\\\/ru\\\/\",\"logo\":{\"@type\":\"ImageObject\",\"inLanguage\":\"en-GB\",\"@id\":\"http:\\\/\\\/epkaest.com\\\/ru\\\/#\\\/schema\\\/logo\\\/image\\\/\",\"url\":\"http:\\\/\\\/epkaest.com\\\/wp-content\\\/uploads\\\/2020\\\/08\\\/logo.png\",\"contentUrl\":\"http:\\\/\\\/epkaest.com\\\/wp-content\\\/uploads\\\/2020\\\/08\\\/logo.png\",\"width\":448,\"height\":214,\"caption\":\"Eesti Professionaalsete Konstell\u00f6\u00f6ride Assotsiatsioon\"},\"image\":{\"@id\":\"http:\\\/\\\/epkaest.com\\\/ru\\\/#\\\/schema\\\/logo\\\/image\\\/\"},\"sameAs\":[\"https:\\\/\\\/www.facebook.com\\\/groups\\\/2130012653729614\\\/\"]}]}<\/script>\n<!-- \/ Yoast SEO plugin. -->","yoast_head_json":{"title":"S\u00fcndmused - EPKA","robots":{"index":"index","follow":"follow","max-snippet":"max-snippet:-1","max-image-preview":"max-image-preview:large","max-video-preview":"max-video-preview:-1"},"canonical":"https:\/\/epkaest.com\/en\/sundmused\/","og_locale":"en_GB","og_type":"article","og_title":"S\u00fcndmused - EPKA","og_url":"https:\/\/epkaest.com\/en\/sundmused\/","og_site_name":"EPKA","article_publisher":"https:\/\/www.facebook.com\/groups\/2130012653729614\/","article_modified_time":"2025-08-28T14:20:24+00:00","twitter_card":"summary_large_image","twitter_misc":{"Estimated reading time":"1 minute"},"schema":{"@context":"https:\/\/schema.org","@graph":[{"@type":"WebPage","@id":"https:\/\/epkaest.com\/sundmused\/","url":"https:\/\/epkaest.com\/sundmused\/","name":"S\u00fcndmused - EPKA","isPartOf":{"@id":"http:\/\/epkaest.com\/ru\/#website"},"datePublished":"2022-04-05T20:33:03+00:00","dateModified":"2025-08-28T14:20:24+00:00","breadcrumb":{"@id":"https:\/\/epkaest.com\/sundmused\/#breadcrumb"},"inLanguage":"en-GB","potentialAction":[{"@type":"ReadAction","target":["https:\/\/epkaest.com\/sundmused\/"]}]},{"@type":"BreadcrumbList","@id":"https:\/\/epkaest.com\/sundmused\/#breadcrumb","itemListElement":[{"@type":"ListItem","position":1,"name":"Home","item":"http:\/\/epkaest.com\/ru\/"},{"@type":"ListItem","position":2,"name":"S\u00fcndmused"}]},{"@type":"WebSite","@id":"http:\/\/epkaest.com\/ru\/#website","url":"http:\/\/epkaest.com\/ru\/","name":"EPKA","description":"Eesti Professionaalsete Konstell\u00f6\u00f6ride Assotsiatsioon","publisher":{"@id":"http:\/\/epkaest.com\/ru\/#organization"},"potentialAction":[{"@type":"SearchAction","target":{"@type":"EntryPoint","urlTemplate":"http:\/\/epkaest.com\/ru\/?s={search_term_string}"},"query-input":{"@type":"PropertyValueSpecification","valueRequired":true,"valueName":"search_term_string"}}],"inLanguage":"en-GB"},{"@type":"Organization","@id":"http:\/\/epkaest.com\/ru\/#organization","name":"Eesti Professionaalsete Konstell\u00f6\u00f6ride Assotsiatsioon","url":"http:\/\/epkaest.com\/ru\/","logo":{"@type":"ImageObject","inLanguage":"en-GB","@id":"http:\/\/epkaest.com\/ru\/#\/schema\/logo\/image\/","url":"http:\/\/epkaest.com\/wp-content\/uploads\/2020\/08\/logo.png","contentUrl":"http:\/\/epkaest.com\/wp-content\/uploads\/2020\/08\/logo.png","width":448,"height":214,"caption":"Eesti Professionaalsete Konstell\u00f6\u00f6ride Assotsiatsioon"},"image":{"@id":"http:\/\/epkaest.com\/ru\/#\/schema\/logo\/image\/"},"sameAs":["https:\/\/www.facebook.com\/groups\/2130012653729614\/"]}]}},"_links":{"self":[{"href":"http:\/\/epkaest.com\/en\/wp-json\/wp\/v2\/pages\/6396","targetHints":{"allow":["GET"]}}],"collection":[{"href":"http:\/\/epkaest.com\/en\/wp-json\/wp\/v2\/pages"}],"about":[{"href":"http:\/\/epkaest.com\/en\/wp-json\/wp\/v2\/types\/page"}],"author":[{"embeddable":true,"href":"http:\/\/epkaest.com\/en\/wp-json\/wp\/v2\/users\/1"}],"replies":[{"embeddable":true,"href":"http:\/\/epkaest.com\/en\/wp-json\/wp\/v2\/comments?post=6396"}],"version-history":[{"count":5,"href":"http:\/\/epkaest.com\/en\/wp-json\/wp\/v2\/pages\/6396\/revisions"}],"predecessor-version":[{"id":7838,"href":"http:\/\/epkaest.com\/en\/wp-json\/wp\/v2\/pages\/6396\/revisions\/7838"}],"wp:attachment":[{"href":"http:\/\/epkaest.com\/en\/wp-json\/wp\/v2\/media?parent=6396"}],"curies":[{"name":"wp","href":"https:\/\/api.w.org\/{rel}","templated":true}]}}