{"id":6550,"date":"2022-10-03T15:55:22","date_gmt":"2022-10-03T15:55:22","guid":{"rendered":"http:\/\/epkaest.com\/?page_id=6550"},"modified":"2023-05-19T18:09:49","modified_gmt":"2023-05-19T18:09:49","slug":"epka-ajalugu","status":"publish","type":"page","link":"http:\/\/epkaest.com\/en\/epka-ajalugu\/","title":{"rendered":"History of EPKA"},"content":{"rendered":"<div class=\"wpb-content-wrapper\">\r\n<div  data-mk-stretch-content=\"true\" class=\"wpb_row vc_row vc_row-fluid jupiter-donut- mk-fullwidth-false  attched-false     js-master-row  mk-grid\">\r\n\t\t\t\t\r\n<div class=\"vc_col-sm-12 wpb_column column_container  jupiter-donut- _ jupiter-donut-height-full\">\r\n\t\t<div class=\"vc_custom_1684519761939\">\r\n\r\n<div id=\"text-block-2\" class=\"mk-text-block  jupiter-donut-\">\r\n\r\n\t\r\n\t<p><strong>History of our association<\/strong><\/p>\n<p class=\"translation-block\">The initiator of the training of constellation teachers was psychologist Olga Knjazeva. Olga was the organizer of the Estonian direction of the training of family constellations held in Riga from 2006 to 2009 at the <em>Jauno Psihologiju Centrs<\/em>, from which later Estonian constellation teachers as well as trainers of the next generation of Estonian constellation teachers grew up, and later also the founders of the professional association of constellation teachers.<\/p>\n<p>In 2010, the first Estonian book on family constellations, \u201cThe Healing Power of Reality\u201d by Wilfried Nelles, was translated, which used the word \u201cconstellator\u201d. The consultant for the book was Tiiu Vilu, a family constellation expert living in Norway, who had already introduced family constellations in workshops opened in Estonia in 2008.<\/p>\n<p class=\"translation-block\">The first long, eight-module training course for family counselors took place in 2011-2013. The trainers were Olga Knyazeva and Olga Potymkina, who collaborated with the <a href=\"https:\/\/iksr.ru\/\" target=\"_self\"><em>Institute of Consulting and Systemic Solutions<\/em><\/a> and its director Mikhail Burnyashev.<\/p>\n<p>In 2013, Tiiu Bolzmann's second Estonian-language book on family constellations, \"The Hidden Laws of the Family. A Handbook of Relationships from Birth to Death,\" was published, with the consultant being the renowned family therapist and family therapist trainer Kiira J\u00e4rv. This book laid the foundation for understanding constellations and also guided Estonian-language readers to think about the connections between their family and destiny. Tiiu has been conducting family constellation workshops for family therapists in Estonia since 2012.<\/p>\n<p>&nbsp;<\/p>\n<p>The idea of creating an Estonian Association of Constellators came to \u00dclle Pikma, Maret Vohla, Maire Taska and Asko Tal, who had already graduated from the first Constellator Course held in Estonia. However, the time was not yet ripe, there were few active Constellators in Estonia at that time, the goal was not achieved and was postponed to the future.<\/p>\n<p>The association was founded again on 27.12.2017 at the initiative of Kalmer Kase. By that time, there were significantly more constellation specialists who had completed constellation training and were working, the topic was also a little more familiar to the Estonian public, and a consistent system of constellation specialist training had been created. The meeting of the founders of the Estonian Professional Constellation Association was attended by: B\u00e4rbel Luhari-Err, Danel Raudsepp, Helena Taska, Kalmer Kase, Kristel Rannamees, Maire Taska, Olga Knjazeva and Olga Potjomkina. Ene Ahas contributed to the development of the initial version of the statutes.<\/p>\n<p>As of today, we have over 100 members in the association.<\/p>\n<p class=\"translation-block\">Board I 24.05.2018-16.6.2018 Kalmer Kase, B\u00e4rbel Luhari-Err, Kristel Rannamees<br>\nBoard II 16.6.2018-17.6.2021 Olga Knjazeva, Alla Raudsepp, Karin London<br>\nBoard III 17.6.2021-present Karin London, Ada Kesonen, Ingrid Tiido. Jana Einart from 27.03.2023-present<\/p>\n\r\n\t<div class=\"clearboth\"><\/div>\r\n<\/div>\r\n\r\n\t<\/div>\r\n<\/div>\r\n\t<\/div>\r\n\n<\/div>","protected":false},"excerpt":{"rendered":"Meie \u00fchingu ajalugu Konstell\u00f6\u00f6ride koolitamise algatajaks oli ps\u00fchholoog Olga Knjazeva. Olga oli Riias 2006-2009. aastal toimuva Jauno Psihologiju Centrs-is perekonstellatsioonide v\u00e4lja\u00f5ppe Eesti suuna korraldaja, millest kasvasid v\u00e4lja nii hilisemad Eesti konstell\u00f6\u00f6rid kui ka j\u00e4rgmiste Eesti konstell\u00f6\u00f6ride p\u00f5lvkonna koolitajad ning hiljem ka konstell\u00f6\u00f6ride professionaalse \u00fchingu alusepanijad. 2010 t\u00f5lgiti esimene eestikeelne raamat perekonstellatsioonidest Wilfried Nellesi \"Tegelikkuse tervendav [...]","protected":false},"author":1,"featured_media":0,"parent":0,"menu_order":0,"comment_status":"closed","ping_status":"closed","template":"","meta":{"footnotes":""},"class_list":["post-6550","page","type-page","status-publish","hentry"],"yoast_head":"<!-- This site is optimized with the Yoast SEO plugin v27.3 - https:\/\/yoast.com\/product\/yoast-seo-wordpress\/ -->\n<title>EPKA ajalugu - EPKA<\/title>\n<meta name=\"robots\" content=\"index, follow, max-snippet:-1, max-image-preview:large, max-video-preview:-1\" \/>\n<link rel=\"canonical\" href=\"https:\/\/epkaest.com\/en\/epka-ajalugu\/\" \/>\n<meta property=\"og:locale\" content=\"en_GB\" \/>\n<meta property=\"og:type\" content=\"article\" \/>\n<meta property=\"og:title\" content=\"EPKA ajalugu - EPKA\" \/>\n<meta property=\"og:url\" content=\"https:\/\/epkaest.com\/en\/epka-ajalugu\/\" \/>\n<meta property=\"og:site_name\" content=\"EPKA\" \/>\n<meta property=\"article:publisher\" content=\"https:\/\/www.facebook.com\/groups\/2130012653729614\/\" \/>\n<meta property=\"article:modified_time\" content=\"2023-05-19T18:09:49+00:00\" \/>\n<meta name=\"twitter:card\" content=\"summary_large_image\" \/>\n<meta name=\"twitter:label1\" content=\"Estimated reading time\" \/>\n\t<meta name=\"twitter:data1\" content=\"2 minutes\" \/>\n<script type=\"application\/ld+json\" class=\"yoast-schema-graph\">{\"@context\":\"https:\\\/\\\/schema.org\",\"@graph\":[{\"@type\":\"WebPage\",\"@id\":\"https:\\\/\\\/epkaest.com\\\/epka-ajalugu\\\/\",\"url\":\"https:\\\/\\\/epkaest.com\\\/epka-ajalugu\\\/\",\"name\":\"EPKA ajalugu - EPKA\",\"isPartOf\":{\"@id\":\"http:\\\/\\\/epkaest.com\\\/ru\\\/#website\"},\"datePublished\":\"2022-10-03T15:55:22+00:00\",\"dateModified\":\"2023-05-19T18:09:49+00:00\",\"breadcrumb\":{\"@id\":\"https:\\\/\\\/epkaest.com\\\/epka-ajalugu\\\/#breadcrumb\"},\"inLanguage\":\"en-GB\",\"potentialAction\":[{\"@type\":\"ReadAction\",\"target\":[\"https:\\\/\\\/epkaest.com\\\/epka-ajalugu\\\/\"]}]},{\"@type\":\"BreadcrumbList\",\"@id\":\"https:\\\/\\\/epkaest.com\\\/epka-ajalugu\\\/#breadcrumb\",\"itemListElement\":[{\"@type\":\"ListItem\",\"position\":1,\"name\":\"Home\",\"item\":\"http:\\\/\\\/epkaest.com\\\/ru\\\/\"},{\"@type\":\"ListItem\",\"position\":2,\"name\":\"EPKA ajalugu\"}]},{\"@type\":\"WebSite\",\"@id\":\"http:\\\/\\\/epkaest.com\\\/ru\\\/#website\",\"url\":\"http:\\\/\\\/epkaest.com\\\/ru\\\/\",\"name\":\"EPKA\",\"description\":\"Eesti Professionaalsete Konstell\u00f6\u00f6ride Assotsiatsioon\",\"publisher\":{\"@id\":\"http:\\\/\\\/epkaest.com\\\/ru\\\/#organization\"},\"potentialAction\":[{\"@type\":\"SearchAction\",\"target\":{\"@type\":\"EntryPoint\",\"urlTemplate\":\"http:\\\/\\\/epkaest.com\\\/ru\\\/?s={search_term_string}\"},\"query-input\":{\"@type\":\"PropertyValueSpecification\",\"valueRequired\":true,\"valueName\":\"search_term_string\"}}],\"inLanguage\":\"en-GB\"},{\"@type\":\"Organization\",\"@id\":\"http:\\\/\\\/epkaest.com\\\/ru\\\/#organization\",\"name\":\"Eesti Professionaalsete Konstell\u00f6\u00f6ride Assotsiatsioon\",\"url\":\"http:\\\/\\\/epkaest.com\\\/ru\\\/\",\"logo\":{\"@type\":\"ImageObject\",\"inLanguage\":\"en-GB\",\"@id\":\"http:\\\/\\\/epkaest.com\\\/ru\\\/#\\\/schema\\\/logo\\\/image\\\/\",\"url\":\"http:\\\/\\\/epkaest.com\\\/wp-content\\\/uploads\\\/2020\\\/08\\\/logo.png\",\"contentUrl\":\"http:\\\/\\\/epkaest.com\\\/wp-content\\\/uploads\\\/2020\\\/08\\\/logo.png\",\"width\":448,\"height\":214,\"caption\":\"Eesti Professionaalsete Konstell\u00f6\u00f6ride Assotsiatsioon\"},\"image\":{\"@id\":\"http:\\\/\\\/epkaest.com\\\/ru\\\/#\\\/schema\\\/logo\\\/image\\\/\"},\"sameAs\":[\"https:\\\/\\\/www.facebook.com\\\/groups\\\/2130012653729614\\\/\"]}]}<\/script>\n<!-- \/ Yoast SEO plugin. -->","yoast_head_json":{"title":"EPKA ajalugu - EPKA","robots":{"index":"index","follow":"follow","max-snippet":"max-snippet:-1","max-image-preview":"max-image-preview:large","max-video-preview":"max-video-preview:-1"},"canonical":"https:\/\/epkaest.com\/en\/epka-ajalugu\/","og_locale":"en_GB","og_type":"article","og_title":"EPKA ajalugu - EPKA","og_url":"https:\/\/epkaest.com\/en\/epka-ajalugu\/","og_site_name":"EPKA","article_publisher":"https:\/\/www.facebook.com\/groups\/2130012653729614\/","article_modified_time":"2023-05-19T18:09:49+00:00","twitter_card":"summary_large_image","twitter_misc":{"Estimated reading time":"2 minutes"},"schema":{"@context":"https:\/\/schema.org","@graph":[{"@type":"WebPage","@id":"https:\/\/epkaest.com\/epka-ajalugu\/","url":"https:\/\/epkaest.com\/epka-ajalugu\/","name":"EPKA ajalugu - EPKA","isPartOf":{"@id":"http:\/\/epkaest.com\/ru\/#website"},"datePublished":"2022-10-03T15:55:22+00:00","dateModified":"2023-05-19T18:09:49+00:00","breadcrumb":{"@id":"https:\/\/epkaest.com\/epka-ajalugu\/#breadcrumb"},"inLanguage":"en-GB","potentialAction":[{"@type":"ReadAction","target":["https:\/\/epkaest.com\/epka-ajalugu\/"]}]},{"@type":"BreadcrumbList","@id":"https:\/\/epkaest.com\/epka-ajalugu\/#breadcrumb","itemListElement":[{"@type":"ListItem","position":1,"name":"Home","item":"http:\/\/epkaest.com\/ru\/"},{"@type":"ListItem","position":2,"name":"EPKA ajalugu"}]},{"@type":"WebSite","@id":"http:\/\/epkaest.com\/ru\/#website","url":"http:\/\/epkaest.com\/ru\/","name":"EPKA","description":"Eesti Professionaalsete Konstell\u00f6\u00f6ride Assotsiatsioon","publisher":{"@id":"http:\/\/epkaest.com\/ru\/#organization"},"potentialAction":[{"@type":"SearchAction","target":{"@type":"EntryPoint","urlTemplate":"http:\/\/epkaest.com\/ru\/?s={search_term_string}"},"query-input":{"@type":"PropertyValueSpecification","valueRequired":true,"valueName":"search_term_string"}}],"inLanguage":"en-GB"},{"@type":"Organization","@id":"http:\/\/epkaest.com\/ru\/#organization","name":"Eesti Professionaalsete Konstell\u00f6\u00f6ride Assotsiatsioon","url":"http:\/\/epkaest.com\/ru\/","logo":{"@type":"ImageObject","inLanguage":"en-GB","@id":"http:\/\/epkaest.com\/ru\/#\/schema\/logo\/image\/","url":"http:\/\/epkaest.com\/wp-content\/uploads\/2020\/08\/logo.png","contentUrl":"http:\/\/epkaest.com\/wp-content\/uploads\/2020\/08\/logo.png","width":448,"height":214,"caption":"Eesti Professionaalsete Konstell\u00f6\u00f6ride Assotsiatsioon"},"image":{"@id":"http:\/\/epkaest.com\/ru\/#\/schema\/logo\/image\/"},"sameAs":["https:\/\/www.facebook.com\/groups\/2130012653729614\/"]}]}},"_links":{"self":[{"href":"http:\/\/epkaest.com\/en\/wp-json\/wp\/v2\/pages\/6550","targetHints":{"allow":["GET"]}}],"collection":[{"href":"http:\/\/epkaest.com\/en\/wp-json\/wp\/v2\/pages"}],"about":[{"href":"http:\/\/epkaest.com\/en\/wp-json\/wp\/v2\/types\/page"}],"author":[{"embeddable":true,"href":"http:\/\/epkaest.com\/en\/wp-json\/wp\/v2\/users\/1"}],"replies":[{"embeddable":true,"href":"http:\/\/epkaest.com\/en\/wp-json\/wp\/v2\/comments?post=6550"}],"version-history":[{"count":2,"href":"http:\/\/epkaest.com\/en\/wp-json\/wp\/v2\/pages\/6550\/revisions"}],"predecessor-version":[{"id":6873,"href":"http:\/\/epkaest.com\/en\/wp-json\/wp\/v2\/pages\/6550\/revisions\/6873"}],"wp:attachment":[{"href":"http:\/\/epkaest.com\/en\/wp-json\/wp\/v2\/media?parent=6550"}],"curies":[{"name":"wp","href":"https:\/\/api.w.org\/{rel}","templated":true}]}}