{"id":6905,"date":"2023-05-25T15:46:56","date_gmt":"2023-05-25T15:46:56","guid":{"rendered":"http:\/\/epkaest.com\/?page_id=6905"},"modified":"2023-08-04T05:17:37","modified_gmt":"2023-08-04T05:17:37","slug":"epka-koolitusstandard","status":"publish","type":"page","link":"http:\/\/epkaest.com\/en\/epka-koolitusstandard\/","title":{"rendered":"EPKA Training Standard"},"content":{"rendered":"<p><strong>EESTI PROFESSIONAALSETE KONSTELL\u00d6\u00d6RIDE\u00a0 ASSOTSIATSIOONI V\u00c4LJA\u00d5PPE PROGRAMMI STANDARDID<\/strong><\/p>\n<ol>\n<li><strong> TINGIMUSED V\u00c4LJA\u00d5PPE PROGRAMMILE<\/strong><\/li>\n<\/ol>\n<p>1.1 Programmi kestvus: minimaalselt 2 aastat. Tundide arv: min 450 ak\/h teooriat, praktikatunnid 150 ak\/h.\u00a0 4 isiklikku konstellatsioonit\u00f6\u00f6d\u00a0 ja eneseteraapia- pikem individuaalne v\u00f5i grupiteraapia protsess \u2013 minimaalselt 40 ak. h.<\/p>\n<p>1.2 \u00d5ppej\u00f5ude kokku v\u00e4hemalt 4, nendest v\u00e4hemalt 2 peavad vastama p\u00f5hi\u00f5ppej\u00f5u kvalifikatsioonile\/tasemele.<\/p>\n<p>1.3 L\u00f5put\u00f6\u00f6le lubamise eeldus \u2013 2 enda juhitud ja superviseeritud konstellatsiooni.<\/p>\n<p>1.4 L\u00f5put\u00f6\u00f6: praktiline t\u00f6\u00f6 omandatud oskuste demonstreerimiseks.<\/p>\n<p>1.5 L\u00f5put\u00f6\u00f6 demonstratsioonil osaleb\u00a0EPKA vaatleja.<\/p>\n<p>1.6 Tunnistuse v\u00e4ljastamine: allkirjastatud v\u00e4lja\u00f5ppe korraldaja ja EPKA\u00a0 juhatuse esindaja poolt.<\/p>\n<ol start=\"2\">\n<li><strong> TINGIMUSED \u00d5PILASELE V\u00c4LJA\u00d5PPE PROGRAMMI VASTUV\u00d5TUKS<\/strong><\/li>\n<\/ol>\n<p>2.1 <strong>Nimetus:\u00a0 S\u00fcsteemne konsultant<\/strong><\/p>\n<p>2.1.1 Sisseastumisel:<\/p>\n<p>2.1.1.1 Keskharidus. Ei tee l\u00f5petamisel supervisiooni ega l\u00f5put\u00f6\u00f6d.<\/p>\n<p>2.1.2 L\u00f5petamisel:<\/p>\n<p>2.1.2.1 S\u00fcsteemse konsultandi \u00f5igused: konsultant kasutab konstellatsioone enda tarbeks ja silmaringi laiendamiseks. Ta v\u00f5ib teha vastavasisulisi loenguid, jagada s\u00fcsteemseid teadmisi ja teavet, aga ei t\u00f6\u00f6ta konstellatsioonidega ei gruppides ega ka individuaalselt.<\/p>\n<p>2.2<strong> Nimetus: S\u00fcsteemne perekonstell\u00f6\u00f6r<\/strong><\/p>\n<p>2.2.1 Sisseastumisel:<\/p>\n<p>2.2.1.1 K\u00f5rgharidus ps\u00fchholoogias, meditsiinis, sotsiaalt\u00f6\u00f6s, pedagoogikas v\u00f5i sellele vastav kvalifikatsioon v\u00e4lja\u00f5ppe pakkuja vastutusel v\u00f5i<\/p>\n<p>2.2.1.2 K\u00f5rgharidus, millele lisandub dokumenteeritud t\u00e4iendkoolitusi 120 ak\/h inimese ps\u00fc\u00fchikast, n\u00f5ustamise alustest (v. a kui on l\u00e4bitud \u00f5ppe ajal).<\/p>\n<p>2.2.1.3 T\u00f6\u00f6kogemus peale k\u00f5rghariduse omandamist: minimaalselt 2 aastat j\u00e4rjepidevat kogemust t\u00f6\u00f6s inimestega.<\/p>\n<p>2.2.1.4 Konstellatsiooni kogemus (min 30 ak.h). V\u00f5ib olla korraldatud skriininguna v\u00e4lja\u00f5ppe korraldaja poolt neile, kel puudub varasem konstellatsiooni kogemus.<\/p>\n<p>2.2.2 L\u00f5petamisel:<\/p>\n<p>2.2.2.1 S\u00fcsteemse perekonstell\u00f6\u00f6ri \u00f5igused: \u00a0v\u00f5ib t\u00f6\u00f6tada\u00a0 s\u00fcsteemsel tasemel, teha \u00a0 konstellatsioone gruppides ja individuaalselt (v.a raskete kliiniliste ja ps\u00fchhiaatriliste\u00a0 k\u00fcsimuste ning raskete traumadega).<\/p>\n<p>2.3 <strong>Nimetus: S\u00fcsteemne perekonstell\u00f6\u00f6r-terapeut<\/strong><\/p>\n<p>2.3.1 Sisseastumisel:<\/p>\n<p>2.3.1.1 Magistrikraad ps\u00fchholoogias v\u00f5i sellele vastav kvalifikatsioon v\u00e4lja\u00f5ppe pakkuja vastutusel v\u00f5i<\/p>\n<p>2.3.1.2 Magistrikraad meditsiinis, pedagoogikas, sotsiaalt\u00f6\u00f6s v\u00f5i sellele vastav kvalifikatsioon v\u00e4lja\u00f5ppe pakkuja vastutusel, millel lisandub t\u00e4iendkoolitusi 120 ak\/h inimese ps\u00fc\u00fchikast, n\u00f5ustamise alustest, RHK, traumadest (v. a kui on l\u00e4bitud \u00f5ppe ajal).<\/p>\n<p>2.3.1.3 T\u00f6\u00f6kogemus peale k\u00f5rghariduse omandamist: minimaalselt 4 aastat j\u00e4rjepidevat kogemust t\u00f6\u00f6s inimestega.<\/p>\n<p>2.3.1.4 Konstellatsiooni kogemus (min 30 ak\/h). V\u00f5ib olla korraldatud skriininguna v\u00e4lja\u00f5ppe korraldaja poolt neile, kel puudub varasem konstellatsiooni kogemus.<\/p>\n<p>2.3.1.5. Teiste teraapiate v\u00e4lja- ja t\u00e4iend\u00f5pped.<\/p>\n<p>2.3.2\u00a0 L\u00f5petamisel:<\/p>\n<p>2.3.2.1.S\u00fcsteemse perekonstell\u00f6\u00f6r-terapeudi \u00f5igused: v\u00f5ib t\u00f6\u00f6tada s\u00fcsteemsel tasemel, teha konstellatsioone gruppides ja individuaalselt piiranguteta, mis eeldavad p\u00f5hjalikke teadmisi ps\u00fc\u00fchika toimimise-, isiksuse- ja ps\u00fc\u00fchikah\u00e4irete kohta.<\/p>\n<p>2.4 L\u00f5petajatele tehakse vastav m\u00e4rge v\u00e4lja\u00f5ppe nimetuse kohta l\u00f5putunnistusele.<\/p>\n<p>2.5 V\u00e4lja\u00f5ppe korraldaja kontrollib ja vastutab andmete \u00f5igsuste eest.<\/p>\n<ol start=\"3\">\n<li><strong> V\u00c4LJA\u00d5PPE PROGRAMMIS MINIMAALSELT N\u00d5UTAVAD TEEMAD<\/strong><\/li>\n<\/ol>\n<p>3.1 Teooria ja harjutused armastuse korra seaduste kohta<\/p>\n<p>3.2 Fenomenoloogiline s\u00fcsteemne l\u00e4henemisviis<\/p>\n<p>3.3 Filosoofilised ja teaduslikud alused<\/p>\n<p>3.4 S\u00fcsteemne intervjueerimine<\/p>\n<p>3.4 Genogramm<\/p>\n<p>3.5 Erinevad d\u00fcnaamikad ja tagaj\u00e4rjed peres\u00fcsteemides<\/p>\n<p>3.6 S\u00fcmptomid, teadmised ps\u00fc\u00fchika-ja\u00a0 isiksuseh\u00e4iretest<\/p>\n<p>3.7 Elu, surm, leinaprotsess<\/p>\n<p>3.8 P\u00f5hiteadmised traumadest<\/p>\n<p>3.9 Interventsioonid ja nende tehnikad<\/p>\n<p>3.10 Erinevate konstellatsioonit\u00fc\u00fcpide metoodikad.<\/p>\n<p>3.11 Eneseteadlikkus ja isiklik areng<\/p>\n<p>3.12 Perekonstellatsiooni praktika ja supervisioon<\/p>\n<p><strong>4.TINGIMUSED V\u00c4LJA\u00d5PPE PROGRAMMI P\u00d5HI\u00d5PPEJ\u00d5UDUDELE JA PRAKTIKATE L\u00c4BIVIIJALE<\/strong><\/p>\n<p>4.1 P\u00f5hi\u00f5ppej\u00f5ud peab vastama EPKA v\u00e4lja\u00f5ppe programmi standardi s\u00fcsteemne perekonstell\u00f6\u00f6r- terapeudi n\u00f5uetele ning omama j\u00e4rjepidevat t\u00f6\u00f6kogemust konstellatsioonide l\u00e4biviimisel v\u00e4hemalt 6 aastat. Lisaks peavad tal olema teadmised ja oskused grupijuhtimisest ning\u00a0 inimeste \u00f5petamisest.<\/p>\n<p>4.2\u00a0 P\u00f5hi\u00f5ppej\u00f5ud kokku annavad \u00f5ppemahust v\u00e4hemalt 60 % .<\/p>\n<p>4.3 K\u00fclalis\u00f5ppej\u00f5u tingimuseks on k\u00f5rgharidus ning v\u00f5ivad \u00f5petada kuni 40% ulatuses.<\/p>\n<p>4.4 Vastutav \u00f5ppej\u00f5ud vastutab v\u00e4lismaa \u00f5ppej\u00f5u kvalifikatsiooni ja taseme eest.<\/p>\n<p>4.5 Praktika l\u00e4biviija peab vastama v\u00e4hemalt s\u00fcsteemse perekonstell\u00f6\u00f6ri n\u00f5uetele ja omama v\u00e4hemalt 5 aastat j\u00e4rjepidevat kogemust konstellatsioonis.<\/p>\n<ol start=\"5\">\n<li><strong> V\u00c4LJA\u00d5PPE PROGRAMMI HINDAMISE PROTSEDUUR<\/strong><\/li>\n<\/ol>\n<p>5.1 \u00d5ppeprogrammide hindamisel on aluseks EPKA v\u00e4lja\u00f5ppe programmi standardid.<\/p>\n<p>5.2 EPKA poolt kinnituse ja tunnustuse saamiseks tuleb v\u00e4lja\u00f5ppe korraldajatel saata v\u00e4lja\u00f5ppe programm EPKA vastavale komisjonile tutvumiseks minimaalselt 3 kuud enne kokkulepitud hindamise t\u00e4htaega.<\/p>\n<p>5.3 Juba eksisteeriva v\u00e4lja\u00f5ppe programmi juurde lisatakse \u00f5ppijate\/l\u00f5petanute tagasiside kogumise protseduuri kirjeldus.<\/p>\n<p>5.4 EPKA tunnustust uuendatakse muudetud v\u00e4lja\u00f5ppe programmi esitamise j\u00e4rel v\u00f5i uue<\/p>\n<p>algava v\u00e4lja\u00f5ppe grupi eel, l\u00e4htuvalt EPKA komisjoni kirjalikust otsusest, kinnitusega v\u00e4lja\u00f5ppe programmi p\u00e4ises: <strong>\u201eEPKA kinnitab ja tunnustab\u201c<\/strong><\/p>\n<p>EPKA v\u00e4lja\u00f5ppe programmi standardid on vastuv\u00f5etud ja kinnitatud \u00fcldkoosoleku otsusega 27.03.2023 \u00a0konstell\u00f6\u00f6ride v\u00e4lja\u00f5ppe kvaliteedi ja professionaalse taseme tagamiseks.<\/p>\n<p>Standardid p\u00f5hinevad Eesti, Venemaa, Argentiina, Hispaania ming World Systemic Constellation Organization standarditel.<\/p>","protected":false},"excerpt":{"rendered":"<p>EESTI PROFESSIONAALSETE KONSTELL\u00d6\u00d6RIDE\u00a0 ASSOTSIATSIOONI V\u00c4LJA\u00d5PPE PROGRAMMI STANDARDID TINGIMUSED V\u00c4LJA\u00d5PPE PROGRAMMILE 1.1 Programmi kestvus: minimaalselt 2 aastat. Tundide arv: min 450 ak\/h teooriat, praktikatunnid 150 ak\/h.\u00a0 4 isiklikku konstellatsioonit\u00f6\u00f6d\u00a0 ja eneseteraapia- pikem individuaalne v\u00f5i grupiteraapia protsess \u2013 minimaalselt 40 ak. h. 1.2 \u00d5ppej\u00f5ude kokku v\u00e4hemalt 4, nendest v\u00e4hemalt 2 peavad vastama p\u00f5hi\u00f5ppej\u00f5u kvalifikatsioonile\/tasemele. 1.3 L\u00f5put\u00f6\u00f6le lubamise [&hellip;]<\/p>","protected":false},"author":1,"featured_media":0,"parent":0,"menu_order":0,"comment_status":"closed","ping_status":"closed","template":"","meta":{"footnotes":""},"class_list":["post-6905","page","type-page","status-publish","hentry"],"yoast_head":"<!-- This site is optimized with the Yoast SEO plugin v27.3 - https:\/\/yoast.com\/product\/yoast-seo-wordpress\/ -->\n<title>EPKA Koolitusstandard - EPKA<\/title>\n<meta name=\"robots\" content=\"index, follow, max-snippet:-1, max-image-preview:large, max-video-preview:-1\" \/>\n<link rel=\"canonical\" href=\"https:\/\/epkaest.com\/en\/epka-koolitusstandard\/\" \/>\n<meta property=\"og:locale\" content=\"en_GB\" \/>\n<meta property=\"og:type\" content=\"article\" \/>\n<meta property=\"og:title\" content=\"EPKA Koolitusstandard - EPKA\" \/>\n<meta property=\"og:description\" content=\"EESTI PROFESSIONAALSETE KONSTELL\u00d6\u00d6RIDE\u00a0 ASSOTSIATSIOONI V\u00c4LJA\u00d5PPE PROGRAMMI STANDARDID TINGIMUSED V\u00c4LJA\u00d5PPE PROGRAMMILE 1.1 Programmi kestvus: minimaalselt 2 aastat. Tundide arv: min 450 ak\/h teooriat, praktikatunnid 150 ak\/h.\u00a0 4 isiklikku konstellatsioonit\u00f6\u00f6d\u00a0 ja eneseteraapia- pikem individuaalne v\u00f5i grupiteraapia protsess \u2013 minimaalselt 40 ak. h. 1.2 \u00d5ppej\u00f5ude kokku v\u00e4hemalt 4, nendest v\u00e4hemalt 2 peavad vastama p\u00f5hi\u00f5ppej\u00f5u kvalifikatsioonile\/tasemele. 1.3 L\u00f5put\u00f6\u00f6le lubamise [&hellip;]\" \/>\n<meta property=\"og:url\" content=\"https:\/\/epkaest.com\/en\/epka-koolitusstandard\/\" \/>\n<meta property=\"og:site_name\" content=\"EPKA\" \/>\n<meta property=\"article:publisher\" content=\"https:\/\/www.facebook.com\/groups\/2130012653729614\/\" \/>\n<meta property=\"article:modified_time\" content=\"2023-08-04T05:17:37+00:00\" \/>\n<meta name=\"twitter:card\" content=\"summary_large_image\" \/>\n<meta name=\"twitter:label1\" content=\"Estimated reading time\" \/>\n\t<meta name=\"twitter:data1\" content=\"4 minutes\" \/>\n<script type=\"application\/ld+json\" class=\"yoast-schema-graph\">{\"@context\":\"https:\\\/\\\/schema.org\",\"@graph\":[{\"@type\":\"WebPage\",\"@id\":\"https:\\\/\\\/epkaest.com\\\/epka-koolitusstandard\\\/\",\"url\":\"https:\\\/\\\/epkaest.com\\\/epka-koolitusstandard\\\/\",\"name\":\"EPKA Koolitusstandard - EPKA\",\"isPartOf\":{\"@id\":\"http:\\\/\\\/epkaest.com\\\/ru\\\/#website\"},\"datePublished\":\"2023-05-25T15:46:56+00:00\",\"dateModified\":\"2023-08-04T05:17:37+00:00\",\"breadcrumb\":{\"@id\":\"https:\\\/\\\/epkaest.com\\\/epka-koolitusstandard\\\/#breadcrumb\"},\"inLanguage\":\"en-GB\",\"potentialAction\":[{\"@type\":\"ReadAction\",\"target\":[\"https:\\\/\\\/epkaest.com\\\/epka-koolitusstandard\\\/\"]}]},{\"@type\":\"BreadcrumbList\",\"@id\":\"https:\\\/\\\/epkaest.com\\\/epka-koolitusstandard\\\/#breadcrumb\",\"itemListElement\":[{\"@type\":\"ListItem\",\"position\":1,\"name\":\"Home\",\"item\":\"http:\\\/\\\/epkaest.com\\\/ru\\\/\"},{\"@type\":\"ListItem\",\"position\":2,\"name\":\"EPKA Koolitusstandard\"}]},{\"@type\":\"WebSite\",\"@id\":\"http:\\\/\\\/epkaest.com\\\/ru\\\/#website\",\"url\":\"http:\\\/\\\/epkaest.com\\\/ru\\\/\",\"name\":\"EPKA\",\"description\":\"Eesti Professionaalsete Konstell\u00f6\u00f6ride Assotsiatsioon\",\"publisher\":{\"@id\":\"http:\\\/\\\/epkaest.com\\\/ru\\\/#organization\"},\"potentialAction\":[{\"@type\":\"SearchAction\",\"target\":{\"@type\":\"EntryPoint\",\"urlTemplate\":\"http:\\\/\\\/epkaest.com\\\/ru\\\/?s={search_term_string}\"},\"query-input\":{\"@type\":\"PropertyValueSpecification\",\"valueRequired\":true,\"valueName\":\"search_term_string\"}}],\"inLanguage\":\"en-GB\"},{\"@type\":\"Organization\",\"@id\":\"http:\\\/\\\/epkaest.com\\\/ru\\\/#organization\",\"name\":\"Eesti Professionaalsete Konstell\u00f6\u00f6ride Assotsiatsioon\",\"url\":\"http:\\\/\\\/epkaest.com\\\/ru\\\/\",\"logo\":{\"@type\":\"ImageObject\",\"inLanguage\":\"en-GB\",\"@id\":\"http:\\\/\\\/epkaest.com\\\/ru\\\/#\\\/schema\\\/logo\\\/image\\\/\",\"url\":\"http:\\\/\\\/epkaest.com\\\/wp-content\\\/uploads\\\/2020\\\/08\\\/logo.png\",\"contentUrl\":\"http:\\\/\\\/epkaest.com\\\/wp-content\\\/uploads\\\/2020\\\/08\\\/logo.png\",\"width\":448,\"height\":214,\"caption\":\"Eesti Professionaalsete Konstell\u00f6\u00f6ride Assotsiatsioon\"},\"image\":{\"@id\":\"http:\\\/\\\/epkaest.com\\\/ru\\\/#\\\/schema\\\/logo\\\/image\\\/\"},\"sameAs\":[\"https:\\\/\\\/www.facebook.com\\\/groups\\\/2130012653729614\\\/\"]}]}<\/script>\n<!-- \/ Yoast SEO plugin. -->","yoast_head_json":{"title":"EPKA Koolitusstandard - EPKA","robots":{"index":"index","follow":"follow","max-snippet":"max-snippet:-1","max-image-preview":"max-image-preview:large","max-video-preview":"max-video-preview:-1"},"canonical":"https:\/\/epkaest.com\/en\/epka-koolitusstandard\/","og_locale":"en_GB","og_type":"article","og_title":"EPKA Koolitusstandard - EPKA","og_description":"EESTI PROFESSIONAALSETE KONSTELL\u00d6\u00d6RIDE\u00a0 ASSOTSIATSIOONI V\u00c4LJA\u00d5PPE PROGRAMMI STANDARDID TINGIMUSED V\u00c4LJA\u00d5PPE PROGRAMMILE 1.1 Programmi kestvus: minimaalselt 2 aastat. Tundide arv: min 450 ak\/h teooriat, praktikatunnid 150 ak\/h.\u00a0 4 isiklikku konstellatsioonit\u00f6\u00f6d\u00a0 ja eneseteraapia- pikem individuaalne v\u00f5i grupiteraapia protsess \u2013 minimaalselt 40 ak. h. 1.2 \u00d5ppej\u00f5ude kokku v\u00e4hemalt 4, nendest v\u00e4hemalt 2 peavad vastama p\u00f5hi\u00f5ppej\u00f5u kvalifikatsioonile\/tasemele. 1.3 L\u00f5put\u00f6\u00f6le lubamise [&hellip;]","og_url":"https:\/\/epkaest.com\/en\/epka-koolitusstandard\/","og_site_name":"EPKA","article_publisher":"https:\/\/www.facebook.com\/groups\/2130012653729614\/","article_modified_time":"2023-08-04T05:17:37+00:00","twitter_card":"summary_large_image","twitter_misc":{"Estimated reading time":"4 minutes"},"schema":{"@context":"https:\/\/schema.org","@graph":[{"@type":"WebPage","@id":"https:\/\/epkaest.com\/epka-koolitusstandard\/","url":"https:\/\/epkaest.com\/epka-koolitusstandard\/","name":"EPKA Koolitusstandard - EPKA","isPartOf":{"@id":"http:\/\/epkaest.com\/ru\/#website"},"datePublished":"2023-05-25T15:46:56+00:00","dateModified":"2023-08-04T05:17:37+00:00","breadcrumb":{"@id":"https:\/\/epkaest.com\/epka-koolitusstandard\/#breadcrumb"},"inLanguage":"en-GB","potentialAction":[{"@type":"ReadAction","target":["https:\/\/epkaest.com\/epka-koolitusstandard\/"]}]},{"@type":"BreadcrumbList","@id":"https:\/\/epkaest.com\/epka-koolitusstandard\/#breadcrumb","itemListElement":[{"@type":"ListItem","position":1,"name":"Home","item":"http:\/\/epkaest.com\/ru\/"},{"@type":"ListItem","position":2,"name":"EPKA Koolitusstandard"}]},{"@type":"WebSite","@id":"http:\/\/epkaest.com\/ru\/#website","url":"http:\/\/epkaest.com\/ru\/","name":"EPKA","description":"Eesti Professionaalsete Konstell\u00f6\u00f6ride Assotsiatsioon","publisher":{"@id":"http:\/\/epkaest.com\/ru\/#organization"},"potentialAction":[{"@type":"SearchAction","target":{"@type":"EntryPoint","urlTemplate":"http:\/\/epkaest.com\/ru\/?s={search_term_string}"},"query-input":{"@type":"PropertyValueSpecification","valueRequired":true,"valueName":"search_term_string"}}],"inLanguage":"en-GB"},{"@type":"Organization","@id":"http:\/\/epkaest.com\/ru\/#organization","name":"Eesti Professionaalsete Konstell\u00f6\u00f6ride Assotsiatsioon","url":"http:\/\/epkaest.com\/ru\/","logo":{"@type":"ImageObject","inLanguage":"en-GB","@id":"http:\/\/epkaest.com\/ru\/#\/schema\/logo\/image\/","url":"http:\/\/epkaest.com\/wp-content\/uploads\/2020\/08\/logo.png","contentUrl":"http:\/\/epkaest.com\/wp-content\/uploads\/2020\/08\/logo.png","width":448,"height":214,"caption":"Eesti Professionaalsete Konstell\u00f6\u00f6ride Assotsiatsioon"},"image":{"@id":"http:\/\/epkaest.com\/ru\/#\/schema\/logo\/image\/"},"sameAs":["https:\/\/www.facebook.com\/groups\/2130012653729614\/"]}]}},"_links":{"self":[{"href":"http:\/\/epkaest.com\/en\/wp-json\/wp\/v2\/pages\/6905","targetHints":{"allow":["GET"]}}],"collection":[{"href":"http:\/\/epkaest.com\/en\/wp-json\/wp\/v2\/pages"}],"about":[{"href":"http:\/\/epkaest.com\/en\/wp-json\/wp\/v2\/types\/page"}],"author":[{"embeddable":true,"href":"http:\/\/epkaest.com\/en\/wp-json\/wp\/v2\/users\/1"}],"replies":[{"embeddable":true,"href":"http:\/\/epkaest.com\/en\/wp-json\/wp\/v2\/comments?post=6905"}],"version-history":[{"count":4,"href":"http:\/\/epkaest.com\/en\/wp-json\/wp\/v2\/pages\/6905\/revisions"}],"predecessor-version":[{"id":6970,"href":"http:\/\/epkaest.com\/en\/wp-json\/wp\/v2\/pages\/6905\/revisions\/6970"}],"wp:attachment":[{"href":"http:\/\/epkaest.com\/en\/wp-json\/wp\/v2\/media?parent=6905"}],"curies":[{"name":"wp","href":"https:\/\/api.w.org\/{rel}","templated":true}]}}