{"id":5,"date":"2016-02-02T07:30:31","date_gmt":"2016-02-02T07:30:31","guid":{"rendered":"http:\/\/demos.artbees.net\/jupiter5\/eileithyia\/?page_id=5"},"modified":"2025-08-18T17:37:29","modified_gmt":"2025-08-18T17:37:29","slug":"konstellatsioonid","status":"publish","type":"page","link":"http:\/\/epkaest.com\/ru\/","title":{"rendered":"\u0414\u043e\u043c\u0430"},"content":{"rendered":"<div class=\"wpb-content-wrapper\">\r\n<div  data-mk-stretch-content=\"true\" class=\"wpb_row vc_row vc_row-fluid jupiter-donut- mk-fullwidth-false  attched-false     js-master-row  mk-grid\">\r\n\t\t\t\t\r\n<div class=\"vc_col-sm-12 wpb_column column_container  jupiter-donut- _ jupiter-donut-height-full\">\r\n\t\n\t\t\t<!-- START Slaid EST REVOLUTION SLIDER 6.7.35 --><p class=\"rs-p-wp-fix\"><\/p>\n\t\t\t<rs-module-wrap id=\"rev_slider_6_1_wrapper\" data-source=\"gallery\" style=\"visibility:hidden;background:transparent;padding:0;margin:0px auto;margin-top:0;margin-bottom:0;\">\n\t\t\t\t<rs-module id=\"rev_slider_6_1\" style=\"\" data-version=\"6.7.35\">\n\t\t\t\t\t<rs-slides style=\"overflow: hidden; position: absolute;\">\n\t\t\t\t\t\t<rs-slide style=\"position: absolute;\" data-key=\"rs-12\" data-title=\"Slide1\" data-thumb=\"\/\/epkaest.com\/wp-content\/uploads\/revslider\/ken-burns-hero\/hero2-50x100.jpg\" data-anim=\"ms:500ms;\" data-in=\"o:0;\" data-out=\"a:false;\">\n\t\t\t\t\t\t\t<img fetchpriority=\"high\" decoding=\"async\" src=\"\/\/epkaest.com\/wp-content\/plugins\/revslider\/sr6\/assets\/assets\/dummy.png\" alt=\"\" title=\"puu\" width=\"1918\" height=\"927\" class=\"rev-slidebg tp-rs-img rs-lazyload\" data-lazyload=\"\/\/epkaest.com\/wp-content\/uploads\/2020\/09\/puu.png\" data-parallax=\"14\" data-panzoom=\"d:20000ms;ss:115%;se:115%;os:-100px\/0;oe:100px\/0;\" data-no-retina>\n<!--\t\t\t\t\t\t--><rs-zone id=\"rrzt_12\" class=\"rev_row_zone_top\" style=\"z-index: 10;\"><!--\n\n\t\t\t\t\t\t\t\t--><rs-row\n\t\t\t\t\t\t\t\t\tid=\"slider-6-slide-12-layer-0\" \n\t\t\t\t\t\t\t\t\tdata-type=\"row\"\n\t\t\t\t\t\t\t\t\tdata-xy=\"xo:50px;yo:50px;\"\n\t\t\t\t\t\t\t\t\tdata-rsp_bd=\"off\"\n\t\t\t\t\t\t\t\t\tdata-margin=\"t:150,140,120,90;\"\n\t\t\t\t\t\t\t\t\tdata-frame_0=\"o:1;\"\n\t\t\t\t\t\t\t\t\tdata-frame_999=\"o:0;st:w;sR:8700;sA:9000;\"\n\t\t\t\t\t\t\t\t\tstyle=\"z-index:1;\"\n\t\t\t\t\t\t\t\t><!--\n\t\t\t\t\t\t\t\t\t--><rs-column\n\t\t\t\t\t\t\t\t\t\tid=\"slider-6-slide-12-layer-1\" \n\t\t\t\t\t\t\t\t\t\tdata-type=\"column\"\n\t\t\t\t\t\t\t\t\t\tdata-xy=\"xo:50px;yo:50px;\"\n\t\t\t\t\t\t\t\t\t\tdata-text=\"a:center;\"\n\t\t\t\t\t\t\t\t\t\tdata-rsp_bd=\"off\"\n\t\t\t\t\t\t\t\t\t\tdata-column=\"w:100%;\"\n\t\t\t\t\t\t\t\t\t\tdata-frame_0=\"o:1;\"\n\t\t\t\t\t\t\t\t\t\tdata-frame_999=\"o:0;st:w;sR:8700;sA:9000;\"\n\t\t\t\t\t\t\t\t\t\tstyle=\"z-index:2;width:100%;\"\n\t\t\t\t\t\t\t\t\t><!--\t\t\t\t\t\t\t\t\t--><\/rs-column><!--\n\t\t\t\t\t\t\t\t--><\/rs-row><!--\n\t\t\t\t\t\t\t--><\/rs-zone><!--\n\n\t\t\t\t\t\t\t--><rs-layer\n\t\t\t\t\t\t\t\tid=\"slider-6-slide-12-layer-5\" \n\t\t\t\t\t\t\t\tdata-type=\"text\"\n\t\t\t\t\t\t\t\tdata-color=\"#d9b656\"\n\t\t\t\t\t\t\t\tdata-xy=\"xo:64px,64px,102px,16px;yo:433px,433px,268px,150px;\"\n\t\t\t\t\t\t\t\tdata-text=\"w:normal;s:17,17,15,10;l:30,30,25,20;a:center;\"\n\t\t\t\t\t\t\t\tdata-rsp_o=\"off\"\n\t\t\t\t\t\t\t\tdata-rsp_bd=\"off\"\n\t\t\t\t\t\t\t\tdata-margin=\"t:50,40,30,20;\"\n\t\t\t\t\t\t\t\tdata-frame_0=\"y:20px;\"\n\t\t\t\t\t\t\t\tdata-frame_1=\"e:power4.out;st:350;sp:1000;sR:350;\"\n\t\t\t\t\t\t\t\tdata-frame_999=\"o:0;st:w;sR:7650;\"\n\t\t\t\t\t\t\t\tstyle=\"z-index:12;font-family:'Montserrat';\"\n\t\t\t\t\t\t\t>\u042d\u0421\u0422\u041e\u041d\u0421\u041a\u0410\u042f \u0410\u0421\u0421\u041e\u0426\u0418\u0410\u0426\u0418\u042f \u041f\u0420\u041e\u0424\u0415\u0421\u0421\u0418\u041e\u041d\u0410\u041b\u042c\u041d\u042b\u0425 \u041a\u041e\u041d\u0421\u0422\u0415\u041b\u041b\u042f\u0422\u041e\u0420\u041e\u0412 \n\t\t\t\t\t\t\t<\/rs-layer><!--\n\n\t\t\t\t\t\t\t--><a\n\t\t\t\t\t\t\t\tid=\"slider-6-slide-12-layer-6\" \n\t\t\t\t\t\t\t\tclass=\"rs-layer rev-btn\"\n\t\t\t\t\t\t\t\thref=\"http:\/\/epkaest.com\/ru\/assotsiatsioonist\/\" target=\"_self\" rel=\"nofollow\"\n\t\t\t\t\t\t\t\tdata-type=\"button\"\n\t\t\t\t\t\t\t\tdata-color=\"#d9b656\"\n\t\t\t\t\t\t\t\tdata-bsh=\"c:rgba(0,0,0,0.15);v:10px;b:20px;\"\n\t\t\t\t\t\t\t\tdata-xy=\"xo:202px,202px,202px,80px;yo:482px,482px,482px,169px;\"\n\t\t\t\t\t\t\t\tdata-text=\"w:normal;s:17,17,15,15;l:48,48,40,40;fw:600;\"\n\t\t\t\t\t\t\t\tdata-dim=\"minh:0px,none,none,none;\"\n\t\t\t\t\t\t\t\tdata-actions='o:click;a:scrollbelow;sp:1000ms;e:power1.inOut;'\n\t\t\t\t\t\t\t\tdata-rsp_o=\"off\"\n\t\t\t\t\t\t\t\tdata-rsp_bd=\"off\"\n\t\t\t\t\t\t\t\tdata-margin=\"t:70,60,50,30;\"\n\t\t\t\t\t\t\t\tdata-padding=\"r:39,39,30,30;l:39,39,30,30;\"\n\t\t\t\t\t\t\t\tdata-border=\"bos:solid;boc:#ffffff;bow:1px,1px,1px,1px;bor:3px,3px,3px,3px;\"\n\t\t\t\t\t\t\t\tdata-frame_0=\"y:20px;\"\n\t\t\t\t\t\t\t\tdata-frame_1=\"e:power4.out;st:400;sp:1000;sR:400;\"\n\t\t\t\t\t\t\t\tdata-frame_999=\"o:0;st:w;sR:7600;\"\n\t\t\t\t\t\t\t\tdata-frame_hover=\"c:#fff;boc:rgba(255,255,255,0.5);bor:3px,3px,3px,3px;bos:solid;bow:1px,1px,1px,1px;sp:300ms;e:power1.inOut;bri:100%;\"\n\t\t\t\t\t\t\t\tstyle=\"z-index:13;font-family:'Montserrat';cursor:pointer;\"\n\t\t\t\t\t\t\t>\u0421\u043c\u043e\u0442\u0440\u0435\u0442\u044c \u0431\u043e\u043b\u044c\u0448\u0435 \n\t\t\t\t\t\t\t<\/a><!--\n\n\t\t\t\t\t\t\t--><rs-layer\n\t\t\t\t\t\t\t\tid=\"slider-6-slide-12-layer-10\" \n\t\t\t\t\t\t\t\tdata-type=\"shape\"\n\t\t\t\t\t\t\t\tdata-rsp_ch=\"on\"\n\t\t\t\t\t\t\t\tdata-text=\"w:normal;s:20,16,12,7;l:0,20,15,9;\"\n\t\t\t\t\t\t\t\tdata-dim=\"w:100%;h:100%;\"\n\t\t\t\t\t\t\t\tdata-basealign=\"slide\"\n\t\t\t\t\t\t\t\tdata-frame_1=\"e:power2.inOut;sp:500;\"\n\t\t\t\t\t\t\t\tdata-frame_999=\"o:0;e:power2.inOut;st:w;sp:500;sR:8500;\"\n\t\t\t\t\t\t\t\tstyle=\"z-index:8;background-color:rgba(0,0,0,0.25);\"\n\t\t\t\t\t\t\t> \n\t\t\t\t\t\t\t<\/rs-layer><!--\n-->\t\t\t\t\t<\/rs-slide>\n\t\t\t\t\t\t<rs-slide style=\"position: absolute;\" data-key=\"rs-13\" data-title=\"Slide2\" data-thumb=\"\/\/epkaest.com\/wp-content\/uploads\/revslider\/ken-burns-hero\/hero2-50x100.jpg\" data-anim=\"ms:500ms;\" data-in=\"o:0;\" data-out=\"a:false;\">\n\t\t\t\t\t\t\t<img decoding=\"async\" src=\"\/\/epkaest.com\/wp-content\/plugins\/revslider\/sr6\/assets\/assets\/dummy.png\" alt=\"\" title=\"pilt2\" width=\"1920\" height=\"700\" class=\"rev-slidebg tp-rs-img rs-lazyload\" data-lazyload=\"\/\/epkaest.com\/wp-content\/uploads\/2020\/08\/pilt2.png\" data-parallax=\"14\" data-panzoom=\"d:20000ms;ss:115%;se:115%;os:-100px\/0;oe:100px\/0;\" data-no-retina>\n<!--\t\t\t\t\t\t--><rs-zone id=\"rrzt_13\" class=\"rev_row_zone_top\" style=\"z-index: 9;\"><!--\n\n\t\t\t\t\t\t\t\t--><rs-row\n\t\t\t\t\t\t\t\t\tid=\"slider-6-slide-13-layer-0\" \n\t\t\t\t\t\t\t\t\tdata-type=\"row\"\n\t\t\t\t\t\t\t\t\tdata-xy=\"xo:50px;yo:50px;\"\n\t\t\t\t\t\t\t\t\tdata-rsp_bd=\"off\"\n\t\t\t\t\t\t\t\t\tdata-margin=\"t:150,140,120,90;\"\n\t\t\t\t\t\t\t\t\tdata-frame_0=\"o:1;\"\n\t\t\t\t\t\t\t\t\tdata-frame_999=\"o:0;st:w;sR:8700;sA:9000;\"\n\t\t\t\t\t\t\t\t\tstyle=\"z-index:1;\"\n\t\t\t\t\t\t\t\t><!--\t\t\t\t\t\t\t\t--><\/rs-row><!--\n\t\t\t\t\t\t\t--><\/rs-zone><!--\n\n\t\t\t\t\t\t\t--><rs-layer\n\t\t\t\t\t\t\t\tid=\"slider-6-slide-13-layer-4\" \n\t\t\t\t\t\t\t\tdata-type=\"text\"\n\t\t\t\t\t\t\t\tdata-color=\"#212121\"\n\t\t\t\t\t\t\t\tdata-tsh=\"c:#ffffff;h:1px;v:1px;b:1px;\"\n\t\t\t\t\t\t\t\tdata-xy=\"xo:37px,37px,37px,22px;yo:222px,222px,222px,77px;\"\n\t\t\t\t\t\t\t\tdata-text=\"w:normal;s:80,80,60,36;l:100,80,60,54;a:center;\"\n\t\t\t\t\t\t\t\tdata-dim=\"h:129px,129px,129px,auto;\"\n\t\t\t\t\t\t\t\tdata-rsp_o=\"off\"\n\t\t\t\t\t\t\t\tdata-rsp_bd=\"off\"\n\t\t\t\t\t\t\t\tdata-frame_0=\"x:0,0,0,0px;y:0,0,0,0px;o:1;\"\n\t\t\t\t\t\t\t\tdata-frame_0_chars=\"d:5;y:cyc(-80|80);o:0;rX:0deg;\"\n\t\t\t\t\t\t\t\tdata-frame_0_mask=\"u:t;x:0,0,0,0px;y:0,0,0,0px;\"\n\t\t\t\t\t\t\t\tdata-frame_1=\"x:0,0,0,0px;y:0,0,0,0px;e:power4.out;st:300;sp:1000;sR:300;\"\n\t\t\t\t\t\t\t\tdata-frame_1_chars=\"e:power4.out;dir:random;d:5;x:0,0,0,0px;y:0,0,0,0px;\"\n\t\t\t\t\t\t\t\tdata-frame_1_mask=\"u:t;x:0,0,0,0px;y:0,0,0,0px;\"\n\t\t\t\t\t\t\t\tdata-frame_999=\"o:0;st:w;sR:7310;\"\n\t\t\t\t\t\t\t\tstyle=\"z-index:10;font-family:'Karla';\"\n\t\t\t\t\t\t\t>\u0421\u041e\u0417\u0412\u0415\u0417\u0414\u041d\u0418\u041a\u0418 \n\t\t\t\t\t\t\t<\/rs-layer><!--\n\n\t\t\t\t\t\t\t--><a\n\t\t\t\t\t\t\t\tid=\"slider-6-slide-13-layer-6\" \n\t\t\t\t\t\t\t\tclass=\"rs-layer rev-btn\"\n\t\t\t\t\t\t\t\thref=\"http:\/\/epkaest.com\/ru\/konstelloorid\/\" target=\"_self\" rel=\"nofollow\"\n\t\t\t\t\t\t\t\tdata-type=\"button\"\n\t\t\t\t\t\t\t\tdata-color=\"#212121\"\n\t\t\t\t\t\t\t\tdata-bsh=\"c:rgba(0,0,0,0.15);h:3px;v:3px;b:20px;\"\n\t\t\t\t\t\t\t\tdata-xy=\"xo:210px,210px,210px,70px;yo:331px,331px,331px,149px;\"\n\t\t\t\t\t\t\t\tdata-text=\"w:normal;s:17,17,15,15;l:48,48,40,40;fw:600;\"\n\t\t\t\t\t\t\t\tdata-dim=\"minh:0px,none,none,none;\"\n\t\t\t\t\t\t\t\tdata-actions='o:click;a:scrollbelow;sp:1000ms;e:power1.inOut;'\n\t\t\t\t\t\t\t\tdata-rsp_o=\"off\"\n\t\t\t\t\t\t\t\tdata-rsp_bd=\"off\"\n\t\t\t\t\t\t\t\tdata-margin=\"t:70,60,50,30;\"\n\t\t\t\t\t\t\t\tdata-padding=\"r:39,39,30,30;l:39,39,30,30;\"\n\t\t\t\t\t\t\t\tdata-border=\"bos:solid;boc:#a3a3a3;bow:1px,1px,1px,1px;bor:3px,3px,3px,3px;\"\n\t\t\t\t\t\t\t\tdata-frame_0=\"y:20px;\"\n\t\t\t\t\t\t\t\tdata-frame_1=\"e:power4.out;st:400;sp:1000;sR:400;\"\n\t\t\t\t\t\t\t\tdata-frame_999=\"o:0;st:w;sR:7600;\"\n\t\t\t\t\t\t\t\tdata-frame_hover=\"c:#fff;boc:rgba(255,255,255,0.5);bor:3px,3px,3px,3px;bos:solid;bow:1px,1px,1px,1px;sp:300ms;e:power1.inOut;bri:100%;\"\n\t\t\t\t\t\t\t\tstyle=\"z-index:12;font-family:'Montserrat';cursor:pointer;\"\n\t\t\t\t\t\t\t>\u0421\u043c\u043e\u0442\u0440\u0435\u0442\u044c \u0431\u043e\u043b\u044c\u0448\u0435 \n\t\t\t\t\t\t\t<\/a><!--\n\n\t\t\t\t\t\t\t--><rs-layer\n\t\t\t\t\t\t\t\tid=\"slider-6-slide-13-layer-10\" \n\t\t\t\t\t\t\t\tdata-type=\"shape\"\n\t\t\t\t\t\t\t\tdata-rsp_ch=\"on\"\n\t\t\t\t\t\t\t\tdata-text=\"w:normal;s:20,16,12,7;l:0,20,15,9;\"\n\t\t\t\t\t\t\t\tdata-dim=\"w:100%;h:100%;\"\n\t\t\t\t\t\t\t\tdata-basealign=\"slide\"\n\t\t\t\t\t\t\t\tdata-frame_1=\"e:power2.inOut;sp:500;\"\n\t\t\t\t\t\t\t\tdata-frame_999=\"o:0;e:power2.inOut;st:w;sp:500;sR:8500;\"\n\t\t\t\t\t\t\t\tstyle=\"z-index:7;background-color:rgba(0,0,0,0.25);\"\n\t\t\t\t\t\t\t> \n\t\t\t\t\t\t\t<\/rs-layer><!--\n-->\t\t\t\t\t<\/rs-slide>\n\t\t\t\t\t<\/rs-slides>\n\t\t\t\t<\/rs-module>\n\t\t\t\t<script>\n\t\t\t\t\tsetREVStartSize({c: 'rev_slider_6_1',rl:[1240,1024,778,480],el:[700,700,472,250],gw:[1280,1024,778,480],gh:[700,700,472,250],type:'standard',justify:'',layout:'fullwidth',mh:\"0\"});if (window.RS_MODULES!==undefined && window.RS_MODULES.modules!==undefined && window.RS_MODULES.modules[\"revslider61\"]!==undefined) {window.RS_MODULES.modules[\"revslider61\"].once = false;window.revapi6 = undefined;if (window.RS_MODULES.checkMinimal!==undefined) window.RS_MODULES.checkMinimal()}\n\t\t\t\t<\/script>\n\t\t\t<\/rs-module-wrap>\n\t\t\t<!-- END REVOLUTION SLIDER -->\n<\/div>\r\n\t<\/div>\r\n\r\n<div  data-mk-stretch-content=\"true\" class=\"wpb_row vc_row vc_row-fluid jupiter-donut- mk-fullwidth-false add-padding-2 attched-true     js-master-row  mk-grid\">\r\n\t\t\t\t\r\n<div class=\"vc_col-sm-6 wpb_column column_container  jupiter-donut- _ jupiter-donut-height-full\">\r\n\t\r\n<h2 id=\"fancy-title-3\" class=\"mk-fancy-title  simple-style jupiter-donut-  color-single\">\r\n\t<span>\r\n\t\t\t\t<h3>\u0421\u043e\u0437\u0432\u0435\u0437\u0434\u0438\u044f \u2014 \u044d\u0442\u043e\u2026<\/h3>\n\t\t\t<\/span>\r\n<\/h2>\r\n<div class=\"clearboth\"><\/div>\r\n\r\n\r\n\r\n<style>#fancy-title-3 {font-family: \"Raleway\"}<\/style>\t<div class=\"vc_custom_1595249133024\">\r\n\r\n<div id=\"text-block-4\" class=\"mk-text-block  jupiter-donut-\">\r\n\r\n\t\r\n\t<p class=\"translation-block\"><strong>\u041a\u043e\u043d\u0441\u0442\u0435\u043b\u043b\u044f\u0446\u0438\u0438<\/strong>, <strong>\u0441\u0438\u0441\u0442\u0435\u043c\u043d\u044b\u0435 \u0440\u0430\u0441\u0441\u0442\u0430\u043d\u043e\u0432\u043a\u0438<\/strong> \u0438\u043b\u0438 <strong>\u0441\u0438\u0441\u0442\u0435\u043c\u043d\u044b\u0435 \u0440\u0435\u0448\u0435\u043d\u0438\u044f<\/strong> \u2014 \u044d\u0442\u043e \u043c\u0435\u0442\u043e\u0434\u043e\u043b\u043e\u0433\u0438\u044f \u043f\u0440\u043e\u0446\u0435\u0441\u0441\u0443\u0430\u043b\u044c\u043d\u043e\u0439 \u0440\u0430\u0431\u043e\u0442\u044b, \u0438\u0441\u043f\u043e\u043b\u044c\u0437\u0443\u044e\u0449\u0430\u044f \u0434\u0438\u043d\u0430\u043c\u0438\u0447\u0435\u0441\u043a\u0438\u0435 \u043f\u0440\u043e\u0441\u0442\u0440\u0430\u043d\u0441\u0442\u0432\u0435\u043d\u043d\u044b\u0435 \u043e\u0431\u0440\u0430\u0437\u044b. \u041e\u043d\u0430 \u043f\u0440\u0438\u043c\u0435\u043d\u044f\u0435\u0442\u0441\u044f \u0434\u043b\u044f \u043e\u0442\u043e\u0431\u0440\u0430\u0436\u0435\u043d\u0438\u044f \u0442\u0435\u043a\u0443\u0449\u0435\u0433\u043e \u0441\u043e\u0441\u0442\u043e\u044f\u043d\u0438\u044f \u0441\u0438\u0441\u0442\u0435\u043c\u044b \u0438\u043b\u0438 \u043f\u043e\u0438\u0441\u043a\u0430 \u043d\u0430\u0438\u043b\u0443\u0447\u0448\u0435\u0433\u043e \u0432\u043e\u0437\u043c\u043e\u0436\u043d\u043e\u0433\u043e \u0440\u0435\u0448\u0435\u043d\u0438\u044f \u0432 \u0442\u0435\u0440\u0430\u043f\u0438\u0438, \u043a\u043e\u0443\u0447\u0438\u043d\u0433\u0435 \u0438 \u043f\u0441\u0438\u0445\u043e\u043b\u043e\u0433\u0438\u0447\u0435\u0441\u043a\u043e\u043c \u043a\u043e\u043d\u0441\u0443\u043b\u044c\u0442\u0438\u0440\u043e\u0432\u0430\u043d\u0438\u0438, \u0430 \u0442\u0430\u043a\u0436\u0435 \u0432 \u043f\u0435\u0434\u0430\u0433\u043e\u0433\u0438\u043a\u0435, \u044e\u0440\u0438\u0441\u043f\u0440\u0443\u0434\u0435\u043d\u0446\u0438\u0438 \u0438 \u043c\u043d\u043e\u0433\u0438\u0445 \u0434\u0440\u0443\u0433\u0438\u0445 \u043e\u0431\u043b\u0430\u0441\u0442\u044f\u0445. \u0421\u0438\u0441\u0442\u0435\u043c\u0430 \u043c\u043e\u0436\u0435\u0442 \u0431\u044b\u0442\u044c, \u043d\u0430\u043f\u0440\u0438\u043c\u0435\u0440, \u0447\u0435\u043b\u043e\u0432\u0435\u043a\u043e\u043c, \u043e\u0442\u043d\u043e\u0448\u0435\u043d\u0438\u044f\u043c\u0438, \u0441\u0435\u043c\u044c\u0435\u0439, \u043e\u0440\u0433\u0430\u043d\u0438\u0437\u0430\u0446\u0438\u0435\u0439 \u043b\u044e\u0431\u043e\u0433\u043e \u0443\u0440\u043e\u0432\u043d\u044f, \u043b\u0430\u043d\u0434\u0448\u0430\u0444\u0442\u043e\u043c.<\/p>\n\r\n\t<div class=\"clearboth\"><\/div>\r\n<\/div>\r\n\r\n\t<\/div>\r\n\r\n<div id=\"mk-button-5\" class=\"mk-button-container _ jupiter-donut-relative    jupiter-donut-inline-block jupiter-donut-left\">\r\n\r\n\t\r\n\t\t<a href=\"http:\/\/epkaest.com\/ru\/konstellatsioonid-2\/\" target=\"_self\" class=\"mk-button js-smooth-scroll mk-button--dimension-flat mk-button--size-large mk-button--corner-rounded text-color-light _ jupiter-donut-relative jupiter-donut-text-center jupiter-donut-font-weight-700 jupiter-donut-no-backface  jupiter-donut-letter-spacing-2 jupiter-donut-inline-block\"><span class=\"mk-button--text\">\u0414\u043e\u043f\u043e\u043b\u043d\u0438\u0442\u0435\u043b\u044c\u043d\u0430\u044f \u0438\u043d\u0444\u043e\u0440\u043c\u0430\u0446\u0438\u044f<\/span><\/a>\r\n\r\n\t\r\n<\/div>\r\n<\/div>\r\n\t<\/div>\r\n\r\n<div  data-mk-stretch-content=\"true\" class=\"wpb_row vc_row vc_row-fluid jupiter-donut- mk-fullwidth-false  attched-false     js-master-row  mk-grid\">\r\n\t\t\t\t\r\n<div class=\"vc_col-sm-12 wpb_column column_container  jupiter-donut- _ jupiter-donut-height-full\">\r\n\t\r\n<div id=\"padding-7\" class=\"mk-padding-divider jupiter-donut-  jupiter-donut-clearfix\"><\/div>\r\n\r\n<\/div>\r\n\t<\/div>\r\n\n<\/div>","protected":false},"excerpt":{"rendered":"EESTI PROFESSIONAALSETE KONSTELL\u00d6\u00d6RIDE ASSOTSIATSIOON Vaata rohkem KONSTELL\u00d6\u00d6RID Vaata rohkem Konstellatsioonid on.... Konstellatsioonid v\u00f5i s\u00fcsteemsed paigutused v\u00f5i s\u00fcsteemised lahendused on d\u00fcnaamilist ruumilist kujundit kasutav protsessit\u00f6\u00f6 metoodika. Seda kasutatakse s\u00fcsteemi hetkeseisu kaardistamiseks v\u00f5i parima v\u00f5imaliku lahenduse leidmiseks teraapias, coachingus ja ps\u00fchholoogilises n\u00f5ustamises, samas ka pedagoogikas, juriidikas ja mitmetes teistes valdkondades. S\u00fcsteemiks v\u00f5ivad olla n\u00e4iteks isik, suhe, suguv\u00f5sa, [...]","protected":false},"author":1,"featured_media":0,"parent":0,"menu_order":0,"comment_status":"closed","ping_status":"closed","template":"","meta":{"footnotes":""},"class_list":["post-5","page","type-page","status-publish","hentry"],"yoast_head":"<!-- This site is optimized with the Yoast SEO plugin v27.4 - https:\/\/yoast.com\/product\/yoast-seo-wordpress\/ -->\n<title>Esileht - EPKA | Eesti Professionaalsete Konstell\u00f6ride Assotsiatsioon<\/title>\n<meta name=\"description\" content=\"Konstellatsioonid v\u00f5i s\u00fcsteemsed paigutused v\u00f5i s\u00fcsteemised lahendused on d\u00fcnaamilist ruumilist kujundit kasutav protsessit\u00f6\u00f6 metoodika.\" \/>\n<meta name=\"robots\" content=\"index, follow, max-snippet:-1, max-image-preview:large, max-video-preview:-1\" \/>\n<link rel=\"canonical\" href=\"http:\/\/epkaest.com\/ru\/\" \/>\n<meta property=\"og:locale\" content=\"ru_RU\" \/>\n<meta property=\"og:type\" content=\"article\" \/>\n<meta property=\"og:title\" content=\"Esileht - EPKA | Eesti Professionaalsete Konstell\u00f6ride Assotsiatsioon\" \/>\n<meta property=\"og:description\" content=\"Konstellatsioonid v\u00f5i s\u00fcsteemsed paigutused v\u00f5i s\u00fcsteemised lahendused on d\u00fcnaamilist ruumilist kujundit kasutav protsessit\u00f6\u00f6 metoodika.\" \/>\n<meta property=\"og:url\" content=\"http:\/\/epkaest.com\/ru\/\" \/>\n<meta property=\"og:site_name\" content=\"EPKA\" \/>\n<meta property=\"article:publisher\" content=\"https:\/\/www.facebook.com\/groups\/2130012653729614\/\" \/>\n<meta property=\"article:modified_time\" content=\"2025-08-18T17:37:29+00:00\" \/>\n<meta name=\"twitter:card\" content=\"summary_large_image\" \/>\n<meta name=\"twitter:label1\" content=\"\u041f\u0440\u0438\u043c\u0435\u0440\u043d\u043e\u0435 \u0432\u0440\u0435\u043c\u044f \u0434\u043b\u044f \u0447\u0442\u0435\u043d\u0438\u044f\" \/>\n\t<meta name=\"twitter:data1\" content=\"1 \u043c\u0438\u043d\u0443\u0442\u0430\" \/>\n<script type=\"application\/ld+json\" class=\"yoast-schema-graph\">{\"@context\":\"https:\\\/\\\/schema.org\",\"@graph\":[{\"@type\":\"WebPage\",\"@id\":\"http:\\\/\\\/epkaest.com\\\/\",\"url\":\"http:\\\/\\\/epkaest.com\\\/\",\"name\":\"Esileht - EPKA | Eesti Professionaalsete Konstell\u00f6ride Assotsiatsioon\",\"isPartOf\":{\"@id\":\"http:\\\/\\\/epkaest.com\\\/#website\"},\"datePublished\":\"2016-02-02T07:30:31+00:00\",\"dateModified\":\"2025-08-18T17:37:29+00:00\",\"description\":\"Konstellatsioonid v\u00f5i s\u00fcsteemsed paigutused v\u00f5i s\u00fcsteemised lahendused on d\u00fcnaamilist ruumilist kujundit kasutav protsessit\u00f6\u00f6 metoodika.\",\"breadcrumb\":{\"@id\":\"http:\\\/\\\/epkaest.com\\\/#breadcrumb\"},\"inLanguage\":\"ru-RU\",\"potentialAction\":[{\"@type\":\"ReadAction\",\"target\":[\"http:\\\/\\\/epkaest.com\\\/\"]}]},{\"@type\":\"BreadcrumbList\",\"@id\":\"http:\\\/\\\/epkaest.com\\\/#breadcrumb\",\"itemListElement\":[{\"@type\":\"ListItem\",\"position\":1,\"name\":\"Home\",\"item\":\"http:\\\/\\\/epkaest.com\\\/\"},{\"@type\":\"ListItem\",\"position\":2,\"name\":\"Esileht\"}]},{\"@type\":\"WebSite\",\"@id\":\"http:\\\/\\\/epkaest.com\\\/#website\",\"url\":\"http:\\\/\\\/epkaest.com\\\/\",\"name\":\"EPKA\",\"description\":\"Eesti Professionaalsete Konstell\u00f6\u00f6ride Assotsiatsioon\",\"publisher\":{\"@id\":\"http:\\\/\\\/epkaest.com\\\/#organization\"},\"potentialAction\":[{\"@type\":\"SearchAction\",\"target\":{\"@type\":\"EntryPoint\",\"urlTemplate\":\"http:\\\/\\\/epkaest.com\\\/?s={search_term_string}\"},\"query-input\":{\"@type\":\"PropertyValueSpecification\",\"valueRequired\":true,\"valueName\":\"search_term_string\"}}],\"inLanguage\":\"ru-RU\"},{\"@type\":\"Organization\",\"@id\":\"http:\\\/\\\/epkaest.com\\\/#organization\",\"name\":\"Eesti Professionaalsete Konstell\u00f6\u00f6ride Assotsiatsioon\",\"url\":\"http:\\\/\\\/epkaest.com\\\/\",\"logo\":{\"@type\":\"ImageObject\",\"inLanguage\":\"ru-RU\",\"@id\":\"http:\\\/\\\/epkaest.com\\\/#\\\/schema\\\/logo\\\/image\\\/\",\"url\":\"http:\\\/\\\/epkaest.com\\\/wp-content\\\/uploads\\\/2020\\\/08\\\/logo.png\",\"contentUrl\":\"http:\\\/\\\/epkaest.com\\\/wp-content\\\/uploads\\\/2020\\\/08\\\/logo.png\",\"width\":448,\"height\":214,\"caption\":\"Eesti Professionaalsete Konstell\u00f6\u00f6ride Assotsiatsioon\"},\"image\":{\"@id\":\"http:\\\/\\\/epkaest.com\\\/#\\\/schema\\\/logo\\\/image\\\/\"},\"sameAs\":[\"https:\\\/\\\/www.facebook.com\\\/groups\\\/2130012653729614\\\/\"]}]}<\/script>\n<!-- \/ Yoast SEO plugin. -->","yoast_head_json":{"title":"Esileht - EPKA | Eesti Professionaalsete Konstell\u00f6ride Assotsiatsioon","description":"Konstellatsioonid v\u00f5i s\u00fcsteemsed paigutused v\u00f5i s\u00fcsteemised lahendused on d\u00fcnaamilist ruumilist kujundit kasutav protsessit\u00f6\u00f6 metoodika.","robots":{"index":"index","follow":"follow","max-snippet":"max-snippet:-1","max-image-preview":"max-image-preview:large","max-video-preview":"max-video-preview:-1"},"canonical":"http:\/\/epkaest.com\/ru\/","og_locale":"ru_RU","og_type":"article","og_title":"Esileht - EPKA | Eesti Professionaalsete Konstell\u00f6ride Assotsiatsioon","og_description":"Konstellatsioonid v\u00f5i s\u00fcsteemsed paigutused v\u00f5i s\u00fcsteemised lahendused on d\u00fcnaamilist ruumilist kujundit kasutav protsessit\u00f6\u00f6 metoodika.","og_url":"http:\/\/epkaest.com\/ru\/","og_site_name":"EPKA","article_publisher":"https:\/\/www.facebook.com\/groups\/2130012653729614\/","article_modified_time":"2025-08-18T17:37:29+00:00","twitter_card":"summary_large_image","twitter_misc":{"\u041f\u0440\u0438\u043c\u0435\u0440\u043d\u043e\u0435 \u0432\u0440\u0435\u043c\u044f \u0434\u043b\u044f \u0447\u0442\u0435\u043d\u0438\u044f":"1 \u043c\u0438\u043d\u0443\u0442\u0430"},"schema":{"@context":"https:\/\/schema.org","@graph":[{"@type":"WebPage","@id":"http:\/\/epkaest.com\/","url":"http:\/\/epkaest.com\/","name":"Esileht - EPKA | Eesti Professionaalsete Konstell\u00f6ride Assotsiatsioon","isPartOf":{"@id":"http:\/\/epkaest.com\/#website"},"datePublished":"2016-02-02T07:30:31+00:00","dateModified":"2025-08-18T17:37:29+00:00","description":"Konstellatsioonid v\u00f5i s\u00fcsteemsed paigutused v\u00f5i s\u00fcsteemised lahendused on d\u00fcnaamilist ruumilist kujundit kasutav protsessit\u00f6\u00f6 metoodika.","breadcrumb":{"@id":"http:\/\/epkaest.com\/#breadcrumb"},"inLanguage":"ru-RU","potentialAction":[{"@type":"ReadAction","target":["http:\/\/epkaest.com\/"]}]},{"@type":"BreadcrumbList","@id":"http:\/\/epkaest.com\/#breadcrumb","itemListElement":[{"@type":"ListItem","position":1,"name":"Home","item":"http:\/\/epkaest.com\/"},{"@type":"ListItem","position":2,"name":"Esileht"}]},{"@type":"WebSite","@id":"http:\/\/epkaest.com\/#website","url":"http:\/\/epkaest.com\/","name":"\u042d\u041f\u041a\u0410","description":"Eesti Professionaalsete Konstell\u00f6\u00f6ride Assotsiatsioon","publisher":{"@id":"http:\/\/epkaest.com\/#organization"},"potentialAction":[{"@type":"SearchAction","target":{"@type":"EntryPoint","urlTemplate":"http:\/\/epkaest.com\/?s={search_term_string}"},"query-input":{"@type":"PropertyValueSpecification","valueRequired":true,"valueName":"search_term_string"}}],"inLanguage":"ru-RU"},{"@type":"Organization","@id":"http:\/\/epkaest.com\/#organization","name":"Eesti Professionaalsete Konstell\u00f6\u00f6ride Assotsiatsioon","url":"http:\/\/epkaest.com\/","logo":{"@type":"ImageObject","inLanguage":"ru-RU","@id":"http:\/\/epkaest.com\/#\/schema\/logo\/image\/","url":"http:\/\/epkaest.com\/wp-content\/uploads\/2020\/08\/logo.png","contentUrl":"http:\/\/epkaest.com\/wp-content\/uploads\/2020\/08\/logo.png","width":448,"height":214,"caption":"Eesti Professionaalsete Konstell\u00f6\u00f6ride Assotsiatsioon"},"image":{"@id":"http:\/\/epkaest.com\/#\/schema\/logo\/image\/"},"sameAs":["https:\/\/www.facebook.com\/groups\/2130012653729614\/"]}]}},"_links":{"self":[{"href":"http:\/\/epkaest.com\/ru\/wp-json\/wp\/v2\/pages\/5","targetHints":{"allow":["GET"]}}],"collection":[{"href":"http:\/\/epkaest.com\/ru\/wp-json\/wp\/v2\/pages"}],"about":[{"href":"http:\/\/epkaest.com\/ru\/wp-json\/wp\/v2\/types\/page"}],"author":[{"embeddable":true,"href":"http:\/\/epkaest.com\/ru\/wp-json\/wp\/v2\/users\/1"}],"replies":[{"embeddable":true,"href":"http:\/\/epkaest.com\/ru\/wp-json\/wp\/v2\/comments?post=5"}],"version-history":[{"count":5,"href":"http:\/\/epkaest.com\/ru\/wp-json\/wp\/v2\/pages\/5\/revisions"}],"predecessor-version":[{"id":7790,"href":"http:\/\/epkaest.com\/ru\/wp-json\/wp\/v2\/pages\/5\/revisions\/7790"}],"wp:attachment":[{"href":"http:\/\/epkaest.com\/ru\/wp-json\/wp\/v2\/media?parent=5"}],"curies":[{"name":"wp","href":"https:\/\/api.w.org\/{rel}","templated":true}]}}