{"id":5407,"date":"2020-06-08T16:44:47","date_gmt":"2020-06-08T16:44:47","guid":{"rendered":"http:\/\/epkaest.com\/?page_id=5407"},"modified":"2021-09-19T14:58:47","modified_gmt":"2021-09-19T14:58:47","slug":"assotsiatsioonist","status":"publish","type":"page","link":"http:\/\/epkaest.com\/ru\/assotsiatsioonist\/","title":{"rendered":"\u041e\u0431 \u0410\u0441\u0441\u043e\u0446\u0438\u0430\u0446\u0438\u0438"},"content":{"rendered":"<div class=\"wpb-content-wrapper\">\r\n<div  data-mk-stretch-content=\"true\" class=\"wpb_row vc_row vc_row-fluid jupiter-donut- mk-fullwidth-false  attched-false     js-master-row  mk-grid\">\r\n\t\t\t\t\r\n<div class=\"vc_col-sm-12 wpb_column column_container  jupiter-donut- _ jupiter-donut-height-full\">\r\n\t\t<div class=\"vc_custom_1632063523211\">\r\n\r\n<div id=\"text-block-2\" class=\"mk-text-block  jupiter-donut-\">\r\n\r\n\t\r\n\t<h4 style=\"text-align: justify;\">\u041e\u0411 \u0410\u0421\u0421\u041e\u0426\u0418\u0410\u0426\u0418\u0418:<\/h4>\n<p style=\"text-align: justify;\">\u042d\u0441\u0442\u043e\u043d\u0441\u043a\u0430\u044f \u0430\u0441\u0441\u043e\u0446\u0438\u0430\u0446\u0438\u044f \u043f\u0440\u043e\u0444\u0435\u0441\u0441\u0438\u043e\u043d\u0430\u043b\u044c\u043d\u044b\u0445 \u0430\u0440\u0442-\u0434\u0438\u0440\u0435\u043a\u0442\u043e\u0440\u043e\u0432 (EPKA) \u0431\u044b\u043b\u0430 \u043e\u0441\u043d\u043e\u0432\u0430\u043d\u0430 27 \u0434\u0435\u043a\u0430\u0431\u0440\u044f 2017 \u0433\u043e\u0434\u0430.<\/p>\n<p style=\"text-align: justify;\">\u0426\u0435\u043b\u044f\u043c\u0438 EPKA \u044f\u0432\u043b\u044f\u044e\u0442\u0441\u044f:<\/p>\n<ol style=\"text-align: justify;\">\n<li>\u0440\u0430\u0437\u044a\u044f\u0441\u043d\u0435\u043d\u0438\u0435 \u0438 \u043f\u0440\u043e\u0434\u0432\u0438\u0436\u0435\u043d\u0438\u0435 \u043f\u0440\u043e\u0444\u0438\u043b\u0430\u043a\u0442\u0438\u0447\u0435\u0441\u043a\u043e\u0439, \u0442\u0435\u0440\u0430\u043f\u0435\u0432\u0442\u0438\u0447\u0435\u0441\u043a\u043e\u0439 \u0438 \u043e\u0440\u0438\u0435\u043d\u0442\u0438\u0440\u043e\u0432\u0430\u043d\u043d\u043e\u0439 \u043d\u0430 \u0440\u0435\u0448\u0435\u043d\u0438\u0435 \u043f\u0440\u043e\u0431\u043b\u0435\u043c \u0440\u043e\u043b\u0438 \u043c\u0435\u0442\u043e\u0434\u0430 \u0440\u0430\u0441\u0441\u0442\u0430\u043d\u043e\u0432\u043e\u043a \u0432 \u044d\u0441\u0442\u043e\u043d\u0441\u043a\u043e\u043c \u043e\u0431\u0449\u0435\u0441\u0442\u0432\u0435;<\/li>\n<li>\u0441\u0431\u043e\u0440, \u0440\u0430\u0441\u043f\u0440\u043e\u0441\u0442\u0440\u0430\u043d\u0435\u043d\u0438\u0435, \u043f\u0435\u0440\u0435\u0432\u043e\u0434 \u0438 \u043f\u0443\u0431\u043b\u0438\u043a\u0430\u0446\u0438\u044f \u043f\u0440\u043e\u0444\u0435\u0441\u0441\u0438\u043e\u043d\u0430\u043b\u044c\u043d\u043e\u0439 \u0438\u043d\u0444\u043e\u0440\u043c\u0430\u0446\u0438\u0438, \u043e\u0440\u0433\u0430\u043d\u0438\u0437\u0430\u0446\u0438\u044f \u043a\u043e\u043d\u0444\u0435\u0440\u0435\u043d\u0446\u0438\u0439, \u0442\u0440\u0435\u043d\u0438\u043d\u0433\u043e\u0432, \u043a\u0440\u0443\u0433\u043b\u044b\u0445 \u0441\u0442\u043e\u043b\u043e\u0432 \u0438 \u0438\u043d\u0444\u043e\u0440\u043c\u0430\u0446\u0438\u043e\u043d\u043d\u044b\u0445 \u043c\u0435\u0440\u043e\u043f\u0440\u0438\u044f\u0442\u0438\u0439;<\/li>\n<li>\u043f\u043e\u0434\u0434\u0435\u0440\u0436\u0430\u043d\u0438\u0435 \u0443\u0440\u043e\u0432\u043d\u044f \u043a\u043e\u043c\u043f\u0435\u0442\u0435\u043d\u0442\u043d\u043e\u0439 \u0438 \u0434\u0435\u043b\u0438\u043a\u0430\u0442\u043d\u043e\u0439 \u0440\u0430\u0441\u0441\u0442\u0430\u043d\u043e\u0432\u043e\u0447\u043d\u043e\u0439 \u0441\u043b\u0443\u0436\u0431\u044b \u0438 \u043f\u0440\u043e\u0444\u0435\u0441\u0441\u0438\u043e\u043d\u0430\u043b\u044c\u043d\u043e\u0439 \u044d\u0442\u0438\u043a\u0438 \u0440\u0430\u0441\u0441\u0442\u0430\u043d\u043e\u0432\u0449\u0438\u043a\u043e\u0432 \u0432 \u042d\u0441\u0442\u043e\u043d\u0438\u0438;<\/li>\n<li>\u043f\u043e\u0434\u0434\u0435\u0440\u0436\u043a\u0430 \u043f\u0440\u043e\u0444\u0435\u0441\u0441\u0438\u043e\u043d\u0430\u043b\u044c\u043d\u043e\u0433\u043e \u0440\u0430\u0437\u0432\u0438\u0442\u0438\u044f \u043c\u0435\u043d\u0435\u0434\u0436\u0435\u0440\u043e\u0432 \u043f\u043e \u0441\u043e\u0437\u0432\u0435\u0437\u0434\u0438\u044f\u043c; \u0441\u043e\u0434\u0435\u0439\u0441\u0442\u0432\u0438\u0435 \u0441\u043e\u0442\u0440\u0443\u0434\u043d\u0438\u0447\u0435\u0441\u0442\u0432\u0443 \u0432 \u043e\u0431\u043b\u0430\u0441\u0442\u0438 \u0443\u043f\u0440\u0430\u0432\u043b\u0435\u043d\u0438\u044f \u0441\u043e\u0437\u0432\u0435\u0437\u0434\u0438\u044f\u043c\u0438 \u0441 \u0430\u043d\u0430\u043b\u043e\u0433\u0438\u0447\u043d\u044b\u043c\u0438 \u043e\u0440\u0433\u0430\u043d\u0438\u0437\u0430\u0446\u0438\u044f\u043c\u0438, \u0434\u0435\u0439\u0441\u0442\u0432\u0443\u044e\u0449\u0438\u043c\u0438 \u0432 \u042d\u0441\u0442\u043e\u043d\u0438\u0438 \u0438 \u0434\u0440\u0443\u0433\u0438\u0445 \u0441\u0442\u0440\u0430\u043d\u0430\u0445,<\/li>\n<li>\u0420\u0430\u0437\u0432\u0438\u0432\u0430\u0442\u044c\u0441\u044f \u0432 \u043e\u0440\u0433\u0430\u043d\u0438\u0437\u0430\u0446\u0438\u044e, \u043a\u043e\u0442\u043e\u0440\u0430\u044f \u043f\u0440\u0438\u0441\u0443\u0436\u0434\u0430\u0435\u0442 \u0438 \u043f\u0440\u0438\u0437\u043d\u0430\u0435\u0442 \u043f\u0440\u043e\u0444\u0435\u0441\u0441\u0438\u044e \u043a\u043e\u043d\u0441\u0442\u0435\u043b\u043b\u044f\u0442\u043e\u0440\u0430, \u0441\u0442\u0430\u043d\u0434\u0430\u0440\u0442 \u043a\u043e\u0442\u043e\u0440\u043e\u0439 \u0441\u043e\u043e\u0442\u0432\u0435\u0442\u0441\u0442\u0432\u0443\u0435\u0442 \u0442\u0440\u0435\u0431\u043e\u0432\u0430\u043d\u0438\u044f\u043c \u0415\u0432\u0440\u043e\u043f\u0435\u0439\u0441\u043a\u043e\u0439 \u0440\u0430\u043c\u043a\u0438 \u043a\u0432\u0430\u043b\u0438\u0444\u0438\u043a\u0430\u0446\u0438\u0439 \u0438 \u043f\u0440\u043e\u0444\u0435\u0441\u0441\u0438\u043e\u043d\u0430\u043b\u044c\u043d\u043e\u0439 \u044d\u0442\u0438\u043a\u0438;<\/li>\n<\/ol>\n<ol start=\"6\">\n<li style=\"text-align: justify;\">\u0438\u043d\u0438\u0446\u0438\u0438\u0440\u043e\u0432\u0430\u043d\u0438\u0435 \u0438 \u043a\u043e\u043e\u0440\u0434\u0438\u043d\u0430\u0446\u0438\u044f \u0441\u043e\u0437\u0434\u0430\u043d\u0438\u044f, \u043f\u0440\u0438\u043c\u0435\u043d\u0435\u043d\u0438\u044f \u0438 \u043f\u043e\u043b\u0443\u0447\u0435\u043d\u0438\u044f \u043f\u0440\u043e\u0444\u0435\u0441\u0441\u0438\u043e\u043d\u0430\u043b\u044c\u043d\u043e\u0433\u043e \u0441\u0442\u0430\u043d\u0434\u0430\u0440\u0442\u0430 \u043a\u0432\u0430\u043b\u0438\u0444\u0438\u043a\u0430\u0446\u0438\u0438 \u0440\u0435\u0436\u0438\u0441\u0441\u0435\u0440\u0430-\u043f\u043e\u0441\u0442\u0430\u043d\u043e\u0432\u0449\u0438\u043a\u0430;<\/li>\n<li style=\"text-align: justify;\">\u0431\u044b\u0442\u044c \u043d\u0430\u0434\u0435\u0436\u043d\u044b\u043c \u043a\u043e\u043d\u0442\u0430\u043a\u0442\u043d\u044b\u043c \u043b\u0438\u0446\u043e\u043c \u0434\u043b\u044f \u043f\u0440\u043e\u0444\u0435\u0441\u0441\u0438\u043e\u043d\u0430\u043b\u043e\u0432 \u0438 \u043a\u043b\u0438\u0435\u043d\u0442\u043e\u0432 \u0432 \u0441\u0432\u043e\u0435\u0439 \u043e\u0431\u043b\u0430\u0441\u0442\u0438;<\/li>\n<li style=\"text-align: justify;\">\u0421\u043e\u0437\u0434\u0430\u043d\u0438\u0435, \u043f\u0440\u0435\u0434\u043e\u0441\u0442\u0430\u0432\u043b\u0435\u043d\u0438\u0435 \u0438 \u043a\u043e\u043e\u0440\u0434\u0438\u043d\u0430\u0446\u0438\u044f \u0432\u043e\u0437\u043c\u043e\u0436\u043d\u043e\u0441\u0442\u0435\u0439 \u0441\u043e\u0432\u043c\u0435\u0441\u0442\u043d\u043e\u0433\u043e \u0432\u0438\u0434\u0435\u043d\u0438\u044f \u0438 \u0441\u0443\u043f\u0435\u0440\u0432\u0438\u0437\u0438\u0438, \u043a\u043e\u0442\u043e\u0440\u044b\u0435 \u043f\u043e\u0434\u0434\u0435\u0440\u0436\u0438\u0432\u0430\u044e\u0442 \u0438 \u0440\u0430\u0437\u0432\u0438\u0432\u0430\u044e\u0442 \u0440\u0430\u0441\u0441\u0442\u0430\u043d\u043e\u0432\u0449\u0438\u043a\u043e\u0432.<\/li>\n<\/ol>\n\r\n\t<div class=\"clearboth\"><\/div>\r\n<\/div>\r\n\r\n\t<\/div>\r\n<\/div>\r\n\t<\/div>\r\n\n<\/div>","protected":false},"excerpt":{"rendered":"\u00dcHINGUST: Eesti Professionaalsete Konstell\u00f6\u00f6ride Assotsiatsioon (EPKA) \u00a0asutati \u00a027.12. 2017. aastal. EPKA eesm\u00e4rkideks on: konstellatsioonimeetodi ennetava, lahendusele suunava ja teraapilise rolli selgitamine ja propageerimine Eesti \u00fchiskonnas; erialase info koondamine, jagamine, t\u00f5lkimine ja tr\u00fckiste v\u00e4ljaandmine, konverentside, koolituste, \u00fcmarlaudade, teabe\u00fcrituste korraldamine; kompetentse ja diskreetse kontellatsiooniteenuse taseme ning konstell\u00f6\u00f6ride kutseeetika hoidmine Eestis; konstell\u00f6\u00f6ride professionaalse arengu toetamine; konstellatsiooni valdkonna koost\u00f6\u00f6 [...]","protected":false},"author":1,"featured_media":0,"parent":0,"menu_order":0,"comment_status":"closed","ping_status":"closed","template":"","meta":{"footnotes":""},"class_list":["post-5407","page","type-page","status-publish","hentry"],"yoast_head":"<!-- This site is optimized with the Yoast SEO plugin v27.3 - https:\/\/yoast.com\/product\/yoast-seo-wordpress\/ -->\n<title>Assotsiatsioonist - EPKA<\/title>\n<meta name=\"robots\" content=\"index, follow, max-snippet:-1, max-image-preview:large, max-video-preview:-1\" \/>\n<link rel=\"canonical\" href=\"https:\/\/epkaest.com\/ru\/assotsiatsioonist\/\" \/>\n<meta property=\"og:locale\" content=\"ru_RU\" \/>\n<meta property=\"og:type\" content=\"article\" \/>\n<meta property=\"og:title\" content=\"Assotsiatsioonist - EPKA\" \/>\n<meta property=\"og:url\" content=\"https:\/\/epkaest.com\/ru\/assotsiatsioonist\/\" \/>\n<meta property=\"og:site_name\" content=\"EPKA\" \/>\n<meta property=\"article:publisher\" content=\"https:\/\/www.facebook.com\/groups\/2130012653729614\/\" \/>\n<meta property=\"article:modified_time\" content=\"2021-09-19T14:58:47+00:00\" \/>\n<meta name=\"twitter:card\" content=\"summary_large_image\" \/>\n<meta name=\"twitter:label1\" content=\"\u041f\u0440\u0438\u043c\u0435\u0440\u043d\u043e\u0435 \u0432\u0440\u0435\u043c\u044f \u0434\u043b\u044f \u0447\u0442\u0435\u043d\u0438\u044f\" \/>\n\t<meta name=\"twitter:data1\" content=\"1 \u043c\u0438\u043d\u0443\u0442\u0430\" \/>\n<script type=\"application\/ld+json\" class=\"yoast-schema-graph\">{\"@context\":\"https:\\\/\\\/schema.org\",\"@graph\":[{\"@type\":\"WebPage\",\"@id\":\"https:\\\/\\\/epkaest.com\\\/assotsiatsioonist\\\/\",\"url\":\"https:\\\/\\\/epkaest.com\\\/assotsiatsioonist\\\/\",\"name\":\"Assotsiatsioonist - EPKA\",\"isPartOf\":{\"@id\":\"http:\\\/\\\/epkaest.com\\\/ru\\\/#website\"},\"datePublished\":\"2020-06-08T16:44:47+00:00\",\"dateModified\":\"2021-09-19T14:58:47+00:00\",\"breadcrumb\":{\"@id\":\"https:\\\/\\\/epkaest.com\\\/assotsiatsioonist\\\/#breadcrumb\"},\"inLanguage\":\"ru-RU\",\"potentialAction\":[{\"@type\":\"ReadAction\",\"target\":[\"https:\\\/\\\/epkaest.com\\\/assotsiatsioonist\\\/\"]}]},{\"@type\":\"BreadcrumbList\",\"@id\":\"https:\\\/\\\/epkaest.com\\\/assotsiatsioonist\\\/#breadcrumb\",\"itemListElement\":[{\"@type\":\"ListItem\",\"position\":1,\"name\":\"Home\",\"item\":\"http:\\\/\\\/epkaest.com\\\/ru\\\/\"},{\"@type\":\"ListItem\",\"position\":2,\"name\":\"Assotsiatsioonist\"}]},{\"@type\":\"WebSite\",\"@id\":\"http:\\\/\\\/epkaest.com\\\/ru\\\/#website\",\"url\":\"http:\\\/\\\/epkaest.com\\\/ru\\\/\",\"name\":\"EPKA\",\"description\":\"Eesti Professionaalsete Konstell\u00f6\u00f6ride Assotsiatsioon\",\"publisher\":{\"@id\":\"http:\\\/\\\/epkaest.com\\\/ru\\\/#organization\"},\"potentialAction\":[{\"@type\":\"SearchAction\",\"target\":{\"@type\":\"EntryPoint\",\"urlTemplate\":\"http:\\\/\\\/epkaest.com\\\/ru\\\/?s={search_term_string}\"},\"query-input\":{\"@type\":\"PropertyValueSpecification\",\"valueRequired\":true,\"valueName\":\"search_term_string\"}}],\"inLanguage\":\"ru-RU\"},{\"@type\":\"Organization\",\"@id\":\"http:\\\/\\\/epkaest.com\\\/ru\\\/#organization\",\"name\":\"Eesti Professionaalsete Konstell\u00f6\u00f6ride Assotsiatsioon\",\"url\":\"http:\\\/\\\/epkaest.com\\\/ru\\\/\",\"logo\":{\"@type\":\"ImageObject\",\"inLanguage\":\"ru-RU\",\"@id\":\"http:\\\/\\\/epkaest.com\\\/ru\\\/#\\\/schema\\\/logo\\\/image\\\/\",\"url\":\"http:\\\/\\\/epkaest.com\\\/wp-content\\\/uploads\\\/2020\\\/08\\\/logo.png\",\"contentUrl\":\"http:\\\/\\\/epkaest.com\\\/wp-content\\\/uploads\\\/2020\\\/08\\\/logo.png\",\"width\":448,\"height\":214,\"caption\":\"Eesti Professionaalsete Konstell\u00f6\u00f6ride Assotsiatsioon\"},\"image\":{\"@id\":\"http:\\\/\\\/epkaest.com\\\/ru\\\/#\\\/schema\\\/logo\\\/image\\\/\"},\"sameAs\":[\"https:\\\/\\\/www.facebook.com\\\/groups\\\/2130012653729614\\\/\"]}]}<\/script>\n<!-- \/ Yoast SEO plugin. -->","yoast_head_json":{"title":"Assotsiatsioonist - EPKA","robots":{"index":"index","follow":"follow","max-snippet":"max-snippet:-1","max-image-preview":"max-image-preview:large","max-video-preview":"max-video-preview:-1"},"canonical":"https:\/\/epkaest.com\/ru\/assotsiatsioonist\/","og_locale":"ru_RU","og_type":"article","og_title":"Assotsiatsioonist - EPKA","og_url":"https:\/\/epkaest.com\/ru\/assotsiatsioonist\/","og_site_name":"EPKA","article_publisher":"https:\/\/www.facebook.com\/groups\/2130012653729614\/","article_modified_time":"2021-09-19T14:58:47+00:00","twitter_card":"summary_large_image","twitter_misc":{"\u041f\u0440\u0438\u043c\u0435\u0440\u043d\u043e\u0435 \u0432\u0440\u0435\u043c\u044f \u0434\u043b\u044f \u0447\u0442\u0435\u043d\u0438\u044f":"1 \u043c\u0438\u043d\u0443\u0442\u0430"},"schema":{"@context":"https:\/\/schema.org","@graph":[{"@type":"WebPage","@id":"https:\/\/epkaest.com\/assotsiatsioonist\/","url":"https:\/\/epkaest.com\/assotsiatsioonist\/","name":"Assotsiatsioonist - EPKA","isPartOf":{"@id":"http:\/\/epkaest.com\/ru\/#website"},"datePublished":"2020-06-08T16:44:47+00:00","dateModified":"2021-09-19T14:58:47+00:00","breadcrumb":{"@id":"https:\/\/epkaest.com\/assotsiatsioonist\/#breadcrumb"},"inLanguage":"ru-RU","potentialAction":[{"@type":"ReadAction","target":["https:\/\/epkaest.com\/assotsiatsioonist\/"]}]},{"@type":"BreadcrumbList","@id":"https:\/\/epkaest.com\/assotsiatsioonist\/#breadcrumb","itemListElement":[{"@type":"ListItem","position":1,"name":"Home","item":"http:\/\/epkaest.com\/ru\/"},{"@type":"ListItem","position":2,"name":"Assotsiatsioonist"}]},{"@type":"WebSite","@id":"http:\/\/epkaest.com\/ru\/#website","url":"http:\/\/epkaest.com\/ru\/","name":"\u042d\u041f\u041a\u0410","description":"Eesti Professionaalsete Konstell\u00f6\u00f6ride Assotsiatsioon","publisher":{"@id":"http:\/\/epkaest.com\/ru\/#organization"},"potentialAction":[{"@type":"SearchAction","target":{"@type":"EntryPoint","urlTemplate":"http:\/\/epkaest.com\/ru\/?s={search_term_string}"},"query-input":{"@type":"PropertyValueSpecification","valueRequired":true,"valueName":"search_term_string"}}],"inLanguage":"ru-RU"},{"@type":"Organization","@id":"http:\/\/epkaest.com\/ru\/#organization","name":"Eesti Professionaalsete Konstell\u00f6\u00f6ride Assotsiatsioon","url":"http:\/\/epkaest.com\/ru\/","logo":{"@type":"ImageObject","inLanguage":"ru-RU","@id":"http:\/\/epkaest.com\/ru\/#\/schema\/logo\/image\/","url":"http:\/\/epkaest.com\/wp-content\/uploads\/2020\/08\/logo.png","contentUrl":"http:\/\/epkaest.com\/wp-content\/uploads\/2020\/08\/logo.png","width":448,"height":214,"caption":"Eesti Professionaalsete Konstell\u00f6\u00f6ride Assotsiatsioon"},"image":{"@id":"http:\/\/epkaest.com\/ru\/#\/schema\/logo\/image\/"},"sameAs":["https:\/\/www.facebook.com\/groups\/2130012653729614\/"]}]}},"_links":{"self":[{"href":"http:\/\/epkaest.com\/ru\/wp-json\/wp\/v2\/pages\/5407","targetHints":{"allow":["GET"]}}],"collection":[{"href":"http:\/\/epkaest.com\/ru\/wp-json\/wp\/v2\/pages"}],"about":[{"href":"http:\/\/epkaest.com\/ru\/wp-json\/wp\/v2\/types\/page"}],"author":[{"embeddable":true,"href":"http:\/\/epkaest.com\/ru\/wp-json\/wp\/v2\/users\/1"}],"replies":[{"embeddable":true,"href":"http:\/\/epkaest.com\/ru\/wp-json\/wp\/v2\/comments?post=5407"}],"version-history":[{"count":5,"href":"http:\/\/epkaest.com\/ru\/wp-json\/wp\/v2\/pages\/5407\/revisions"}],"predecessor-version":[{"id":6308,"href":"http:\/\/epkaest.com\/ru\/wp-json\/wp\/v2\/pages\/5407\/revisions\/6308"}],"wp:attachment":[{"href":"http:\/\/epkaest.com\/ru\/wp-json\/wp\/v2\/media?parent=5407"}],"curies":[{"name":"wp","href":"https:\/\/api.w.org\/{rel}","templated":true}]}}