{"id":5409,"date":"2020-06-08T16:45:15","date_gmt":"2020-06-08T16:45:15","guid":{"rendered":"http:\/\/epkaest.com\/?page_id=5409"},"modified":"2023-04-09T08:30:32","modified_gmt":"2023-04-09T08:30:32","slug":"pohikiri","status":"publish","type":"page","link":"http:\/\/epkaest.com\/ru\/pohikiri\/","title":{"rendered":"\u0423\u0441\u0442\u0430\u0432"},"content":{"rendered":"<div class=\"wpb-content-wrapper\">\r\n<div  data-mk-stretch-content=\"true\" class=\"wpb_row vc_row vc_row-fluid jupiter-donut- mk-fullwidth-false  attched-false     js-master-row  mk-grid\">\r\n\t\t\t\t\r\n<div class=\"vc_col-sm-12 wpb_column column_container  jupiter-donut- _ jupiter-donut-height-full\">\r\n\t\t<div class=\"vc_custom_1681028992401\">\r\n\r\n<div id=\"text-block-2\" class=\"mk-text-block  jupiter-donut-\">\r\n\r\n\t\r\n\t<p><strong>\u042d\u0421\u0422\u041e\u041d\u0421\u041a\u0410\u042f \u0410\u0421\u0421\u041e\u0426\u0418\u0410\u0426\u0418\u042f \u041f\u0420\u041e\u0424\u0415\u0421\u0421\u0418\u041e\u041d\u0410\u041b\u042c\u041d\u042b\u0425 \u041a\u041e\u041d\u0421\u0422\u0415\u041b\u041b\u042f\u0422\u041e\u0420\u041e\u0412 <\/strong><\/p>\n<p><strong>P\u00d5HIKIRI <\/strong><\/p>\n<p>Kinnitatud asutamiskoosolekul 27.12. 2017. aastal.<\/p>\n<p>Muudetud \u00fcldkoosoleku otsusega 28.09.2018<\/p>\n<p>Muudetud \u00fcldkoosoleku otsusega 29.10.2020<\/p>\n<p>Muudetud \u00fcldkoosoleku otsusega 21.10.2021<\/p>\n<p>1 \u00dcLDS\u00c4TTED<\/p>\n<p>1.1 Mittetulundus\u00fching (MT\u00dc) Eesti Professionaalsete Konstell\u00f6\u00f6ride Assotsiatsioon (EPKA) on Eesti konstell\u00f6\u00f6re \u00fchendav vabatahtlikel alustel tegutsev \u00fching.<\/p>\n<p>1.2 EPKA ametlik nimi on eesti keeles \u2013 Mittetulundus\u00fching Eesti Professionaalsete<\/p>\n<p>Konstell\u00f6\u00f6ride Assotsiatsioon;<\/p>\n<p>inglise keeles \u2013 <em>Professional Association of Constellators in Estonia<\/em>;<\/p>\n<p>vene keeles \u2013 <em>\u041f\u0440\u043e\u0444\u0435\u0441\u0441\u0438\u043e\u043d\u0430\u043b\u044c\u043d\u0430\u044f <\/em><em>\u0410\u0441\u0441\u043e\u0446\u0438\u0430\u0446\u0438\u044f \u0420\u0430\u0441\u0441\u0442\u0430\u043d\u043e\u0432\u0449\u0438\u043a\u043e\u0432 \u0432 \u042d\u0441\u0442\u043e\u043d\u0438\u0438<\/em>.<\/p>\n<p>1.3 EPKA juriidiline aadress on Eesti Vabariik Tallinn<\/p>\n<p>1.4 EPKA v\u00f5ib oma tegevusv\u00f5rku arendada filiaalide, esinduste ja muude iseseisvate juriidilise isiku staatusega ja staatuseta \u00fcksuste kaudu Eestis v\u00f5i v\u00e4ljaspool seda.<\/p>\n<p>1.5 EPKA juhindub oma tegevuses Eesti Vabariigi p\u00f5hiseadusest, mittetulundus\u00fchingute seadusest, teistest Eesti Vabariigis kehtivatest \u00f5igusaktidest, EPKA p\u00f5hikirjast ja konstell\u00f6\u00f6ride eetikakoodeksist.<\/p>\n<p>2 EPKA EESM\u00c4RGID<\/p>\n<p>EPKA eesm\u00e4rkideks on<\/p>\n<p>2.1 konstellatsioonimeetodi ennetava, lahendusele suunava ja teraapilise rolli selgitamine ja propageerimine Eesti \u00fchiskonnas;<\/p>\n<p>2.2 erialase info koondamine, jagamine, t\u00f5lkimine ja tr\u00fckiste v\u00e4ljaandmine, konverentside, koolituste, \u00fcmarlaudade, teabe\u00fcrituste korraldamine;<\/p>\n<p>2.3 kompetentse ja diskreetse kontellatsiooniteenuse taseme ning konstell\u00f6\u00f6ride kutse-eetika hoidmine Eestis;<\/p>\n<p>2.4 konstell\u00f6\u00f6ride professionaalse arengu toetamine;<\/p>\n<p>2.5 konstellatsioonivaldkonna koost\u00f6\u00f6 edendamine nii Eestis kui ka teistes riikides tegutsevate sarnaste organisatsioonidega,<\/p>\n<p>2.6 areneda konstell\u00f6\u00f6ri kutset andvaks ja tunnustavaks organisatsiooniks, mille standard on vastavuses Euroopa kvalifikatsiooni raamistiku n\u00f5uete ja kutse-eetikaga;<\/p>\n<p>2.7 kvalifitseeritud konstell\u00f6\u00f6ride kutsestandardi loomise, taotlemise ja saamise algatamine ning koordineerimine;<\/p>\n<p>2.8 olla usaldusv\u00e4\u00e4rseks kontaktiks oma ala professionaalidele ja klientidele;<\/p>\n<p>2.9 konstell\u00f6\u00f6re toetavate ja arendavate kovisiooni- ja supervisiooniv\u00f5imaluste loomine ja pakkumine ning koordineerimine.<\/p>\n<p>3 EPKA P\u00d5HIKIRJALISED TEGEVUSALAD<\/p>\n<p>3.1 Konstell\u00f6\u00f6ride v\u00e4lja\u00f5ppe ja t\u00e4iendkoolituse korraldamine ning muu konstell\u00f6\u00f6ride kompetentsi suurendamisele suunatud tegevus.<\/p>\n<p>3.2 Vajaliku informatsioonilise tugis\u00fcsteemi ning andmebaaside loomine; konstellatsioonidega seotud professionaalse info koondamine ja edastamine.<\/p>\n<p>3.3 Rahvusvaheliste sidemete loomine, koost\u00f6\u00f6 arendamine erinevate institutsioonidega Eestis ja v\u00e4lismaal, osalemine rahvusvahelistes projektides. Arendusuuringute l\u00e4biviimine ja teadust\u00f6\u00f6s osalemine.<\/p>\n<p>3.4 EPKA ja tema liikmete tegevuse tutvustamine nii Eestis kui v\u00e4lisriikides. Meedia ja avalikkusega suhtlemine.<\/p>\n<p>3.4.1 Sertifitseeritud konstell\u00f6\u00f6ride nimistu koostamine ja haldamine ning esitlemine avalikkusele.<\/p>\n<p>3.4.2 Eestis konstellatsioonivaldkonnas tegutsevate organisatsioonide kohta info koondamine, nendega kontakti loomine ja hoidmine ning koost\u00f6\u00f6 arendamine.<\/p>\n<p>3.5 EPKA liikmete t\u00f6\u00f6, kutse- ja ametialaste huvide kaitsmine.<\/p>\n<p>3.6 Tulu\u00fcrituste, koolituste ja \u00fchisprojektide ja konverentside korraldamine EPKA liikmetele ja huvilistele.<\/p>\n<p>3.7 Erialase kirjanduse ja e-v\u00e4ljaannete ning artiklite kirjastamine, mis toetab ja edendab EPKA p\u00f5hikirjalist tegevust.<\/p>\n<p>3.8 Konstell\u00f6\u00f6ride ja klientide huve kaitsva kovisiooni- ja supervisiooniprotsessi korraldamine koosk\u00f5las eetika ja kutsen\u00f5uetega.<\/p>\n<p>3.9 Konstellatsioonialaste ideede ja huvigruppide kokku viimine.<\/p>\n<p>3.10 Konstell\u00f6\u00f6ri kutsevastavuse hindamine ja kutse omistamine ning m\u00f5juvatel p\u00f5hjustel kutse \u00e4rav\u00f5tmine ning selleks vajaliku kutsekomisjoni moodustamine ja kokku kutsumine.<\/p>\n<p>3.11 Konstell\u00f6\u00f6ride kutse-eetika-alaste n\u00f5uete v\u00e4ljat\u00f6\u00f6tamine ja selle-alaste k\u00fcsimuste lahendamine ja sellega seotud professionaalsete v\u00e4\u00e4rtuste ning eetilise taseme hoidmine.<\/p>\n<p>3.11.1 Kutse-eetika-alaste k\u00fcsimuste lahendamiseks ja k\u00e4sitlemiseks luuakse Eetikakomisjon, kelle poole v\u00f5ib p\u00f6\u00f6rduda nii konstell\u00f6\u00f6r kui konstellatsiooni klient.<\/p>\n<p>3.11.2 Eetikakomisjon kujundab oma seisukoha l\u00e4htudes eetilisest ja professionaalsest vaatenurgast nii kliendist kui terapeudist l\u00e4htuvalt. Kui komisjon j\u00f5uab j\u00e4reldusele, et konstellatsiooniprotsess on olnud puudulik v\u00f5i osalisi kahjustav, on komisjonil \u00f5igus pakkuda osalistele juhtumi k\u00e4sitlust supervisiooni korras. Supervisiooniprotsessi eesm\u00e4rgiks on osutada juhtumi osalistele vajalikku tuge ja abi leidmaks pooltele sobivaid lahendusi.<\/p>\n<p>3.11.3 Spetsialisti koost\u00f6\u00f6st keeldumise korral j\u00e4tab eetikakomisjon endale \u00f5iguse avalikustada oma seisukohad ja juhtumianal\u00fc\u00fcs sellise \u00fcldistusastmega, kus ei ole v\u00f5imalik tuvastada asjaosalisi.<\/p>\n<p>4 EPKA LIIKMESKOND, SELLE \u00d5IGUSED JA KOHUSTUSED<\/p>\n<p>4.1 EPKA liikmeteks v\u00f5ivad olla professionaalsed konstell\u00f6\u00f6rid, terapeudid, n\u00f5ustajad. Samuti k\u00f5ik inimesed, kes huvituvad eri liiki konstellatsioonidest, ps\u00fchholoogiast ja vaimsest tervisest. Liikmeks astuda soovijad omavad arvestataval m\u00e4\u00e4ral teadmisi EPKA tegevusvaldkonnas ja\/v\u00f5i t\u00f6\u00f6tavad sellega seotud alal.<\/p>\n<p>4.2 EPKA liikmelisuse liigid on tegevliige, toetajaliige ja auliige.<\/p>\n<p>4.2.1 Tegevliikmeks v\u00f5ivad olla sertifitseeritud konstell\u00f6\u00f6rid<\/p>\n<p>4.2.2 Toetajaliikmeks v\u00f5ivad olla konstellatsiooni\u00f5ppe tudengid kuni sertifitseerimiseni, lisaks f\u00fc\u00fcsilised, kes toetavad \u00fchingut oma tegevusega. Toetajaliikmetel on ettepanekute ja s\u00f5nav\u00f5tu \u00f5igus, kuid nad ei oma h\u00e4\u00e4le\u00f5igust.<\/p>\n<p>4.2.3 Auliikmeks v\u00f5ivad olla isikud, kellel on olulisi teeneid konstellatsioonivaldkonna edendamisel Eestis v\u00f5i mujal maailmas. \u00dchingu auliige valitakse \u00fchingu \u00fcldkoosolekul lahtisel h\u00e4\u00e4letusel lihth\u00e4\u00e4lteenamusega. Auliikmed on vabastatud liikmemaksust.<\/p>\n<p>4.3 EPKA liikmeks vastuv\u00f5tmise, liikmesuse peatumise ja v\u00e4ljaarvamise otsustab EPKA juhatus. Liikmeks astujal on vaja \u00fche\u00a0 EPKA liikme soovitust. Juhatus v\u00f5ib k\u00fcsida t\u00e4iendavat informatsiooni CV, sertifikaatide v\u00f5i muu professionaalset taset t\u00f5endava materjali n\u00e4ol nii liikmeks astujalt kui soovitajatelt. Liikmelisus hakkab kehtima peale juhatuse otsust liikmeks vastuv\u00f5tmise kohta ja liikmemaksu tasumist jooksva aasta eest t\u00e4ies mahus.<\/p>\n<p>4.4 EPKA juhatusel on \u00f5igus liikmesus l\u00f5petada kui liikmel on EPKA ees muid v\u00f5lgnevusi, ta kahjustab EPKA mainet v\u00f5i tegevust, rikub korduvalt EPKA P\u00f5hikirja v\u00f5i Eetikakoodeksit v\u00f5i on esitanud vastuv\u00f5tmisel teadlikult eba\u00f5iged andmed.<\/p>\n<p>4.5 EPKA liikme staatus t\u00f5stab konstell\u00f6\u00f6ri usaldusv\u00e4\u00e4rsust, pakub soodustusi EPKA poolt korraldatavatel \u00fcritustel ja organiseeritud s\u00fcndmustel, v\u00f5imaldab tihedamat koost\u00f6\u00f6d ning arengut oma ala spetsialistidele, suurendab kaasatust erialastesse \u00fchisprojektidesse, v\u00f5imaldab kasutada EPKA reklaamikanaleid suurendamaks professionaalset tuntust.<\/p>\n<p>4.6 EPKA k\u00f5igil liikmetel on \u00f5igus osa v\u00f5tta \u00fchingu tegevustest vastavalt p\u00f5hikirjale, olla informeeritud \u00fchingu kogu tegevusest, kasutada k\u00f5iki \u00fchingu poolt liikmetele v\u00f5imaldatavaid soodustusi, kasutada juhatuse poolt kehtestatud korras \u00fchingu vara, esitada EPKA juhtorganitele arutamiseks EPKA tegevust puudutavaid ettepanekuid, osaleda esitatud ettepanekute arutlustes, peatada oma liikmesus, pikemaajalise v\u00e4lismaal viibimise, ajutise aktiivsest tegevusest eemaldumise t\u00f5ttu v\u00f5i muudel isiklikel p\u00f5hjustel (tervislikud, perekondlikud, t\u00f6\u00f6alased) teavitades sellest EPKA juhatust kirjalikult taasesitamist v\u00f5imaldavas vormis; igal ajal vabalt v\u00e4lja astuda EPKA -st teavitades EPKA juhatust sellest kirjalikult taasesitamist v\u00f5imaldavas vormis.<\/p>\n<p>4.7 Lisaks Punktis 4.6 loetletud \u00f5igustele on tegevliikmetel ja auliikmetel \u00f5igus h\u00e4\u00e4letada \u00fcldkoosolekul, valida ja olla valitud k\u00f5igisse \u00fchingu organitesse, algatada p\u00f5hikirja muudatusi.<\/p>\n<p>4.8 EPKA liikmelisus ei ole v\u00f5rdsustatav konstellatsioonide teostamise \u00f5igusega isikute puhul, kellel puudub vastav p\u00e4devus v\u00f5i sertifikaat.<\/p>\n<p>4.9 EPKA liikmed on kohustatud j\u00e4rgima \u00fchingu eesm\u00e4rke, p\u00f5hikirja ja EPKA eetikakoodeksit ning konstell\u00f6\u00f6ri kutsen\u00f5udeid; tasuma sisseastumis- ja liikmemaksu; tegutsema ja k\u00e4ituma viisil, mis ei kahjusta EPKA huve ja konstellatsiooni mainet;<\/p>\n<p>4.10 EPKA programmides ja projektides osaledes t\u00e4itma n\u00f5uetekohaselt vastavat aruandluskohustust ning esitama n\u00f5utud kuludokumendid. EPKA liikmed kannavad vastutust oma tegutsemisega EPKA-le tekitatud kahju eest vastavalt Eesti Vabariigi seadustes etten\u00e4htud alustele.<\/p>\n<p>4.11 \u00a0\u00dchingu liige peab iga-aastaselt esitatud arve alusel \u00a0tasuma liikmemaksu, mille suuruse m\u00e4\u00e4rab \u00dchingu \u00fcldkoosolek. EPKA liikme \u00f5igused, sealhulgas h\u00e4\u00e4le\u00f5igus, peatuvad v\u00f5i l\u00f5pevad, kui ta pole jooksva aasta korralise \u00fcldkoosoleku alguseks tasunud liikmemaksu. Liige, kes pole tasunud kahel j\u00e4rjestikusel aasta liikmemaksu v\u00f5i kellele pole juhatuse otsusega antud tasumiseks lisat\u00e4htaega, arvatakse liikmeskonnast v\u00e4lja. Liikmemaksu v\u00e4ljaarvatavale v\u00f5i lahkuvale liikmele ei tagastata.<\/p>\n<p>5 EPKA VARA JA KULUD<\/p>\n<p>5.1 EPKA vara moodustub<\/p>\n<p>5.1.1 sisseastumis- ja iga-aastastest liikmemaksudest, mille tasumise korra ja suuruse m\u00e4\u00e4rab juhatus;<\/p>\n<p>5.1.2 toetustest, eraldistest, annetustest ja muudest sihtotstarbelistest v\u00f5i sihtotstarbeta laekumistest;<\/p>\n<p>5.1.3 p\u00f5hikirjaliste eesm\u00e4rkide saavutamiseks loodud tasuliste teenuste osutamisest;<\/p>\n<p>5.1.4 \u00fchingu v\u00e4ljaannete kirjastamisest ning levitamisest saadud tuludest.<\/p>\n<p>5.2 EPKA v\u00f5ib luua p\u00f5hikirjaliste eesm\u00e4rkide t\u00e4itmiseks sihtotstarbelisi fonde:<\/p>\n<p>5.2.1 nimeliste stipendiumide maksmiseks;<\/p>\n<p>5.2.2 ideekonkursside korraldamiseks ja auhindade maksmiseks;<\/p>\n<p>5.2.3 uuringute, arendust\u00f6\u00f6de ja ekspertiiside finantseerimiseks;<\/p>\n<p>5.2.4 n\u00f5upidamiste ja muude \u00fcrituste korraldamiseks ning rahaliseks toetamiseks.<\/p>\n<p>5.3 EPKA kasutab oma vara \u00fcksnes p\u00f5hikirjaliste eesm\u00e4rkide saavutamiseks.<\/p>\n<p>6 EPKA JUHTIMINE<\/p>\n<p>6.1 EPKA k\u00f5rgeim juhtimisorgan on EPKA liikmete \u00fcldkoosolek.<\/p>\n<p>6.1.1 Korralise \u00fcldkoosoleku kutsub juhatus kokku \u00fcks kord aastas. Erakorraline \u00fcldkoosolek kutsutakse kokku vastavalt vajadusele.<\/p>\n<p>6.1.2 EPKA liikmetele teatatakse \u00fcldkoosoleku kokkukutsumisest v\u00e4hemalt \u00fcks kuu ette. Liikmete ettepanekud \u00fcldkoosoleku p\u00e4evakorra t\u00e4iendamise suhtes, sh kandidaatide esitamine juhtorganitesse, esitatakse juhatusele kirjalikult v\u00e4hemalt \u00fcks n\u00e4dal enne \u00fcldkoosolekut.<\/p>\n<p>6.1.3 \u00dcldkoosoleku p\u00e4devusse kuulub p\u00f5hikirja muutmine; juhatuse liikmete m\u00e4\u00e4ramine ja tagasikutsumine; volinike valimine ja tagasikutsumine; juhatuse v\u00f5i muu p\u00f5hikirjaga etten\u00e4htud organi liikmega tehingu tegemise otsustamine, tehingu tingimuste m\u00e4\u00e4ramine, \u00f5igusvaidluse pidamise otsustamine ning selles tehingus v\u00f5i vaidluses mittetulundus\u00fchingu esindaja m\u00e4\u00e4ramine; kutse-, eetika- ja revisjonikomisjoni koosseisu m\u00e4\u00e4ramine, majandusaasta aruande kinnitamine; EPKA l\u00f5petamise, \u00fchinemise ja jagunemise otsustamine.<\/p>\n<p>6.2 \u00dcldkoosolek on otsustusv\u00f5imeline, kui kohal v\u00f5i volikirja alusel on esindatuid v\u00e4hemalt 50 protsenti liikmetest. Igal EPKA tegevliikmel on h\u00e4\u00e4letamisel \u00fcks h\u00e4\u00e4l. Otsus loetakse langetatuks, kui selle poolt h\u00e4\u00e4letab \u00fcle 50 protsendi koosolekule registreerunud tegevliikmetest.<\/p>\n<p>Juhul, kui \u00fcldkoosolek ei ole otsustusv\u00f5imeline, kutsub juhatus \u00fche kuu jooksul kokku kordus\u00fcldkoosoleku, mille otsus loetakse langetatuks, kui selle poolt h\u00e4\u00e4letab 50 protsenti pluss \u00fcks tegevliige. Kordus\u00fcldkoosolek on otsustusv\u00f5imeline s\u00f5ltumata koosolekul osalevate liikmete arvust.<\/p>\n<p>6.3 EPKA \u00fcldkoosolek valib juhatuse kolmeks kuni viieks aastaks.<\/p>\n<p>6.3.1 Juhatusse kuulub 3 kuni 5 inimest.<\/p>\n<p>6.3.2 Juhatus valib EPKA juhatuse esimehe ja aseesimehe, kes juhatuse t\u00f6\u00f6perioodi jooksul koordineerivad juhatuse t\u00f6\u00f6d.<\/p>\n<p>6.3.3 EPKA juhatuse esimees kutsub kokku juhatuse koosolekuid ja juhatab neid, esindab EPKA-t suhetes teiste juriidiliste ja f\u00fc\u00fcsiliste isikutega; s\u00f5lmib EPKA nimel p\u00f5hikirjaga koosk\u00f5las olevaid kokkuleppeid, lepinguid ja tehinguid ning annab volitusi tehingute sooritamiseks.<\/p>\n<p>6.3.4 EPKA juhatus peab istungeid v\u00e4hemalt kord kvartalis v\u00f5i vastavalt vajadusele.<\/p>\n<p>6.3.5 EPKA juhatus on otsustusv\u00f5imeline, kui kohal on v\u00e4hemalt pool selle liikmetest. Otsused v\u00f5etakse vastu lihth\u00e4\u00e4lteenamusega.<\/p>\n<p>6.3.6 EPKA juhatus vastutab strateegia v\u00e4ljat\u00f6\u00f6tamise koordineerimise eest.<\/p>\n<p>6.4 EPKA tegevuse koordineerimiseks v\u00f5ib palgata direktori, kes juhib EPKA jooksvat t\u00f6\u00f6d ja vastutab talle pandud \u00fclesannete t\u00e4itmise eest. Direktor esindab EPKAt suhetes teiste juriidiliste ja f\u00fc\u00fcsiliste isikutega, s\u00f5lmib Lepinguid EPKA nimel, t\u00e4idab ja viib ellu juhatuse ja \u00fcldkoosoleku otsuseid, valmistab ette juhatuses ja \u00fcldkoosolekul arutusele tulevaid k\u00fcsimusi, seab sisse raamatupidamisarvestuse ning korraldab riigi- ja kohalikku eelarvesse maksude tasumise. Direktori m\u00e4\u00e4ramise ja tema t\u00f6\u00f6tasu suuruse kinnitab \u00fcldkoosolek.<\/p>\n<p>7 FINANTSTEGEVUSE KONTROLLIMINE<\/p>\n<p>7.1 EPKA \u00fcldkoosolek valib vajadusel revisjonikomisjoni v\u00f5i revidendi EPKA finantstegevuse kontrollimiseks.<\/p>\n<p>8 EPKA TEGEVUSE REORGANISEERIMINE JA L\u00d5PETAMINE<\/p>\n<p>8.1 EPKA \u00fchinemine, jagunemine ja likvideerimine toimuvad seaduses etten\u00e4htud korras.<\/p>\n<p>8.2 EPKA tegevuse l\u00f5petab liikmete \u00fcldkoosolek juhul, kui EPKA \u00fclesannete t\u00e4itmine osutub<\/p>\n<p>v\u00f5imatuks, majanduslik olukord ei v\u00f5imalda tegevust j\u00e4tkata v\u00f5i selleks on esitatud revisjonikomisjoni p\u00f5hjendatud n\u00f5ue.<\/p>\n<p>8.3 EPKA tegevuse l\u00f5petamiseks on vaja kahte kolmandikku k\u00f5igist EPKA \u00fcldkoosolekul osalenud liikmete h\u00e4\u00e4ltest.<\/p>\n<p>8.4 EPKA tegevus l\u00f5petatakse, kui liikmeid on j\u00e4\u00e4nud alla viie.<\/p>\n<p>8.5 EPKA tegevuse l\u00f5petamise otsuse langetamisel valib \u00fcldkoosolek likvideerija(d).<\/p>\n<p>8.6 K\u00f5igis k\u00fcsimustes, mida pole EPKA p\u00f5hikirjaga ette n\u00e4htud, kohaldatakse EV seadusandluses s\u00e4testatud.<\/p>\n<p>8.7 \u00dchingu tegevuse l\u00f5petamise korral antakse vara \u00fcle tulumaksusoodustusega mittetulundus\u00fchingute ja sihtasutuste ning sarnase eesm\u00e4rgiga organisatsioonile v\u00f5i avalik\u00f5iguslikule juriidilisele isikule.<\/p>\n\r\n\t<div class=\"clearboth\"><\/div>\r\n<\/div>\r\n\r\n\t<\/div>\r\n<\/div>\r\n\t<\/div>\r\n\n<\/div>","protected":false},"excerpt":{"rendered":"EESTI PROFESSIONAALSETE KONSTELL\u00d6\u00d6RIDE ASSOTSIATSIOON P\u00d5HIKIRI Kinnitatud asutamiskoosolekul 27.12. 2017. aastal. Muudetud \u00fcldkoosoleku otsusega 28.09.2018 Muudetud \u00fcldkoosoleku otsusega 29.10.2020 Muudetud \u00fcldkoosoleku otsusega 21.10.2021 1 \u00dcLDS\u00c4TTED 1.1 Mittetulundus\u00fching (MT\u00dc) Eesti Professionaalsete Konstell\u00f6\u00f6ride Assotsiatsioon (EPKA) on Eesti konstell\u00f6\u00f6re \u00fchendav vabatahtlikel alustel tegutsev \u00fching. 1.2 EPKA ametlik nimi on eesti keeles \u2013 Mittetulundus\u00fching Eesti Professionaalsete Konstell\u00f6\u00f6ride Assotsiatsioon; inglise keeles [...]","protected":false},"author":1,"featured_media":0,"parent":0,"menu_order":0,"comment_status":"closed","ping_status":"closed","template":"","meta":{"footnotes":""},"class_list":["post-5409","page","type-page","status-publish","hentry"],"yoast_head":"<!-- This site is optimized with the Yoast SEO plugin v27.3 - https:\/\/yoast.com\/product\/yoast-seo-wordpress\/ -->\n<title>P\u00f5hikiri - EPKA<\/title>\n<meta name=\"robots\" content=\"index, follow, max-snippet:-1, max-image-preview:large, max-video-preview:-1\" \/>\n<link rel=\"canonical\" href=\"http:\/\/epkaest.com\/ru\/pohikiri\/\" \/>\n<meta property=\"og:locale\" content=\"ru_RU\" \/>\n<meta property=\"og:type\" content=\"article\" \/>\n<meta property=\"og:title\" content=\"P\u00f5hikiri - EPKA\" \/>\n<meta property=\"og:url\" content=\"http:\/\/epkaest.com\/ru\/pohikiri\/\" \/>\n<meta property=\"og:site_name\" content=\"EPKA\" \/>\n<meta property=\"article:publisher\" content=\"https:\/\/www.facebook.com\/groups\/2130012653729614\/\" \/>\n<meta property=\"article:modified_time\" content=\"2023-04-09T08:30:32+00:00\" \/>\n<meta name=\"twitter:card\" content=\"summary_large_image\" \/>\n<meta name=\"twitter:label1\" content=\"\u041f\u0440\u0438\u043c\u0435\u0440\u043d\u043e\u0435 \u0432\u0440\u0435\u043c\u044f \u0434\u043b\u044f \u0447\u0442\u0435\u043d\u0438\u044f\" \/>\n\t<meta name=\"twitter:data1\" content=\"3 \u043c\u0438\u043d\u0443\u0442\u044b\" \/>\n<script type=\"application\/ld+json\" class=\"yoast-schema-graph\">{\"@context\":\"https:\\\/\\\/schema.org\",\"@graph\":[{\"@type\":\"WebPage\",\"@id\":\"http:\\\/\\\/epkaest.com\\\/pohikiri\\\/\",\"url\":\"http:\\\/\\\/epkaest.com\\\/pohikiri\\\/\",\"name\":\"P\u00f5hikiri - EPKA\",\"isPartOf\":{\"@id\":\"http:\\\/\\\/epkaest.com\\\/ru\\\/#website\"},\"datePublished\":\"2020-06-08T16:45:15+00:00\",\"dateModified\":\"2023-04-09T08:30:32+00:00\",\"breadcrumb\":{\"@id\":\"http:\\\/\\\/epkaest.com\\\/pohikiri\\\/#breadcrumb\"},\"inLanguage\":\"ru-RU\",\"potentialAction\":[{\"@type\":\"ReadAction\",\"target\":[\"http:\\\/\\\/epkaest.com\\\/pohikiri\\\/\"]}]},{\"@type\":\"BreadcrumbList\",\"@id\":\"http:\\\/\\\/epkaest.com\\\/pohikiri\\\/#breadcrumb\",\"itemListElement\":[{\"@type\":\"ListItem\",\"position\":1,\"name\":\"Home\",\"item\":\"http:\\\/\\\/epkaest.com\\\/ru\\\/\"},{\"@type\":\"ListItem\",\"position\":2,\"name\":\"P\u00f5hikiri\"}]},{\"@type\":\"WebSite\",\"@id\":\"http:\\\/\\\/epkaest.com\\\/ru\\\/#website\",\"url\":\"http:\\\/\\\/epkaest.com\\\/ru\\\/\",\"name\":\"EPKA\",\"description\":\"Eesti Professionaalsete Konstell\u00f6\u00f6ride Assotsiatsioon\",\"publisher\":{\"@id\":\"http:\\\/\\\/epkaest.com\\\/ru\\\/#organization\"},\"potentialAction\":[{\"@type\":\"SearchAction\",\"target\":{\"@type\":\"EntryPoint\",\"urlTemplate\":\"http:\\\/\\\/epkaest.com\\\/ru\\\/?s={search_term_string}\"},\"query-input\":{\"@type\":\"PropertyValueSpecification\",\"valueRequired\":true,\"valueName\":\"search_term_string\"}}],\"inLanguage\":\"ru-RU\"},{\"@type\":\"Organization\",\"@id\":\"http:\\\/\\\/epkaest.com\\\/ru\\\/#organization\",\"name\":\"Eesti Professionaalsete Konstell\u00f6\u00f6ride Assotsiatsioon\",\"url\":\"http:\\\/\\\/epkaest.com\\\/ru\\\/\",\"logo\":{\"@type\":\"ImageObject\",\"inLanguage\":\"ru-RU\",\"@id\":\"http:\\\/\\\/epkaest.com\\\/ru\\\/#\\\/schema\\\/logo\\\/image\\\/\",\"url\":\"http:\\\/\\\/epkaest.com\\\/wp-content\\\/uploads\\\/2020\\\/08\\\/logo.png\",\"contentUrl\":\"http:\\\/\\\/epkaest.com\\\/wp-content\\\/uploads\\\/2020\\\/08\\\/logo.png\",\"width\":448,\"height\":214,\"caption\":\"Eesti Professionaalsete Konstell\u00f6\u00f6ride Assotsiatsioon\"},\"image\":{\"@id\":\"http:\\\/\\\/epkaest.com\\\/ru\\\/#\\\/schema\\\/logo\\\/image\\\/\"},\"sameAs\":[\"https:\\\/\\\/www.facebook.com\\\/groups\\\/2130012653729614\\\/\"]}]}<\/script>\n<!-- \/ Yoast SEO plugin. -->","yoast_head_json":{"title":"P\u00f5hikiri - EPKA","robots":{"index":"index","follow":"follow","max-snippet":"max-snippet:-1","max-image-preview":"max-image-preview:large","max-video-preview":"max-video-preview:-1"},"canonical":"http:\/\/epkaest.com\/ru\/pohikiri\/","og_locale":"ru_RU","og_type":"article","og_title":"P\u00f5hikiri - EPKA","og_url":"http:\/\/epkaest.com\/ru\/pohikiri\/","og_site_name":"EPKA","article_publisher":"https:\/\/www.facebook.com\/groups\/2130012653729614\/","article_modified_time":"2023-04-09T08:30:32+00:00","twitter_card":"summary_large_image","twitter_misc":{"\u041f\u0440\u0438\u043c\u0435\u0440\u043d\u043e\u0435 \u0432\u0440\u0435\u043c\u044f \u0434\u043b\u044f \u0447\u0442\u0435\u043d\u0438\u044f":"3 \u043c\u0438\u043d\u0443\u0442\u044b"},"schema":{"@context":"https:\/\/schema.org","@graph":[{"@type":"WebPage","@id":"http:\/\/epkaest.com\/pohikiri\/","url":"http:\/\/epkaest.com\/pohikiri\/","name":"P\u00f5hikiri - EPKA","isPartOf":{"@id":"http:\/\/epkaest.com\/ru\/#website"},"datePublished":"2020-06-08T16:45:15+00:00","dateModified":"2023-04-09T08:30:32+00:00","breadcrumb":{"@id":"http:\/\/epkaest.com\/pohikiri\/#breadcrumb"},"inLanguage":"ru-RU","potentialAction":[{"@type":"ReadAction","target":["http:\/\/epkaest.com\/pohikiri\/"]}]},{"@type":"BreadcrumbList","@id":"http:\/\/epkaest.com\/pohikiri\/#breadcrumb","itemListElement":[{"@type":"ListItem","position":1,"name":"Home","item":"http:\/\/epkaest.com\/ru\/"},{"@type":"ListItem","position":2,"name":"P\u00f5hikiri"}]},{"@type":"WebSite","@id":"http:\/\/epkaest.com\/ru\/#website","url":"http:\/\/epkaest.com\/ru\/","name":"\u042d\u041f\u041a\u0410","description":"Eesti Professionaalsete Konstell\u00f6\u00f6ride Assotsiatsioon","publisher":{"@id":"http:\/\/epkaest.com\/ru\/#organization"},"potentialAction":[{"@type":"SearchAction","target":{"@type":"EntryPoint","urlTemplate":"http:\/\/epkaest.com\/ru\/?s={search_term_string}"},"query-input":{"@type":"PropertyValueSpecification","valueRequired":true,"valueName":"search_term_string"}}],"inLanguage":"ru-RU"},{"@type":"Organization","@id":"http:\/\/epkaest.com\/ru\/#organization","name":"Eesti Professionaalsete Konstell\u00f6\u00f6ride Assotsiatsioon","url":"http:\/\/epkaest.com\/ru\/","logo":{"@type":"ImageObject","inLanguage":"ru-RU","@id":"http:\/\/epkaest.com\/ru\/#\/schema\/logo\/image\/","url":"http:\/\/epkaest.com\/wp-content\/uploads\/2020\/08\/logo.png","contentUrl":"http:\/\/epkaest.com\/wp-content\/uploads\/2020\/08\/logo.png","width":448,"height":214,"caption":"Eesti Professionaalsete Konstell\u00f6\u00f6ride Assotsiatsioon"},"image":{"@id":"http:\/\/epkaest.com\/ru\/#\/schema\/logo\/image\/"},"sameAs":["https:\/\/www.facebook.com\/groups\/2130012653729614\/"]}]}},"_links":{"self":[{"href":"http:\/\/epkaest.com\/ru\/wp-json\/wp\/v2\/pages\/5409","targetHints":{"allow":["GET"]}}],"collection":[{"href":"http:\/\/epkaest.com\/ru\/wp-json\/wp\/v2\/pages"}],"about":[{"href":"http:\/\/epkaest.com\/ru\/wp-json\/wp\/v2\/types\/page"}],"author":[{"embeddable":true,"href":"http:\/\/epkaest.com\/ru\/wp-json\/wp\/v2\/users\/1"}],"replies":[{"embeddable":true,"href":"http:\/\/epkaest.com\/ru\/wp-json\/wp\/v2\/comments?post=5409"}],"version-history":[{"count":5,"href":"http:\/\/epkaest.com\/ru\/wp-json\/wp\/v2\/pages\/5409\/revisions"}],"predecessor-version":[{"id":6841,"href":"http:\/\/epkaest.com\/ru\/wp-json\/wp\/v2\/pages\/5409\/revisions\/6841"}],"wp:attachment":[{"href":"http:\/\/epkaest.com\/ru\/wp-json\/wp\/v2\/media?parent=5409"}],"curies":[{"name":"wp","href":"https:\/\/api.w.org\/{rel}","templated":true}]}}