{"id":5411,"date":"2020-06-08T16:45:55","date_gmt":"2020-06-08T16:45:55","guid":{"rendered":"http:\/\/epkaest.com\/?page_id=5411"},"modified":"2025-10-18T17:06:07","modified_gmt":"2025-10-18T17:06:07","slug":"liikmed","status":"publish","type":"page","link":"http:\/\/epkaest.com\/ru\/liikmed\/","title":{"rendered":"\u0423\u0447\u0430\u0441\u0442\u043d\u0438\u043a\u0438"},"content":{"rendered":"<div class=\"wpb-content-wrapper\">\r\n<div  data-mk-stretch-content=\"true\" class=\"wpb_row vc_row vc_row-fluid jupiter-donut- mk-fullwidth-false  attched-false     js-master-row  mk-grid\">\r\n\t\t\t\t\r\n<div class=\"vc_col-sm-12 wpb_column column_container  jupiter-donut- _ jupiter-donut-height-full\">\r\n\t\t<div class=\"vc_custom_1753705070911\">\r\n\r\n<div id=\"text-block-2\" class=\"mk-text-block  jupiter-donut-\">\r\n\r\n\t\r\n\t<h4><strong>EPKA nimekiri 28.07.2025<\/strong><\/h4>\n\r\n\t<div class=\"clearboth\"><\/div>\r\n<\/div>\r\n\r\n\t<\/div>\r\n\r\n<div class=\"mk-fancy-table table-style1  jupiter-donut-\">\r\n\r\n\t\r\n\t\n<table dir=\"ltr\" border=\"1\" cellspacing=\"0\" cellpadding=\"0\" data-sheets-root=\"1\" data-sheets-baot=\"1\">\n<colgroup>\n<col width=\"100\" \/>\n<col width=\"100\" \/>\n<col width=\"100\" \/><\/colgroup>\n<tbody>\n<tr>\n<td><\/td>\n<td><\/td>\n<td><\/td>\n<\/tr>\n<tr>\n<td>An\u017eelika Lensment<\/td>\n<td>anzelika.lensment@gmail.com<\/td>\n<td>tegevliige<\/td>\n<\/tr>\n<tr>\n<td>Alice Raidma<\/td>\n<td>alice.raidma@gmail.com<\/td>\n<td>tegevliige<\/td>\n<\/tr>\n<tr>\n<td>Alla Raudsepp<\/td>\n<td>alla@neti.ee<\/td>\n<td>tegevliige<\/td>\n<\/tr>\n<tr>\n<td>Anne \u00d5uemaa<\/td>\n<td>anne.ouemaa@gmail.com<\/td>\n<td>tegevliige<\/td>\n<\/tr>\n<tr>\n<td>Annely Peetsalu<\/td>\n<td>annely.peetsalu@gmail.com<\/td>\n<td>toetajaliige<\/td>\n<\/tr>\n<tr>\n<td>Anu Stamberg<\/td>\n<td>anu.stamberg@gmail.com<\/td>\n<td>toetajaliige<\/td>\n<\/tr>\n<tr>\n<td>Avo Kruuse<\/td>\n<td>avokruuse@gmail.com<\/td>\n<td>tegevliige<\/td>\n<\/tr>\n<tr>\n<td>Birgit Aasm\u00e4e<\/td>\n<td>Birgit.aasmae@emu.ee<\/td>\n<td>tegevliige<\/td>\n<\/tr>\n<tr>\n<td>B\u00e4rbel Luhari-Err<\/td>\n<td>barbel.luhari@gmail.com<\/td>\n<td>tegevliige<\/td>\n<\/tr>\n<tr>\n<td>Diana M\u00e4gi<\/td>\n<td>diana.magi@gmail.com<\/td>\n<td>tegevliige<\/td>\n<\/tr>\n<tr>\n<td>Eda Konts<\/td>\n<td>edakonts@gmail.com<\/td>\n<td>toetajaliige<\/td>\n<\/tr>\n<tr>\n<td>Eda Sarv<\/td>\n<td>edasarv@gmail.com<\/td>\n<td>toetajaliige<\/td>\n<\/tr>\n<tr>\n<td>Elo Tuppits<\/td>\n<td>elo.tuppits@gmail.com<\/td>\n<td>tegevliige<\/td>\n<\/tr>\n<tr>\n<td>Ene Ahas<\/td>\n<td>ene.ahas@ahas.ee<\/td>\n<td>tegevliige<\/td>\n<\/tr>\n<tr>\n<td>Erica J\u00e4rv<\/td>\n<td>ericajarv@gmail.com<\/td>\n<td>tegevliige<\/td>\n<\/tr>\n<tr>\n<td>Evely Jaave- Eevel<\/td>\n<td>karlmaasikas@hot.ee<\/td>\n<td>tegevliige<\/td>\n<\/tr>\n<tr>\n<td>Heidi R\u00e4tsep<\/td>\n<td>heidi@caritas.ee<\/td>\n<td>tegevliige<\/td>\n<\/tr>\n<tr>\n<td>Heidy K\u00f5iv<\/td>\n<td>heidyo32@gmail.com<\/td>\n<td>toetajaliige<\/td>\n<\/tr>\n<tr>\n<td>Heldo Korbe<\/td>\n<td>korbeheldo@gmail.com<\/td>\n<td>tegevliige<\/td>\n<\/tr>\n<tr>\n<td>Helena Taska<\/td>\n<td>helenataska@gmail.com<\/td>\n<td>tegevliige<\/td>\n<\/tr>\n<tr>\n<td>Heli London<\/td>\n<td>helilondon@gmail.com<\/td>\n<td>tegevliige<\/td>\n<\/tr>\n<tr>\n<td>Jaana Saar<\/td>\n<td><a class=\"in-cell-link\" href=\"mailto:teraapia@minad.ee\" target=\"_blank\" rel=\"noopener\">teraapia@minad.ee<\/a><\/td>\n<td>tegevliige<\/td>\n<\/tr>\n<tr>\n<td>Jana Einard<\/td>\n<td>jana@nard.ee<\/td>\n<td>tegevliige<\/td>\n<\/tr>\n<tr>\n<td>Jana Loo<\/td>\n<td>janavahter@hotmail.com<\/td>\n<td>tegevliige<\/td>\n<\/tr>\n<tr>\n<td>Janek Lepp<\/td>\n<td>janeklepp@gmail.com<\/td>\n<td>tegevliige<\/td>\n<\/tr>\n<tr>\n<td>Janek Sirg<\/td>\n<td>janek.sirg@gmail.com<\/td>\n<td>tegevliige<\/td>\n<\/tr>\n<tr>\n<td>Janno Perv<\/td>\n<td>jannoperv@gmail.com<\/td>\n<td>tegevliige<\/td>\n<\/tr>\n<tr>\n<td>Jelena Berngard<\/td>\n<td>l-berngard@mail.ru<\/td>\n<td>tegevliige<\/td>\n<\/tr>\n<tr>\n<td>Kaari Ann Ambro<\/td>\n<td>kaari9@hotmail.com<\/td>\n<td>tegevliige<\/td>\n<\/tr>\n<tr>\n<td>Kadi-Maarija Maripuu<\/td>\n<td>kadimaripuu@gmail.com<\/td>\n<td>tegevliige<\/td>\n<\/tr>\n<tr>\n<td>Kadri Varjend<\/td>\n<td>kadrivarjend1@gmail.com<\/td>\n<td>tegevliige<\/td>\n<\/tr>\n<tr>\n<td>Kairi Kuusma<\/td>\n<td>kairi.kuusma@gmail.com<\/td>\n<td>tegevliige<\/td>\n<\/tr>\n<tr>\n<td>Kalmer Kase<\/td>\n<td>jarelvalve@jarelvalve.ee<\/td>\n<td>tegevliige<\/td>\n<\/tr>\n<tr>\n<td>Karin London<\/td>\n<td>tip@tip.ee<\/td>\n<td>tegevliige<\/td>\n<\/tr>\n<tr>\n<td>Katre Plaan<\/td>\n<td>katre.plaan@gmail.com<\/td>\n<td>tegevliige<\/td>\n<\/tr>\n<tr>\n<td>Katri Suurmann<\/td>\n<td>katri.suurmann@gmail.com<\/td>\n<td>tegevliige<\/td>\n<\/tr>\n<tr>\n<td>Katriin Kiisk\u00fcla<\/td>\n<td>katriin@kosmeetikatuba.ee<\/td>\n<td>tegevliige<\/td>\n<\/tr>\n<tr>\n<td>Katrin Juurvee<\/td>\n<td>juurvee@hotmail.com<\/td>\n<td>tegevliige<\/td>\n<\/tr>\n<tr>\n<td>Katrin Oja<\/td>\n<td>katrinoja@online.ee<\/td>\n<td>tegevliige<\/td>\n<\/tr>\n<tr>\n<td>Katrin Vacker<\/td>\n<td>katrin.vacker@gmail.com<\/td>\n<td>tegevliige<\/td>\n<\/tr>\n<tr>\n<td>Kristel Rannamees<\/td>\n<td>kristelrannamees@gmail.com<\/td>\n<td>tegevliige<\/td>\n<\/tr>\n<tr>\n<td>Kristiine Kallas<\/td>\n<td>kristiine.kallaste@gmail.com<\/td>\n<td>tegevliige<\/td>\n<\/tr>\n<tr>\n<td>K\u00e4tlin Pilt<\/td>\n<td>katlin.pilt@gmail.com<\/td>\n<td>toetajaliige<\/td>\n<\/tr>\n<tr>\n<td>K\u00fclle Kadarik<\/td>\n<td>kylle@rumfeld.ee<\/td>\n<td>toetajaliige<\/td>\n<\/tr>\n<tr>\n<td>K\u00fclli Roosi<\/td>\n<td>kyllena@gmail.com<\/td>\n<td>tegevliige<\/td>\n<\/tr>\n<tr>\n<td>K\u00fcllike Lillestik<\/td>\n<td>klillestik@gmail.com<\/td>\n<td>toetajaliige<\/td>\n<\/tr>\n<tr>\n<td>K\u00fclliki Rosenberg<\/td>\n<td>kylliki.rosenberg@gmail.com<\/td>\n<td>toetajaliige<\/td>\n<\/tr>\n<tr>\n<td>Kylliki Neuman<\/td>\n<td>kyllikineuman@gmail.com<\/td>\n<td>toetajaliige<\/td>\n<\/tr>\n<tr>\n<td>Lea S\u00f5mer<\/td>\n<td>Lea.s6mer@gmail.com<\/td>\n<td>tegevliige<\/td>\n<\/tr>\n<tr>\n<td>Lea Vendik<\/td>\n<td>leavendik@gmail.com<\/td>\n<td>tegevliige<\/td>\n<\/tr>\n<tr>\n<td>Ljudmilla \u0160ved<\/td>\n<td>ljuda@srd.ee<\/td>\n<td>tegevliige<\/td>\n<\/tr>\n<tr>\n<td>Madis M\u00e4dam\u00fcrk<\/td>\n<td>madis.vmta@gmail.com<\/td>\n<td>tegevliige<\/td>\n<\/tr>\n<tr>\n<td>Maire Taska<\/td>\n<td>maire@konstellatsioonid.com<\/td>\n<td>tegevliige<\/td>\n<\/tr>\n<tr>\n<td>Maret Beljajeva<\/td>\n<td>maretbel@hot.ee<\/td>\n<td>tegevliige<\/td>\n<\/tr>\n<tr>\n<td>Maret Semjonova<\/td>\n<td>maret151@hotmail.com<\/td>\n<td>toetajaliige<\/td>\n<\/tr>\n<tr>\n<td>Marge Uus<\/td>\n<td>marge.uus1@gmail.com<\/td>\n<td>toetajaliige<\/td>\n<\/tr>\n<tr>\n<td>Mari Pukk<\/td>\n<td><a class=\"in-cell-link\" href=\"mailto:maripukk.teraapia@gmail.com\" target=\"_blank\" rel=\"noopener\">mari@maripukk.ee<\/a><\/td>\n<td>tegevliige<\/td>\n<\/tr>\n<tr>\n<td>Merle Meitus<\/td>\n<td>merle.meitus@gmail.com<\/td>\n<td>tegevliige<\/td>\n<\/tr>\n<tr>\n<td>Merrit Helistve<\/td>\n<td>merrit.helistve@gmail.com<\/td>\n<td>tegevliige<\/td>\n<\/tr>\n<tr>\n<td>Natalia Avikainen<\/td>\n<td>avikainennatalia@gmail.com<\/td>\n<td>toetajaliige<\/td>\n<\/tr>\n<tr>\n<td>Natalja Suhhonenko<\/td>\n<td>natalja.suhhonenko@gmail.com<\/td>\n<td>tegevliige<\/td>\n<\/tr>\n<tr>\n<td>Olga Knjazeva<\/td>\n<td>olgaknjazeva58@gmail.com<\/td>\n<td>tegevliige<\/td>\n<\/tr>\n<tr>\n<td>Olga Merkulova<\/td>\n<td>olasovila@gmail.com<\/td>\n<td>tegevliige<\/td>\n<\/tr>\n<tr>\n<td>Piret Rast<\/td>\n<td>piret@alfalend.ee<\/td>\n<td>toetajaliige<\/td>\n<\/tr>\n<tr>\n<td>Ragnar Kurm<\/td>\n<td>ragnar.kurm@gmail.com<\/td>\n<td>toetajaliige<\/td>\n<\/tr>\n<tr>\n<td>Ranno Saarmann<\/td>\n<td>rannos@hot.ee<\/td>\n<td>tegevliige<\/td>\n<\/tr>\n<tr>\n<td>Rita J\u00f5esaar<\/td>\n<td>rita.joesaar.777@gmail.com<\/td>\n<td>toetajaliige<\/td>\n<\/tr>\n<tr>\n<td>Sergei Zar\u017eitski<\/td>\n<td>grafsergei@mail.ru<\/td>\n<td>tegevliige<\/td>\n<\/tr>\n<tr>\n<td>Signe Keernik<\/td>\n<td>signe.keernik@gmail.com<\/td>\n<td>tegevliige<\/td>\n<\/tr>\n<tr>\n<td>Signe Kiisk<\/td>\n<td>signe@aeternum.ee<\/td>\n<td>toetajaliige<\/td>\n<\/tr>\n<tr>\n<td>Sigrid Vahemets<\/td>\n<td>info@sigrid.ee<\/td>\n<td>tegevliige<\/td>\n<\/tr>\n<tr>\n<td>Siiri Vallim\u00e4e<\/td>\n<td>siirivallimae@hotmail.com<\/td>\n<td>tegevliige<\/td>\n<\/tr>\n<tr>\n<td>Taimi Toman<\/td>\n<td>taimi.toman@gmail.com<\/td>\n<td>toetajaliige<\/td>\n<\/tr>\n<tr>\n<td>Taivo Janson<\/td>\n<td>taivojanson@gmail.com<\/td>\n<td>tegevliige<\/td>\n<\/tr>\n<tr>\n<td>Tarvo Tendal<\/td>\n<td>tarvo@goodwillpartners.ee<\/td>\n<td>tegevliige<\/td>\n<\/tr>\n<tr>\n<td>Terje Palu<\/td>\n<td>paluterje@gmail.com<\/td>\n<td>toetajaliige<\/td>\n<\/tr>\n<tr>\n<td>Terje Spelman<\/td>\n<td>terje218@gmail.com<\/td>\n<td>toetajaliige<\/td>\n<\/tr>\n<tr>\n<td>Tiiu Bolzmann<\/td>\n<td>tiiu.bolzmann@me.com<\/td>\n<td>tegevliige<\/td>\n<\/tr>\n<tr>\n<td>Triin Kadakas<\/td>\n<td>triin.uustalu.jr@gmail.com<\/td>\n<td>toetajaliige<\/td>\n<\/tr>\n<tr>\n<td>Virge V\u00e4rav<\/td>\n<td>virgevarav@gmail.com<\/td>\n<td>toetajaliige<\/td>\n<\/tr>\n<tr>\n<td>\u00d5nne Nummert<\/td>\n<td>qnnemai@gmail.com<\/td>\n<td>tegevliige<\/td>\n<\/tr>\n<tr>\n<td>\u00dclle Leesmaa<\/td>\n<td><a class=\"in-cell-link\" href=\"mailto:info@hingeelutuba.ee\" target=\"_blank\" rel=\"noopener\">info@hingeelutuba.ee<\/a><\/td>\n<td>tegevliige<\/td>\n<\/tr>\n<\/tbody>\n<\/table>\n\r\n<\/div>\r\n<\/div>\r\n\t<\/div>\r\n\n<\/div>","protected":false},"excerpt":{"rendered":"EPKA nimekiri 28.07.2025 An\u017eelika Lensment anzelika.lensment@gmail.com tegevliige Alice Raidma alice.raidma@gmail.com tegevliige Alla Raudsepp alla@neti.ee tegevliige Anne \u00d5uemaa anne.ouemaa@gmail.com tegevliige Annely Peetsalu annely.peetsalu@gmail.com toetajaliige Anu Stamberg anu.stamberg@gmail.com toetajaliige Avo Kruuse avokruuse@gmail.com tegevliige Birgit Aasm\u00e4e Birgit.aasmae@emu.ee tegevliige B\u00e4rbel Luhari-Err barbel.luhari@gmail.com tegevliige Diana M\u00e4gi diana.magi@gmail.com tegevliige Eda Konts edakonts@gmail.com toetajaliige Eda Sarv edasarv@gmail.com toetajaliige Elo Tuppits elo.tuppits@gmail.com tegevliige [...]","protected":false},"author":1,"featured_media":0,"parent":0,"menu_order":0,"comment_status":"closed","ping_status":"closed","template":"","meta":{"footnotes":""},"class_list":["post-5411","page","type-page","status-publish","hentry"],"yoast_head":"<!-- This site is optimized with the Yoast SEO plugin v27.3 - https:\/\/yoast.com\/product\/yoast-seo-wordpress\/ -->\n<title>Liikmed - EPKA<\/title>\n<meta name=\"robots\" content=\"index, follow, max-snippet:-1, max-image-preview:large, max-video-preview:-1\" \/>\n<link rel=\"canonical\" href=\"https:\/\/epkaest.com\/ru\/liikmed\/\" \/>\n<meta property=\"og:locale\" content=\"ru_RU\" \/>\n<meta property=\"og:type\" content=\"article\" \/>\n<meta property=\"og:title\" content=\"Liikmed - EPKA\" \/>\n<meta property=\"og:url\" content=\"https:\/\/epkaest.com\/ru\/liikmed\/\" \/>\n<meta property=\"og:site_name\" content=\"EPKA\" \/>\n<meta property=\"article:publisher\" content=\"https:\/\/www.facebook.com\/groups\/2130012653729614\/\" \/>\n<meta property=\"article:modified_time\" content=\"2025-10-18T17:06:07+00:00\" \/>\n<meta name=\"twitter:card\" content=\"summary_large_image\" \/>\n<meta name=\"twitter:label1\" content=\"\u041f\u0440\u0438\u043c\u0435\u0440\u043d\u043e\u0435 \u0432\u0440\u0435\u043c\u044f \u0434\u043b\u044f \u0447\u0442\u0435\u043d\u0438\u044f\" \/>\n\t<meta name=\"twitter:data1\" content=\"2 \u043c\u0438\u043d\u0443\u0442\u044b\" \/>\n<script type=\"application\/ld+json\" class=\"yoast-schema-graph\">{\"@context\":\"https:\\\/\\\/schema.org\",\"@graph\":[{\"@type\":\"WebPage\",\"@id\":\"https:\\\/\\\/epkaest.com\\\/liikmed\\\/\",\"url\":\"https:\\\/\\\/epkaest.com\\\/liikmed\\\/\",\"name\":\"Liikmed - EPKA\",\"isPartOf\":{\"@id\":\"http:\\\/\\\/epkaest.com\\\/ru\\\/#website\"},\"datePublished\":\"2020-06-08T16:45:55+00:00\",\"dateModified\":\"2025-10-18T17:06:07+00:00\",\"breadcrumb\":{\"@id\":\"https:\\\/\\\/epkaest.com\\\/liikmed\\\/#breadcrumb\"},\"inLanguage\":\"ru-RU\",\"potentialAction\":[{\"@type\":\"ReadAction\",\"target\":[\"https:\\\/\\\/epkaest.com\\\/liikmed\\\/\"]}]},{\"@type\":\"BreadcrumbList\",\"@id\":\"https:\\\/\\\/epkaest.com\\\/liikmed\\\/#breadcrumb\",\"itemListElement\":[{\"@type\":\"ListItem\",\"position\":1,\"name\":\"Home\",\"item\":\"http:\\\/\\\/epkaest.com\\\/ru\\\/\"},{\"@type\":\"ListItem\",\"position\":2,\"name\":\"Liikmed\"}]},{\"@type\":\"WebSite\",\"@id\":\"http:\\\/\\\/epkaest.com\\\/ru\\\/#website\",\"url\":\"http:\\\/\\\/epkaest.com\\\/ru\\\/\",\"name\":\"EPKA\",\"description\":\"Eesti Professionaalsete Konstell\u00f6\u00f6ride Assotsiatsioon\",\"publisher\":{\"@id\":\"http:\\\/\\\/epkaest.com\\\/ru\\\/#organization\"},\"potentialAction\":[{\"@type\":\"SearchAction\",\"target\":{\"@type\":\"EntryPoint\",\"urlTemplate\":\"http:\\\/\\\/epkaest.com\\\/ru\\\/?s={search_term_string}\"},\"query-input\":{\"@type\":\"PropertyValueSpecification\",\"valueRequired\":true,\"valueName\":\"search_term_string\"}}],\"inLanguage\":\"ru-RU\"},{\"@type\":\"Organization\",\"@id\":\"http:\\\/\\\/epkaest.com\\\/ru\\\/#organization\",\"name\":\"Eesti Professionaalsete Konstell\u00f6\u00f6ride Assotsiatsioon\",\"url\":\"http:\\\/\\\/epkaest.com\\\/ru\\\/\",\"logo\":{\"@type\":\"ImageObject\",\"inLanguage\":\"ru-RU\",\"@id\":\"http:\\\/\\\/epkaest.com\\\/ru\\\/#\\\/schema\\\/logo\\\/image\\\/\",\"url\":\"http:\\\/\\\/epkaest.com\\\/wp-content\\\/uploads\\\/2020\\\/08\\\/logo.png\",\"contentUrl\":\"http:\\\/\\\/epkaest.com\\\/wp-content\\\/uploads\\\/2020\\\/08\\\/logo.png\",\"width\":448,\"height\":214,\"caption\":\"Eesti Professionaalsete Konstell\u00f6\u00f6ride Assotsiatsioon\"},\"image\":{\"@id\":\"http:\\\/\\\/epkaest.com\\\/ru\\\/#\\\/schema\\\/logo\\\/image\\\/\"},\"sameAs\":[\"https:\\\/\\\/www.facebook.com\\\/groups\\\/2130012653729614\\\/\"]}]}<\/script>\n<!-- \/ Yoast SEO plugin. -->","yoast_head_json":{"title":"Liikmed - EPKA","robots":{"index":"index","follow":"follow","max-snippet":"max-snippet:-1","max-image-preview":"max-image-preview:large","max-video-preview":"max-video-preview:-1"},"canonical":"https:\/\/epkaest.com\/ru\/liikmed\/","og_locale":"ru_RU","og_type":"article","og_title":"Liikmed - EPKA","og_url":"https:\/\/epkaest.com\/ru\/liikmed\/","og_site_name":"EPKA","article_publisher":"https:\/\/www.facebook.com\/groups\/2130012653729614\/","article_modified_time":"2025-10-18T17:06:07+00:00","twitter_card":"summary_large_image","twitter_misc":{"\u041f\u0440\u0438\u043c\u0435\u0440\u043d\u043e\u0435 \u0432\u0440\u0435\u043c\u044f \u0434\u043b\u044f \u0447\u0442\u0435\u043d\u0438\u044f":"2 \u043c\u0438\u043d\u0443\u0442\u044b"},"schema":{"@context":"https:\/\/schema.org","@graph":[{"@type":"WebPage","@id":"https:\/\/epkaest.com\/liikmed\/","url":"https:\/\/epkaest.com\/liikmed\/","name":"Liikmed - EPKA","isPartOf":{"@id":"http:\/\/epkaest.com\/ru\/#website"},"datePublished":"2020-06-08T16:45:55+00:00","dateModified":"2025-10-18T17:06:07+00:00","breadcrumb":{"@id":"https:\/\/epkaest.com\/liikmed\/#breadcrumb"},"inLanguage":"ru-RU","potentialAction":[{"@type":"ReadAction","target":["https:\/\/epkaest.com\/liikmed\/"]}]},{"@type":"BreadcrumbList","@id":"https:\/\/epkaest.com\/liikmed\/#breadcrumb","itemListElement":[{"@type":"ListItem","position":1,"name":"Home","item":"http:\/\/epkaest.com\/ru\/"},{"@type":"ListItem","position":2,"name":"Liikmed"}]},{"@type":"WebSite","@id":"http:\/\/epkaest.com\/ru\/#website","url":"http:\/\/epkaest.com\/ru\/","name":"\u042d\u041f\u041a\u0410","description":"Eesti Professionaalsete Konstell\u00f6\u00f6ride Assotsiatsioon","publisher":{"@id":"http:\/\/epkaest.com\/ru\/#organization"},"potentialAction":[{"@type":"SearchAction","target":{"@type":"EntryPoint","urlTemplate":"http:\/\/epkaest.com\/ru\/?s={search_term_string}"},"query-input":{"@type":"PropertyValueSpecification","valueRequired":true,"valueName":"search_term_string"}}],"inLanguage":"ru-RU"},{"@type":"Organization","@id":"http:\/\/epkaest.com\/ru\/#organization","name":"Eesti Professionaalsete Konstell\u00f6\u00f6ride Assotsiatsioon","url":"http:\/\/epkaest.com\/ru\/","logo":{"@type":"ImageObject","inLanguage":"ru-RU","@id":"http:\/\/epkaest.com\/ru\/#\/schema\/logo\/image\/","url":"http:\/\/epkaest.com\/wp-content\/uploads\/2020\/08\/logo.png","contentUrl":"http:\/\/epkaest.com\/wp-content\/uploads\/2020\/08\/logo.png","width":448,"height":214,"caption":"Eesti Professionaalsete Konstell\u00f6\u00f6ride Assotsiatsioon"},"image":{"@id":"http:\/\/epkaest.com\/ru\/#\/schema\/logo\/image\/"},"sameAs":["https:\/\/www.facebook.com\/groups\/2130012653729614\/"]}]}},"_links":{"self":[{"href":"http:\/\/epkaest.com\/ru\/wp-json\/wp\/v2\/pages\/5411","targetHints":{"allow":["GET"]}}],"collection":[{"href":"http:\/\/epkaest.com\/ru\/wp-json\/wp\/v2\/pages"}],"about":[{"href":"http:\/\/epkaest.com\/ru\/wp-json\/wp\/v2\/types\/page"}],"author":[{"embeddable":true,"href":"http:\/\/epkaest.com\/ru\/wp-json\/wp\/v2\/users\/1"}],"replies":[{"embeddable":true,"href":"http:\/\/epkaest.com\/ru\/wp-json\/wp\/v2\/comments?post=5411"}],"version-history":[{"count":5,"href":"http:\/\/epkaest.com\/ru\/wp-json\/wp\/v2\/pages\/5411\/revisions"}],"predecessor-version":[{"id":7918,"href":"http:\/\/epkaest.com\/ru\/wp-json\/wp\/v2\/pages\/5411\/revisions\/7918"}],"wp:attachment":[{"href":"http:\/\/epkaest.com\/ru\/wp-json\/wp\/v2\/media?parent=5411"}],"curies":[{"name":"wp","href":"https:\/\/api.w.org\/{rel}","templated":true}]}}