{"id":5483,"date":"2020-07-27T14:05:34","date_gmt":"2020-07-27T14:05:34","guid":{"rendered":"http:\/\/epkaest.com\/?page_id=5483"},"modified":"2023-05-19T18:13:12","modified_gmt":"2023-05-19T18:13:12","slug":"eetikakoodeks","status":"publish","type":"page","link":"http:\/\/epkaest.com\/ru\/eetikakoodeks\/","title":{"rendered":"Eetikakoodeks"},"content":{"rendered":"<p>EESTI PROFESSIONAALSETE KONSTELL\u00d6\u00d6RIDE ASSOTSIATSIOONI EETIKAKOODEKS<\/p>\n<p>1 \u00dcLDS\u00c4TTED<br \/>\n1.1 K\u00e4esolev eetikakoodeks koondab konstell\u00f6\u00f6ride eetika n\u00f5uded ja head tavad.<br \/>\n1.2 Eetikakoodeks kehtib Eesti Professionaalsete Konstell\u00f6\u00f6ride Assotsiatsiooni (edaspidi EPKA) liikmetele. Liikmeks astumine t\u00e4hendab endale vastutuse v\u00f5tmist kirjeldatud eetikaprintsiipide j\u00e4rgimisel.<br \/>\n1.3 EPKA liige osutab teenust klientidele s\u00f5ltumata kliendi enesem\u00e4\u00e4ratlusest v\u00f5i valitud elustiilist. Kui EPKA liige ei saa mingil p\u00f5hjusel teenust osutada, peab ta klienti informeerima teistest teenuse saamise v\u00f5imalustest.<\/p>\n<p>2 PROFESSIONAALNE ARENG<br \/>\n2.1 EPKA liige hoolitseb aktiivselt enda erialase kvalifikatsiooni s\u00e4ilitamise ja t\u00f5stmise eest.<br \/>\n2.2 EPKA liige t\u00e4iendab pidevalt erialaseks t\u00f6\u00f6ks vajalikku p\u00e4devust, eelk\u00f5ige osaledes koolitustel ja kursustel ning arendades pidevalt s\u00fcsteemipraktika valdkonda; ta hoiab end kursis viimaste arengute ja uuringutega.<br \/>\n2.3 EPKA liige s\u00e4ilitab professionaalsuse enda pideva arendamise ja eneseanal\u00fc\u00fcsi kaudu supervisioonis, kovisioonis ja\/v\u00f5i intervisioonis.<\/p>\n<p>3 ISIKLIKUD JA PROFESSIONAALSED PIIRID<br \/>\n3.1 EPKA liige teeb t\u00f6\u00f6d hoole ja vastutustundega. Ta teab ja tunnetab enda professionaalseid piire ja kompetentse ning osutab ainult neid teenuseid, milleks tal on olemas professionaalne kompetents.<br \/>\n3.2 EPKA liige esitab \u00f5igeid andmeid oma kompetentsi, kvalifikatsiooni, v\u00e4lja\u00f5ppe ja kogemuste kohta.<br \/>\n3.3 EPKA liige, kes ei ole konstell\u00f6\u00f6ri v\u00e4lja\u00f5pet l\u00f5petanud (diplomeeritud), on kohustatud informeerima kliente ja grupiliikmeid sellest, mitmendat aastat ta on v\u00e4lja\u00f5ppes v\u00f5i kui palju mooduleid on l\u00e4bitud.<br \/>\n3.4 EPKA liige ei diagnoosi, kuid tunneb \u00e4ra peamised ps\u00fc\u00fchika- ja isiksuseh\u00e4ired ning arvestab kliendi vaimse tervisega oma t\u00f6\u00f6s. EPKA liige ei anna soovitusi, mis j\u00e4\u00e4vad v\u00e4ljapoole tema kompetentsi piire.<br \/>\n3.5 EPKA liige v\u00e4ldib oma t\u00f6\u00f6s direktiivsust ja manipulatsiooni ning arvestab kliendi heaolu, kahjustamata teda omapoolsete n\u00e4gemuste v\u00f5i arusaamadega.<br \/>\n3.6 EPKA liige vastutab enda f\u00fc\u00fcsilise, emotsionaalse, intellektuaalse ja vaimse seisundi eest.<br \/>\n3.7 EPKA liige tagab oma t\u00f6\u00f6s klientide ja grupiliikmetega tervisliku ja turvalise vaimse \u00f5hkkonna.<\/p>\n<p>4 KONFIDENTSIAALSUS<br \/>\n4.1 EPKA liige peab j\u00e4rgima konfidentsiaalsuse p\u00f5him\u00f5tet ja isikuandmete kaitse n\u00f5udeid, austama klientide eraelu ja privaatsust, mitte avaldama kolmandatele isikutele talle usaldatud teavet ning mitte andma moraalset hinnangut kliendi tegevusele ja tunnetele.<br \/>\n4.2 EPKA liige selgitab grupis osalejatele konfidentsiaalsuse ja hinnanguvaba suhtlemise p\u00f5him\u00f5tteid.<br \/>\n4.3 Meedias, koolitusel ja ametialases tegevuses klientide kohta k\u00e4ivat teavet v\u00f5ib kasutada ainult nende kirjalikul n\u00f5usolekul v\u00f5i garanteeritud anon\u00fc\u00fcmsusega.<\/p>\n<p>5 EETIKAKOODEKS KLIENDI V\u00d5I KLIENTIDE SUHTES<br \/>\n5.1 EPKA liige loob kliendiga usaldusv\u00e4\u00e4rse, turvalise ja \u00fcksnes professionaalse suhte. Ta ei tohi kasutada suhet kliendiga omakasup\u00fc\u00fcdlikult oma isiklike, seksuaalsete, religioossete, poliitiliste v\u00f5i muude huvide edendamiseks.<br \/>\n5.2 EPKA liige ei anna lubadusi kliendi ebarealistlikke ootuste korral konstellatsioonit\u00f6\u00f6 tulemuslikkuse osas.<br \/>\n5.3 EPKA liige lepib kliendi ja\/v\u00f5i grupiliikme(te) osalemise, hinna ja tasumise selgelt ja m\u00f5istetavalt kokku enne konstellatsionit\u00f6\u00f6 algust.<br \/>\n5.4 EPKA liikmel on \u00f5igus keelduda kliendisuhtest l\u00e4htudes iseenda p\u00e4devusest, valmisolekust, veendumusest ja sisetundest t\u00f6\u00f6d teha.<br \/>\n5.5 EPKA liige austab kliendi \u00f5igusi ja valikuid ning konsulteerib temaga enne t\u00f6\u00f6 k\u00e4igus saadud teabe avaldamist grupis, eriti kui see on intiimse iseloomuga.<\/p>\n<p>6 EETIKAKOODEKS TEISTE KONSTELL\u00d6\u00d6RIDE, \u00dcHINGU JA AMETKONDADE SUHTES<br \/>\n6.1 EPKA liige suhtub kolleegidesse lugupidavalt. Ta v\u00e4ldib avalikult ja eraviisiliselt halvustavaid m\u00e4rkusi teiste konstell\u00f6\u00f6ride, eestvedajate\/juhtide, teadlaste kohta (jt isikute kohta).<br \/>\n6.2 EPKA liige austab nende spetsialistide panust, kes tulid s\u00fcsteemi varem, j\u00e4rgides hierarhia ja s\u00fcsteemse korra p\u00f5him\u00f5tet. Ta austab s\u00fcsteemi loomiseks kogutud ressursse.<br \/>\n6.3 EPKA liige teeb vajadusel koost\u00f6\u00f6d sarnaste valdkondade spetsialistidega.<\/p>\n<p>7 KOHUSTUSED<br \/>\n7.1 EPKA liikme kohus on j\u00e4rgida ja kaitsta eetikakoodeksi p\u00f5him\u00f5tteid. Kui kellelgi on kahtlus, et \u00fchingukaaslane rikub eetikakoodeksit, juhib ta sellele t\u00e4helepanu ja vajadusel informeerib sellest eetikakomisjoni.<\/p>","protected":false},"excerpt":{"rendered":"<p>EESTI PROFESSIONAALSETE KONSTELL\u00d6\u00d6RIDE ASSOTSIATSIOONI EETIKAKOODEKS 1 \u00dcLDS\u00c4TTED 1.1 K\u00e4esolev eetikakoodeks koondab konstell\u00f6\u00f6ride eetika n\u00f5uded ja head tavad. 1.2 Eetikakoodeks kehtib Eesti Professionaalsete Konstell\u00f6\u00f6ride Assotsiatsiooni (edaspidi EPKA) liikmetele. Liikmeks astumine t\u00e4hendab endale vastutuse v\u00f5tmist kirjeldatud eetikaprintsiipide j\u00e4rgimisel. 1.3 EPKA liige osutab teenust klientidele s\u00f5ltumata kliendi enesem\u00e4\u00e4ratlusest v\u00f5i valitud elustiilist. Kui EPKA liige ei saa mingil p\u00f5hjusel [&hellip;]<\/p>","protected":false},"author":1,"featured_media":0,"parent":0,"menu_order":0,"comment_status":"closed","ping_status":"closed","template":"","meta":{"footnotes":""},"class_list":["post-5483","page","type-page","status-publish","hentry"],"yoast_head":"<!-- This site is optimized with the Yoast SEO plugin v27.3 - https:\/\/yoast.com\/product\/yoast-seo-wordpress\/ -->\n<title>Eetikakoodeks - EPKA<\/title>\n<meta name=\"robots\" content=\"index, follow, max-snippet:-1, max-image-preview:large, max-video-preview:-1\" \/>\n<link rel=\"canonical\" href=\"http:\/\/epkaest.com\/ru\/eetikakoodeks\/\" \/>\n<meta property=\"og:locale\" content=\"ru_RU\" \/>\n<meta property=\"og:type\" content=\"article\" \/>\n<meta property=\"og:title\" content=\"Eetikakoodeks - EPKA\" \/>\n<meta property=\"og:description\" content=\"EESTI PROFESSIONAALSETE KONSTELL\u00d6\u00d6RIDE ASSOTSIATSIOONI EETIKAKOODEKS 1 \u00dcLDS\u00c4TTED 1.1 K\u00e4esolev eetikakoodeks koondab konstell\u00f6\u00f6ride eetika n\u00f5uded ja head tavad. 1.2 Eetikakoodeks kehtib Eesti Professionaalsete Konstell\u00f6\u00f6ride Assotsiatsiooni (edaspidi EPKA) liikmetele. Liikmeks astumine t\u00e4hendab endale vastutuse v\u00f5tmist kirjeldatud eetikaprintsiipide j\u00e4rgimisel. 1.3 EPKA liige osutab teenust klientidele s\u00f5ltumata kliendi enesem\u00e4\u00e4ratlusest v\u00f5i valitud elustiilist. Kui EPKA liige ei saa mingil p\u00f5hjusel [&hellip;]\" \/>\n<meta property=\"og:url\" content=\"http:\/\/epkaest.com\/ru\/eetikakoodeks\/\" \/>\n<meta property=\"og:site_name\" content=\"EPKA\" \/>\n<meta property=\"article:publisher\" content=\"https:\/\/www.facebook.com\/groups\/2130012653729614\/\" \/>\n<meta property=\"article:modified_time\" content=\"2023-05-19T18:13:12+00:00\" \/>\n<meta name=\"twitter:card\" content=\"summary_large_image\" \/>\n<meta name=\"twitter:label1\" content=\"\u041f\u0440\u0438\u043c\u0435\u0440\u043d\u043e\u0435 \u0432\u0440\u0435\u043c\u044f \u0434\u043b\u044f \u0447\u0442\u0435\u043d\u0438\u044f\" \/>\n\t<meta name=\"twitter:data1\" content=\"3 \u043c\u0438\u043d\u0443\u0442\u044b\" \/>\n<script type=\"application\/ld+json\" class=\"yoast-schema-graph\">{\"@context\":\"https:\\\/\\\/schema.org\",\"@graph\":[{\"@type\":\"WebPage\",\"@id\":\"http:\\\/\\\/epkaest.com\\\/eetikakoodeks\\\/\",\"url\":\"http:\\\/\\\/epkaest.com\\\/eetikakoodeks\\\/\",\"name\":\"Eetikakoodeks - EPKA\",\"isPartOf\":{\"@id\":\"http:\\\/\\\/epkaest.com\\\/ru\\\/#website\"},\"datePublished\":\"2020-07-27T14:05:34+00:00\",\"dateModified\":\"2023-05-19T18:13:12+00:00\",\"breadcrumb\":{\"@id\":\"http:\\\/\\\/epkaest.com\\\/eetikakoodeks\\\/#breadcrumb\"},\"inLanguage\":\"ru-RU\",\"potentialAction\":[{\"@type\":\"ReadAction\",\"target\":[\"http:\\\/\\\/epkaest.com\\\/eetikakoodeks\\\/\"]}]},{\"@type\":\"BreadcrumbList\",\"@id\":\"http:\\\/\\\/epkaest.com\\\/eetikakoodeks\\\/#breadcrumb\",\"itemListElement\":[{\"@type\":\"ListItem\",\"position\":1,\"name\":\"Home\",\"item\":\"http:\\\/\\\/epkaest.com\\\/ru\\\/\"},{\"@type\":\"ListItem\",\"position\":2,\"name\":\"Eetikakoodeks\"}]},{\"@type\":\"WebSite\",\"@id\":\"http:\\\/\\\/epkaest.com\\\/ru\\\/#website\",\"url\":\"http:\\\/\\\/epkaest.com\\\/ru\\\/\",\"name\":\"EPKA\",\"description\":\"Eesti Professionaalsete Konstell\u00f6\u00f6ride Assotsiatsioon\",\"publisher\":{\"@id\":\"http:\\\/\\\/epkaest.com\\\/ru\\\/#organization\"},\"potentialAction\":[{\"@type\":\"SearchAction\",\"target\":{\"@type\":\"EntryPoint\",\"urlTemplate\":\"http:\\\/\\\/epkaest.com\\\/ru\\\/?s={search_term_string}\"},\"query-input\":{\"@type\":\"PropertyValueSpecification\",\"valueRequired\":true,\"valueName\":\"search_term_string\"}}],\"inLanguage\":\"ru-RU\"},{\"@type\":\"Organization\",\"@id\":\"http:\\\/\\\/epkaest.com\\\/ru\\\/#organization\",\"name\":\"Eesti Professionaalsete Konstell\u00f6\u00f6ride Assotsiatsioon\",\"url\":\"http:\\\/\\\/epkaest.com\\\/ru\\\/\",\"logo\":{\"@type\":\"ImageObject\",\"inLanguage\":\"ru-RU\",\"@id\":\"http:\\\/\\\/epkaest.com\\\/ru\\\/#\\\/schema\\\/logo\\\/image\\\/\",\"url\":\"http:\\\/\\\/epkaest.com\\\/wp-content\\\/uploads\\\/2020\\\/08\\\/logo.png\",\"contentUrl\":\"http:\\\/\\\/epkaest.com\\\/wp-content\\\/uploads\\\/2020\\\/08\\\/logo.png\",\"width\":448,\"height\":214,\"caption\":\"Eesti Professionaalsete Konstell\u00f6\u00f6ride Assotsiatsioon\"},\"image\":{\"@id\":\"http:\\\/\\\/epkaest.com\\\/ru\\\/#\\\/schema\\\/logo\\\/image\\\/\"},\"sameAs\":[\"https:\\\/\\\/www.facebook.com\\\/groups\\\/2130012653729614\\\/\"]}]}<\/script>\n<!-- \/ Yoast SEO plugin. -->","yoast_head_json":{"title":"Eetikakoodeks - EPKA","robots":{"index":"index","follow":"follow","max-snippet":"max-snippet:-1","max-image-preview":"max-image-preview:large","max-video-preview":"max-video-preview:-1"},"canonical":"http:\/\/epkaest.com\/ru\/eetikakoodeks\/","og_locale":"ru_RU","og_type":"article","og_title":"Eetikakoodeks - EPKA","og_description":"EESTI PROFESSIONAALSETE KONSTELL\u00d6\u00d6RIDE ASSOTSIATSIOONI EETIKAKOODEKS 1 \u00dcLDS\u00c4TTED 1.1 K\u00e4esolev eetikakoodeks koondab konstell\u00f6\u00f6ride eetika n\u00f5uded ja head tavad. 1.2 Eetikakoodeks kehtib Eesti Professionaalsete Konstell\u00f6\u00f6ride Assotsiatsiooni (edaspidi EPKA) liikmetele. Liikmeks astumine t\u00e4hendab endale vastutuse v\u00f5tmist kirjeldatud eetikaprintsiipide j\u00e4rgimisel. 1.3 EPKA liige osutab teenust klientidele s\u00f5ltumata kliendi enesem\u00e4\u00e4ratlusest v\u00f5i valitud elustiilist. Kui EPKA liige ei saa mingil p\u00f5hjusel [&hellip;]","og_url":"http:\/\/epkaest.com\/ru\/eetikakoodeks\/","og_site_name":"EPKA","article_publisher":"https:\/\/www.facebook.com\/groups\/2130012653729614\/","article_modified_time":"2023-05-19T18:13:12+00:00","twitter_card":"summary_large_image","twitter_misc":{"\u041f\u0440\u0438\u043c\u0435\u0440\u043d\u043e\u0435 \u0432\u0440\u0435\u043c\u044f \u0434\u043b\u044f \u0447\u0442\u0435\u043d\u0438\u044f":"3 \u043c\u0438\u043d\u0443\u0442\u044b"},"schema":{"@context":"https:\/\/schema.org","@graph":[{"@type":"WebPage","@id":"http:\/\/epkaest.com\/eetikakoodeks\/","url":"http:\/\/epkaest.com\/eetikakoodeks\/","name":"Eetikakoodeks - EPKA","isPartOf":{"@id":"http:\/\/epkaest.com\/ru\/#website"},"datePublished":"2020-07-27T14:05:34+00:00","dateModified":"2023-05-19T18:13:12+00:00","breadcrumb":{"@id":"http:\/\/epkaest.com\/eetikakoodeks\/#breadcrumb"},"inLanguage":"ru-RU","potentialAction":[{"@type":"ReadAction","target":["http:\/\/epkaest.com\/eetikakoodeks\/"]}]},{"@type":"BreadcrumbList","@id":"http:\/\/epkaest.com\/eetikakoodeks\/#breadcrumb","itemListElement":[{"@type":"ListItem","position":1,"name":"Home","item":"http:\/\/epkaest.com\/ru\/"},{"@type":"ListItem","position":2,"name":"Eetikakoodeks"}]},{"@type":"WebSite","@id":"http:\/\/epkaest.com\/ru\/#website","url":"http:\/\/epkaest.com\/ru\/","name":"\u042d\u041f\u041a\u0410","description":"Eesti Professionaalsete Konstell\u00f6\u00f6ride Assotsiatsioon","publisher":{"@id":"http:\/\/epkaest.com\/ru\/#organization"},"potentialAction":[{"@type":"SearchAction","target":{"@type":"EntryPoint","urlTemplate":"http:\/\/epkaest.com\/ru\/?s={search_term_string}"},"query-input":{"@type":"PropertyValueSpecification","valueRequired":true,"valueName":"search_term_string"}}],"inLanguage":"ru-RU"},{"@type":"Organization","@id":"http:\/\/epkaest.com\/ru\/#organization","name":"Eesti Professionaalsete Konstell\u00f6\u00f6ride Assotsiatsioon","url":"http:\/\/epkaest.com\/ru\/","logo":{"@type":"ImageObject","inLanguage":"ru-RU","@id":"http:\/\/epkaest.com\/ru\/#\/schema\/logo\/image\/","url":"http:\/\/epkaest.com\/wp-content\/uploads\/2020\/08\/logo.png","contentUrl":"http:\/\/epkaest.com\/wp-content\/uploads\/2020\/08\/logo.png","width":448,"height":214,"caption":"Eesti Professionaalsete Konstell\u00f6\u00f6ride Assotsiatsioon"},"image":{"@id":"http:\/\/epkaest.com\/ru\/#\/schema\/logo\/image\/"},"sameAs":["https:\/\/www.facebook.com\/groups\/2130012653729614\/"]}]}},"_links":{"self":[{"href":"http:\/\/epkaest.com\/ru\/wp-json\/wp\/v2\/pages\/5483","targetHints":{"allow":["GET"]}}],"collection":[{"href":"http:\/\/epkaest.com\/ru\/wp-json\/wp\/v2\/pages"}],"about":[{"href":"http:\/\/epkaest.com\/ru\/wp-json\/wp\/v2\/types\/page"}],"author":[{"embeddable":true,"href":"http:\/\/epkaest.com\/ru\/wp-json\/wp\/v2\/users\/1"}],"replies":[{"embeddable":true,"href":"http:\/\/epkaest.com\/ru\/wp-json\/wp\/v2\/comments?post=5483"}],"version-history":[{"count":3,"href":"http:\/\/epkaest.com\/ru\/wp-json\/wp\/v2\/pages\/5483\/revisions"}],"predecessor-version":[{"id":6877,"href":"http:\/\/epkaest.com\/ru\/wp-json\/wp\/v2\/pages\/5483\/revisions\/6877"}],"wp:attachment":[{"href":"http:\/\/epkaest.com\/ru\/wp-json\/wp\/v2\/media?parent=5483"}],"curies":[{"name":"wp","href":"https:\/\/api.w.org\/{rel}","templated":true}]}}