{"id":5494,"date":"2020-07-27T14:30:48","date_gmt":"2020-07-27T14:30:48","guid":{"rendered":"http:\/\/epkaest.com\/?page_id=5494"},"modified":"2022-04-10T17:09:21","modified_gmt":"2022-04-10T17:09:21","slug":"liikmele","status":"publish","type":"page","link":"http:\/\/epkaest.com\/ru\/liikmele\/","title":{"rendered":"\u0423\u0447\u0430\u0441\u0442\u043d\u0438\u043a\u0443"},"content":{"rendered":"<div class=\"wpb-content-wrapper\">\r\n<div  data-mk-stretch-content=\"true\" class=\"wpb_row vc_row vc_row-fluid jupiter-donut- mk-fullwidth-false  attched-false     js-master-row  mk-grid\">\r\n\t\t\t\t\r\n<div class=\"vc_col-sm-6 wpb_column column_container  jupiter-donut- _ jupiter-donut-height-full\">\r\n\t\t<div class=\"vc_custom_1649187272650\">\r\n\r\n<div id=\"text-block-2\" class=\"mk-text-block  jupiter-donut-\">\r\n\r\n\t\r\n\t<h4>EPKA TEGEVUSED LIIKMETELE:<\/h4>\n<p>Assotsiatsiooni eesm\u00e4rk on korraldada \u00fchingu liikmetele kaks korda aastas \u00fcld-ja arengukoosolekuid ning infoseminare. Lisaks saab EPKA liige hoida oma andmeid assotsiatsiooni kodulehek\u00fcljel.<\/p>\n<p>EPKA liikmeteks v\u00f5ivad olla professionaalsed konstell\u00f6\u00f6rid, terapeudid, n\u00f5ustajad ja konstellatsioonidega tegelevad organisatsioonid ja liidud. Samuti k\u00f5ik inimesed, kes huvituvad eri liiki konstellatsioonidest, ps\u00fchholoogiast ja vaimsest tervisest. Liikmeks astuda soovijad omavad arvestataval m\u00e4\u00e4ral teadmisi EPKA tegevusvaldkonnas ja\/v\u00f5i t\u00f6\u00f6tavad sellega seotud alal.<br \/>\nEPKA liikmelisuse liigid on tegevliige, toetajaliige ja auliige.<br \/>\nTegevliikmeks v\u00f5ivad olla sertifitseeritud konstell\u00f6\u00f6rid<span style=\"color: #000000;\">, toetajaliikmeks\u00a0<\/span><span style=\"color: #5e5d7b;\"> konstell\u00f6\u00f6ri v\u00e4lja\u00f5ppes osalevad isikud ning konstellatsioonide korraldamisega seotud organisatsioonid<\/span><\/p>\n<p><span style=\"color: #000000;\">Assotsiatsiooni liikmeks astumisel on vajalik \u00fchte kirjalikku soovitust.<\/span><br \/>\n<span style=\"color: #5e5d7b;\">\u00dchingu toetajaliikmeks v\u00f5ivad olla f\u00fc\u00fcsilised ja juriidilised isikud, kes toetavad \u00fchingut oma tegevusega. Toetajaliikmetel on ettepanekute ja s\u00f5nav\u00f5tu \u00f5igus, kuid nad ei oma h\u00e4\u00e4le\u00f5igust.<\/span><br \/>\n<span style=\"color: #5e5d7b;\">\u00dchingu <\/span>auliikmeks<span style=\"color: #5e5d7b;\"> v\u00f5ivad olla isikud, kellel on olulisi teeneid <\/span>konstellatsioonivaldkonna<span style=\"color: #5e5d7b;\"> edendamisel Eestis v\u00f5i mujal maailmas. \u00dchingu auliige valitakse \u00fchingu \u00fcldkoosolekul lahtisel h\u00e4\u00e4letusel lihth\u00e4\u00e4lteenamusega. Auliikmed on vabastatud liikmemaksust.<\/span><\/p>\n<p class=\"Standard\"><strong><span lang=\"ET\">LIIKMEMAKS<\/span><\/strong><\/p>\n<p class=\"Standard\"><span lang=\"ET\">Tegevliikme aastamaks on 30 eur<br \/>\n<\/span><span lang=\"ET\">Toetajaliikme aastamaks on 30 eur<\/span><\/p>\n\r\n\t<div class=\"clearboth\"><\/div>\r\n<\/div>\r\n\r\n\t<\/div>\r\n<\/div>\r\n\r\n<div class=\"vc_col-sm-6 wpb_column column_container  jupiter-donut- _ jupiter-donut-height-full\">\r\n\t\r\n<h2 id=\"fancy-title-4\" class=\"mk-fancy-title  simple-style jupiter-donut-  color-single\">\r\n\t<span>\r\n\t\t\t\t<p>Enne t\u00e4itmist lugege l\u00e4bi isikuandmete t\u00f6\u00f6tlemise p\u00f5him\u00f5tted! <a href=\"http:\/\/epkaest.com\/ru\/isikuandmete-tootlemise-pohimotted\/\"><strong>Loe siit!<\/strong><\/a><\/p>\n\t\t\t<\/span>\r\n<\/h2>\r\n<div class=\"clearboth\"><\/div>\r\n\r\n\r\n\r\n\n\t<div class=\"wpb_raw_code wpb_raw_html wpb_content_element\" >\n\t\t<div class=\"wpb_wrapper\">\n\t\t\t<style type=\"text\/css\" id=\"cspFormShell_11_253480_style\">#cspFormShell_11_253480 {  \tbackground-image: url(\"http:\/\/epkaest.com\/wp-content\/plugins\/contact-form-by-supsystic\/assets\/forms\/img\/bg\/bg_support_form.jpg\");\n  \tbackground-repeat: no-repeat;\n  \tbackground-size: cover;  \tfont-family: sans-serif;\n  \tpadding: 20px;\n  \twidth: 380px;\n}\n\n#cspFormShell_11_253480 .about,\n#cspFormShell_11_253480 p {\n  \tmargin: 0;\n\ttext-align: center;\n  \tcolor: #FFF;\n  \tfont-size: 14px;\n  \tline-height: 1em;\n}\n\n#cspFormShell_11_253480 .cfsFieldShell {\n\tposition: relative;\n}\n\n#cspFormShell_11_253480 .cfsFieldShell select {\n\tposition: absolute;\n  \tpadding-left: 5px;\n  \ttop: 0;\n  \tleft: 0;\n  \twidth: 100%;\n  \theight: 100%;\n  \tbox-sizing: border-box;\n  \tfont-family: sans-serif;\n  \tfont-size: 12px;\n  \tcolor: #666059;\n}\n\n#cspFormShell_11_253480 p.description {\n  \tline-height: 18px;\n}\n\n#cspFormShell_11_253480 .about div {\n\theight: 100px;\n  \tmargin-bottom: 20px;\n  \tmargin-right: 40px;\n}\n\n#cspFormShell_11_253480 div .name {\n\tfont-size: 30px;\n  \tline-height: 1.8em;\n}\n\n#cspFormShell_11_253480 div .role {\n    margin-top: -5px;\n}\n\n#cspFormShell_11_253480 .about > img {\n  \twidth: 100px;\n  \theight: 100px;\n  \tmargin-right: 20px;\n  \tmargin-bottom: 20px;\n  \tfloat: left;\n}\n\n#cspFormShell_11_253480 .soc_icons {\n  \tmargin-top: 17px;\n\tmargin-left: 120px;\n}\n\n#cspFormShell_11_253480 .soc_icons a {\n  \tfont-size: 0;\n}\n\n#cspFormShell_11_253480 .soc_icons a + a {\n  \tpadding-left: 3px;\n}\n\n#cspFormShell_11_253480 .soc_icons img {\n  \tdisplay: inline-block;\n\theight: 16px;\n  \twidth: 16px;\n}\n\n#cspFormShell_11_253480 .soc_icons img:hover {\n  \topacity: 0.5;\n}\n\n\n#cspFormShell_11_253480 label {\n\twidth: 100%;\n}\n\/*Fields shell basic*\/\n#cspFormShell_11_253480 .cfsFieldShell input:not([type=\"checkbox\"]):not([type=\"radio\"]),\n#cspFormShell_11_253480 .cfsFieldShell textarea,\n#cspFormShell_11_253480 .cfsFieldShell .cfsListSelect, \n#cspFormShell_11_253480 .cfsFieldShell .cfsCheck,\n#cspFormShell_11_253480 .cfsFieldShell button {\n    padding: 10px;\n    width: 100%;\n    font-size: 12px;\n    line-height: normal;\tborder: 1px solidrgba(47,90,120,0.5);\tbackground-color: #eff1f6;\tcolor: #666059;  \n    hyphens: none;\n    border-radius: 3px;\n    margin: 0;\n    max-width: 100%;\n    vertical-align: baseline;\n  \tdisplay: block;\n  \theight: auto;\n}\n#cspFormShell_11_253480 input:focus,\n#cspFormShell_11_253480 textarea:focus,\n#cspFormShell_11_253480 .cfsListSelect:focus, \n#cspFormShell_11_253480 .cfsCheck:focus {\n    outline: none;\n}\n#cspFormShell_11_253480 .cfsFieldShell input[type=\"submit\"]:not([type=\"checkbox\"]):not([type=\"radio\"]), \n#cspFormShell_11_253480 .cfsFieldShell input[type=\"reset\"]:not([type=\"checkbox\"]):not([type=\"radio\"]), \n#cspFormShell_11_253480 .cfsFieldShell input[type=\"button\"],\n#cspFormShell_11_253480 .cfsFieldShell button {\n\tcursor: pointer;\n  \tfont-weight: 700;\n    border: 0 none;\n    color: #fff;\n    text-transform: uppercase;\n  \t-webkit-appearance: none;\n}\n#cspFormShell_11_253480 .cfsFieldShell input[type=\"submit\"]:not([type=\"checkbox\"]):not([type=\"radio\"]), \n#cspFormShell_11_253480 .cfsFieldShell input[type=\"button\"],\n#cspFormShell_11_253480 .cfsFieldShell button {  \tbackground-color: #2f5a78;\n  \tbackground-image: none;  \twidth: 50%;\n  \tfloat: right;\n}\n#cspFormShell_11_253480 .cfsFieldShell input[type=\"submit\"]:not([type=\"checkbox\"]):not([type=\"radio\"]):hover, \n#cspFormShell_11_253480 .cfsFieldShell input[type=\"button\"]:hover,\n#cspFormShell_11_253480 .cfsFieldShell button:hover {  \tbackground-color:rgba(47,90,120,0.7);}\n#cspFormShell_11_253480 .cfsFieldShell input[type=\"reset\"]:not([type=\"checkbox\"]):not([type=\"radio\"]) {  \tbackground-image: url(\"http:\/\/epkaest.com\/wp-content\/plugins\/contact-form-by-supsystic\/assets\/forms\/img\/bg\/bg_support_form.jpg\");\n  \tbackground-repeat: no-repeat;\n  \tbackground-size: cover;}\n#cspFormShell_11_253480 .cfsFieldShell input[type=\"reset\"]:not([type=\"checkbox\"]):not([type=\"radio\"]):hover {  \topacity: 0.7;}\n\/* Placeholder text color -- selectors need to be separate to work. *\/\n#cspFormShell_11_253480 ::-webkit-input-placeholder {\n\tcolor:rgba(102,96,89,0.5);\n}\n#cspFormShell_11_253480 :-moz-placeholder {\n\tcolor:rgba(102,96,89,0.5);\n}\n#cspFormShell_11_253480 ::-moz-placeholder {\n\tcolor:rgba(102,96,89,0.5);\n\topacity: 1; \/* Since FF19 lowers the opacity of the placeholder by default *\/\n}\n#cspFormShell_11_253480 :-ms-input-placeholder {\n\tcolor:rgba(102,96,89,0.5);\n}#cspFormShell_11_253480 { width: 400px}#cspFormShell_11_253480 .cfsSuccessMsg { color: #4ae8ea !important}<\/style><div id=\"cspFormShell_11_253480\" class=\"cfsFormShell\"><form class=\"csfForm\" method=\"post\" action=\"http:\/\/epkaest.com\/ru\/\" data-trp-original-action=\"http:\/\/epkaest.com\/\">\n<div class=\"supRow cfsFieldsRow\"><div class=\"supSm12 cfsFieldCol\" data-name=\"htmldelim_1\" data-type=\"htmldelim\">Astu liikmeks<\/div><\/div><div class=\"supRow cfsFieldsRow\"><div class=\"supSm12 cfsFieldCol\" data-name=\"name\" data-type=\"text\"><div class=\"cfsFieldShell cfsField_text\" ><input type=\"text\" name=\"fields[name]\" value=\"\" data-name=\"name\" required placeholder=\"Nimi\" \/><\/div><\/div><\/div><div class=\"supRow cfsFieldsRow\"><div class=\"supSm12 cfsFieldCol\" data-name=\"phone\" data-type=\"text\"><div class=\"cfsFieldShell cfsField_text\" ><input type=\"text\" name=\"fields[phone]\" value=\"\" data-name=\"phone\" placeholder=\"Telefon\" \/><\/div><\/div><\/div><div class=\"supRow cfsFieldsRow\"><div class=\"supSm12 cfsFieldCol\" data-name=\"email\" data-type=\"email\"><div class=\"cfsFieldShell cfsField_email\" ><input type=\"email\" name=\"fields[email]\" value=\"\" data-name=\"email\" required placeholder=\"Email\" \/><\/div><\/div><\/div><div class=\"supRow cfsFieldsRow\"><div class=\"supSm12 cfsFieldCol\" data-name=\"question\" data-type=\"selectbox\"><div class=\"cfsFieldShell cfsField_selectbox\" ><label><span class=\"cfsListSelectLabel\">Palun v\u00f5tta mind EPKAPalun v\u00f5tta mind EPKA <\/span><span class=\"cfsListSelect\"><select name=\"fields[question]\" data-name=\"question\" required><option value=\"1\" >Tegevliige<\/option><option value=\"2\" >Toetajaliige<\/option><\/select><\/span><\/label><\/div><\/div><\/div><div class=\"supRow cfsFieldsRow\"><div class=\"supSm12 cfsFieldCol\" data-name=\"soovitajad\" data-type=\"textarea\"><div class=\"cfsFieldShell cfsField_textarea\" ><textarea name=\"fields[soovitajad]\" data-name=\"soovitajad\" required placeholder=\"Soovitaja\" suprows=\"3\" cols=\"50\"><\/textarea><\/div><\/div><\/div><div class=\"supRow cfsFieldsRow\"><div class=\"supSm12 cfsFieldCol\" data-name=\"liitumine\" data-type=\"textarea\"><div class=\"cfsFieldShell cfsField_textarea\" ><textarea name=\"fields[liitumine]\" data-name=\"liitumine\" required placeholder=\"Miks soovin liituda ja minu seos valdkonnaga?\" suprows=\"3\" cols=\"50\"><\/textarea><\/div><\/div><\/div><div class=\"supRow cfsFieldsRow\"><div class=\"supSm12 cfsFieldCol\" data-name=\"tegevliige\" data-type=\"textarea\"><div class=\"cfsFieldShell cfsField_textarea\" ><textarea name=\"fields[tegevliige]\" data-name=\"tegevliige\" placeholder=\"Kui soovid astuda tegevliikmeks, millise v\u00e4lja\u00f5ppe ja mis aastal oled l\u00f5petanud?\" suprows=\"3\" cols=\"50\"><\/textarea><\/div><\/div><\/div><div class=\"supRow cfsFieldsRow\"><div class=\"supSm12 cfsFieldCol\" data-name=\"Accept\" data-type=\"checkbox\"><div class=\"cfsFieldShell cfsField_checkbox\" ><label class=\"cfsCheck\"><input type=\"checkbox\" name=\"fields[Accept]\" value=\"1\" data-name=\"Accept\" style=\"height: auto; width: auto; margin: 0; padding: 0;\"  required \/>&nbsp;Olen tutvunud ja n\u00f5us isikuandmete t\u00f6\u00f6tlemise p\u00f5him\u00f5tetega.<\/label><\/div><\/div><\/div><div class=\"supRow cfsFieldsRow\"><div class=\"supSm12 cfsFieldCol\" data-name=\"Eetika\" data-type=\"checkbox\"><div class=\"cfsFieldShell cfsField_checkbox\" ><label class=\"cfsCheck\"><input type=\"checkbox\" name=\"fields[Eetika]\" value=\"1\" data-name=\"Eetika\" style=\"height: auto; width: auto; margin: 0; padding: 0;\"  \/>&nbsp;Olen tutvunud eetikakoodeksiga<\/label><\/div><\/div><\/div><div class=\"supRow cfsFieldsRow\"><div class=\"supSm12 cfsFieldCol\" data-name=\"send\" data-type=\"submit\"><div class=\"cfsFieldShell cfsField_submit\" ><input type=\"submit\" name=\"fields[send]\" value=\"Saada avaldus\" data-name=\"send\" \/><\/div><\/div><\/div>\n<input type=\"hidden\" name=\"mod\" value=\"forms\"  \/><input type=\"hidden\" name=\"action\" value=\"contact\"  \/><input type=\"hidden\" name=\"id\" value=\"11\"  \/><input type=\"hidden\" name=\"_wpnonce\" value=\"0db50835e2\"  \/><div class=\"cfsContactMsg\"><\/div><input type=\"hidden\" name=\"trp-form-language\" value=\"ru\"\/><\/form><img decoding=\"async\" class=\"cfsFormPreloadImg cfsFormPreloadImg_11_253480\" src=\"http:\/\/epkaest.com\/wp-content\/plugins\/contact-form-by-supsystic\/assets\/forms\/img\/bg\/bg_support_form.jpg\" \/><\/div><span style=\"display: none !important;\" class=\"cfsFormDesc\">eyJpZCI6IjExIiwibGFiZWwiOiJBc3R1IGxpaWttZWtzISBFU1QiLCJhY3RpdmUiOiIxIiwib3JpZ2luYWxfaWQiOiI4IiwidW5pcXVlX2lkIjoiYmpsMTdjIiwicGFyYW1zIjp7ImVuYWJsZUZvck1lbWJlcnNoaXAiOiIwIiwidHBsIjp7IndpZHRoIjoiNDAwIiwid2lkdGhfbWVhc3VyZSI6InB4IiwiYmdfdHlwZV8wIjoiY29sb3IiLCJiZ19pbWdfMCI6IiIsImJnX2NvbG9yXzAiOiIjZWZmMWY2IiwiYmdfdHlwZV8xIjoiY29sb3IiLCJiZ19pbWdfMSI6IiIsImJnX2NvbG9yXzEiOiIjNjY2MDU5IiwiYmdfdHlwZV8yIjoiY29sb3IiLCJiZ19pbWdfMiI6IiIsImJnX2NvbG9yXzIiOiIjMmY1YTc4IiwiYmdfdHlwZV8zIjoiaW1nIiwiYmdfaW1nXzMiOiJodHRwOlwvXC9lcGthZXN0LmNvbVwvd3AtY29udGVudFwvcGx1Z2luc1wvY29udGFjdC1mb3JtLWJ5LXN1cHN5c3RpY1wvYXNzZXRzXC9mb3Jtc1wvaW1nXC9iZ1wvYmdfc3VwcG9ydF9mb3JtLmpwZyIsImJnX2NvbG9yXzMiOiIjMzMzMzMzIiwiZmllbGRfZXJyb3JfaW52YWxpZCI6IiIsImZvcm1fc2VudF9tc2ciOiJUaGFuayB5b3UgZm9yIGNvbnRhY3RpbmcgdXMhIiwiZm9ybV9zZW50X21zZ19jb2xvciI6IiM0YWU4ZWEiLCJoaWRlX29uX3N1Ym1pdCI6IjEiLCJyZWRpcmVjdF9vbl9zdWJtaXQiOiIiLCJ0ZXN0X2VtYWlsIjoiaW5mb0Bwa2dydXBwLmNvbSIsInNhdmVfY29udGFjdHMiOiIxIiwiZXhwX2RlbGltIjoiOyIsImZiX2NvbnZlcnRfYmFzZSI6IiIsImZpZWxkX3dyYXBwZXIiOiI8ZGl2IFtmaWVsZF9zaGVsbF9jbGFzc2VzXSBbZmllbGRfc2hlbGxfc3R5bGVzXT5bZmllbGRdPFwvZGl2PiJ9LCJmaWVsZHMiOlt7ImJzX2NsYXNzX2lkIjoiMTIiLCJuYW1lIjoiIiwibGFiZWwiOiIiLCJwbGFjZWhvbGRlciI6IiIsInZhbHVlIjoiQXN0dSBsaWlrbWVrcyIsImh0bWwiOiJodG1sZGVsaW0iLCJtYW5kYXRvcnkiOiIwIiwiYWRkX2NsYXNzZXMiOiIiLCJhZGRfc3R5bGVzIjoiIiwiYWRkX2F0dHIiOiIifSx7ImJzX2NsYXNzX2lkIjoiMTIiLCJuYW1lIjoibmFtZSIsImxhYmVsIjoiIiwicGxhY2Vob2xkZXIiOiJOaW1pIiwidmFsdWUiOiIiLCJ2YWx1ZV9wcmVzZXQiOiIiLCJodG1sIjoidGV4dCIsIm1hbmRhdG9yeSI6IjEiLCJtaW5fc2l6ZSI6IiIsIm1heF9zaXplIjoiIiwiYWRkX2NsYXNzZXMiOiIiLCJhZGRfc3R5bGVzIjoiIiwiYWRkX2F0dHIiOiIiLCJ2bl9vbmx5X251bWJlciI6IjAiLCJ2bl9vbmx5X2xldHRlcnMiOiIwIiwidm5fcGF0dGVybiI6IjAiLCJ2bl9lcXVhbCI6IiIsImljb25fY2xhc3MiOiIiLCJpY29uX3NpemUiOiIiLCJpY29uX2NvbG9yIjoiIiwidGVybXMiOiIifSx7ImJzX2NsYXNzX2lkIjoiMTIiLCJuYW1lIjoicGhvbmUiLCJsYWJlbCI6IiIsInBsYWNlaG9sZGVyIjoiVGVsZWZvbiIsInZhbHVlIjoiIiwidmFsdWVfcHJlc2V0IjoiIiwiaHRtbCI6InRleHQiLCJtYW5kYXRvcnkiOiIwIiwibWluX3NpemUiOiIiLCJtYXhfc2l6ZSI6IiIsImFkZF9jbGFzc2VzIjoiIiwiYWRkX3N0eWxlcyI6IiIsImFkZF9hdHRyIjoiIiwidm5fb25seV9udW1iZXIiOiIwIiwidm5fb25seV9sZXR0ZXJzIjoiMCIsInZuX3BhdHRlcm4iOiIiLCJ2bl9lcXVhbCI6IiIsImljb25fY2xhc3MiOiIiLCJpY29uX3NpemUiOiIiLCJpY29uX2NvbG9yIjoiIiwidGVybXMiOiIifSx7ImJzX2NsYXNzX2lkIjoiMTIiLCJuYW1lIjoiZW1haWwiLCJsYWJlbCI6IiIsInBsYWNlaG9sZGVyIjoiRW1haWwiLCJ2YWx1ZSI6IiIsInZhbHVlX3ByZXNldCI6IiIsImh0bWwiOiJlbWFpbCIsIm1hbmRhdG9yeSI6IjEiLCJtaW5fc2l6ZSI6IiIsIm1heF9zaXplIjoiIiwiYWRkX2NsYXNzZXMiOiIiLCJhZGRfc3R5bGVzIjoiIiwiYWRkX2F0dHIiOiIiLCJ2bl9vbmx5X251bWJlciI6IjAiLCJ2bl9vbmx5X2xldHRlcnMiOiIwIiwidm5fcGF0dGVybiI6IjAiLCJ2bl9lcXVhbCI6IiIsImljb25fY2xhc3MiOiIiLCJpY29uX3NpemUiOiIiLCJpY29uX2NvbG9yIjoiIiwidGVybXMiOiIifSx7ImJzX2NsYXNzX2lkIjoiMTIiLCJuYW1lIjoicXVlc3Rpb24iLCJsYWJlbCI6IlBhbHVuIHZcdTAwZjV0dGEgbWluZCBFUEtBIiwidmFsdWUiOiJQYWx1biB2XHUwMGY1dHRhIG1pbmQgRVBLQSIsInZhbHVlX3ByZXNldCI6IiIsImh0bWwiOiJzZWxlY3Rib3giLCJtYW5kYXRvcnkiOiIxIiwibGFiZWxfZGVsaW0iOiJQYWx1biB2XHUwMGY1dHRhIG1pbmQgRVBLQSIsImFkZF9jbGFzc2VzIjoiIiwiYWRkX3N0eWxlcyI6IiIsImFkZF9hdHRyIjoiIiwiaWNvbl9jbGFzcyI6IiIsImljb25fc2l6ZSI6IiIsImljb25fY29sb3IiOiIiLCJ0ZXJtcyI6IiIsIm9wdGlvbnMiOlt7Im5hbWUiOiIxIiwibGFiZWwiOiJUZWdldmxpaWdlIn0seyJuYW1lIjoiMiIsImxhYmVsIjoiVG9ldGFqYWxpaWdlIn1dfSx7ImJzX2NsYXNzX2lkIjoiMTIiLCJuYW1lIjoic29vdml0YWphZCIsImxhYmVsIjoiIiwicGxhY2Vob2xkZXIiOiJTb292aXRhamEiLCJ2YWx1ZSI6IiIsInZhbHVlX3ByZXNldCI6IiIsImh0bWwiOiJ0ZXh0YXJlYSIsIm1hbmRhdG9yeSI6IjEiLCJtaW5fc2l6ZSI6IiIsIm1heF9zaXplIjoiIiwiYWRkX2NsYXNzZXMiOiIiLCJhZGRfc3R5bGVzIjoiIiwiYWRkX2F0dHIiOiIiLCJ2bl9vbmx5X251bWJlciI6IjAiLCJ2bl9vbmx5X2xldHRlcnMiOiIwIiwidm5fcGF0dGVybiI6IiIsInZuX2VxdWFsIjoiIiwiaWNvbl9jbGFzcyI6IiIsImljb25fc2l6ZSI6IiIsImljb25fY29sb3IiOiIiLCJ0ZXJtcyI6IiJ9LHsiYnNfY2xhc3NfaWQiOiIxMiIsIm5hbWUiOiJsaWl0dW1pbmUiLCJsYWJlbCI6IiIsInBsYWNlaG9sZGVyIjoiTWlrcyBzb292aW4gbGlpdHVkYSBqYSBtaW51IHNlb3MgdmFsZGtvbm5hZ2E\/IiwidmFsdWUiOiIiLCJ2YWx1ZV9wcmVzZXQiOiIiLCJodG1sIjoidGV4dGFyZWEiLCJtYW5kYXRvcnkiOiIxIiwibWluX3NpemUiOiIiLCJtYXhfc2l6ZSI6IiIsImFkZF9jbGFzc2VzIjoiIiwiYWRkX3N0eWxlcyI6IiIsImFkZF9hdHRyIjoiIiwidm5fb25seV9udW1iZXIiOiIwIiwidm5fb25seV9sZXR0ZXJzIjoiMCIsInZuX3BhdHRlcm4iOiIiLCJ2bl9lcXVhbCI6IiIsImljb25fY2xhc3MiOiIiLCJpY29uX3NpemUiOiIiLCJpY29uX2NvbG9yIjoiIiwidGVybXMiOiIifSx7ImJzX2NsYXNzX2lkIjoiMTIiLCJuYW1lIjoidGVnZXZsaWlnZSIsImxhYmVsIjoiIiwicGxhY2Vob2xkZXIiOiJLdWkgc29vdmlkIGFzdHVkYSB0ZWdldmxpaWttZWtzLCBtaWxsaXNlIHZcdTAwZTRsamFcdTAwZjVwcGUgamEgbWlzIGFhc3RhbCBvbGVkIGxcdTAwZjVwZXRhbnVkPyIsInZhbHVlIjoiIiwidmFsdWVfcHJlc2V0IjoiIiwiaHRtbCI6InRleHRhcmVhIiwibWFuZGF0b3J5IjoiMCIsIm1pbl9zaXplIjoiIiwibWF4X3NpemUiOiIiLCJhZGRfY2xhc3NlcyI6IiIsImFkZF9zdHlsZXMiOiIiLCJhZGRfYXR0ciI6IiIsInZuX29ubHlfbnVtYmVyIjoiMCIsInZuX29ubHlfbGV0dGVycyI6IjAiLCJ2bl9wYXR0ZXJuIjoiIiwidm5fZXF1YWwiOiIiLCJpY29uX2NsYXNzIjoiIiwiaWNvbl9zaXplIjoiIiwiaWNvbl9jb2xvciI6IiIsInRlcm1zIjoiIn0seyJic19jbGFzc19pZCI6IjEyIiwibmFtZSI6IkFjY2VwdCIsImxhYmVsIjoiT2xlbiB0dXR2dW51ZCBqYSBuXHUwMGY1dXMgaXNpa3VhbmRtZXRlIHRcdTAwZjZcdTAwZjZ0bGVtaXNlIHBcdTAwZjVoaW1cdTAwZjV0ZXRlZ2EuIiwidmFsdWUiOiIiLCJ2YWx1ZV9wcmVzZXQiOiIiLCJodG1sIjoiY2hlY2tib3giLCJkZWZfY2hlY2tlZCI6IjAiLCJtYW5kYXRvcnkiOiIxIiwiYWRkX2NsYXNzZXMiOiIiLCJhZGRfc3R5bGVzIjoiIiwiYWRkX2F0dHIiOiIiLCJpY29uX2NsYXNzIjoiIiwiaWNvbl9zaXplIjoiIiwiaWNvbl9jb2xvciI6IiIsInRlcm1zIjoiIn0seyJic19jbGFzc19pZCI6IjEyIiwibmFtZSI6IkVldGlrYSIsImxhYmVsIjoiT2xlbiB0dXR2dW51ZCBlZXRpa2Frb29kZWtzaWdhIiwidmFsdWUiOiIiLCJ2YWx1ZV9wcmVzZXQiOiIiLCJodG1sIjoiY2hlY2tib3giLCJkZWZfY2hlY2tlZCI6IjAiLCJtYW5kYXRvcnkiOiIwIiwiYWRkX2NsYXNzZXMiOiIiLCJhZGRfc3R5bGVzIjoiIiwiYWRkX2F0dHIiOiIiLCJpY29uX2NsYXNzIjoiIiwiaWNvbl9zaXplIjoiIiwiaWNvbl9jb2xvciI6IiIsInRlcm1zIjoiIn0seyJic19jbGFzc19pZCI6IjEyIiwibmFtZSI6InNlbmQiLCJsYWJlbCI6IlNhYWRhIGF2YWxkdXMiLCJodG1sIjoic3VibWl0IiwiYWRkX2NsYXNzZXMiOiIiLCJhZGRfc3R5bGVzIjoiIiwiYWRkX2F0dHIiOiIiLCJpY29uX2NsYXNzIjoiIiwiaWNvbl9zaXplIjoiIiwiaWNvbl9jb2xvciI6IiIsInRlcm1zIjoiIn1dLCJvcHRzX2F0dHJzIjp7ImJnX251bWJlciI6IjQifX0sImltZ19wcmV2aWV3Ijoia2l3aWZydWl0LnBuZyIsInZpZXdzIjoiMTgyOCIsInVuaXF1ZV92aWV3cyI6IjEyMjciLCJhY3Rpb25zIjoiMTE5Iiwic29ydF9vcmRlciI6IjgiLCJpc19wcm8iOiIwIiwiYWJfaWQiOiIwIiwiZGF0ZV9jcmVhdGVkIjoiMjAxNi0wNS0wMyAxNTowMTowMyIsImltZ19wcmV2aWV3X3VybCI6Imh0dHA6XC9cL2Vwa2Flc3QuY29tXC93cC1jb250ZW50XC9wbHVnaW5zXC9jb250YWN0LWZvcm0tYnktc3Vwc3lzdGljXC9hc3NldHNcL2Zvcm1zXC9pbWdcL3ByZXZpZXdcL2tpd2lmcnVpdC5wbmciLCJ2aWV3X2lkIjoiMTFfMjUzNDgwIiwidmlld19odG1sX2lkIjoiY3NwRm9ybVNoZWxsXzExXzI1MzQ4MCIsImNvbm5lY3RfaGFzaCI6IjUyODVhNjZkNmYyMmEwMjk0MzY3NGZkYzkwNWUzOTM2In0=<\/span>\n\t\t<\/div>\n\t<\/div>\n<\/div>\r\n\t<\/div>\r\n\n<\/div>","protected":false},"excerpt":{"rendered":"EPKA TEGEVUSED LIIKMETELE: Assotsiatsiooni eesm\u00e4rk on korraldada \u00fchingu liikmetele kaks korda aastas \u00fcld-ja arengukoosolekuid ning infoseminare. Lisaks saab EPKA liige hoida oma andmeid assotsiatsiooni kodulehek\u00fcljel. EPKA liikmeteks v\u00f5ivad olla professionaalsed konstell\u00f6\u00f6rid, terapeudid, n\u00f5ustajad ja konstellatsioonidega tegelevad organisatsioonid ja liidud. Samuti k\u00f5ik inimesed, kes huvituvad eri liiki konstellatsioonidest, ps\u00fchholoogiast ja vaimsest tervisest. Liikmeks astuda soovijad omavad [...]","protected":false},"author":1,"featured_media":0,"parent":0,"menu_order":0,"comment_status":"closed","ping_status":"closed","template":"","meta":{"footnotes":""},"class_list":["post-5494","page","type-page","status-publish","hentry"],"yoast_head":"<!-- This site is optimized with the Yoast SEO plugin v27.3 - https:\/\/yoast.com\/product\/yoast-seo-wordpress\/ -->\n<title>Liikmele - EPKA<\/title>\n<meta name=\"robots\" content=\"index, follow, max-snippet:-1, max-image-preview:large, max-video-preview:-1\" \/>\n<link rel=\"canonical\" href=\"https:\/\/epkaest.com\/ru\/liikmele\/\" \/>\n<meta property=\"og:locale\" content=\"ru_RU\" \/>\n<meta property=\"og:type\" content=\"article\" \/>\n<meta property=\"og:title\" content=\"Liikmele - EPKA\" \/>\n<meta property=\"og:url\" content=\"https:\/\/epkaest.com\/ru\/liikmele\/\" \/>\n<meta property=\"og:site_name\" content=\"EPKA\" \/>\n<meta property=\"article:publisher\" content=\"https:\/\/www.facebook.com\/groups\/2130012653729614\/\" \/>\n<meta property=\"article:modified_time\" content=\"2022-04-10T17:09:21+00:00\" \/>\n<meta name=\"twitter:card\" content=\"summary_large_image\" \/>\n<meta name=\"twitter:label1\" content=\"\u041f\u0440\u0438\u043c\u0435\u0440\u043d\u043e\u0435 \u0432\u0440\u0435\u043c\u044f \u0434\u043b\u044f \u0447\u0442\u0435\u043d\u0438\u044f\" \/>\n\t<meta name=\"twitter:data1\" content=\"1 \u043c\u0438\u043d\u0443\u0442\u0430\" \/>\n<script type=\"application\/ld+json\" class=\"yoast-schema-graph\">{\"@context\":\"https:\\\/\\\/schema.org\",\"@graph\":[{\"@type\":\"WebPage\",\"@id\":\"https:\\\/\\\/epkaest.com\\\/liikmele\\\/\",\"url\":\"https:\\\/\\\/epkaest.com\\\/liikmele\\\/\",\"name\":\"Liikmele - EPKA\",\"isPartOf\":{\"@id\":\"http:\\\/\\\/epkaest.com\\\/ru\\\/#website\"},\"datePublished\":\"2020-07-27T14:30:48+00:00\",\"dateModified\":\"2022-04-10T17:09:21+00:00\",\"breadcrumb\":{\"@id\":\"https:\\\/\\\/epkaest.com\\\/liikmele\\\/#breadcrumb\"},\"inLanguage\":\"ru-RU\",\"potentialAction\":[{\"@type\":\"ReadAction\",\"target\":[\"https:\\\/\\\/epkaest.com\\\/liikmele\\\/\"]}]},{\"@type\":\"BreadcrumbList\",\"@id\":\"https:\\\/\\\/epkaest.com\\\/liikmele\\\/#breadcrumb\",\"itemListElement\":[{\"@type\":\"ListItem\",\"position\":1,\"name\":\"Home\",\"item\":\"http:\\\/\\\/epkaest.com\\\/ru\\\/\"},{\"@type\":\"ListItem\",\"position\":2,\"name\":\"Liikmele\"}]},{\"@type\":\"WebSite\",\"@id\":\"http:\\\/\\\/epkaest.com\\\/ru\\\/#website\",\"url\":\"http:\\\/\\\/epkaest.com\\\/ru\\\/\",\"name\":\"EPKA\",\"description\":\"Eesti Professionaalsete Konstell\u00f6\u00f6ride Assotsiatsioon\",\"publisher\":{\"@id\":\"http:\\\/\\\/epkaest.com\\\/ru\\\/#organization\"},\"potentialAction\":[{\"@type\":\"SearchAction\",\"target\":{\"@type\":\"EntryPoint\",\"urlTemplate\":\"http:\\\/\\\/epkaest.com\\\/ru\\\/?s={search_term_string}\"},\"query-input\":{\"@type\":\"PropertyValueSpecification\",\"valueRequired\":true,\"valueName\":\"search_term_string\"}}],\"inLanguage\":\"ru-RU\"},{\"@type\":\"Organization\",\"@id\":\"http:\\\/\\\/epkaest.com\\\/ru\\\/#organization\",\"name\":\"Eesti Professionaalsete Konstell\u00f6\u00f6ride Assotsiatsioon\",\"url\":\"http:\\\/\\\/epkaest.com\\\/ru\\\/\",\"logo\":{\"@type\":\"ImageObject\",\"inLanguage\":\"ru-RU\",\"@id\":\"http:\\\/\\\/epkaest.com\\\/ru\\\/#\\\/schema\\\/logo\\\/image\\\/\",\"url\":\"http:\\\/\\\/epkaest.com\\\/wp-content\\\/uploads\\\/2020\\\/08\\\/logo.png\",\"contentUrl\":\"http:\\\/\\\/epkaest.com\\\/wp-content\\\/uploads\\\/2020\\\/08\\\/logo.png\",\"width\":448,\"height\":214,\"caption\":\"Eesti Professionaalsete Konstell\u00f6\u00f6ride Assotsiatsioon\"},\"image\":{\"@id\":\"http:\\\/\\\/epkaest.com\\\/ru\\\/#\\\/schema\\\/logo\\\/image\\\/\"},\"sameAs\":[\"https:\\\/\\\/www.facebook.com\\\/groups\\\/2130012653729614\\\/\"]}]}<\/script>\n<!-- \/ Yoast SEO plugin. -->","yoast_head_json":{"title":"Liikmele - EPKA","robots":{"index":"index","follow":"follow","max-snippet":"max-snippet:-1","max-image-preview":"max-image-preview:large","max-video-preview":"max-video-preview:-1"},"canonical":"https:\/\/epkaest.com\/ru\/liikmele\/","og_locale":"ru_RU","og_type":"article","og_title":"Liikmele - EPKA","og_url":"https:\/\/epkaest.com\/ru\/liikmele\/","og_site_name":"EPKA","article_publisher":"https:\/\/www.facebook.com\/groups\/2130012653729614\/","article_modified_time":"2022-04-10T17:09:21+00:00","twitter_card":"summary_large_image","twitter_misc":{"\u041f\u0440\u0438\u043c\u0435\u0440\u043d\u043e\u0435 \u0432\u0440\u0435\u043c\u044f \u0434\u043b\u044f \u0447\u0442\u0435\u043d\u0438\u044f":"1 \u043c\u0438\u043d\u0443\u0442\u0430"},"schema":{"@context":"https:\/\/schema.org","@graph":[{"@type":"WebPage","@id":"https:\/\/epkaest.com\/liikmele\/","url":"https:\/\/epkaest.com\/liikmele\/","name":"Liikmele - EPKA","isPartOf":{"@id":"http:\/\/epkaest.com\/ru\/#website"},"datePublished":"2020-07-27T14:30:48+00:00","dateModified":"2022-04-10T17:09:21+00:00","breadcrumb":{"@id":"https:\/\/epkaest.com\/liikmele\/#breadcrumb"},"inLanguage":"ru-RU","potentialAction":[{"@type":"ReadAction","target":["https:\/\/epkaest.com\/liikmele\/"]}]},{"@type":"BreadcrumbList","@id":"https:\/\/epkaest.com\/liikmele\/#breadcrumb","itemListElement":[{"@type":"ListItem","position":1,"name":"Home","item":"http:\/\/epkaest.com\/ru\/"},{"@type":"ListItem","position":2,"name":"Liikmele"}]},{"@type":"WebSite","@id":"http:\/\/epkaest.com\/ru\/#website","url":"http:\/\/epkaest.com\/ru\/","name":"\u042d\u041f\u041a\u0410","description":"Eesti Professionaalsete Konstell\u00f6\u00f6ride Assotsiatsioon","publisher":{"@id":"http:\/\/epkaest.com\/ru\/#organization"},"potentialAction":[{"@type":"SearchAction","target":{"@type":"EntryPoint","urlTemplate":"http:\/\/epkaest.com\/ru\/?s={search_term_string}"},"query-input":{"@type":"PropertyValueSpecification","valueRequired":true,"valueName":"search_term_string"}}],"inLanguage":"ru-RU"},{"@type":"Organization","@id":"http:\/\/epkaest.com\/ru\/#organization","name":"Eesti Professionaalsete Konstell\u00f6\u00f6ride Assotsiatsioon","url":"http:\/\/epkaest.com\/ru\/","logo":{"@type":"ImageObject","inLanguage":"ru-RU","@id":"http:\/\/epkaest.com\/ru\/#\/schema\/logo\/image\/","url":"http:\/\/epkaest.com\/wp-content\/uploads\/2020\/08\/logo.png","contentUrl":"http:\/\/epkaest.com\/wp-content\/uploads\/2020\/08\/logo.png","width":448,"height":214,"caption":"Eesti Professionaalsete Konstell\u00f6\u00f6ride Assotsiatsioon"},"image":{"@id":"http:\/\/epkaest.com\/ru\/#\/schema\/logo\/image\/"},"sameAs":["https:\/\/www.facebook.com\/groups\/2130012653729614\/"]}]}},"_links":{"self":[{"href":"http:\/\/epkaest.com\/ru\/wp-json\/wp\/v2\/pages\/5494","targetHints":{"allow":["GET"]}}],"collection":[{"href":"http:\/\/epkaest.com\/ru\/wp-json\/wp\/v2\/pages"}],"about":[{"href":"http:\/\/epkaest.com\/ru\/wp-json\/wp\/v2\/types\/page"}],"author":[{"embeddable":true,"href":"http:\/\/epkaest.com\/ru\/wp-json\/wp\/v2\/users\/1"}],"replies":[{"embeddable":true,"href":"http:\/\/epkaest.com\/ru\/wp-json\/wp\/v2\/comments?post=5494"}],"version-history":[{"count":5,"href":"http:\/\/epkaest.com\/ru\/wp-json\/wp\/v2\/pages\/5494\/revisions"}],"predecessor-version":[{"id":6415,"href":"http:\/\/epkaest.com\/ru\/wp-json\/wp\/v2\/pages\/5494\/revisions\/6415"}],"wp:attachment":[{"href":"http:\/\/epkaest.com\/ru\/wp-json\/wp\/v2\/media?parent=5494"}],"curies":[{"name":"wp","href":"https:\/\/api.w.org\/{rel}","templated":true}]}}