{"id":6380,"date":"2022-04-05T18:55:00","date_gmt":"2022-04-05T18:55:00","guid":{"rendered":"http:\/\/epkaest.com\/?page_id=6380"},"modified":"2022-04-10T14:06:57","modified_gmt":"2022-04-10T14:06:57","slug":"isikuandmete-tootlemise-pohimotted","status":"publish","type":"page","link":"http:\/\/epkaest.com\/ru\/isikuandmete-tootlemise-pohimotted\/","title":{"rendered":"\u041f\u0440\u0438\u043d\u0446\u0438\u043f\u044b \u043e\u0431\u0440\u0430\u0431\u043e\u0442\u043a\u0438 \u043f\u0435\u0440\u0441\u043e\u043d\u0430\u043b\u044c\u043d\u044b\u0445 \u0434\u0430\u043d\u043d\u044b\u0445"},"content":{"rendered":"<p><strong>Eesti Professionaalsete Konstell\u00f6\u00f6ride Assotsiatsiooni\u00a0 (edaspidi: EPKA) isikuandmete t\u00f6\u00f6tlemise p\u00f5him\u00f5tted<\/strong><\/p>\n<p>EPKA t\u00f6\u00f6tleb oma liikmete vabatahtlikult edastatud isikuandmeid isiku n\u00f5usoleku v\u00f5i \u201eIsikuandmete kaitse seadusest\u201c, Euroopa Liidu andmekaitse \u00fcldm\u00e4\u00e4rusest (GDPR ehk\u00a0<em>General Data Protection Regulation<\/em>) ning\u00a0<a href=\"https:\/\/www.aki.ee\/et\/juhised\">Andmekaitse Inspektsiooni juhistest<\/a>.<\/p>\n<p>EPKA kogub j\u00e4rgmist t\u00fc\u00fcpi isikuandmeid:<\/p>\n<ol>\n<li>liikmete poolt liitumisel vabatahtlikult EPKA-le avaldatud isikuandmed. Liikmeavalduse t\u00e4itmisel on tulevane EPKA liige k\u00e4esolevate p\u00f5him\u00f5tetega tutvunud ja nendega n\u00f5ustunud vastava m\u00e4rke tegemisel kodulehel, avalduse juures viidatud kastikesse;<\/li>\n<li>liikme ja EPKA tavap\u00e4rase suhtluse tulemusel tekkivad isikuandmed (nt liikmemaksu tasumisel);<\/li>\n<li>liikme enda poolt avalikustatud isikuandmed (nt kodulehel, sotsiaalmeedias, meedias);<\/li>\n<li>EPKA poolt loodud isikuandmete loendid (nt EPKA \u00fcritusel osalemise nimekiri, liikmete nimekiri jms).<\/li>\n<\/ol>\n<p>&nbsp;<\/p>\n<p>Isikuandmete kogumise eesm\u00e4rk on \u00fchingu toimimise tagamine, sh liikmete registreerimine, liikmemaksude kogumine, \u00fchiste tegevuste l\u00e4biviimine, erialase info jagamine. Isikuandmeid t\u00f6\u00f6tlevad l\u00e4htuvalt EPKA \u00a0juhatuse tellimusest raamatupidaja ja IT lahenduse pakkuja. Isikuandmete t\u00f6\u00f6tlemise eest vastutab EPKA juhatus, \u00a0kelle \u00fclesandeks on:<\/p>\n<ol>\n<li>uute liikmete registreerimine,<\/li>\n<li>\u00fchingu e-kirjavahetus,<\/li>\n<li>\u00fchingu sisese infokirja koostamine ja saatmine liikmetele,<\/li>\n<li>\u00fchingu kodulehe haldus,<\/li>\n<li>finantstehingute tegemine,<\/li>\n<\/ol>\n<p>Liikmel on igal ajal \u00f5igus:<\/p>\n<ul>\n<li>teatada EPKA-le oma soovist n\u00f5usolek isikuandmete t\u00f6\u00f6tlemiseks tagasi v\u00f5tta;<\/li>\n<li>n\u00f5uda eba\u00f5igete isikuandmete parandamist;<\/li>\n<li>n\u00f5uda andmete kustutamist, v.a juhtudel, kui seadus s\u00e4testab teisiti.<\/li>\n<\/ul>\n<p>Isikuandmeid s\u00e4ilitatakse kuni liikme lahkumiseni \u00fchingust v\u00f5i tema surma korral v\u00f5i n\u00f5usoleku tagasiv\u00f5tmiseni. Isikuandmete t\u00f6\u00f6tlemisega seonduvad k\u00fcsimused, taotlused v\u00f5i kaebused palume saata EPKA juhatusele e-posti aadressil<u> <b><a href=\"mailto:info@epkaest.com\">info@epkaest.com<\/a><\/b><\/u><\/p>\n<p>K\u00e4esolevad p\u00f5him\u00f5tted on kinnitatud juhatuse otsusega\u00a0<b>28.02.2022<\/b><\/p>","protected":false},"excerpt":{"rendered":"<p>Eesti Professionaalsete Konstell\u00f6\u00f6ride Assotsiatsiooni\u00a0 (edaspidi: EPKA) isikuandmete t\u00f6\u00f6tlemise p\u00f5him\u00f5tted EPKA t\u00f6\u00f6tleb oma liikmete vabatahtlikult edastatud isikuandmeid isiku n\u00f5usoleku v\u00f5i \u201eIsikuandmete kaitse seadusest\u201c, Euroopa Liidu andmekaitse \u00fcldm\u00e4\u00e4rusest (GDPR ehk\u00a0General Data Protection Regulation) ning\u00a0Andmekaitse Inspektsiooni juhistest. EPKA kogub j\u00e4rgmist t\u00fc\u00fcpi isikuandmeid: liikmete poolt liitumisel vabatahtlikult EPKA-le avaldatud isikuandmed. Liikmeavalduse t\u00e4itmisel on tulevane EPKA liige k\u00e4esolevate p\u00f5him\u00f5tetega tutvunud [&hellip;]<\/p>","protected":false},"author":1,"featured_media":0,"parent":0,"menu_order":0,"comment_status":"closed","ping_status":"closed","template":"","meta":{"footnotes":""},"class_list":["post-6380","page","type-page","status-publish","hentry"],"yoast_head":"<!-- This site is optimized with the Yoast SEO plugin v27.3 - https:\/\/yoast.com\/product\/yoast-seo-wordpress\/ -->\n<title>Isikuandmete t\u00f6\u00f6tlemise p\u00f5him\u00f5tted - EPKA<\/title>\n<meta name=\"robots\" content=\"index, follow, max-snippet:-1, max-image-preview:large, max-video-preview:-1\" \/>\n<link rel=\"canonical\" href=\"https:\/\/epkaest.com\/ru\/isikuandmete-tootlemise-pohimotted\/\" \/>\n<meta property=\"og:locale\" content=\"ru_RU\" \/>\n<meta property=\"og:type\" content=\"article\" \/>\n<meta property=\"og:title\" content=\"Isikuandmete t\u00f6\u00f6tlemise p\u00f5him\u00f5tted - EPKA\" \/>\n<meta property=\"og:description\" content=\"Eesti Professionaalsete Konstell\u00f6\u00f6ride Assotsiatsiooni\u00a0 (edaspidi: EPKA) isikuandmete t\u00f6\u00f6tlemise p\u00f5him\u00f5tted EPKA t\u00f6\u00f6tleb oma liikmete vabatahtlikult edastatud isikuandmeid isiku n\u00f5usoleku v\u00f5i \u201eIsikuandmete kaitse seadusest\u201c, Euroopa Liidu andmekaitse \u00fcldm\u00e4\u00e4rusest (GDPR ehk\u00a0General Data Protection Regulation) ning\u00a0Andmekaitse Inspektsiooni juhistest. EPKA kogub j\u00e4rgmist t\u00fc\u00fcpi isikuandmeid: liikmete poolt liitumisel vabatahtlikult EPKA-le avaldatud isikuandmed. Liikmeavalduse t\u00e4itmisel on tulevane EPKA liige k\u00e4esolevate p\u00f5him\u00f5tetega tutvunud [&hellip;]\" \/>\n<meta property=\"og:url\" content=\"https:\/\/epkaest.com\/ru\/isikuandmete-tootlemise-pohimotted\/\" \/>\n<meta property=\"og:site_name\" content=\"EPKA\" \/>\n<meta property=\"article:publisher\" content=\"https:\/\/www.facebook.com\/groups\/2130012653729614\/\" \/>\n<meta property=\"article:modified_time\" content=\"2022-04-10T14:06:57+00:00\" \/>\n<meta name=\"twitter:card\" content=\"summary_large_image\" \/>\n<meta name=\"twitter:label1\" content=\"\u041f\u0440\u0438\u043c\u0435\u0440\u043d\u043e\u0435 \u0432\u0440\u0435\u043c\u044f \u0434\u043b\u044f \u0447\u0442\u0435\u043d\u0438\u044f\" \/>\n\t<meta name=\"twitter:data1\" content=\"2 \u043c\u0438\u043d\u0443\u0442\u044b\" \/>\n<script type=\"application\/ld+json\" class=\"yoast-schema-graph\">{\"@context\":\"https:\\\/\\\/schema.org\",\"@graph\":[{\"@type\":\"WebPage\",\"@id\":\"https:\\\/\\\/epkaest.com\\\/isikuandmete-tootlemise-pohimotted\\\/\",\"url\":\"https:\\\/\\\/epkaest.com\\\/isikuandmete-tootlemise-pohimotted\\\/\",\"name\":\"Isikuandmete t\u00f6\u00f6tlemise p\u00f5him\u00f5tted - EPKA\",\"isPartOf\":{\"@id\":\"http:\\\/\\\/epkaest.com\\\/ru\\\/#website\"},\"datePublished\":\"2022-04-05T18:55:00+00:00\",\"dateModified\":\"2022-04-10T14:06:57+00:00\",\"breadcrumb\":{\"@id\":\"https:\\\/\\\/epkaest.com\\\/isikuandmete-tootlemise-pohimotted\\\/#breadcrumb\"},\"inLanguage\":\"ru-RU\",\"potentialAction\":[{\"@type\":\"ReadAction\",\"target\":[\"https:\\\/\\\/epkaest.com\\\/isikuandmete-tootlemise-pohimotted\\\/\"]}]},{\"@type\":\"BreadcrumbList\",\"@id\":\"https:\\\/\\\/epkaest.com\\\/isikuandmete-tootlemise-pohimotted\\\/#breadcrumb\",\"itemListElement\":[{\"@type\":\"ListItem\",\"position\":1,\"name\":\"Home\",\"item\":\"http:\\\/\\\/epkaest.com\\\/ru\\\/\"},{\"@type\":\"ListItem\",\"position\":2,\"name\":\"Isikuandmete t\u00f6\u00f6tlemise p\u00f5him\u00f5tted\"}]},{\"@type\":\"WebSite\",\"@id\":\"http:\\\/\\\/epkaest.com\\\/ru\\\/#website\",\"url\":\"http:\\\/\\\/epkaest.com\\\/ru\\\/\",\"name\":\"EPKA\",\"description\":\"Eesti Professionaalsete Konstell\u00f6\u00f6ride Assotsiatsioon\",\"publisher\":{\"@id\":\"http:\\\/\\\/epkaest.com\\\/ru\\\/#organization\"},\"potentialAction\":[{\"@type\":\"SearchAction\",\"target\":{\"@type\":\"EntryPoint\",\"urlTemplate\":\"http:\\\/\\\/epkaest.com\\\/ru\\\/?s={search_term_string}\"},\"query-input\":{\"@type\":\"PropertyValueSpecification\",\"valueRequired\":true,\"valueName\":\"search_term_string\"}}],\"inLanguage\":\"ru-RU\"},{\"@type\":\"Organization\",\"@id\":\"http:\\\/\\\/epkaest.com\\\/ru\\\/#organization\",\"name\":\"Eesti Professionaalsete Konstell\u00f6\u00f6ride Assotsiatsioon\",\"url\":\"http:\\\/\\\/epkaest.com\\\/ru\\\/\",\"logo\":{\"@type\":\"ImageObject\",\"inLanguage\":\"ru-RU\",\"@id\":\"http:\\\/\\\/epkaest.com\\\/ru\\\/#\\\/schema\\\/logo\\\/image\\\/\",\"url\":\"http:\\\/\\\/epkaest.com\\\/wp-content\\\/uploads\\\/2020\\\/08\\\/logo.png\",\"contentUrl\":\"http:\\\/\\\/epkaest.com\\\/wp-content\\\/uploads\\\/2020\\\/08\\\/logo.png\",\"width\":448,\"height\":214,\"caption\":\"Eesti Professionaalsete Konstell\u00f6\u00f6ride Assotsiatsioon\"},\"image\":{\"@id\":\"http:\\\/\\\/epkaest.com\\\/ru\\\/#\\\/schema\\\/logo\\\/image\\\/\"},\"sameAs\":[\"https:\\\/\\\/www.facebook.com\\\/groups\\\/2130012653729614\\\/\"]}]}<\/script>\n<!-- \/ Yoast SEO plugin. -->","yoast_head_json":{"title":"Isikuandmete t\u00f6\u00f6tlemise p\u00f5him\u00f5tted - EPKA","robots":{"index":"index","follow":"follow","max-snippet":"max-snippet:-1","max-image-preview":"max-image-preview:large","max-video-preview":"max-video-preview:-1"},"canonical":"https:\/\/epkaest.com\/ru\/isikuandmete-tootlemise-pohimotted\/","og_locale":"ru_RU","og_type":"article","og_title":"Isikuandmete t\u00f6\u00f6tlemise p\u00f5him\u00f5tted - EPKA","og_description":"Eesti Professionaalsete Konstell\u00f6\u00f6ride Assotsiatsiooni\u00a0 (edaspidi: EPKA) isikuandmete t\u00f6\u00f6tlemise p\u00f5him\u00f5tted EPKA t\u00f6\u00f6tleb oma liikmete vabatahtlikult edastatud isikuandmeid isiku n\u00f5usoleku v\u00f5i \u201eIsikuandmete kaitse seadusest\u201c, Euroopa Liidu andmekaitse \u00fcldm\u00e4\u00e4rusest (GDPR ehk\u00a0General Data Protection Regulation) ning\u00a0Andmekaitse Inspektsiooni juhistest. EPKA kogub j\u00e4rgmist t\u00fc\u00fcpi isikuandmeid: liikmete poolt liitumisel vabatahtlikult EPKA-le avaldatud isikuandmed. Liikmeavalduse t\u00e4itmisel on tulevane EPKA liige k\u00e4esolevate p\u00f5him\u00f5tetega tutvunud [&hellip;]","og_url":"https:\/\/epkaest.com\/ru\/isikuandmete-tootlemise-pohimotted\/","og_site_name":"EPKA","article_publisher":"https:\/\/www.facebook.com\/groups\/2130012653729614\/","article_modified_time":"2022-04-10T14:06:57+00:00","twitter_card":"summary_large_image","twitter_misc":{"\u041f\u0440\u0438\u043c\u0435\u0440\u043d\u043e\u0435 \u0432\u0440\u0435\u043c\u044f \u0434\u043b\u044f \u0447\u0442\u0435\u043d\u0438\u044f":"2 \u043c\u0438\u043d\u0443\u0442\u044b"},"schema":{"@context":"https:\/\/schema.org","@graph":[{"@type":"WebPage","@id":"https:\/\/epkaest.com\/isikuandmete-tootlemise-pohimotted\/","url":"https:\/\/epkaest.com\/isikuandmete-tootlemise-pohimotted\/","name":"Isikuandmete t\u00f6\u00f6tlemise p\u00f5him\u00f5tted - EPKA","isPartOf":{"@id":"http:\/\/epkaest.com\/ru\/#website"},"datePublished":"2022-04-05T18:55:00+00:00","dateModified":"2022-04-10T14:06:57+00:00","breadcrumb":{"@id":"https:\/\/epkaest.com\/isikuandmete-tootlemise-pohimotted\/#breadcrumb"},"inLanguage":"ru-RU","potentialAction":[{"@type":"ReadAction","target":["https:\/\/epkaest.com\/isikuandmete-tootlemise-pohimotted\/"]}]},{"@type":"BreadcrumbList","@id":"https:\/\/epkaest.com\/isikuandmete-tootlemise-pohimotted\/#breadcrumb","itemListElement":[{"@type":"ListItem","position":1,"name":"Home","item":"http:\/\/epkaest.com\/ru\/"},{"@type":"ListItem","position":2,"name":"Isikuandmete t\u00f6\u00f6tlemise p\u00f5him\u00f5tted"}]},{"@type":"WebSite","@id":"http:\/\/epkaest.com\/ru\/#website","url":"http:\/\/epkaest.com\/ru\/","name":"\u042d\u041f\u041a\u0410","description":"Eesti Professionaalsete Konstell\u00f6\u00f6ride Assotsiatsioon","publisher":{"@id":"http:\/\/epkaest.com\/ru\/#organization"},"potentialAction":[{"@type":"SearchAction","target":{"@type":"EntryPoint","urlTemplate":"http:\/\/epkaest.com\/ru\/?s={search_term_string}"},"query-input":{"@type":"PropertyValueSpecification","valueRequired":true,"valueName":"search_term_string"}}],"inLanguage":"ru-RU"},{"@type":"Organization","@id":"http:\/\/epkaest.com\/ru\/#organization","name":"Eesti Professionaalsete Konstell\u00f6\u00f6ride Assotsiatsioon","url":"http:\/\/epkaest.com\/ru\/","logo":{"@type":"ImageObject","inLanguage":"ru-RU","@id":"http:\/\/epkaest.com\/ru\/#\/schema\/logo\/image\/","url":"http:\/\/epkaest.com\/wp-content\/uploads\/2020\/08\/logo.png","contentUrl":"http:\/\/epkaest.com\/wp-content\/uploads\/2020\/08\/logo.png","width":448,"height":214,"caption":"Eesti Professionaalsete Konstell\u00f6\u00f6ride Assotsiatsioon"},"image":{"@id":"http:\/\/epkaest.com\/ru\/#\/schema\/logo\/image\/"},"sameAs":["https:\/\/www.facebook.com\/groups\/2130012653729614\/"]}]}},"_links":{"self":[{"href":"http:\/\/epkaest.com\/ru\/wp-json\/wp\/v2\/pages\/6380","targetHints":{"allow":["GET"]}}],"collection":[{"href":"http:\/\/epkaest.com\/ru\/wp-json\/wp\/v2\/pages"}],"about":[{"href":"http:\/\/epkaest.com\/ru\/wp-json\/wp\/v2\/types\/page"}],"author":[{"embeddable":true,"href":"http:\/\/epkaest.com\/ru\/wp-json\/wp\/v2\/users\/1"}],"replies":[{"embeddable":true,"href":"http:\/\/epkaest.com\/ru\/wp-json\/wp\/v2\/comments?post=6380"}],"version-history":[{"count":2,"href":"http:\/\/epkaest.com\/ru\/wp-json\/wp\/v2\/pages\/6380\/revisions"}],"predecessor-version":[{"id":6401,"href":"http:\/\/epkaest.com\/ru\/wp-json\/wp\/v2\/pages\/6380\/revisions\/6401"}],"wp:attachment":[{"href":"http:\/\/epkaest.com\/ru\/wp-json\/wp\/v2\/media?parent=6380"}],"curies":[{"name":"wp","href":"https:\/\/api.w.org\/{rel}","templated":true}]}}