{"id":6550,"date":"2022-10-03T15:55:22","date_gmt":"2022-10-03T15:55:22","guid":{"rendered":"http:\/\/epkaest.com\/?page_id=6550"},"modified":"2023-05-19T18:09:49","modified_gmt":"2023-05-19T18:09:49","slug":"epka-ajalugu","status":"publish","type":"page","link":"http:\/\/epkaest.com\/ru\/epka-ajalugu\/","title":{"rendered":"\u0418\u0441\u0442\u043e\u0440\u0438\u044f \u042d\u041f\u041a\u0410"},"content":{"rendered":"<div class=\"wpb-content-wrapper\">\r\n<div  data-mk-stretch-content=\"true\" class=\"wpb_row vc_row vc_row-fluid jupiter-donut- mk-fullwidth-false  attched-false     js-master-row  mk-grid\">\r\n\t\t\t\t\r\n<div class=\"vc_col-sm-12 wpb_column column_container  jupiter-donut- _ jupiter-donut-height-full\">\r\n\t\t<div class=\"vc_custom_1684519761939\">\r\n\r\n<div id=\"text-block-2\" class=\"mk-text-block  jupiter-donut-\">\r\n\r\n\t\r\n\t<p><strong>\u0418\u0441\u0442\u043e\u0440\u0438\u044f \u043d\u0430\u0448\u0435\u0439 \u0430\u0441\u0441\u043e\u0446\u0438\u0430\u0446\u0438\u0438<\/strong><\/p>\n<p class=\"translation-block\">\u0418\u043d\u0438\u0446\u0438\u0430\u0442\u043e\u0440\u043e\u043c \u043f\u043e\u0434\u0433\u043e\u0442\u043e\u0432\u043a\u0438 \u043f\u0440\u0435\u043f\u043e\u0434\u0430\u0432\u0430\u0442\u0435\u043b\u0435\u0439 \u0440\u0430\u0441\u0441\u0442\u0430\u043d\u043e\u0432\u043e\u043a \u0441\u0442\u0430\u043b\u0430 \u043f\u0441\u0438\u0445\u043e\u043b\u043e\u0433 \u041e\u043b\u044c\u0433\u0430 \u041a\u043d\u044f\u0437\u0435\u0432\u0430. \u041e\u043b\u044c\u0433\u0430 \u0431\u044b\u043b\u0430 \u043e\u0440\u0433\u0430\u043d\u0438\u0437\u0430\u0442\u043e\u0440\u043e\u043c \u044d\u0441\u0442\u043e\u043d\u0441\u043a\u043e\u0433\u043e \u043d\u0430\u043f\u0440\u0430\u0432\u043b\u0435\u043d\u0438\u044f \u043e\u0431\u0443\u0447\u0435\u043d\u0438\u044f \u0441\u0435\u043c\u0435\u0439\u043d\u044b\u043c \u0440\u0430\u0441\u0441\u0442\u0430\u043d\u043e\u0432\u043a\u0430\u043c, \u043f\u0440\u043e\u0445\u043e\u0434\u0438\u0432\u0448\u0435\u0433\u043e \u0432 \u0420\u0438\u0433\u0435 \u0441 2006 \u043f\u043e 2009 \u0433\u043e\u0434 \u0432 \u041c\u043e\u043b\u043e\u0434\u043e\u043c \u043f\u0441\u0438\u0445\u043e\u043b\u043e\u0433\u0438\u0447\u0435\u0441\u043a\u043e\u043c \u0446\u0435\u043d\u0442\u0440\u0435, \u0438\u0437 \u043a\u043e\u0442\u043e\u0440\u043e\u0433\u043e \u0432\u043f\u043e\u0441\u043b\u0435\u0434\u0441\u0442\u0432\u0438\u0438 \u0432\u044b\u0440\u043e\u0441\u043b\u0438 \u043a\u0430\u043a \u044d\u0441\u0442\u043e\u043d\u0441\u043a\u0438\u0435 \u043f\u0440\u0435\u043f\u043e\u0434\u0430\u0432\u0430\u0442\u0435\u043b\u0438 \u0440\u0430\u0441\u0441\u0442\u0430\u043d\u043e\u0432\u043e\u043a, \u0442\u0430\u043a \u0438 \u0442\u0440\u0435\u043d\u0435\u0440\u044b \u0441\u043b\u0435\u0434\u0443\u044e\u0449\u0435\u0433\u043e \u043f\u043e\u043a\u043e\u043b\u0435\u043d\u0438\u044f \u044d\u0441\u0442\u043e\u043d\u0441\u043a\u0438\u0445 \u043f\u0440\u0435\u043f\u043e\u0434\u0430\u0432\u0430\u0442\u0435\u043b\u0435\u0439 \u0440\u0430\u0441\u0441\u0442\u0430\u043d\u043e\u0432\u043e\u043a, \u0430 \u043f\u043e\u0437\u0434\u043d\u0435\u0435 \u0438 \u043e\u0441\u043d\u043e\u0432\u0430\u0442\u0435\u043b\u0438 \u043f\u0440\u043e\u0444\u0435\u0441\u0441\u0438\u043e\u043d\u0430\u043b\u044c\u043d\u043e\u0439 \u0430\u0441\u0441\u043e\u0446\u0438\u0430\u0446\u0438\u0438 \u043f\u0440\u0435\u043f\u043e\u0434\u0430\u0432\u0430\u0442\u0435\u043b\u0435\u0439 \u0440\u0430\u0441\u0441\u0442\u0430\u043d\u043e\u0432\u043e\u043a.<\/p>\n<p>\u0412 2010 \u0433\u043e\u0434\u0443 \u0431\u044b\u043b\u0430 \u043f\u0435\u0440\u0435\u0432\u0435\u0434\u0435\u043d\u0430 \u043f\u0435\u0440\u0432\u0430\u044f \u044d\u0441\u0442\u043e\u043d\u0441\u043a\u0430\u044f \u043a\u043d\u0438\u0433\u0430 \u043e \u0441\u0435\u043c\u0435\u0439\u043d\u044b\u0445 \u0440\u0430\u0441\u0441\u0442\u0430\u043d\u043e\u0432\u043a\u0430\u0445 \u2014 \u00ab\u0426\u0435\u043b\u0438\u0442\u0435\u043b\u044c\u043d\u0430\u044f \u0441\u0438\u043b\u0430 \u0440\u0435\u0430\u043b\u044c\u043d\u043e\u0441\u0442\u0438\u00bb \u0412\u0438\u043b\u044c\u0444\u0440\u0438\u0434\u0430 \u041d\u0435\u043b\u043b\u0435\u0441\u0430, \u0432 \u043a\u043e\u0442\u043e\u0440\u043e\u0439 \u0438\u0441\u043f\u043e\u043b\u044c\u0437\u0443\u0435\u0442\u0441\u044f \u0441\u043b\u043e\u0432\u043e \u00ab\u043a\u043e\u043d\u0441\u0442\u0435\u043b\u043b\u044f\u0442\u043e\u0440\u00bb. \u041a\u043e\u043d\u0441\u0443\u043b\u044c\u0442\u0430\u043d\u0442\u043e\u043c \u043a\u043d\u0438\u0433\u0438 \u0432\u044b\u0441\u0442\u0443\u043f\u0438\u043b\u0430 \u0422\u0438\u0439\u0443 \u0412\u0438\u043b\u0443, \u0441\u043f\u0435\u0446\u0438\u0430\u043b\u0438\u0441\u0442 \u043f\u043e \u0441\u0435\u043c\u0435\u0439\u043d\u044b\u043c \u0440\u0430\u0441\u0441\u0442\u0430\u043d\u043e\u0432\u043a\u0430\u043c, \u043f\u0440\u043e\u0436\u0438\u0432\u0430\u044e\u0449\u0430\u044f \u0432 \u041d\u043e\u0440\u0432\u0435\u0433\u0438\u0438, \u043a\u043e\u0442\u043e\u0440\u0430\u044f \u0443\u0436\u0435 \u0432\u043d\u0435\u0434\u0440\u044f\u043b\u0430 \u0441\u0435\u043c\u0435\u0439\u043d\u044b\u0435 \u0440\u0430\u0441\u0441\u0442\u0430\u043d\u043e\u0432\u043a\u0438 \u0432 \u043c\u0430\u0441\u0442\u0435\u0440\u0441\u043a\u0438\u0445, \u043e\u0442\u043a\u0440\u044b\u0442\u044b\u0445 \u0432 \u042d\u0441\u0442\u043e\u043d\u0438\u0438 \u0432 2008 \u0433\u043e\u0434\u0443.<\/p>\n<p class=\"translation-block\">\u041f\u0435\u0440\u0432\u044b\u0439 \u043f\u0440\u043e\u0434\u043e\u043b\u0436\u0438\u0442\u0435\u043b\u044c\u043d\u044b\u0439 \u0432\u043e\u0441\u044c\u043c\u0438\u043c\u043e\u0434\u0443\u043b\u044c\u043d\u044b\u0439 \u043a\u0443\u0440\u0441 \u043e\u0431\u0443\u0447\u0435\u043d\u0438\u044f \u0441\u0435\u043c\u0435\u0439\u043d\u044b\u0445 \u043a\u043e\u043d\u0441\u0443\u043b\u044c\u0442\u0430\u043d\u0442\u043e\u0432 \u0441\u043e\u0441\u0442\u043e\u044f\u043b\u0441\u044f \u0432 2011\u20132013 \u0433\u043e\u0434\u0430\u0445. \u0422\u0440\u0435\u043d\u0435\u0440\u0430\u043c\u0438 \u0432\u044b\u0441\u0442\u0443\u043f\u0438\u043b\u0438 \u041e\u043b\u044c\u0433\u0430 \u041a\u043d\u044f\u0437\u0435\u0432\u0430 \u0438 \u041e\u043b\u044c\u0433\u0430 \u041f\u043e\u0442\u044b\u043c\u043a\u0438\u043d\u0430, \u0441\u043e\u0442\u0440\u0443\u0434\u043d\u0438\u0447\u0430\u0432\u0448\u0438\u0435 \u0441 <a href=\"https:\/\/iksr.ru\/\" target=\"_self\"><em>\u0418\u043d\u0441\u0442\u0438\u0442\u0443\u0442\u043e\u043c \u043a\u043e\u043d\u0441\u0443\u043b\u044c\u0442\u0438\u0440\u043e\u0432\u0430\u043d\u0438\u044f \u0438 \u0441\u0438\u0441\u0442\u0435\u043c\u043d\u044b\u0445 \u0440\u0435\u0448\u0435\u043d\u0438\u0439<\/em><\/a> \u0438 \u0435\u0433\u043e \u0434\u0438\u0440\u0435\u043a\u0442\u043e\u0440\u043e\u043c \u041c\u0438\u0445\u0430\u0438\u043b\u043e\u043c \u0411\u0443\u0440\u043d\u044f\u0448\u0435\u0432\u044b\u043c.<\/p>\n<p>\u0412 2013 \u0433\u043e\u0434\u0443 \u0432\u044b\u0448\u043b\u0430 \u0432\u0442\u043e\u0440\u0430\u044f \u043a\u043d\u0438\u0433\u0430 \u0422\u0438\u0439\u0443 \u0411\u043e\u043b\u044c\u0446\u043c\u0430\u043d\u043d \u043e \u0441\u0435\u043c\u0435\u0439\u043d\u044b\u0445 \u0440\u0430\u0441\u0441\u0442\u0430\u043d\u043e\u0432\u043a\u0430\u0445 \u043d\u0430 \u044d\u0441\u0442\u043e\u043d\u0441\u043a\u043e\u043c \u044f\u0437\u044b\u043a\u0435 \u00ab\u0421\u043a\u0440\u044b\u0442\u044b\u0435 \u0437\u0430\u043a\u043e\u043d\u044b \u0441\u0435\u043c\u044c\u0438. \u0421\u043f\u0440\u0430\u0432\u043e\u0447\u043d\u0438\u043a \u043f\u043e \u043e\u0442\u043d\u043e\u0448\u0435\u043d\u0438\u044f\u043c \u043e\u0442 \u0440\u043e\u0436\u0434\u0435\u043d\u0438\u044f \u0434\u043e \u0441\u043c\u0435\u0440\u0442\u0438\u00bb, \u043d\u0430\u043f\u0438\u0441\u0430\u043d\u043d\u0430\u044f \u043f\u0440\u0438 \u0443\u0447\u0430\u0441\u0442\u0438\u0438 \u0438\u0437\u0432\u0435\u0441\u0442\u043d\u043e\u0433\u043e \u0441\u0435\u043c\u0435\u0439\u043d\u043e\u0433\u043e \u0442\u0435\u0440\u0430\u043f\u0435\u0432\u0442\u0430 \u0438 \u0442\u0440\u0435\u043d\u0435\u0440\u0430 \u0441\u0435\u043c\u0435\u0439\u043d\u044b\u0445 \u0442\u0435\u0440\u0430\u043f\u0435\u0432\u0442\u043e\u0432 \u041a\u0438\u0439\u0440\u044b \u042f\u0440\u0432. \u042d\u0442\u0430 \u043a\u043d\u0438\u0433\u0430 \u0437\u0430\u043b\u043e\u0436\u0438\u043b\u0430 \u043e\u0441\u043d\u043e\u0432\u0443 \u0434\u043b\u044f \u043f\u043e\u043d\u0438\u043c\u0430\u043d\u0438\u044f \u0440\u0430\u0441\u0441\u0442\u0430\u043d\u043e\u0432\u043e\u043a \u0438 \u043f\u043e\u043c\u043e\u0433\u043b\u0430 \u044d\u0441\u0442\u043e\u043d\u043e\u044f\u0437\u044b\u0447\u043d\u044b\u043c \u0447\u0438\u0442\u0430\u0442\u0435\u043b\u044f\u043c \u0437\u0430\u0434\u0443\u043c\u0430\u0442\u044c\u0441\u044f \u043e \u0441\u0432\u044f\u0437\u0438 \u0441\u0435\u043c\u044c\u0438 \u0438 \u0441\u0443\u0434\u044c\u0431\u044b. \u0421 2012 \u0433\u043e\u0434\u0430 \u0422\u0438\u0439\u0443 \u043f\u0440\u043e\u0432\u043e\u0434\u0438\u0442 \u0441\u0435\u043c\u0438\u043d\u0430\u0440\u044b \u043f\u043e \u0441\u0435\u043c\u0435\u0439\u043d\u044b\u043c \u0440\u0430\u0441\u0441\u0442\u0430\u043d\u043e\u0432\u043a\u0430\u043c \u0434\u043b\u044f \u0441\u0435\u043c\u0435\u0439\u043d\u044b\u0445 \u0442\u0435\u0440\u0430\u043f\u0435\u0432\u0442\u043e\u0432 \u0432 \u042d\u0441\u0442\u043e\u043d\u0438\u0438.<\/p>\n<p>&nbsp;<\/p>\n<p>\u0418\u0434\u0435\u044f \u0441\u043e\u0437\u0434\u0430\u043d\u0438\u044f \u042d\u0441\u0442\u043e\u043d\u0441\u043a\u043e\u0439 \u0430\u0441\u0441\u043e\u0446\u0438\u0430\u0446\u0438\u0438 \u043a\u043e\u043d\u0441\u0442\u0435\u043b\u043b\u044f\u0442\u043e\u0440\u043e\u0432 \u0432\u043e\u0437\u043d\u0438\u043a\u043b\u0430 \u0443 \u042e\u043b\u043b\u0435 \u041f\u0438\u043a\u043c\u0430, \u041c\u0430\u0440\u0435\u0442 \u0412\u043e\u0445\u043b\u0430, \u041c\u0430\u0439\u0440\u0435 \u0422\u0430\u0441\u043a\u0430 \u0438 \u0410\u0441\u043a\u043e \u0422\u0430\u043b\u044f, \u043a\u043e\u0442\u043e\u0440\u044b\u0435 \u0443\u0436\u0435 \u043e\u043a\u043e\u043d\u0447\u0438\u043b\u0438 \u043f\u0435\u0440\u0432\u044b\u0439 \u043a\u0443\u0440\u0441 \u043a\u043e\u043d\u0441\u0442\u0435\u043b\u043b\u044f\u0442\u043e\u0440\u043e\u0432 \u0432 \u042d\u0441\u0442\u043e\u043d\u0438\u0438. \u041e\u0434\u043d\u0430\u043a\u043e \u0432\u0440\u0435\u043c\u044f \u0435\u0449\u0451 \u043d\u0435 \u043f\u0440\u0438\u0448\u043b\u043e, \u043f\u043e\u0441\u043a\u043e\u043b\u044c\u043a\u0443 \u0432 \u0442\u043e \u0432\u0440\u0435\u043c\u044f \u0432 \u042d\u0441\u0442\u043e\u043d\u0438\u0438 \u0431\u044b\u043b\u043e \u043c\u0430\u043b\u043e \u0434\u0435\u0439\u0441\u0442\u0432\u0443\u044e\u0449\u0438\u0445 \u043a\u043e\u043d\u0441\u0442\u0435\u043b\u043b\u044f\u0442\u043e\u0440\u043e\u0432, \u0446\u0435\u043b\u044c \u043d\u0435 \u0431\u044b\u043b\u0430 \u0434\u043e\u0441\u0442\u0438\u0433\u043d\u0443\u0442\u0430 \u0438 \u043e\u0442\u043b\u043e\u0436\u0435\u043d\u0430 \u043d\u0430 \u0431\u0443\u0434\u0443\u0449\u0435\u0435.<\/p>\n<p>\u0410\u0441\u0441\u043e\u0446\u0438\u0430\u0446\u0438\u044f \u0431\u044b\u043b\u0430 \u0432\u043d\u043e\u0432\u044c \u043e\u0441\u043d\u043e\u0432\u0430\u043d\u0430 27 \u0434\u0435\u043a\u0430\u0431\u0440\u044f 2017 \u0433\u043e\u0434\u0430 \u043f\u043e \u0438\u043d\u0438\u0446\u0438\u0430\u0442\u0438\u0432\u0435 \u041a\u0430\u043b\u044c\u043c\u0435\u0440\u0430 \u041a\u0430\u0441\u0435. \u041a \u0442\u043e\u043c\u0443 \u0432\u0440\u0435\u043c\u0435\u043d\u0438 \u0441\u043f\u0435\u0446\u0438\u0430\u043b\u0438\u0441\u0442\u043e\u0432 \u043f\u043e \u0440\u0430\u0441\u0441\u0442\u0430\u043d\u043e\u0432\u043a\u0430\u043c, \u043f\u0440\u043e\u0448\u0435\u0434\u0448\u0438\u0445 \u043e\u0431\u0443\u0447\u0435\u043d\u0438\u0435 \u0438 \u0440\u0430\u0431\u043e\u0442\u0430\u044e\u0449\u0438\u0445 \u0432 \u044d\u0442\u043e\u0439 \u043e\u0431\u043b\u0430\u0441\u0442\u0438, \u0441\u0442\u0430\u043b\u043e \u0437\u043d\u0430\u0447\u0438\u0442\u0435\u043b\u044c\u043d\u043e \u0431\u043e\u043b\u044c\u0448\u0435, \u0441\u0430\u043c\u0430 \u0442\u0435\u043c\u0430 \u0441\u0442\u0430\u043b\u0430 \u0431\u043e\u043b\u0435\u0435 \u0437\u043d\u0430\u043a\u043e\u043c\u043e\u0439 \u044d\u0441\u0442\u043e\u043d\u0441\u043a\u043e\u0439 \u043e\u0431\u0449\u0435\u0441\u0442\u0432\u0435\u043d\u043d\u043e\u0441\u0442\u0438, \u0438 \u0431\u044b\u043b\u0430 \u0441\u043e\u0437\u0434\u0430\u043d\u0430 \u0446\u0435\u043b\u043e\u0441\u0442\u043d\u0430\u044f \u0441\u0438\u0441\u0442\u0435\u043c\u0430 \u043f\u043e\u0434\u0433\u043e\u0442\u043e\u0432\u043a\u0438 \u0441\u043f\u0435\u0446\u0438\u0430\u043b\u0438\u0441\u0442\u043e\u0432 \u043f\u043e \u0440\u0430\u0441\u0441\u0442\u0430\u043d\u043e\u0432\u043a\u0430\u043c. \u0412 \u0441\u043e\u0431\u0440\u0430\u043d\u0438\u0438 \u0443\u0447\u0440\u0435\u0434\u0438\u0442\u0435\u043b\u0435\u0439 \u042d\u0441\u0442\u043e\u043d\u0441\u043a\u043e\u0439 \u043f\u0440\u043e\u0444\u0435\u0441\u0441\u0438\u043e\u043d\u0430\u043b\u044c\u043d\u043e\u0439 \u0430\u0441\u0441\u043e\u0446\u0438\u0430\u0446\u0438\u0438 \u0440\u0430\u0441\u0441\u0442\u0430\u043d\u043e\u0432\u0449\u0438\u043a\u043e\u0432 \u043f\u0440\u0438\u043d\u044f\u043b\u0438 \u0443\u0447\u0430\u0441\u0442\u0438\u0435: \u0411\u0435\u0440\u0431\u0435\u043b\u044c \u041b\u0443\u0445\u0430\u0440\u0438-\u042d\u0440\u0440, \u0414\u0430\u043d\u0435\u043b\u044c \u0420\u0430\u0443\u0434\u0441\u0435\u043f\u043f, \u0425\u0435\u043b\u0435\u043d\u0430 \u0422\u0430\u0441\u043a\u0430, \u041a\u0430\u043b\u044c\u043c\u0435\u0440 \u041a\u0430\u0441\u0435, \u041a\u0440\u0438\u0441\u0442\u0435\u043b\u044c \u0420\u0430\u043d\u043d\u0430\u043c\u0435\u044d\u0441, \u041c\u0430\u0439\u0440\u0435 \u0422\u0430\u0441\u043a\u0430, \u041e\u043b\u044c\u0433\u0430 \u041a\u043d\u044f\u0437\u0435\u0432\u0430 \u0438 \u041e\u043b\u044c\u0433\u0430 \u041f\u043e\u0442\u0451\u043c\u043a\u0438\u043d\u0430. \u042d\u043d\u0435 \u0410\u0445\u0430\u0441 \u0432\u043d\u0435\u0441\u043b\u0430 \u0441\u0432\u043e\u0439 \u0432\u043a\u043b\u0430\u0434 \u0432 \u0440\u0430\u0437\u0440\u0430\u0431\u043e\u0442\u043a\u0443 \u043f\u0435\u0440\u0432\u043e\u043d\u0430\u0447\u0430\u043b\u044c\u043d\u043e\u0439 \u0432\u0435\u0440\u0441\u0438\u0438 \u0443\u0441\u0442\u0430\u0432\u0430.<\/p>\n<p>\u041d\u0430 \u0441\u0435\u0433\u043e\u0434\u043d\u044f\u0448\u043d\u0438\u0439 \u0434\u0435\u043d\u044c \u0432 \u0430\u0441\u0441\u043e\u0446\u0438\u0430\u0446\u0438\u0438 \u043d\u0430\u0441\u0447\u0438\u0442\u044b\u0432\u0430\u0435\u0442\u0441\u044f \u0431\u043e\u043b\u0435\u0435 100 \u0447\u043b\u0435\u043d\u043e\u0432.<\/p>\n<p class=\"translation-block\">\u0421\u043e\u0432\u0435\u0442 I 24.05.2018-16.6.2018 \u041a\u0430\u043b\u044c\u043c\u0435\u0440 \u041a\u0430\u0441\u0435, \u0411\u0435\u0440\u0431\u0435\u043b\u044c \u041b\u0443\u0445\u0430\u0440\u0438-\u042d\u0440\u0440, \u041a\u0440\u0438\u0441\u0442\u0435\u043b\u044c \u0420\u0430\u043d\u043d\u0430\u043c\u0435\u0441<br>\n\u0421\u043e\u0432\u0435\u0442 II 16.6.2018-17.6.2021 \u041e\u043b\u044c\u0433\u0430 \u041a\u043d\u044f\u0437\u0435\u0432\u0430, \u0410\u043b\u043b\u0430 \u0420\u0430\u0443\u0434\u0441\u0435\u043f\u043f, \u041a\u0430\u0440\u0438\u043d \u041b\u043e\u043d\u0434\u043e\u043d<br>\n\u041f\u0440\u0430\u0432\u043b\u0435\u043d\u0438\u0435 III 17.6.2021 \u2013 \u043d\u0430\u0441\u0442\u043e\u044f\u0449\u0435\u0435 \u0432\u0440\u0435\u043c\u044f \u041a\u0430\u0440\u0438\u043d \u041b\u043e\u043d\u0434\u043e\u043d, \u0410\u0434\u0430 \u041a\u0435\u0441\u043e\u043d\u0435\u043d, \u0418\u043d\u0433\u0440\u0438\u0434 \u0422\u0438\u0438\u0434\u043e. \u042f\u043d\u0430 \u042d\u0439\u043d\u0430\u0440\u0442 \u0441 27.03.2023 \u043f\u043e \u043d\u0430\u0441\u0442\u043e\u044f\u0449\u0435\u0435 \u0432\u0440\u0435\u043c\u044f<\/p>\n\r\n\t<div class=\"clearboth\"><\/div>\r\n<\/div>\r\n\r\n\t<\/div>\r\n<\/div>\r\n\t<\/div>\r\n\n<\/div>","protected":false},"excerpt":{"rendered":"Meie \u00fchingu ajalugu Konstell\u00f6\u00f6ride koolitamise algatajaks oli ps\u00fchholoog Olga Knjazeva. Olga oli Riias 2006-2009. aastal toimuva Jauno Psihologiju Centrs-is perekonstellatsioonide v\u00e4lja\u00f5ppe Eesti suuna korraldaja, millest kasvasid v\u00e4lja nii hilisemad Eesti konstell\u00f6\u00f6rid kui ka j\u00e4rgmiste Eesti konstell\u00f6\u00f6ride p\u00f5lvkonna koolitajad ning hiljem ka konstell\u00f6\u00f6ride professionaalse \u00fchingu alusepanijad. 2010 t\u00f5lgiti esimene eestikeelne raamat perekonstellatsioonidest Wilfried Nellesi \"Tegelikkuse tervendav [...]","protected":false},"author":1,"featured_media":0,"parent":0,"menu_order":0,"comment_status":"closed","ping_status":"closed","template":"","meta":{"footnotes":""},"class_list":["post-6550","page","type-page","status-publish","hentry"],"yoast_head":"<!-- This site is optimized with the Yoast SEO plugin v27.3 - https:\/\/yoast.com\/product\/yoast-seo-wordpress\/ -->\n<title>EPKA ajalugu - EPKA<\/title>\n<meta name=\"robots\" content=\"index, follow, max-snippet:-1, max-image-preview:large, max-video-preview:-1\" \/>\n<link rel=\"canonical\" href=\"https:\/\/epkaest.com\/ru\/epka-ajalugu\/\" \/>\n<meta property=\"og:locale\" content=\"ru_RU\" \/>\n<meta property=\"og:type\" content=\"article\" \/>\n<meta property=\"og:title\" content=\"EPKA ajalugu - EPKA\" \/>\n<meta property=\"og:url\" content=\"https:\/\/epkaest.com\/ru\/epka-ajalugu\/\" \/>\n<meta property=\"og:site_name\" content=\"EPKA\" \/>\n<meta property=\"article:publisher\" content=\"https:\/\/www.facebook.com\/groups\/2130012653729614\/\" \/>\n<meta property=\"article:modified_time\" content=\"2023-05-19T18:09:49+00:00\" \/>\n<meta name=\"twitter:card\" content=\"summary_large_image\" \/>\n<meta name=\"twitter:label1\" content=\"\u041f\u0440\u0438\u043c\u0435\u0440\u043d\u043e\u0435 \u0432\u0440\u0435\u043c\u044f \u0434\u043b\u044f \u0447\u0442\u0435\u043d\u0438\u044f\" \/>\n\t<meta name=\"twitter:data1\" content=\"2 \u043c\u0438\u043d\u0443\u0442\u044b\" \/>\n<script type=\"application\/ld+json\" class=\"yoast-schema-graph\">{\"@context\":\"https:\\\/\\\/schema.org\",\"@graph\":[{\"@type\":\"WebPage\",\"@id\":\"https:\\\/\\\/epkaest.com\\\/epka-ajalugu\\\/\",\"url\":\"https:\\\/\\\/epkaest.com\\\/epka-ajalugu\\\/\",\"name\":\"EPKA ajalugu - EPKA\",\"isPartOf\":{\"@id\":\"http:\\\/\\\/epkaest.com\\\/ru\\\/#website\"},\"datePublished\":\"2022-10-03T15:55:22+00:00\",\"dateModified\":\"2023-05-19T18:09:49+00:00\",\"breadcrumb\":{\"@id\":\"https:\\\/\\\/epkaest.com\\\/epka-ajalugu\\\/#breadcrumb\"},\"inLanguage\":\"ru-RU\",\"potentialAction\":[{\"@type\":\"ReadAction\",\"target\":[\"https:\\\/\\\/epkaest.com\\\/epka-ajalugu\\\/\"]}]},{\"@type\":\"BreadcrumbList\",\"@id\":\"https:\\\/\\\/epkaest.com\\\/epka-ajalugu\\\/#breadcrumb\",\"itemListElement\":[{\"@type\":\"ListItem\",\"position\":1,\"name\":\"Home\",\"item\":\"http:\\\/\\\/epkaest.com\\\/ru\\\/\"},{\"@type\":\"ListItem\",\"position\":2,\"name\":\"EPKA ajalugu\"}]},{\"@type\":\"WebSite\",\"@id\":\"http:\\\/\\\/epkaest.com\\\/ru\\\/#website\",\"url\":\"http:\\\/\\\/epkaest.com\\\/ru\\\/\",\"name\":\"EPKA\",\"description\":\"Eesti Professionaalsete Konstell\u00f6\u00f6ride Assotsiatsioon\",\"publisher\":{\"@id\":\"http:\\\/\\\/epkaest.com\\\/ru\\\/#organization\"},\"potentialAction\":[{\"@type\":\"SearchAction\",\"target\":{\"@type\":\"EntryPoint\",\"urlTemplate\":\"http:\\\/\\\/epkaest.com\\\/ru\\\/?s={search_term_string}\"},\"query-input\":{\"@type\":\"PropertyValueSpecification\",\"valueRequired\":true,\"valueName\":\"search_term_string\"}}],\"inLanguage\":\"ru-RU\"},{\"@type\":\"Organization\",\"@id\":\"http:\\\/\\\/epkaest.com\\\/ru\\\/#organization\",\"name\":\"Eesti Professionaalsete Konstell\u00f6\u00f6ride Assotsiatsioon\",\"url\":\"http:\\\/\\\/epkaest.com\\\/ru\\\/\",\"logo\":{\"@type\":\"ImageObject\",\"inLanguage\":\"ru-RU\",\"@id\":\"http:\\\/\\\/epkaest.com\\\/ru\\\/#\\\/schema\\\/logo\\\/image\\\/\",\"url\":\"http:\\\/\\\/epkaest.com\\\/wp-content\\\/uploads\\\/2020\\\/08\\\/logo.png\",\"contentUrl\":\"http:\\\/\\\/epkaest.com\\\/wp-content\\\/uploads\\\/2020\\\/08\\\/logo.png\",\"width\":448,\"height\":214,\"caption\":\"Eesti Professionaalsete Konstell\u00f6\u00f6ride Assotsiatsioon\"},\"image\":{\"@id\":\"http:\\\/\\\/epkaest.com\\\/ru\\\/#\\\/schema\\\/logo\\\/image\\\/\"},\"sameAs\":[\"https:\\\/\\\/www.facebook.com\\\/groups\\\/2130012653729614\\\/\"]}]}<\/script>\n<!-- \/ Yoast SEO plugin. -->","yoast_head_json":{"title":"EPKA ajalugu - EPKA","robots":{"index":"index","follow":"follow","max-snippet":"max-snippet:-1","max-image-preview":"max-image-preview:large","max-video-preview":"max-video-preview:-1"},"canonical":"https:\/\/epkaest.com\/ru\/epka-ajalugu\/","og_locale":"ru_RU","og_type":"article","og_title":"EPKA ajalugu - EPKA","og_url":"https:\/\/epkaest.com\/ru\/epka-ajalugu\/","og_site_name":"EPKA","article_publisher":"https:\/\/www.facebook.com\/groups\/2130012653729614\/","article_modified_time":"2023-05-19T18:09:49+00:00","twitter_card":"summary_large_image","twitter_misc":{"\u041f\u0440\u0438\u043c\u0435\u0440\u043d\u043e\u0435 \u0432\u0440\u0435\u043c\u044f \u0434\u043b\u044f \u0447\u0442\u0435\u043d\u0438\u044f":"2 \u043c\u0438\u043d\u0443\u0442\u044b"},"schema":{"@context":"https:\/\/schema.org","@graph":[{"@type":"WebPage","@id":"https:\/\/epkaest.com\/epka-ajalugu\/","url":"https:\/\/epkaest.com\/epka-ajalugu\/","name":"EPKA ajalugu - EPKA","isPartOf":{"@id":"http:\/\/epkaest.com\/ru\/#website"},"datePublished":"2022-10-03T15:55:22+00:00","dateModified":"2023-05-19T18:09:49+00:00","breadcrumb":{"@id":"https:\/\/epkaest.com\/epka-ajalugu\/#breadcrumb"},"inLanguage":"ru-RU","potentialAction":[{"@type":"ReadAction","target":["https:\/\/epkaest.com\/epka-ajalugu\/"]}]},{"@type":"BreadcrumbList","@id":"https:\/\/epkaest.com\/epka-ajalugu\/#breadcrumb","itemListElement":[{"@type":"ListItem","position":1,"name":"Home","item":"http:\/\/epkaest.com\/ru\/"},{"@type":"ListItem","position":2,"name":"EPKA ajalugu"}]},{"@type":"WebSite","@id":"http:\/\/epkaest.com\/ru\/#website","url":"http:\/\/epkaest.com\/ru\/","name":"\u042d\u041f\u041a\u0410","description":"Eesti Professionaalsete Konstell\u00f6\u00f6ride Assotsiatsioon","publisher":{"@id":"http:\/\/epkaest.com\/ru\/#organization"},"potentialAction":[{"@type":"SearchAction","target":{"@type":"EntryPoint","urlTemplate":"http:\/\/epkaest.com\/ru\/?s={search_term_string}"},"query-input":{"@type":"PropertyValueSpecification","valueRequired":true,"valueName":"search_term_string"}}],"inLanguage":"ru-RU"},{"@type":"Organization","@id":"http:\/\/epkaest.com\/ru\/#organization","name":"Eesti Professionaalsete Konstell\u00f6\u00f6ride Assotsiatsioon","url":"http:\/\/epkaest.com\/ru\/","logo":{"@type":"ImageObject","inLanguage":"ru-RU","@id":"http:\/\/epkaest.com\/ru\/#\/schema\/logo\/image\/","url":"http:\/\/epkaest.com\/wp-content\/uploads\/2020\/08\/logo.png","contentUrl":"http:\/\/epkaest.com\/wp-content\/uploads\/2020\/08\/logo.png","width":448,"height":214,"caption":"Eesti Professionaalsete Konstell\u00f6\u00f6ride Assotsiatsioon"},"image":{"@id":"http:\/\/epkaest.com\/ru\/#\/schema\/logo\/image\/"},"sameAs":["https:\/\/www.facebook.com\/groups\/2130012653729614\/"]}]}},"_links":{"self":[{"href":"http:\/\/epkaest.com\/ru\/wp-json\/wp\/v2\/pages\/6550","targetHints":{"allow":["GET"]}}],"collection":[{"href":"http:\/\/epkaest.com\/ru\/wp-json\/wp\/v2\/pages"}],"about":[{"href":"http:\/\/epkaest.com\/ru\/wp-json\/wp\/v2\/types\/page"}],"author":[{"embeddable":true,"href":"http:\/\/epkaest.com\/ru\/wp-json\/wp\/v2\/users\/1"}],"replies":[{"embeddable":true,"href":"http:\/\/epkaest.com\/ru\/wp-json\/wp\/v2\/comments?post=6550"}],"version-history":[{"count":2,"href":"http:\/\/epkaest.com\/ru\/wp-json\/wp\/v2\/pages\/6550\/revisions"}],"predecessor-version":[{"id":6873,"href":"http:\/\/epkaest.com\/ru\/wp-json\/wp\/v2\/pages\/6550\/revisions\/6873"}],"wp:attachment":[{"href":"http:\/\/epkaest.com\/ru\/wp-json\/wp\/v2\/media?parent=6550"}],"curies":[{"name":"wp","href":"https:\/\/api.w.org\/{rel}","templated":true}]}}