{"id":6883,"date":"2023-05-19T18:18:01","date_gmt":"2023-05-19T18:18:01","guid":{"rendered":"http:\/\/epkaest.com\/?page_id=6883"},"modified":"2023-05-19T18:18:01","modified_gmt":"2023-05-19T18:18:01","slug":"eetikakomisjoni-toopohimotted","status":"publish","type":"page","link":"http:\/\/epkaest.com\/ru\/eetikakomisjoni-toopohimotted\/","title":{"rendered":"Eetikakomisjoni t\u00f6\u00f6p\u00f5him\u00f5tted"},"content":{"rendered":"<p><strong>EESTI PROFESSIONAALSETE KONSTELL\u00d6\u00d6RIDE ASSOTSIATSIOONI EETIKAKOMISJONI T\u00d6\u00d6P\u00d5HIM\u00d5TTED<\/strong><\/p>\n<ol>\n<li>\u00dcLDS\u00c4TTED\n<ul>\n<li>Eesti Professionaalsete Konstell\u00f6\u00f6ride Assotsiatsiooni (edaspidi EPKA) eetikakomisjoni eesm\u00e4rk on digiallkirjastatud kirjalikes avaldustes esitatud juhtumitele v\u00f5imalikult objektiivse hinnangu andmine; lisaks liikmete eetiliste hoiakute kujundamine, n\u00f5ustamine<br \/>\neetika k\u00fcsimustes ning kaasa aitamine lahenduste leidmisele.<\/li>\n<li>K\u00e4esolev tegevusjuhend s\u00e4testab EPKA eetikakomisjoni (edaspidi komisjon) moodustamise, t\u00f6\u00f6korra, komisjoni liikmete p\u00e4devuse, \u00f5igused ja vastutuse,<\/li>\n<li>Komisjon l\u00e4htub oma t\u00f6\u00f6s EPKA p\u00f5hikirjast, eetikakoodeksist ja kehtivast Eesti Vabariigi seadusandlusest. Komisjon kohtleb k\u00f5iki EPKA liikmeid v\u00f5rdsetel alustel ning ei ole kallutatud probleemide k\u00e4sitlemisel ja lahendamisel.<\/li>\n<\/ul>\n<\/li>\n<\/ol>\n<p>&nbsp;<\/p>\n<ol start=\"2\">\n<li>EETIKAKOMISJONI MOODUSTAMINE JA KOOSSEIS\n<ul>\n<li>Komisjoni liikmed valib \u00fcldkoosolek ja liige kinnitatakse kolmeks aastaks. Eetikakomisjoni koosseis on kolme kuni viieliikmeline.<\/li>\n<li>Komisjoni liikmekandidaadi staatust v\u00f5ib taotleda iga EPKA tegevliige, kes soovib arendada eetikakomisjoni eesm\u00e4rkidega koosk\u00f5las olevaid tegevusi.<\/li>\n<li>Komisjoni liikme t\u00f6\u00f6perioodi l\u00f5ppedes annab komisjon sellest juhatusele teada ja juhatus korraldab uue liikme valimise \u00fcldkoosolekul.<\/li>\n<li>Komisjonil on \u00f5igus kutsuda vajadusel (nt liikme taandumise) juurde ajutisi lisaliikmeid, kes on EPKA tegevliikmed, konkreetsete juhtumite lahendamiseks. Ajutistele lisaliikmetele laienevad eetikakomisjoni liikme \u00f5igused ja kohustused konkreetse juhtumi arutelu piires.<\/li>\n<li>Eetikakomisjoni t\u00f6\u00f6vormiks on koosolek, kus valitakse koosoleku juhataja ja protokollija<\/li>\n<\/ul>\n<\/li>\n<\/ol>\n<p>&nbsp;<\/p>\n<ol start=\"3\">\n<li>AVALDUSE MENETLEMISE P\u00d5HIM\u00d5TTED\n<ul>\n<li>Juhtumi menetlusse andmiseks tuleb p\u00f6\u00f6rdujal esitada eetikakomisjonile digiallkirjastatud avaldus koos probleemi kirjeldusega. Menetlusse v\u00f5etakse juhtumid, mis on seotud EPKA liikmete professionaalse tegevusega, mis rikuvad EPKA mainet ja ei ole koosk\u00f5las EPKA p\u00f5hikirja ega eetikakoodeksiga.<\/li>\n<li>Eetikakomisjoni esmane koosolek toimub kahe n\u00e4dala jooksul avalduse laekumise kuup\u00e4evast.<\/li>\n<li>Eetikakomisjoni hinnang ja otsustamine probleemi lahenduseks toimub, kui koosolekust v\u00f5tab osa v\u00e4hemalt kolm eetikakomisjoni liiget.<\/li>\n<li>Eetikakomisjon annab kaebuse lahendamisel v\u00f5imaluse osapooltele suuliselt v\u00f5i kirjalikult oma arvamuse avaldamiseks. Kirjalik hinnang ja otsus juhtumi kohta antakse k\u00f5igile osapooltele teada hiljemalt kahe kuu jooksul p\u00e4rast avalduse esitamist.<\/li>\n<li>Eetikakomisjoni liikmetel on kohustus pidada kinni n\u00f5udest mitte jagada juhtumi kohta k\u00e4ivat<br \/>\ninformatsiooni antud juhtumiga mitteseotud osapooltele, v\u00e4lja arvatud siis, kui seda n\u00f5uab seadus ja juhtumi menetlemiseks tekib kolmandate osapoolte kaasamise vajadus.<\/li>\n<li>Eetikakomisjoni liige ei v\u00f5i hinnangu andmisel osaleda ja peab taanduma, kui tal esineb huvide konflikt, mis v\u00f5ib tekitada kahtlusi tema erapooletuses. Huvide konflikt v\u00f5ib olla seotud n\u00e4iteks j\u00e4rgmiste juhtudega:\n<ul>\n<li>komisjoni liikme seotus juhtumiga ja\/v\u00f5i selle osapooltega;<\/li>\n<li>komisjoni liikme sugulus v\u00f5i m\u00f5ni muu l\u00e4hedase seotuse vorm avalduse esitajaga;<\/li>\n<li>komisjoni liikme isiklik v\u00f5i m\u00f5ni muu huvi avalduse esitaja probleemilahendusele hinnangu andmisel, mis m\u00f5jutaks l\u00f5pptulemust.<\/li>\n<\/ul>\n<\/li>\n<li>Eetikakomisjon annab aru komisjoni tegevusest \u00fcks kord aastas, \u00fchingu aasta viimasel \u00fcldkoosolekul esitades \u00fclevaate p\u00f6\u00f6rdumiste arvust ja peamistest p\u00f5hjustest.<\/li>\n<\/ul>\n<\/li>\n<\/ol>\n<p>&nbsp;<\/p>\n<ol start=\"4\">\n<li>EETIKAKOMISJONI P\u00c4DEVUS, \u00d5IGUSED JA KOHUSTUSED\n<ul>\n<li>Komisjoni p\u00e4devusse kuulub EPKA konstell\u00f6\u00f6ride kutsek\u00e4itumisele hinnangu andmine eetikakoodeksist l\u00e4htuvalt. Eetikakomisjonil on \u00f5igus anda konstellatsiooni valdkonda puudutavate meediak\u00e4sitluste kohta arvamust.<\/li>\n<li>Oma tegevuse eesm\u00e4rgi saavutamiseks on komisjonil \u00f5igus:\n<ul>\n<li>k\u00fcsida asjaolude kohta suulisi ja kirjalikke seletusi:<\/li>\n<li>tutvuda k\u00f5igi asjas t\u00e4htsust omavate materjalidega;<\/li>\n<li>menetleda laekunud\u00a0 kaebusi;<\/li>\n<li>teha ettepanekuid EPKA juhatusele liikmele m\u00f5jutus-v\u00f5i toetusvahendite kohaldamiseks, sh ka v\u00e4lja arvamiseks EPKA liikmeskonnast.<\/li>\n<\/ul>\n<\/li>\n<\/ul>\n<\/li>\n<\/ol>\n<ol start=\"5\">\n<li>EETIKAKOMISJONI DOKUMENTIDE S\u00c4ILITAMINE\n<ul>\n<li>Eetikakomisjoni juhtumiga seotud t\u00f6\u00f6dokumendid, kirjalikud hinnangud ja otsused juhtumi kohta allkirjastatakse ja s\u00e4ilitatakse EPKA ametlikus virtuaalkaustas kuni kolm aastat, millele on juurdep\u00e4\u00e4s ainult EPKA juhatusel ja eetikakomisjoni liikmetel ning menetlusosalistel.<\/li>\n<li>Meediale esitatud arvamused ja vastulaused avaldatakse EPKA kodulehel t\u00e4ies mahus.<\/li>\n<\/ul>\n<\/li>\n<\/ol>\n<p><strong>Eetikakomisjoni kuuluvad:<\/strong> Kristel Rannamees, Janno Perv ja Heidi R\u00e4tsep (valitud \u00fcldkoosolekul 27.03.2023).<\/p>","protected":false},"excerpt":{"rendered":"<p>EESTI PROFESSIONAALSETE KONSTELL\u00d6\u00d6RIDE ASSOTSIATSIOONI EETIKAKOMISJONI T\u00d6\u00d6P\u00d5HIM\u00d5TTED \u00dcLDS\u00c4TTED Eesti Professionaalsete Konstell\u00f6\u00f6ride Assotsiatsiooni (edaspidi EPKA) eetikakomisjoni eesm\u00e4rk on digiallkirjastatud kirjalikes avaldustes esitatud juhtumitele v\u00f5imalikult objektiivse hinnangu andmine; lisaks liikmete eetiliste hoiakute kujundamine, n\u00f5ustamine eetika k\u00fcsimustes ning kaasa aitamine lahenduste leidmisele. K\u00e4esolev tegevusjuhend s\u00e4testab EPKA eetikakomisjoni (edaspidi komisjon) moodustamise, t\u00f6\u00f6korra, komisjoni liikmete p\u00e4devuse, \u00f5igused ja vastutuse, Komisjon l\u00e4htub [&hellip;]<\/p>","protected":false},"author":1,"featured_media":0,"parent":0,"menu_order":0,"comment_status":"closed","ping_status":"closed","template":"","meta":{"footnotes":""},"class_list":["post-6883","page","type-page","status-publish","hentry"],"yoast_head":"<!-- This site is optimized with the Yoast SEO plugin v27.3 - https:\/\/yoast.com\/product\/yoast-seo-wordpress\/ -->\n<title>Eetikakomisjoni t\u00f6\u00f6p\u00f5him\u00f5tted - EPKA<\/title>\n<meta name=\"robots\" content=\"index, follow, max-snippet:-1, max-image-preview:large, max-video-preview:-1\" \/>\n<link rel=\"canonical\" href=\"http:\/\/epkaest.com\/ru\/eetikakomisjoni-toopohimotted\/\" \/>\n<meta property=\"og:locale\" content=\"ru_RU\" \/>\n<meta property=\"og:type\" content=\"article\" \/>\n<meta property=\"og:title\" content=\"Eetikakomisjoni t\u00f6\u00f6p\u00f5him\u00f5tted - EPKA\" \/>\n<meta property=\"og:description\" content=\"EESTI PROFESSIONAALSETE KONSTELL\u00d6\u00d6RIDE ASSOTSIATSIOONI EETIKAKOMISJONI T\u00d6\u00d6P\u00d5HIM\u00d5TTED \u00dcLDS\u00c4TTED Eesti Professionaalsete Konstell\u00f6\u00f6ride Assotsiatsiooni (edaspidi EPKA) eetikakomisjoni eesm\u00e4rk on digiallkirjastatud kirjalikes avaldustes esitatud juhtumitele v\u00f5imalikult objektiivse hinnangu andmine; lisaks liikmete eetiliste hoiakute kujundamine, n\u00f5ustamine eetika k\u00fcsimustes ning kaasa aitamine lahenduste leidmisele. K\u00e4esolev tegevusjuhend s\u00e4testab EPKA eetikakomisjoni (edaspidi komisjon) moodustamise, t\u00f6\u00f6korra, komisjoni liikmete p\u00e4devuse, \u00f5igused ja vastutuse, Komisjon l\u00e4htub [&hellip;]\" \/>\n<meta property=\"og:url\" content=\"http:\/\/epkaest.com\/ru\/eetikakomisjoni-toopohimotted\/\" \/>\n<meta property=\"og:site_name\" content=\"EPKA\" \/>\n<meta property=\"article:publisher\" content=\"https:\/\/www.facebook.com\/groups\/2130012653729614\/\" \/>\n<meta name=\"twitter:card\" content=\"summary_large_image\" \/>\n<meta name=\"twitter:label1\" content=\"\u041f\u0440\u0438\u043c\u0435\u0440\u043d\u043e\u0435 \u0432\u0440\u0435\u043c\u044f \u0434\u043b\u044f \u0447\u0442\u0435\u043d\u0438\u044f\" \/>\n\t<meta name=\"twitter:data1\" content=\"3 \u043c\u0438\u043d\u0443\u0442\u044b\" \/>\n<script type=\"application\/ld+json\" class=\"yoast-schema-graph\">{\"@context\":\"https:\\\/\\\/schema.org\",\"@graph\":[{\"@type\":\"WebPage\",\"@id\":\"http:\\\/\\\/epkaest.com\\\/en\\\/eetikakomisjoni-toopohimotted\\\/\",\"url\":\"http:\\\/\\\/epkaest.com\\\/en\\\/eetikakomisjoni-toopohimotted\\\/\",\"name\":\"Eetikakomisjoni t\u00f6\u00f6p\u00f5him\u00f5tted - EPKA\",\"isPartOf\":{\"@id\":\"http:\\\/\\\/epkaest.com\\\/ru\\\/#website\"},\"datePublished\":\"2023-05-19T18:18:01+00:00\",\"breadcrumb\":{\"@id\":\"http:\\\/\\\/epkaest.com\\\/en\\\/eetikakomisjoni-toopohimotted\\\/#breadcrumb\"},\"inLanguage\":\"ru-RU\",\"potentialAction\":[{\"@type\":\"ReadAction\",\"target\":[\"http:\\\/\\\/epkaest.com\\\/en\\\/eetikakomisjoni-toopohimotted\\\/\"]}]},{\"@type\":\"BreadcrumbList\",\"@id\":\"http:\\\/\\\/epkaest.com\\\/en\\\/eetikakomisjoni-toopohimotted\\\/#breadcrumb\",\"itemListElement\":[{\"@type\":\"ListItem\",\"position\":1,\"name\":\"Home\",\"item\":\"http:\\\/\\\/epkaest.com\\\/ru\\\/\"},{\"@type\":\"ListItem\",\"position\":2,\"name\":\"Eetikakomisjoni t\u00f6\u00f6p\u00f5him\u00f5tted\"}]},{\"@type\":\"WebSite\",\"@id\":\"http:\\\/\\\/epkaest.com\\\/ru\\\/#website\",\"url\":\"http:\\\/\\\/epkaest.com\\\/ru\\\/\",\"name\":\"EPKA\",\"description\":\"Eesti Professionaalsete Konstell\u00f6\u00f6ride Assotsiatsioon\",\"publisher\":{\"@id\":\"http:\\\/\\\/epkaest.com\\\/ru\\\/#organization\"},\"potentialAction\":[{\"@type\":\"SearchAction\",\"target\":{\"@type\":\"EntryPoint\",\"urlTemplate\":\"http:\\\/\\\/epkaest.com\\\/ru\\\/?s={search_term_string}\"},\"query-input\":{\"@type\":\"PropertyValueSpecification\",\"valueRequired\":true,\"valueName\":\"search_term_string\"}}],\"inLanguage\":\"ru-RU\"},{\"@type\":\"Organization\",\"@id\":\"http:\\\/\\\/epkaest.com\\\/ru\\\/#organization\",\"name\":\"Eesti Professionaalsete Konstell\u00f6\u00f6ride Assotsiatsioon\",\"url\":\"http:\\\/\\\/epkaest.com\\\/ru\\\/\",\"logo\":{\"@type\":\"ImageObject\",\"inLanguage\":\"ru-RU\",\"@id\":\"http:\\\/\\\/epkaest.com\\\/ru\\\/#\\\/schema\\\/logo\\\/image\\\/\",\"url\":\"http:\\\/\\\/epkaest.com\\\/wp-content\\\/uploads\\\/2020\\\/08\\\/logo.png\",\"contentUrl\":\"http:\\\/\\\/epkaest.com\\\/wp-content\\\/uploads\\\/2020\\\/08\\\/logo.png\",\"width\":448,\"height\":214,\"caption\":\"Eesti Professionaalsete Konstell\u00f6\u00f6ride Assotsiatsioon\"},\"image\":{\"@id\":\"http:\\\/\\\/epkaest.com\\\/ru\\\/#\\\/schema\\\/logo\\\/image\\\/\"},\"sameAs\":[\"https:\\\/\\\/www.facebook.com\\\/groups\\\/2130012653729614\\\/\"]}]}<\/script>\n<!-- \/ Yoast SEO plugin. -->","yoast_head_json":{"title":"Eetikakomisjoni t\u00f6\u00f6p\u00f5him\u00f5tted - EPKA","robots":{"index":"index","follow":"follow","max-snippet":"max-snippet:-1","max-image-preview":"max-image-preview:large","max-video-preview":"max-video-preview:-1"},"canonical":"http:\/\/epkaest.com\/ru\/eetikakomisjoni-toopohimotted\/","og_locale":"ru_RU","og_type":"article","og_title":"Eetikakomisjoni t\u00f6\u00f6p\u00f5him\u00f5tted - EPKA","og_description":"EESTI PROFESSIONAALSETE KONSTELL\u00d6\u00d6RIDE ASSOTSIATSIOONI EETIKAKOMISJONI T\u00d6\u00d6P\u00d5HIM\u00d5TTED \u00dcLDS\u00c4TTED Eesti Professionaalsete Konstell\u00f6\u00f6ride Assotsiatsiooni (edaspidi EPKA) eetikakomisjoni eesm\u00e4rk on digiallkirjastatud kirjalikes avaldustes esitatud juhtumitele v\u00f5imalikult objektiivse hinnangu andmine; lisaks liikmete eetiliste hoiakute kujundamine, n\u00f5ustamine eetika k\u00fcsimustes ning kaasa aitamine lahenduste leidmisele. K\u00e4esolev tegevusjuhend s\u00e4testab EPKA eetikakomisjoni (edaspidi komisjon) moodustamise, t\u00f6\u00f6korra, komisjoni liikmete p\u00e4devuse, \u00f5igused ja vastutuse, Komisjon l\u00e4htub [&hellip;]","og_url":"http:\/\/epkaest.com\/ru\/eetikakomisjoni-toopohimotted\/","og_site_name":"EPKA","article_publisher":"https:\/\/www.facebook.com\/groups\/2130012653729614\/","twitter_card":"summary_large_image","twitter_misc":{"\u041f\u0440\u0438\u043c\u0435\u0440\u043d\u043e\u0435 \u0432\u0440\u0435\u043c\u044f \u0434\u043b\u044f \u0447\u0442\u0435\u043d\u0438\u044f":"3 \u043c\u0438\u043d\u0443\u0442\u044b"},"schema":{"@context":"https:\/\/schema.org","@graph":[{"@type":"WebPage","@id":"http:\/\/epkaest.com\/en\/eetikakomisjoni-toopohimotted\/","url":"http:\/\/epkaest.com\/en\/eetikakomisjoni-toopohimotted\/","name":"Eetikakomisjoni t\u00f6\u00f6p\u00f5him\u00f5tted - EPKA","isPartOf":{"@id":"http:\/\/epkaest.com\/ru\/#website"},"datePublished":"2023-05-19T18:18:01+00:00","breadcrumb":{"@id":"http:\/\/epkaest.com\/en\/eetikakomisjoni-toopohimotted\/#breadcrumb"},"inLanguage":"ru-RU","potentialAction":[{"@type":"ReadAction","target":["http:\/\/epkaest.com\/en\/eetikakomisjoni-toopohimotted\/"]}]},{"@type":"BreadcrumbList","@id":"http:\/\/epkaest.com\/en\/eetikakomisjoni-toopohimotted\/#breadcrumb","itemListElement":[{"@type":"ListItem","position":1,"name":"Home","item":"http:\/\/epkaest.com\/ru\/"},{"@type":"ListItem","position":2,"name":"Eetikakomisjoni t\u00f6\u00f6p\u00f5him\u00f5tted"}]},{"@type":"WebSite","@id":"http:\/\/epkaest.com\/ru\/#website","url":"http:\/\/epkaest.com\/ru\/","name":"\u042d\u041f\u041a\u0410","description":"Eesti Professionaalsete Konstell\u00f6\u00f6ride Assotsiatsioon","publisher":{"@id":"http:\/\/epkaest.com\/ru\/#organization"},"potentialAction":[{"@type":"SearchAction","target":{"@type":"EntryPoint","urlTemplate":"http:\/\/epkaest.com\/ru\/?s={search_term_string}"},"query-input":{"@type":"PropertyValueSpecification","valueRequired":true,"valueName":"search_term_string"}}],"inLanguage":"ru-RU"},{"@type":"Organization","@id":"http:\/\/epkaest.com\/ru\/#organization","name":"Eesti Professionaalsete Konstell\u00f6\u00f6ride Assotsiatsioon","url":"http:\/\/epkaest.com\/ru\/","logo":{"@type":"ImageObject","inLanguage":"ru-RU","@id":"http:\/\/epkaest.com\/ru\/#\/schema\/logo\/image\/","url":"http:\/\/epkaest.com\/wp-content\/uploads\/2020\/08\/logo.png","contentUrl":"http:\/\/epkaest.com\/wp-content\/uploads\/2020\/08\/logo.png","width":448,"height":214,"caption":"Eesti Professionaalsete Konstell\u00f6\u00f6ride Assotsiatsioon"},"image":{"@id":"http:\/\/epkaest.com\/ru\/#\/schema\/logo\/image\/"},"sameAs":["https:\/\/www.facebook.com\/groups\/2130012653729614\/"]}]}},"_links":{"self":[{"href":"http:\/\/epkaest.com\/ru\/wp-json\/wp\/v2\/pages\/6883","targetHints":{"allow":["GET"]}}],"collection":[{"href":"http:\/\/epkaest.com\/ru\/wp-json\/wp\/v2\/pages"}],"about":[{"href":"http:\/\/epkaest.com\/ru\/wp-json\/wp\/v2\/types\/page"}],"author":[{"embeddable":true,"href":"http:\/\/epkaest.com\/ru\/wp-json\/wp\/v2\/users\/1"}],"replies":[{"embeddable":true,"href":"http:\/\/epkaest.com\/ru\/wp-json\/wp\/v2\/comments?post=6883"}],"version-history":[{"count":1,"href":"http:\/\/epkaest.com\/ru\/wp-json\/wp\/v2\/pages\/6883\/revisions"}],"predecessor-version":[{"id":6884,"href":"http:\/\/epkaest.com\/ru\/wp-json\/wp\/v2\/pages\/6883\/revisions\/6884"}],"wp:attachment":[{"href":"http:\/\/epkaest.com\/ru\/wp-json\/wp\/v2\/media?parent=6883"}],"curies":[{"name":"wp","href":"https:\/\/api.w.org\/{rel}","templated":true}]}}