{"id":7065,"date":"2023-11-22T16:38:22","date_gmt":"2023-11-22T16:38:22","guid":{"rendered":"https:\/\/epkaest.com\/?page_id=7065"},"modified":"2025-10-24T19:41:02","modified_gmt":"2025-10-24T19:41:02","slug":"podcastid","status":"publish","type":"page","link":"http:\/\/epkaest.com\/ru\/podcastid\/","title":{"rendered":"\u041f\u043e\u0434\u043a\u0430\u0441\u0442\u044b"},"content":{"rendered":"<div class=\"wpb-content-wrapper\">\r\n<div  data-mk-stretch-content=\"true\" class=\"wpb_row vc_row vc_row-fluid jupiter-donut- mk-fullwidth-false  attched-false     js-master-row  mk-grid\">\r\n\t\t\t\t\r\n<div class=\"vc_col-sm-3 wpb_column column_container  jupiter-donut- _ jupiter-donut-height-full\">\r\n\t\n\t<div  class=\"wpb_single_image wpb_content_element vc_align_left wpb_content_element\">\n\t\t\n\t\t<figure class=\"wpb_wrapper vc_figure\">\n\t\t\t<div class=\"vc_single_image-wrapper vc_box_rounded  vc_box_border_grey\"><img decoding=\"async\" width=\"176\" height=\"176\" src=\"http:\/\/epkaest.com\/wp-content\/uploads\/2023\/11\/ytlogo.jpg\" class=\"vc_single_image-img attachment-full\" alt=\"\" title=\"ytlogo\" srcset=\"http:\/\/epkaest.com\/wp-content\/uploads\/2023\/11\/ytlogo.jpg 176w, http:\/\/epkaest.com\/wp-content\/uploads\/2023\/11\/ytlogo-150x150.jpg 150w, http:\/\/epkaest.com\/wp-content\/uploads\/2023\/11\/ytlogo-300x300.jpg 300w, http:\/\/epkaest.com\/wp-content\/uploads\/2023\/11\/ytlogo-1024x1024.jpg 1024w\" sizes=\"(max-width: 176px) 100vw, 176px\" itemprop=\"image\" \/><\/div>\n\t\t<\/figure>\n\t<\/div>\n<\/div>\r\n\r\n<div class=\"vc_col-sm-9 wpb_column column_container  jupiter-donut- _ jupiter-donut-height-full\">\r\n\t\t<div class=\"vc_custom_1700671930424\">\r\n\r\n<div id=\"text-block-3\" class=\"mk-text-block  jupiter-donut-\">\r\n\r\n\t\r\n\t<h3>Konstellatsioonidest Professionaalselt<\/h3>\n<p>Eesti Professionaalsete Konstell\u00f6\u00f6ride Assotsiatsiooni (edaspidi EPKA) podcastide sarjas &#8220;Konstellatsioonidest Professionaalselt&#8221; toimuvad p\u00f5nevad arutelud ja vestlused v\u00e4ga olulisel teemal &#8211; mis on professionaalsed konstellatsioonid.<br \/>\nSaates kuuleme nii EPKA juhatuse liikmeid kui ka erinevaid sertifitseeritud konstell\u00f6\u00f6re arutlemas konstellatsioonist kui meetodist, filosoofiast ja terapeutilisest l\u00e4henemisest. Podcast on loodud t\u00e4histamaks meie assotsiatsiooni 5.ndat juubeliaastat.<\/p>\n\r\n\t<div class=\"clearboth\"><\/div>\r\n<\/div>\r\n\r\n\t<\/div>\r\n<\/div>\r\n\t<\/div>\r\n\r\n<div  data-mk-stretch-content=\"true\" class=\"wpb_row vc_row vc_row-fluid jupiter-donut- mk-fullwidth-false  attched-false     js-master-row  mk-grid\">\r\n\t\t\t\t\r\n<div class=\"vc_col-sm-4 wpb_column column_container  jupiter-donut- _ jupiter-donut-height-full\">\r\n\t<div class=\"wpb_video_widget  jupiter-donut-\">\r\n\t<div class=\"wpb_wrapper\">\r\n\t\t\t\t<div id=\"video-container-5\" class=\"video-container\" data-id=\"5\" data-source=\"social_hosted\" data-autoplay=\"0\" data-loop=\"0\" data-target=\"lightbox\" itemprop=\"video\" itemtype=\"https:\/\/schema.org\/VideoObject\" >\r\n\t\t\t<div id=\"video-player-5\" class=\"video-player\">\r\n\t\t\t<iframe id=\"iframe-player-5\" data-id=\"5\" title=\"#10 Konstellatsiooni m\u00fc\u00fcdid ja tegelikkus - k\u00fclas Jaana Saar\" width=\"1140\" height=\"641\" src=\"https:\/\/www.youtube.com\/embed\/_6W5eZjAKAQ?feature=oembed\" frameborder=\"0\" allow=\"accelerometer; autoplay; clipboard-write; encrypted-media; gyroscope; picture-in-picture; web-share\" allowfullscreen><\/iframe>\t\t\t<\/div>\r\n\t\t\t\t\t<\/div>\r\n\t<\/div>\r\n<\/div>\r\n<\/div>\r\n\r\n<div class=\"vc_col-sm-4 wpb_column column_container  jupiter-donut- _ jupiter-donut-height-full\">\r\n\t<div class=\"wpb_video_widget  jupiter-donut-\">\r\n\t<div class=\"wpb_wrapper\">\r\n\t\t\t\t<div id=\"video-container-7\" class=\"video-container\" data-id=\"7\" data-source=\"social_hosted\" data-autoplay=\"0\" data-loop=\"0\" data-target=\"lightbox\" itemprop=\"video\" itemtype=\"https:\/\/schema.org\/VideoObject\" >\r\n\t\t\t<div id=\"video-player-7\" class=\"video-player\">\r\n\t\t\t<iframe id=\"iframe-player-7\" data-id=\"7\" title=\"#8 Organisatsiooni, \u00e4ri- &amp; t\u00f6\u00f6konstellatsioonid - k\u00fclas Anne \u00d5uemaa\" width=\"1140\" height=\"641\" src=\"https:\/\/www.youtube.com\/embed\/QDK2EQlRGMI?feature=oembed\" frameborder=\"0\" allow=\"accelerometer; autoplay; clipboard-write; encrypted-media; gyroscope; picture-in-picture; web-share\" allowfullscreen><\/iframe>\t\t\t<\/div>\r\n\t\t\t\t\t<\/div>\r\n\t<\/div>\r\n<\/div>\r\n<\/div>\r\n\r\n<div class=\"vc_col-sm-4 wpb_column column_container  jupiter-donut- _ jupiter-donut-height-full\">\r\n\t<div class=\"wpb_video_widget  jupiter-donut-\">\r\n\t<div class=\"wpb_wrapper\">\r\n\t\t\t\t<div id=\"video-container-9\" class=\"video-container\" data-id=\"9\" data-source=\"social_hosted\" data-autoplay=\"0\" data-loop=\"0\" data-target=\"lightbox\" itemprop=\"video\" itemtype=\"https:\/\/schema.org\/VideoObject\" >\r\n\t\t\t<div id=\"video-player-9\" class=\"video-player\">\r\n\t\t\t<iframe id=\"iframe-player-9\" data-id=\"9\" title=\"#7 Konstellatsioon: Kas konservatiivne v\u00f5i universaaalne maailmavaade? - k\u00fclas Tiiu Bolzmann\" width=\"1140\" height=\"641\" src=\"https:\/\/www.youtube.com\/embed\/u7-ns0j1qCY?feature=oembed\" frameborder=\"0\" allow=\"accelerometer; autoplay; clipboard-write; encrypted-media; gyroscope; picture-in-picture; web-share\" allowfullscreen><\/iframe>\t\t\t<\/div>\r\n\t\t\t\t\t<\/div>\r\n\t<\/div>\r\n<\/div>\r\n<\/div>\r\n\t<\/div>\r\n\r\n<div  data-mk-stretch-content=\"true\" class=\"wpb_row vc_row vc_row-fluid jupiter-donut- mk-fullwidth-false  attched-false     js-master-row  mk-grid\">\r\n\t\t\t\t\r\n<div class=\"vc_col-sm-12 wpb_column column_container  jupiter-donut- _ jupiter-donut-height-full\">\r\n\t<div id=\"divider-11\" class=\"mk-divider  jupiter-donut-   divider_full_width center padding_space\">\r\n\r\n\t\t\t<div class=\"divider-inner\"><\/div>\r\n\t\r\n<\/div>\r\n<div class=\"clearboth\"><\/div>\r\n<\/div>\r\n\t<\/div>\r\n\r\n<div  data-mk-stretch-content=\"true\" class=\"wpb_row vc_row vc_row-fluid jupiter-donut- mk-fullwidth-false  attched-false     js-master-row  mk-grid\">\r\n\t\t\t\t\r\n<div class=\"vc_col-sm-4 wpb_column column_container  jupiter-donut- _ jupiter-donut-height-full\">\r\n\t<div class=\"wpb_video_widget  jupiter-donut-\">\r\n\t<div class=\"wpb_wrapper\">\r\n\t\t\t\t<div id=\"video-container-13\" class=\"video-container\" data-id=\"13\" data-source=\"social_hosted\" data-autoplay=\"0\" data-loop=\"0\" data-target=\"lightbox\" itemprop=\"video\" itemtype=\"https:\/\/schema.org\/VideoObject\" >\r\n\t\t\t<div id=\"video-player-13\" class=\"video-player\">\r\n\t\t\t<iframe id=\"iframe-player-13\" data-id=\"13\" title=\"#6 Konstellatsiooni &amp; pereteraapia seosed - k\u00fclas K\u00fcllike Lillestik\" width=\"1140\" height=\"641\" src=\"https:\/\/www.youtube.com\/embed\/--IfdkKedGo?feature=oembed\" frameborder=\"0\" allow=\"accelerometer; autoplay; clipboard-write; encrypted-media; gyroscope; picture-in-picture; web-share\" allowfullscreen><\/iframe>\t\t\t<\/div>\r\n\t\t\t\t\t<\/div>\r\n\t<\/div>\r\n<\/div>\r\n<\/div>\r\n\r\n<div class=\"vc_col-sm-4 wpb_column column_container  jupiter-donut- _ jupiter-donut-height-full\">\r\n\t<div class=\"wpb_video_widget  jupiter-donut-\">\r\n\t<div class=\"wpb_wrapper\">\r\n\t\t\t\t<div id=\"video-container-15\" class=\"video-container\" data-id=\"15\" data-source=\"social_hosted\" data-autoplay=\"0\" data-loop=\"0\" data-target=\"lightbox\" itemprop=\"video\" itemtype=\"https:\/\/schema.org\/VideoObject\" >\r\n\t\t\t<div id=\"video-player-15\" class=\"video-player\">\r\n\t\t\t<iframe id=\"iframe-player-15\" data-id=\"15\" title=\"Paarisuhted #5 k\u00fclas Kristel Rannamees\" width=\"1140\" height=\"641\" src=\"https:\/\/www.youtube.com\/embed\/giJ4VZ5CZcc?feature=oembed\" frameborder=\"0\" allow=\"accelerometer; autoplay; clipboard-write; encrypted-media; gyroscope; picture-in-picture; web-share\" allowfullscreen><\/iframe>\t\t\t<\/div>\r\n\t\t\t\t\t<\/div>\r\n\t<\/div>\r\n<\/div>\r\n<\/div>\r\n\r\n<div class=\"vc_col-sm-4 wpb_column column_container  jupiter-donut- _ jupiter-donut-height-full\">\r\n\t<div class=\"wpb_video_widget  jupiter-donut-\">\r\n\t<div class=\"wpb_wrapper\">\r\n\t\t\t\t<div id=\"video-container-17\" class=\"video-container\" data-id=\"17\" data-source=\"social_hosted\" data-autoplay=\"0\" data-loop=\"0\" data-target=\"lightbox\" itemprop=\"video\" itemtype=\"https:\/\/schema.org\/VideoObject\" >\r\n\t\t\t<div id=\"video-player-17\" class=\"video-player\">\r\n\t\t\t<iframe id=\"iframe-player-17\" data-id=\"17\" title=\"#4 Meie sisemised osad - k\u00fclas Maire Taska &amp; Helena Taska\" width=\"1140\" height=\"641\" src=\"https:\/\/www.youtube.com\/embed\/F2vztqieTeg?feature=oembed\" frameborder=\"0\" allow=\"accelerometer; autoplay; clipboard-write; encrypted-media; gyroscope; picture-in-picture; web-share\" allowfullscreen><\/iframe>\t\t\t<\/div>\r\n\t\t\t\t\t<\/div>\r\n\t<\/div>\r\n<\/div>\r\n<\/div>\r\n\t<\/div>\r\n\r\n<div  data-mk-stretch-content=\"true\" class=\"wpb_row vc_row vc_row-fluid jupiter-donut- mk-fullwidth-false  attched-false     js-master-row  mk-grid\">\r\n\t\t\t\t\r\n<div class=\"vc_col-sm-12 wpb_column column_container  jupiter-donut- _ jupiter-donut-height-full\">\r\n\t<div id=\"divider-19\" class=\"mk-divider  jupiter-donut-   divider_full_width center padding_space\">\r\n\r\n\t\t\t<div class=\"divider-inner\"><\/div>\r\n\t\r\n<\/div>\r\n<div class=\"clearboth\"><\/div>\r\n<\/div>\r\n\t<\/div>\r\n\r\n<div  data-mk-stretch-content=\"true\" class=\"wpb_row vc_row vc_row-fluid jupiter-donut- mk-fullwidth-false  attched-false     js-master-row  mk-grid\">\r\n\t\t\t\t\r\n<div class=\"vc_col-sm-4 wpb_column column_container  jupiter-donut- _ jupiter-donut-height-full\">\r\n\t<div class=\"wpb_video_widget  jupiter-donut-\">\r\n\t<div class=\"wpb_wrapper\">\r\n\t\t\t\t<div id=\"video-container-21\" class=\"video-container\" data-id=\"21\" data-source=\"social_hosted\" data-autoplay=\"0\" data-loop=\"0\" data-target=\"lightbox\" itemprop=\"video\" itemtype=\"https:\/\/schema.org\/VideoObject\" >\r\n\t\t\t<div id=\"video-player-21\" class=\"video-player\">\r\n\t\t\t<iframe id=\"iframe-player-21\" data-id=\"21\" title=\"#2 Kas konstellatsioon ravib? - K\u00fclas Karin London\" width=\"1140\" height=\"641\" src=\"https:\/\/www.youtube.com\/embed\/CLtxiE56fvk?feature=oembed\" frameborder=\"0\" allow=\"accelerometer; autoplay; clipboard-write; encrypted-media; gyroscope; picture-in-picture; web-share\" allowfullscreen><\/iframe>\t\t\t<\/div>\r\n\t\t\t\t\t<\/div>\r\n\t<\/div>\r\n<\/div>\r\n<\/div>\r\n\r\n<div class=\"vc_col-sm-4 wpb_column column_container  jupiter-donut- _ jupiter-donut-height-full\">\r\n\t<\/div>\r\n\r\n<div class=\"vc_col-sm-4 wpb_column column_container  jupiter-donut- _ jupiter-donut-height-full\">\r\n\t<\/div>\r\n\t<\/div>\r\n\r\n<div  data-mk-stretch-content=\"true\" class=\"wpb_row vc_row vc_row-fluid jupiter-donut- mk-fullwidth-false  attched-false     js-master-row  mk-grid\">\r\n\t\t\t\t\r\n<div class=\"vc_col-sm-12 wpb_column column_container  jupiter-donut- _ jupiter-donut-height-full\">\r\n\t<div id=\"divider-25\" class=\"mk-divider  jupiter-donut-   divider_full_width center padding_space\">\r\n\r\n\t\t\t<div class=\"divider-inner\"><\/div>\r\n\t\r\n<\/div>\r\n<div class=\"clearboth\"><\/div>\r\n<\/div>\r\n\t<\/div>\r\n\r\n<div  data-mk-stretch-content=\"true\" class=\"wpb_row vc_row vc_row-fluid jupiter-donut- mk-fullwidth-false  attched-false     js-master-row  mk-grid\">\r\n\t\t\t\t\r\n<div class=\"vc_col-sm-4 wpb_column column_container  jupiter-donut- _ jupiter-donut-height-full\">\r\n\t<\/div>\r\n\r\n<div class=\"vc_col-sm-4 wpb_column column_container  jupiter-donut- _ jupiter-donut-height-full\">\r\n\t<\/div>\r\n\r\n<div class=\"vc_col-sm-4 wpb_column column_container  jupiter-donut- _ jupiter-donut-height-full\">\r\n\t<\/div>\r\n\t<\/div>\r\n\r\n<div  data-mk-stretch-content=\"true\" class=\"wpb_row vc_row vc_row-fluid jupiter-donut- mk-fullwidth-false  attched-false     js-master-row  mk-grid\">\r\n\t\t\t\t\r\n<div class=\"vc_col-sm-12 wpb_column column_container  jupiter-donut- _ jupiter-donut-height-full\">\r\n\t<div id=\"divider-30\" class=\"mk-divider  jupiter-donut-   divider_full_width center padding_space\">\r\n\r\n\t\t\t<div class=\"divider-inner\"><\/div>\r\n\t\r\n<\/div>\r\n<div class=\"clearboth\"><\/div>\r\n<\/div>\r\n\t<\/div>\r\n\r\n<div  data-mk-stretch-content=\"true\" class=\"wpb_row vc_row vc_row-fluid jupiter-donut- mk-fullwidth-false  attched-false     js-master-row  mk-grid\">\r\n\t\t\t\t\r\n<div class=\"vc_col-sm-12 wpb_column column_container  jupiter-donut- _ jupiter-donut-height-full\">\r\n\t\t<div class=\"vc_custom_1700672678516\">\r\n\r\n<div id=\"text-block-32\" class=\"mk-text-block  jupiter-donut-\">\r\n\r\n\t\r\n\t<h3 style=\"text-align: center;\">Kuulake meid ka spotifys.<\/h3>\n<p style=\"text-align: center;\"><a href=\"https:\/\/spoti.fi\/3YPrRGk\" target=\"_blank\" rel=\"noopener\"><img decoding=\"async\" class=\"alignnone wp-image-7081 size-medium\" src=\"http:\/\/epkaest.com\/wp-content\/uploads\/2023\/11\/spotify-300x90.png\" alt=\"\" width=\"300\" height=\"90\" srcset=\"http:\/\/epkaest.com\/wp-content\/uploads\/2023\/11\/spotify-300x90.png 300w, http:\/\/epkaest.com\/wp-content\/uploads\/2023\/11\/spotify-1024x307.png 1024w, http:\/\/epkaest.com\/wp-content\/uploads\/2023\/11\/spotify-768x231.png 768w, http:\/\/epkaest.com\/wp-content\/uploads\/2023\/11\/spotify-1536x461.png 1536w, http:\/\/epkaest.com\/wp-content\/uploads\/2023\/11\/spotify-2048x615.png 2048w\" sizes=\"(max-width: 300px) 100vw, 300px\" \/><\/a><\/p>\n\r\n\t<div class=\"clearboth\"><\/div>\r\n<\/div>\r\n\r\n\t<\/div>\r\n<\/div>\r\n\t<\/div>\r\n\n<\/div>","protected":false},"excerpt":{"rendered":"Konstellatsioonidest Professionaalselt Eesti Professionaalsete Konstell\u00f6\u00f6ride Assotsiatsiooni (edaspidi EPKA) podcastide sarjas \"Konstellatsioonidest Professionaalselt\" toimuvad p\u00f5nevad arutelud ja vestlused v\u00e4ga olulisel teemal - mis on professionaalsed konstellatsioonid. Saates kuuleme nii EPKA juhatuse liikmeid kui ka erinevaid sertifitseeritud konstell\u00f6\u00f6re arutlemas konstellatsioonist kui meetodist, filosoofiast ja terapeutilisest l\u00e4henemisest. Podcast on loodud t\u00e4histamaks meie assotsiatsiooni 5.ndat juubeliaastat. Kuulake meid ka [...]","protected":false},"author":1,"featured_media":0,"parent":0,"menu_order":0,"comment_status":"closed","ping_status":"closed","template":"","meta":{"footnotes":""},"class_list":["post-7065","page","type-page","status-publish","hentry"],"yoast_head":"<!-- This site is optimized with the Yoast SEO plugin v27.3 - https:\/\/yoast.com\/product\/yoast-seo-wordpress\/ -->\n<title>Podcastid - EPKA<\/title>\n<meta name=\"robots\" content=\"index, follow, max-snippet:-1, max-image-preview:large, max-video-preview:-1\" \/>\n<link rel=\"canonical\" href=\"https:\/\/epkaest.com\/ru\/podcastid\/\" \/>\n<meta property=\"og:locale\" content=\"ru_RU\" \/>\n<meta property=\"og:type\" content=\"article\" \/>\n<meta property=\"og:title\" content=\"Podcastid - EPKA\" \/>\n<meta property=\"og:url\" content=\"https:\/\/epkaest.com\/ru\/podcastid\/\" \/>\n<meta property=\"og:site_name\" content=\"EPKA\" \/>\n<meta property=\"article:publisher\" content=\"https:\/\/www.facebook.com\/groups\/2130012653729614\/\" \/>\n<meta property=\"article:modified_time\" content=\"2025-10-24T19:41:02+00:00\" \/>\n<meta property=\"og:image\" content=\"http:\/\/epkaest.com\/wp-content\/uploads\/2023\/11\/spotify-300x90.png\" \/>\n<meta name=\"twitter:card\" content=\"summary_large_image\" \/>\n<meta name=\"twitter:label1\" content=\"\u041f\u0440\u0438\u043c\u0435\u0440\u043d\u043e\u0435 \u0432\u0440\u0435\u043c\u044f \u0434\u043b\u044f \u0447\u0442\u0435\u043d\u0438\u044f\" \/>\n\t<meta name=\"twitter:data1\" content=\"1 \u043c\u0438\u043d\u0443\u0442\u0430\" \/>\n<script type=\"application\/ld+json\" class=\"yoast-schema-graph\">{\"@context\":\"https:\\\/\\\/schema.org\",\"@graph\":[{\"@type\":\"WebPage\",\"@id\":\"https:\\\/\\\/epkaest.com\\\/en\\\/podcastid\\\/\",\"url\":\"https:\\\/\\\/epkaest.com\\\/en\\\/podcastid\\\/\",\"name\":\"Podcastid - EPKA\",\"isPartOf\":{\"@id\":\"http:\\\/\\\/epkaest.com\\\/ru\\\/#website\"},\"primaryImageOfPage\":{\"@id\":\"https:\\\/\\\/epkaest.com\\\/en\\\/podcastid\\\/#primaryimage\"},\"image\":{\"@id\":\"https:\\\/\\\/epkaest.com\\\/en\\\/podcastid\\\/#primaryimage\"},\"thumbnailUrl\":\"http:\\\/\\\/epkaest.com\\\/wp-content\\\/uploads\\\/2023\\\/11\\\/spotify-300x90.png\",\"datePublished\":\"2023-11-22T16:38:22+00:00\",\"dateModified\":\"2025-10-24T19:41:02+00:00\",\"breadcrumb\":{\"@id\":\"https:\\\/\\\/epkaest.com\\\/en\\\/podcastid\\\/#breadcrumb\"},\"inLanguage\":\"ru-RU\",\"potentialAction\":[{\"@type\":\"ReadAction\",\"target\":[\"https:\\\/\\\/epkaest.com\\\/en\\\/podcastid\\\/\"]}]},{\"@type\":\"ImageObject\",\"inLanguage\":\"ru-RU\",\"@id\":\"https:\\\/\\\/epkaest.com\\\/en\\\/podcastid\\\/#primaryimage\",\"url\":\"http:\\\/\\\/epkaest.com\\\/wp-content\\\/uploads\\\/2023\\\/11\\\/spotify-300x90.png\",\"contentUrl\":\"http:\\\/\\\/epkaest.com\\\/wp-content\\\/uploads\\\/2023\\\/11\\\/spotify-300x90.png\"},{\"@type\":\"BreadcrumbList\",\"@id\":\"https:\\\/\\\/epkaest.com\\\/en\\\/podcastid\\\/#breadcrumb\",\"itemListElement\":[{\"@type\":\"ListItem\",\"position\":1,\"name\":\"Home\",\"item\":\"http:\\\/\\\/epkaest.com\\\/ru\\\/\"},{\"@type\":\"ListItem\",\"position\":2,\"name\":\"Podcastid\"}]},{\"@type\":\"WebSite\",\"@id\":\"http:\\\/\\\/epkaest.com\\\/ru\\\/#website\",\"url\":\"http:\\\/\\\/epkaest.com\\\/ru\\\/\",\"name\":\"EPKA\",\"description\":\"Eesti Professionaalsete Konstell\u00f6\u00f6ride Assotsiatsioon\",\"publisher\":{\"@id\":\"http:\\\/\\\/epkaest.com\\\/ru\\\/#organization\"},\"potentialAction\":[{\"@type\":\"SearchAction\",\"target\":{\"@type\":\"EntryPoint\",\"urlTemplate\":\"http:\\\/\\\/epkaest.com\\\/ru\\\/?s={search_term_string}\"},\"query-input\":{\"@type\":\"PropertyValueSpecification\",\"valueRequired\":true,\"valueName\":\"search_term_string\"}}],\"inLanguage\":\"ru-RU\"},{\"@type\":\"Organization\",\"@id\":\"http:\\\/\\\/epkaest.com\\\/ru\\\/#organization\",\"name\":\"Eesti Professionaalsete Konstell\u00f6\u00f6ride Assotsiatsioon\",\"url\":\"http:\\\/\\\/epkaest.com\\\/ru\\\/\",\"logo\":{\"@type\":\"ImageObject\",\"inLanguage\":\"ru-RU\",\"@id\":\"http:\\\/\\\/epkaest.com\\\/ru\\\/#\\\/schema\\\/logo\\\/image\\\/\",\"url\":\"http:\\\/\\\/epkaest.com\\\/wp-content\\\/uploads\\\/2020\\\/08\\\/logo.png\",\"contentUrl\":\"http:\\\/\\\/epkaest.com\\\/wp-content\\\/uploads\\\/2020\\\/08\\\/logo.png\",\"width\":448,\"height\":214,\"caption\":\"Eesti Professionaalsete Konstell\u00f6\u00f6ride Assotsiatsioon\"},\"image\":{\"@id\":\"http:\\\/\\\/epkaest.com\\\/ru\\\/#\\\/schema\\\/logo\\\/image\\\/\"},\"sameAs\":[\"https:\\\/\\\/www.facebook.com\\\/groups\\\/2130012653729614\\\/\"]}]}<\/script>\n<!-- \/ Yoast SEO plugin. -->","yoast_head_json":{"title":"Podcastid - EPKA","robots":{"index":"index","follow":"follow","max-snippet":"max-snippet:-1","max-image-preview":"max-image-preview:large","max-video-preview":"max-video-preview:-1"},"canonical":"https:\/\/epkaest.com\/ru\/podcastid\/","og_locale":"ru_RU","og_type":"article","og_title":"Podcastid - EPKA","og_url":"https:\/\/epkaest.com\/ru\/podcastid\/","og_site_name":"EPKA","article_publisher":"https:\/\/www.facebook.com\/groups\/2130012653729614\/","article_modified_time":"2025-10-24T19:41:02+00:00","og_image":[{"url":"http:\/\/epkaest.com\/wp-content\/uploads\/2023\/11\/spotify-300x90.png","type":"","width":"","height":""}],"twitter_card":"summary_large_image","twitter_misc":{"\u041f\u0440\u0438\u043c\u0435\u0440\u043d\u043e\u0435 \u0432\u0440\u0435\u043c\u044f \u0434\u043b\u044f \u0447\u0442\u0435\u043d\u0438\u044f":"1 \u043c\u0438\u043d\u0443\u0442\u0430"},"schema":{"@context":"https:\/\/schema.org","@graph":[{"@type":"WebPage","@id":"https:\/\/epkaest.com\/en\/podcastid\/","url":"https:\/\/epkaest.com\/en\/podcastid\/","name":"Podcastid - EPKA","isPartOf":{"@id":"http:\/\/epkaest.com\/ru\/#website"},"primaryImageOfPage":{"@id":"https:\/\/epkaest.com\/en\/podcastid\/#primaryimage"},"image":{"@id":"https:\/\/epkaest.com\/en\/podcastid\/#primaryimage"},"thumbnailUrl":"http:\/\/epkaest.com\/wp-content\/uploads\/2023\/11\/spotify-300x90.png","datePublished":"2023-11-22T16:38:22+00:00","dateModified":"2025-10-24T19:41:02+00:00","breadcrumb":{"@id":"https:\/\/epkaest.com\/en\/podcastid\/#breadcrumb"},"inLanguage":"ru-RU","potentialAction":[{"@type":"ReadAction","target":["https:\/\/epkaest.com\/en\/podcastid\/"]}]},{"@type":"ImageObject","inLanguage":"ru-RU","@id":"https:\/\/epkaest.com\/en\/podcastid\/#primaryimage","url":"http:\/\/epkaest.com\/wp-content\/uploads\/2023\/11\/spotify-300x90.png","contentUrl":"http:\/\/epkaest.com\/wp-content\/uploads\/2023\/11\/spotify-300x90.png"},{"@type":"BreadcrumbList","@id":"https:\/\/epkaest.com\/en\/podcastid\/#breadcrumb","itemListElement":[{"@type":"ListItem","position":1,"name":"Home","item":"http:\/\/epkaest.com\/ru\/"},{"@type":"ListItem","position":2,"name":"Podcastid"}]},{"@type":"WebSite","@id":"http:\/\/epkaest.com\/ru\/#website","url":"http:\/\/epkaest.com\/ru\/","name":"\u042d\u041f\u041a\u0410","description":"Eesti Professionaalsete Konstell\u00f6\u00f6ride Assotsiatsioon","publisher":{"@id":"http:\/\/epkaest.com\/ru\/#organization"},"potentialAction":[{"@type":"SearchAction","target":{"@type":"EntryPoint","urlTemplate":"http:\/\/epkaest.com\/ru\/?s={search_term_string}"},"query-input":{"@type":"PropertyValueSpecification","valueRequired":true,"valueName":"search_term_string"}}],"inLanguage":"ru-RU"},{"@type":"Organization","@id":"http:\/\/epkaest.com\/ru\/#organization","name":"Eesti Professionaalsete Konstell\u00f6\u00f6ride Assotsiatsioon","url":"http:\/\/epkaest.com\/ru\/","logo":{"@type":"ImageObject","inLanguage":"ru-RU","@id":"http:\/\/epkaest.com\/ru\/#\/schema\/logo\/image\/","url":"http:\/\/epkaest.com\/wp-content\/uploads\/2020\/08\/logo.png","contentUrl":"http:\/\/epkaest.com\/wp-content\/uploads\/2020\/08\/logo.png","width":448,"height":214,"caption":"Eesti Professionaalsete Konstell\u00f6\u00f6ride Assotsiatsioon"},"image":{"@id":"http:\/\/epkaest.com\/ru\/#\/schema\/logo\/image\/"},"sameAs":["https:\/\/www.facebook.com\/groups\/2130012653729614\/"]}]}},"_links":{"self":[{"href":"http:\/\/epkaest.com\/ru\/wp-json\/wp\/v2\/pages\/7065","targetHints":{"allow":["GET"]}}],"collection":[{"href":"http:\/\/epkaest.com\/ru\/wp-json\/wp\/v2\/pages"}],"about":[{"href":"http:\/\/epkaest.com\/ru\/wp-json\/wp\/v2\/types\/page"}],"author":[{"embeddable":true,"href":"http:\/\/epkaest.com\/ru\/wp-json\/wp\/v2\/users\/1"}],"replies":[{"embeddable":true,"href":"http:\/\/epkaest.com\/ru\/wp-json\/wp\/v2\/comments?post=7065"}],"version-history":[{"count":5,"href":"http:\/\/epkaest.com\/ru\/wp-json\/wp\/v2\/pages\/7065\/revisions"}],"predecessor-version":[{"id":7922,"href":"http:\/\/epkaest.com\/ru\/wp-json\/wp\/v2\/pages\/7065\/revisions\/7922"}],"wp:attachment":[{"href":"http:\/\/epkaest.com\/ru\/wp-json\/wp\/v2\/media?parent=7065"}],"curies":[{"name":"wp","href":"https:\/\/api.w.org\/{rel}","templated":true}]}}