{"id":5490,"date":"2020-07-27T14:28:00","date_gmt":"2020-07-27T14:28:00","guid":{"rendered":"http:\/\/epkaest.com\/?page_id=5490"},"modified":"2021-08-26T08:49:04","modified_gmt":"2021-08-26T08:49:04","slug":"raamatud","status":"publish","type":"page","link":"https:\/\/epkaest.com\/ru\/raamatud\/","title":{"rendered":"\u041a\u043d\u0438\u0433\u0438"},"content":{"rendered":"<h4 style=\"text-align: justify;\"><strong>\u041a\u041d\u0418\u0413\u0418:<\/strong><\/h4>\n<p style=\"text-align: justify;\">\u0411\u043e\u043b\u044c\u0446\u043c\u0430\u043d, \u0422. \u0421\u043a\u0440\u044b\u0442\u044b\u0435 \u0437\u0430\u043a\u043e\u043d\u044b \u0441\u0435\u043c\u044c\u0438. \u0421\u043f\u0440\u0430\u0432\u043e\u0447\u043d\u0438\u043a \u043f\u043e \u043e\u0442\u043d\u043e\u0448\u0435\u043d\u0438\u044f\u043c \u043e\u0442 \u0440\u043e\u0436\u0434\u0435\u043d\u0438\u044f \u0434\u043e \u0441\u043c\u0435\u0440\u0442\u0438. 2013, \u0412\u044f\u0439\u043a\u0435 \u0412\u0430\u043d\u043a\u0435\u0440<\/p>\n<p style=\"text-align: justify;\" class=\"translation-block\">\u041a\u043e\u044d\u043d, \u0414. \u0411. \u0421\u0438\u0441\u0442\u0435\u043c\u043d\u044b\u0435 \u0441\u0435\u043c\u0435\u0439\u043d\u044b\u0435 \u0440\u0430\u0441\u0441\u0442\u0430\u043d\u043e\u0432\u043a\u0438 \u0438 \u0438\u0445 \u043f\u0440\u0438\u043c\u0435\u043d\u0435\u043d\u0438\u0435 \u043a \u0437\u0430\u043a\u043b\u044e\u0447\u0435\u043d\u043d\u044b\u043c, \u043e\u0442\u0431\u044b\u0432\u0430\u044e\u0449\u0438\u043c \u0434\u043b\u0438\u0442\u0435\u043b\u044c\u043d\u044b\u0435 \u0441\u0440\u043e\u043a\u0438 \u0437\u0430 \u0443\u0431\u0438\u0439\u0441\u0442\u0432\u043e \u0438\u043b\u0438 \u0438\u0437\u043d\u0430\u0441\u0438\u043b\u043e\u0432\u0430\u043d\u0438\u0435. \u0421\u0430\u043d-\u0424\u0440\u0430\u043d\u0446\u0438\u0441\u043a\u043e, 2008 \u0433. [\u0434\u0438\u0441\u0441\u0435\u0440\u0442\u0430\u0446\u0438\u044f]. <a href=\"http:\/\/www.konsteliacijos-d.lt\/multisites\/konsteliacijos\/images\/stories\/Simonos\/cohen-2008-dissertation-family-constellations.pdf\" target=\"_self\">http:\/\/www.konsteliacijos-d.lt\/multisites\/konsteliacijos\/images\/stories\/Simonos\/cohen-2008-dissertation-family-constellations.pdf<\/a>, \u043f\u0440\u043e\u0441\u043c\u043e\u0442\u0440\u0435\u043d\u043e 24.07.2020.<\/p>\n<p style=\"text-align: justify;\">\u0424\u0440\u0430\u043d\u043a\u0435, \u0423. \u0420\u0435\u043a\u0430 \u043d\u0438\u043a\u043e\u0433\u0434\u0430 \u043d\u0435 \u043e\u0433\u043b\u044f\u0434\u044b\u0432\u0430\u0435\u0442\u0441\u044f \u043d\u0430\u0437\u0430\u0434: \u0438\u0441\u0442\u043e\u0440\u0438\u0447\u0435\u0441\u043a\u0438\u0435 \u0438 \u043f\u0440\u0430\u043a\u0442\u0438\u0447\u0435\u0441\u043a\u0438\u0435 \u043e\u0441\u043d\u043e\u0432\u044b \u0441\u0435\u043c\u0435\u0439\u043d\u044b\u0445 \u0440\u0430\u0441\u0441\u0442\u0430\u043d\u043e\u0432\u043e\u043a \u0411\u0435\u0440\u0442\u0430 \u0425\u0435\u043b\u043b\u0438\u043d\u0433\u0435\u0440\u0430. 2003, Carl Auer International<\/p>\n<p style=\"text-align: justify;\">\u0425\u0430\u0443\u0441\u043d\u0435\u0440, \u0421. \u0414\u0430\u0436\u0435 \u0435\u0441\u043b\u0438 \u044d\u0442\u043e \u0431\u0443\u0434\u0435\u0442 \u0441\u0442\u043e\u0438\u0442\u044c \u043c\u043d\u0435 \u0436\u0438\u0437\u043d\u0438. \u0421\u043e\u0437\u0432\u0435\u0437\u0434\u0438\u044f \u0431\u043e\u043b\u0435\u0437\u043d\u0435\u0439 \u0438 \u0441\u0438\u043c\u043f\u0442\u043e\u043c\u043e\u0432. Bunga O\u00dc 2021<\/p>\n<p style=\"text-align: justify;\">Hellinger, B. Love&#8217;s Own Truths: Bonding and Balancing in Close Relationships.\u00a02001, Zeig Tucker &amp; Theisen Publishers<\/p>\n<p style=\"text-align: justify;\">Hellinger, B. Weber, G. Beaumont, H. Armastuse varjatud s\u00fcmmeetria. Mis paneb armastuse suhetes voolama. Bunga O\u00dc 2021<\/p>\n<p style=\"text-align: justify;\">Hellinger, B. Weber, G.; Beaumont, H. Love&#8217;s Hidden Symmetry: What Makes Love Work in Relationships. 1998, Zeig Tucker &amp; Theisen Publishers<\/p>\n<p style=\"text-align: justify;\">Hellinger, B. Looking Into the Souls of Children: The Hellinger Pedagogy in Action. 2014, Hellinger Publications<\/p>\n<p style=\"text-align: justify;\">Lynch, J.E.; Tucker, S. Messengers of Healing: The Family Constellations of Bert Hellinger Through the Eyes of a New Generation of Practitioners. 2005, Zeig Tucker &amp; Theisen Publishers<\/p>\n<p style=\"text-align: justify;\">Mann\u00e9, J. <a href=\"https:\/\/www.amazon.com\/Family-Constellations-Practical-Uncovering-Conflict\/dp\/155643832X\/ref=sr_1_1?dchild=1&amp;qid=1594891436&amp;refinements=p_27%3AJoy+Manne+Ph.D.&amp;s=books&amp;sr=1-1&amp;text=Joy+Manne+Ph.D.\">Family Constellations: A Practical Guide to Uncovering the Origins of Family Conflict<\/a>. 2009, North Atlantic Books<\/p>\n<p><a href=\"https:\/\/www.empaat.ee\/toode\/sa-oled-uks-meist\/\">Marianne Franke-Gricksch &#8211; Sa oled \u00fcks meist. S\u00fcsteemseid lahendusi \u00f5petajatele, \u00f5pilastele ja lastevanematele<\/a><\/p>\n<p style=\"text-align: justify;\">\u041d\u0435\u043b\u043b\u0435\u0441, \u0412. \u0426\u0435\u043b\u0438\u0442\u0435\u043b\u044c\u043d\u0430\u044f \u0441\u0438\u043b\u0430 \u0440\u0435\u0430\u043b\u044c\u043d\u043e\u0441\u0442\u0438. 2010, \u0412\u044f\u0439\u043a\u0435 \u0412\u0430\u043d\u043a\u0435\u0440.<\/p>\n<p style=\"text-align: justify;\">Payne, J.L. The Healing of Individuals, Families &amp; Nations: Transgenerational Healing &amp; Family Constellations Book 1. 2005, Inner Traditions\/Bear<\/p>\n<p style=\"text-align: justify;\">Preiss, I.T. Family Constellations Revealed: Hellinger&#8217;s Family and other Constellations Revealed (The Systemic View). 2012, Createspace Independent Publishing Platform<\/p>\n<p style=\"text-align: justify;\">Schneider, J.R. Family Constellations. Basic Principles and Procedures. 2007, Carl-Auer-Systeme-Verlag<\/p>\n<p style=\"text-align: justify;\">Toman, W. Family Constellation: Its Effects on Personality and Social Behavior. 1993, Springer Publishing Company<\/p>\n<p style=\"text-align: justify;\">Ulsamer, B. The Art and Practice of Family Constellations. Leading Family Constellations as Developed by Bert Hellinger. 2008, Carl Auer International<\/p>","protected":false},"excerpt":{"rendered":"<p>RAAMATUD: Bolzmann, T. Perekonna varjatud seadused. Suhete k\u00e4siraamat s\u00fcnnist surmani. 2013, V\u00e4ike Vanker Cohen, D.B. Systemic Family Constellations and Their Use with Prisoners Serving Long-Term Sentences for Murder or Rape. San Francisco 2008 [v\u00e4itekiri]. http:\/\/www.konsteliacijos-d.lt\/multisites\/konsteliacijos\/images\/stories\/Simonos\/cohen-2008-dissertation-family-constellations.pdf, vaadatud 24.07.2020. Franke, U. The River Never Looks Back: Historical and Practical Foundations of Bert Hellinger\u00b4s Family Constellations. 2003, Carl [&hellip;]<\/p>","protected":false},"author":1,"featured_media":0,"parent":0,"menu_order":0,"comment_status":"closed","ping_status":"closed","template":"","meta":{"footnotes":""},"class_list":["post-5490","page","type-page","status-publish","hentry"],"yoast_head":"<!-- This site is optimized with the Yoast SEO plugin v27.4 - https:\/\/yoast.com\/product\/yoast-seo-wordpress\/ -->\n<title>Raamatud - EPKA<\/title>\n<meta name=\"robots\" content=\"index, follow, max-snippet:-1, max-image-preview:large, max-video-preview:-1\" \/>\n<link rel=\"canonical\" href=\"https:\/\/epkaest.com\/ru\/raamatud\/\" \/>\n<meta property=\"og:locale\" content=\"ru_RU\" \/>\n<meta property=\"og:type\" content=\"article\" \/>\n<meta property=\"og:title\" content=\"Raamatud - EPKA\" \/>\n<meta property=\"og:description\" content=\"RAAMATUD: Bolzmann, T. Perekonna varjatud seadused. Suhete k\u00e4siraamat s\u00fcnnist surmani. 2013, V\u00e4ike Vanker Cohen, D.B. Systemic Family Constellations and Their Use with Prisoners Serving Long-Term Sentences for Murder or Rape. San Francisco 2008 [v\u00e4itekiri]. http:\/\/www.konsteliacijos-d.lt\/multisites\/konsteliacijos\/images\/stories\/Simonos\/cohen-2008-dissertation-family-constellations.pdf, vaadatud 24.07.2020. Franke, U. The River Never Looks Back: Historical and Practical Foundations of Bert Hellinger\u00b4s Family Constellations. 2003, Carl [&hellip;]\" \/>\n<meta property=\"og:url\" content=\"https:\/\/epkaest.com\/ru\/raamatud\/\" \/>\n<meta property=\"og:site_name\" content=\"EPKA\" \/>\n<meta property=\"article:publisher\" content=\"https:\/\/www.facebook.com\/groups\/2130012653729614\/\" \/>\n<meta property=\"article:modified_time\" content=\"2021-08-26T08:49:04+00:00\" \/>\n<meta name=\"twitter:card\" content=\"summary_large_image\" \/>\n<meta name=\"twitter:label1\" content=\"\u041f\u0440\u0438\u043c\u0435\u0440\u043d\u043e\u0435 \u0432\u0440\u0435\u043c\u044f \u0434\u043b\u044f \u0447\u0442\u0435\u043d\u0438\u044f\" \/>\n\t<meta name=\"twitter:data1\" content=\"2 \u043c\u0438\u043d\u0443\u0442\u044b\" \/>\n<script type=\"application\/ld+json\" class=\"yoast-schema-graph\">{\"@context\":\"https:\\\/\\\/schema.org\",\"@graph\":[{\"@type\":\"WebPage\",\"@id\":\"https:\\\/\\\/epkaest.com\\\/en\\\/raamatud\\\/\",\"url\":\"https:\\\/\\\/epkaest.com\\\/en\\\/raamatud\\\/\",\"name\":\"Raamatud - EPKA\",\"isPartOf\":{\"@id\":\"https:\\\/\\\/epkaest.com\\\/#website\"},\"datePublished\":\"2020-07-27T14:28:00+00:00\",\"dateModified\":\"2021-08-26T08:49:04+00:00\",\"breadcrumb\":{\"@id\":\"https:\\\/\\\/epkaest.com\\\/en\\\/raamatud\\\/#breadcrumb\"},\"inLanguage\":\"ru-RU\",\"potentialAction\":[{\"@type\":\"ReadAction\",\"target\":[\"https:\\\/\\\/epkaest.com\\\/en\\\/raamatud\\\/\"]}]},{\"@type\":\"BreadcrumbList\",\"@id\":\"https:\\\/\\\/epkaest.com\\\/en\\\/raamatud\\\/#breadcrumb\",\"itemListElement\":[{\"@type\":\"ListItem\",\"position\":1,\"name\":\"Home\",\"item\":\"https:\\\/\\\/epkaest.com\\\/\"},{\"@type\":\"ListItem\",\"position\":2,\"name\":\"Raamatud\"}]},{\"@type\":\"WebSite\",\"@id\":\"https:\\\/\\\/epkaest.com\\\/#website\",\"url\":\"https:\\\/\\\/epkaest.com\\\/\",\"name\":\"EPKA\",\"description\":\"Eesti Professionaalsete Konstell\u00f6\u00f6ride Assotsiatsioon\",\"publisher\":{\"@id\":\"https:\\\/\\\/epkaest.com\\\/#organization\"},\"potentialAction\":[{\"@type\":\"SearchAction\",\"target\":{\"@type\":\"EntryPoint\",\"urlTemplate\":\"https:\\\/\\\/epkaest.com\\\/?s={search_term_string}\"},\"query-input\":{\"@type\":\"PropertyValueSpecification\",\"valueRequired\":true,\"valueName\":\"search_term_string\"}}],\"inLanguage\":\"ru-RU\"},{\"@type\":\"Organization\",\"@id\":\"https:\\\/\\\/epkaest.com\\\/#organization\",\"name\":\"Eesti Professionaalsete Konstell\u00f6\u00f6ride Assotsiatsioon\",\"url\":\"https:\\\/\\\/epkaest.com\\\/\",\"logo\":{\"@type\":\"ImageObject\",\"inLanguage\":\"ru-RU\",\"@id\":\"https:\\\/\\\/epkaest.com\\\/#\\\/schema\\\/logo\\\/image\\\/\",\"url\":\"http:\\\/\\\/epkaest.com\\\/wp-content\\\/uploads\\\/2020\\\/08\\\/logo.png\",\"contentUrl\":\"http:\\\/\\\/epkaest.com\\\/wp-content\\\/uploads\\\/2020\\\/08\\\/logo.png\",\"width\":448,\"height\":214,\"caption\":\"Eesti Professionaalsete Konstell\u00f6\u00f6ride Assotsiatsioon\"},\"image\":{\"@id\":\"https:\\\/\\\/epkaest.com\\\/#\\\/schema\\\/logo\\\/image\\\/\"},\"sameAs\":[\"https:\\\/\\\/www.facebook.com\\\/groups\\\/2130012653729614\\\/\"]}]}<\/script>\n<!-- \/ Yoast SEO plugin. -->","yoast_head_json":{"title":"Raamatud - EPKA","robots":{"index":"index","follow":"follow","max-snippet":"max-snippet:-1","max-image-preview":"max-image-preview:large","max-video-preview":"max-video-preview:-1"},"canonical":"https:\/\/epkaest.com\/ru\/raamatud\/","og_locale":"ru_RU","og_type":"article","og_title":"Raamatud - EPKA","og_description":"RAAMATUD: Bolzmann, T. Perekonna varjatud seadused. Suhete k\u00e4siraamat s\u00fcnnist surmani. 2013, V\u00e4ike Vanker Cohen, D.B. Systemic Family Constellations and Their Use with Prisoners Serving Long-Term Sentences for Murder or Rape. San Francisco 2008 [v\u00e4itekiri]. http:\/\/www.konsteliacijos-d.lt\/multisites\/konsteliacijos\/images\/stories\/Simonos\/cohen-2008-dissertation-family-constellations.pdf, vaadatud 24.07.2020. Franke, U. The River Never Looks Back: Historical and Practical Foundations of Bert Hellinger\u00b4s Family Constellations. 2003, Carl [&hellip;]","og_url":"https:\/\/epkaest.com\/ru\/raamatud\/","og_site_name":"EPKA","article_publisher":"https:\/\/www.facebook.com\/groups\/2130012653729614\/","article_modified_time":"2021-08-26T08:49:04+00:00","twitter_card":"summary_large_image","twitter_misc":{"\u041f\u0440\u0438\u043c\u0435\u0440\u043d\u043e\u0435 \u0432\u0440\u0435\u043c\u044f \u0434\u043b\u044f \u0447\u0442\u0435\u043d\u0438\u044f":"2 \u043c\u0438\u043d\u0443\u0442\u044b"},"schema":{"@context":"https:\/\/schema.org","@graph":[{"@type":"WebPage","@id":"https:\/\/epkaest.com\/en\/raamatud\/","url":"https:\/\/epkaest.com\/en\/raamatud\/","name":"Raamatud - EPKA","isPartOf":{"@id":"https:\/\/epkaest.com\/#website"},"datePublished":"2020-07-27T14:28:00+00:00","dateModified":"2021-08-26T08:49:04+00:00","breadcrumb":{"@id":"https:\/\/epkaest.com\/en\/raamatud\/#breadcrumb"},"inLanguage":"ru-RU","potentialAction":[{"@type":"ReadAction","target":["https:\/\/epkaest.com\/en\/raamatud\/"]}]},{"@type":"BreadcrumbList","@id":"https:\/\/epkaest.com\/en\/raamatud\/#breadcrumb","itemListElement":[{"@type":"ListItem","position":1,"name":"Home","item":"https:\/\/epkaest.com\/"},{"@type":"ListItem","position":2,"name":"Raamatud"}]},{"@type":"WebSite","@id":"https:\/\/epkaest.com\/#website","url":"https:\/\/epkaest.com\/","name":"\u042d\u041f\u041a\u0410","description":"Eesti Professionaalsete Konstell\u00f6\u00f6ride Assotsiatsioon","publisher":{"@id":"https:\/\/epkaest.com\/#organization"},"potentialAction":[{"@type":"SearchAction","target":{"@type":"EntryPoint","urlTemplate":"https:\/\/epkaest.com\/?s={search_term_string}"},"query-input":{"@type":"PropertyValueSpecification","valueRequired":true,"valueName":"search_term_string"}}],"inLanguage":"ru-RU"},{"@type":"Organization","@id":"https:\/\/epkaest.com\/#organization","name":"Eesti Professionaalsete Konstell\u00f6\u00f6ride Assotsiatsioon","url":"https:\/\/epkaest.com\/","logo":{"@type":"ImageObject","inLanguage":"ru-RU","@id":"https:\/\/epkaest.com\/#\/schema\/logo\/image\/","url":"http:\/\/epkaest.com\/wp-content\/uploads\/2020\/08\/logo.png","contentUrl":"http:\/\/epkaest.com\/wp-content\/uploads\/2020\/08\/logo.png","width":448,"height":214,"caption":"Eesti Professionaalsete Konstell\u00f6\u00f6ride Assotsiatsioon"},"image":{"@id":"https:\/\/epkaest.com\/#\/schema\/logo\/image\/"},"sameAs":["https:\/\/www.facebook.com\/groups\/2130012653729614\/"]}]}},"_links":{"self":[{"href":"https:\/\/epkaest.com\/ru\/wp-json\/wp\/v2\/pages\/5490","targetHints":{"allow":["GET"]}}],"collection":[{"href":"https:\/\/epkaest.com\/ru\/wp-json\/wp\/v2\/pages"}],"about":[{"href":"https:\/\/epkaest.com\/ru\/wp-json\/wp\/v2\/types\/page"}],"author":[{"embeddable":true,"href":"https:\/\/epkaest.com\/ru\/wp-json\/wp\/v2\/users\/1"}],"replies":[{"embeddable":true,"href":"https:\/\/epkaest.com\/ru\/wp-json\/wp\/v2\/comments?post=5490"}],"version-history":[{"count":5,"href":"https:\/\/epkaest.com\/ru\/wp-json\/wp\/v2\/pages\/5490\/revisions"}],"predecessor-version":[{"id":6264,"href":"https:\/\/epkaest.com\/ru\/wp-json\/wp\/v2\/pages\/5490\/revisions\/6264"}],"wp:attachment":[{"href":"https:\/\/epkaest.com\/ru\/wp-json\/wp\/v2\/media?parent=5490"}],"curies":[{"name":"wp","href":"https:\/\/api.w.org\/{rel}","templated":true}]}}